{"id":2,"date":"2022-05-26T16:04:18","date_gmt":"2022-05-26T13:04:18","guid":{"rendered":"https:\/\/users.utu.fi\/ahoelo\/?page_id=2"},"modified":"2022-05-26T16:14:34","modified_gmt":"2022-05-26T13:14:34","slug":"esimerkkisivu","status":"publish","type":"page","link":"https:\/\/users.utu.fi\/ahoelo\/","title":{"rendered":"Etusivu"},"content":{"rendered":"\r\n<blockquote class=\"wp-block-quote\">\r\n<p>Tervehdys! P\u00e4iv\u00e4ty\u00f6kseni teen py\u00f6r\u00e4l\u00e4hetin hommia ja iltaisin toimin harrastelijateatterin parissa. N\u00e4m\u00e4 ovat minun ikiomat sivuni. Asun Paraisilla ja minulla on mahtava koira, jonka nimi on Jaakko. Pid\u00e4n pi\u00f1a colada -drinkeist\u00e4 ja sateen ropinasta peltikatolla.<\/p>\r\n<\/blockquote>\r\n","protected":false},"excerpt":{"rendered":"<p>Tervehdys! P\u00e4iv\u00e4ty\u00f6kseni teen py\u00f6r\u00e4l\u00e4hetin hommia ja iltaisin toimin harrastelijateatterin parissa. N\u00e4m\u00e4 ovat minun ikiomat sivuni. Asun Paraisilla ja minulla on mahtava koira, jonka nimi on Jaakko. Pid\u00e4n pi\u00f1a colada -drinkeist\u00e4 ja sateen ropinasta peltikatolla.<\/p>\n","protected":false},"author":6657,"featured_media":0,"parent":0,"menu_order":0,"comment_status":"closed","ping_status":"open","template":"","meta":{"footnotes":""},"class_list":["post-2","page","type-page","status-publish","hentry"],"_links":{"self":[{"href":"https:\/\/users.utu.fi\/ahoelo\/wp-json\/wp\/v2\/pages\/2","targetHints":{"allow":["GET"]}}],"collection":[{"href":"https:\/\/users.utu.fi\/ahoelo\/wp-json\/wp\/v2\/pages"}],"about":[{"href":"https:\/\/users.utu.fi\/ahoelo\/wp-json\/wp\/v2\/types\/page"}],"author":[{"embeddable":true,"href":"https:\/\/users.utu.fi\/ahoelo\/wp-json\/wp\/v2\/users\/6657"}],"replies":[{"embeddable":true,"href":"https:\/\/users.utu.fi\/ahoelo\/wp-json\/wp\/v2\/comments?post=2"}],"version-history":[{"count":2,"href":"https:\/\/users.utu.fi\/ahoelo\/wp-json\/wp\/v2\/pages\/2\/revisions"}],"predecessor-version":[{"id":9,"href":"https:\/\/users.utu.fi\/ahoelo\/wp-json\/wp\/v2\/pages\/2\/revisions\/9"}],"wp:attachment":[{"href":"https:\/\/users.utu.fi\/ahoelo\/wp-json\/wp\/v2\/media?parent=2"}],"curies":[{"name":"wp","href":"https:\/\/api.w.org\/{rel}","templated":true}]}}