{"id":79,"date":"2018-09-25T16:20:41","date_gmt":"2018-09-25T16:20:41","guid":{"rendered":"http:\/\/users.utu.fi\/alevir\/?page_id=79"},"modified":"2026-04-21T08:45:54","modified_gmt":"2026-04-21T08:45:54","slug":"tutorenzeiten","status":"publish","type":"page","link":"https:\/\/users.utu.fi\/alevir\/","title":{"rendered":"Tutorenzeiten"},"content":{"rendered":"<h1>Tutorium<\/h1>\n<p>In einem Tutorium k\u00f6nnen die Studierenden ihre Deutschkenntnisse mit einer bzw. einem deutschsprachigen Austauschstudierenden trainieren: auf Deutsch lesen, sprechen, \u00dcbungen kontrollieren, Grammatik \u00fcben, Fragen stellen. Die Treffen mit einem Tutor bzw. einer Tutorin dauern 20 Minuten und an einem Tutorium k\u00f6nnen 1 &#8211; 3 Studierende mit dem gleichen Sprachniveau teilnehmen.<\/p>\n<p><em>Tapaamiset saksaa \u00e4idinkielen\u00e4\u00e4n puhuvan opiskelijatuutorin kanssa kest\u00e4v\u00e4t 20 min kerrallaan, ja l\u00e4sn\u00e4 on yleens\u00e4 1-3 opiskelijaa. Tapaamisten tarkoituksena on keskustella (tason mukaan) saksaksi ja\/tai harjoittella kielioppia ja\/tai tarkistaa teht\u00e4vi\u00e4.<\/em><\/p>\n<h1>Tutorlista<\/h1>\n<p>Melde dich via E-Mail (alevir [at] utu.fi) f\u00fcr das Tutorium an. Reserviere dir eine Zeit nur mit anderen Studierenden, die das gleiche Sprachniveau wie du haben, z.B. AI\/AII = Anf\u00e4ngerkurs I\/II, AIs = Anf\u00e4ngerkurs I itsen\u00e4inen, JI\/II = Fortgeschrittenenkurs I\/II, schriftl. \u00dcbung usw. Wenn du dich f\u00fcr eine Zoom-Sitzung angemeldet hast, dann nutze diesen <a href=\"https:\/\/utu.zoom.us\/j\/62259385696\">Link<\/a>.<\/p>\n<p><em>Ilmoittaudu s\u00e4hk\u00f6postitse opettajalle, alevir [at] utu.fi<\/em><br \/>\n<em><strong>Ilmoittaudu vain saman tason \/ ryhm\u00e4n (monimuoto) opiskelijan kanssa samaan aikaan. <\/strong>Esim.: AI\/ AII = Alkeiskurssi I\/II, Amoni=Alkeiskurssi I monimuoto, J I\/II\u00a0 = Jatkokurssi I\/II, kirjallinen, tekstinymm\u00e4rt\u00e4minen, kirjall. liikeviestint\u00e4&#8230;<br \/>\nJos varasit tutoriajan Zoomin kautta, k\u00e4yt\u00e4 t\u00e4m\u00e4 <a href=\"https:\/\/utu.zoom.us\/j\/62259385696\">linkki<\/a>.<br \/>\n<\/em><\/p>\n<h3><span style=\"color: #00ff00\"><span style=\"color: #ff6600\">Fr\u00fchjahr 2026<\/span><\/span><\/h3>\n<h4><span style=\"color: #99cc00\"><strong>Woche 17<br \/>\n<\/strong><\/span><span style=\"color: #99cc00\"><strong>Montag, 20.4., von 12.30 &#8211; 13.30 Uhr mit Nele <span style=\"color: #0000ff\">via <\/span><a href=\"https:\/\/utu.zoom.us\/j\/62259385696\"><span style=\"color: #0000ff\">Zoom<\/span><\/a><\/strong><\/span><\/h4>\n<p>Uhrzeit\u00a0 \u00a0 \u00a0 \u00a0 \u00a0 \u00a0 \u00a0 \u00a0 \u00a0 \u00a0 Student\/-in 1 &#8211; 4<br \/>\n12:30 &#8211; 12:50\u00a0 \u00a0 \u00a0 \u00a0 \u00a0Saana H (A2)\u00a0 \u00a0 \u00a0 \u00a0 \u00a0Milla S<br \/>\n12:50\u00a0 &#8211; 13:10\u00a0 \u00a0 \u00a0 \u00a0 \u00a0Saana H (A2)\u00a0 \u00a0 \u00a0 Onni F (A2)\u00a0 \u00a0 \u00a0 \u00a0 Ville N<br \/>\n13:10 &#8211; 13:30\u00a0 \u00a0 \u00a0 \u00a0 \u00a0Onni F (A2)\u00a0 \u00a0 \u00a0 \u00a0 Ville N<\/p>\n<h4><del><span style=\"color: #99cc00\"><strong>Mittwoch, 22.4., von 14:15 &#8211; 15:15 Uhr mit Yolanda in Agora 206<\/strong><\/span><\/del><\/h4>\n<p>Uhrzeit\u00a0 \u00a0 \u00a0 \u00a0 \u00a0 \u00a0 \u00a0 \u00a0 \u00a0 \u00a0 \u00a0 Student\/-in 1\u00a0 \u00a0 \u00a0 \u00a0 \u00a0 \u00a0 Student\/-in 2\u00a0 \u00a0 \u00a0 \u00a0 \u00a0 \u00a0 \u00a0Student\/-in 3<br \/>\n14:15 &#8211; 14:35\u00a0 \u00a0 \u00a0 \u00a0 \u00a0 \u00a0 \u00a0 \u00a0 \u00a0 \u00a0 Elsa\u00a0 \u00a0 (J2)<br \/>\n14:35\u00a0 &#8211; 14:55\u00a0 \u00a0 \u00a0 \u00a0 \u00a0 \u00a0 \u00a0 \u00a0 \u00a0 Elsa<br \/>\n14:55 &#8211; 15:15<\/p>\n<h4><span style=\"color: #99cc00\"><strong>Donnerstag, 23.4., von 14:15 &#8211; 15:15 Uhr mit Yolanda in Agora 206<\/strong><\/span><\/h4>\n<p>Uhrzeit\u00a0 \u00a0 \u00a0 \u00a0 \u00a0 \u00a0 \u00a0 \u00a0 \u00a0 \u00a0 \u00a0 Student\/-in 1\u00a0 \u00a0 \u00a0 \u00a0 \u00a0 \u00a0 Student\/-in 2\u00a0 \u00a0 \u00a0 \u00a0 \u00a0 \u00a0 \u00a0Student\/-in 3<br \/>\n14:15 &#8211; 14:35\u00a0 \u00a0 \u00a0 \u00a0 \u00a0 \u00a0 \u00a0 Onni (J2)\u00a0 \u00a0 \u00a0 \u00a0 \u00a0 \u00a0 \u00a0 \u00a0 \u00a0 Elsa\u00a0 \u00a0 \u00a0 \u00a0 \u00a0 \u00a0 \u00a0 \u00a0 \u00a0 \u00a0 \u00a0 \u00a0 \u00a0 \u00a0 \u00a0 \u00a0 Veeti<br \/>\n14:35\u00a0 &#8211; 14:55\u00a0 \u00a0 \u00a0 \u00a0 \u00a0 \u00a0 \u00a0Onni (J2)\u00a0 \u00a0 \u00a0 \u00a0 \u00a0 \u00a0 \u00a0 \u00a0 \u00a0 Elsa\u00a0 \u00a0 \u00a0 \u00a0 \u00a0 \u00a0 \u00a0 \u00a0 \u00a0 \u00a0 \u00a0 \u00a0 \u00a0 \u00a0 \u00a0 \u00a0Veeti<br \/>\n14:55 &#8211; 15:15\u00a0 \u00a0 \u00a0 \u00a0 \u00a0 \u00a0 \u00a0 Iiris K (J1)<\/p>\n<h4><span style=\"color: #ff9900\"><strong>Woche 18<br \/>\n<\/strong><\/span><\/h4>\n<h4><span style=\"color: #ff9900\"><strong>Dienstag, 28.4., von 11 &#8211; 12 Uhr mit Nele in Agora 206<\/strong><\/span><\/h4>\n<p>Uhrzeit\u00a0 \u00a0 \u00a0 \u00a0 \u00a0 \u00a0 \u00a0 \u00a0 \u00a0 \u00a0 \u00a0 Student\/-in 1\u00a0 \u00a0 \u00a0 \u00a0 \u00a0 \u00a0 Student\/-in 2\u00a0 \u00a0 \u00a0 \u00a0 \u00a0 \u00a0 \u00a0Student\/-in 3<br \/>\n11:00 &#8211; 11:20\u00a0 \u00a0 \u00a0 \u00a0 \u00a0 \u00a0 \u00a0 Mona (J2)\u00a0 \u00a0 \u00a0 \u00a0 \u00a0 \u00a0 \u00a0Alina\u00a0 \u00a0 \u00a0 \u00a0 \u00a0 \u00a0 \u00a0 \u00a0 \u00a0 \u00a0 \u00a0 \u00a0 \u00a0 \u00a0 Amanda<br \/>\n11:20\u00a0 &#8211; 11:40\u00a0 \u00a0 \u00a0 \u00a0 \u00a0 \u00a0 \u00a0 Mona (J2)\u00a0 \u00a0 \u00a0 \u00a0 \u00a0 \u00a0 Alina\u00a0 \u00a0 \u00a0 \u00a0 \u00a0 \u00a0 \u00a0 \u00a0 \u00a0 \u00a0 \u00a0 \u00a0 \u00a0 \u00a0 Amanda<br \/>\n11:40 &#8211; 12:00\u00a0 \u00a0 \u00a0 \u00a0 \u00a0 \u00a0 \u00a0Sonja K (A2)\u00a0 \u00a0 \u00a0 \u00a0 \u00a0 \u00a0Iiris K\u00a0 \u00a0 \u00a0 \u00a0 \u00a0 \u00a0 \u00a0 \u00a0 \u00a0 \u00a0 \u00a0 \u00a0 \u00a0Eerika P<\/p>\n<h4><span style=\"color: #ff9900\"><strong>Mittwoch, 29.4., von 17 &#8211; 18 Uhr mit Yolanda <span style=\"color: #0000ff\">in <a style=\"color: #0000ff\" href=\"https:\/\/utu.zoom.us\/j\/62259385696\">Zoom<\/a><\/span><\/strong><\/span><\/h4>\n<p>Uhrzeit\u00a0 \u00a0 \u00a0 \u00a0 \u00a0 \u00a0 \u00a0 \u00a0 \u00a0 \u00a0 \u00a0 Student\/-in 1 &#8211; 4<br \/>\n17:00 &#8211; 17:20\u00a0 \u00a0 \u00a0 \u00a0 \u00a0 \u00a0 \u00a0Elina H(A2)<br \/>\n17:20 &#8211; 17:40\u00a0 \u00a0 \u00a0 \u00a0 \u00a0 \u00a0 \u00a0Elina H(A2)<br \/>\n17:40 &#8211; 18:00\u00a0 \u00a0 \u00a0 \u00a0 \u00a0 \u00a0 \u00a0Marianne (J2)<br \/>\n18:00 &#8211; 18:20\u00a0 \u00a0 \u00a0 \u00a0 \u00a0 \u00a0 Marianne (J2)<\/p>\n<h4><span style=\"color: #99cc00\"><strong>Woche 19<br \/>\n<\/strong><\/span><span style=\"color: #99cc00\"><strong>Montag, 4.5., von 12.30 &#8211; 13.30 Uhr mit Nele <span style=\"color: #0000ff\">via <a style=\"color: #0000ff\" href=\"https:\/\/utu.zoom.us\/j\/62259385696\">Zoom<\/a><\/span><\/strong><\/span><\/h4>\n<p>Uhrzeit\u00a0 \u00a0 \u00a0 \u00a0 \u00a0 \u00a0 \u00a0 \u00a0 \u00a0 \u00a0 Student\/-in 1 &#8211; 4<br \/>\n12:30 &#8211; 12:50\u00a0 \u00a0 \u00a0 \u00a0 \u00a0Anniina H (A2)\u00a0 \u00a0 \u00a0 \u00a0 \u00a0Eerika P<br \/>\n12:50\u00a0 &#8211; 13:10\u00a0 \u00a0 \u00a0 \u00a0 \u00a0Liia (J2)\u00a0 \u00a0 \u00a0Minna\u00a0 \u00a0Kiia<br \/>\n13:10 &#8211; 13:30\u00a0 \u00a0 \u00a0 \u00a0 \u00a0Liia (J2)\u00a0 \u00a0 \u00a0Minna\u00a0 \u00a0Kiia<\/p>\n<h4><span style=\"color: #99cc00\"><strong>Dienstag, 5.5., von 14:15 &#8211; 15:15 Uhr mit Yolanda in Agora 207<\/strong><\/span><\/h4>\n<p>Uhrzeit\u00a0 \u00a0 \u00a0 \u00a0 \u00a0 \u00a0 \u00a0 \u00a0 \u00a0 \u00a0 \u00a0 Student\/-in 1\u00a0 \u00a0 \u00a0 \u00a0 \u00a0 \u00a0 Student\/-in 2\u00a0 \u00a0 \u00a0 \u00a0 \u00a0 \u00a0 \u00a0Student\/-in 3<br \/>\n14:15 &#8211; 14:35\u00a0 \u00a0 \u00a0 \u00a0 \u00a0 \u00a0 \u00a0 Hanna\u00a0 (A2)\u00a0 \u00a0 \u00a0 \u00a0 \u00a0 \u00a0 \u00a0 \u00a0 \u00a0 Ella\u00a0 \u00a0 \u00a0 \u00a0 \u00a0 \u00a0 \u00a0 \u00a0 \u00a0 \u00a0 \u00a0 \u00a0 \u00a0 Olivia H<br \/>\n14:35\u00a0 &#8211; 14:55\u00a0 \u00a0 \u00a0 \u00a0 \u00a0 \u00a0 \u00a0Hanna\u00a0 (A2)\u00a0 \u00a0 \u00a0 \u00a0 \u00a0 \u00a0 \u00a0 \u00a0 \u00a0 Ella\u00a0 \u00a0 \u00a0 \u00a0 \u00a0 \u00a0 \u00a0 \u00a0 \u00a0 \u00a0 \u00a0 \u00a0 \u00a0 Olivia H<br \/>\n14:55 &#8211; 15:15<\/p>\n<p>&nbsp;<\/p>\n","protected":false},"excerpt":{"rendered":"<p>Tutorium In einem Tutorium k\u00f6nnen die Studierenden ihre Deutschkenntnisse mit einer bzw. einem deutschsprachigen Austauschstudierenden trainieren: auf Deutsch lesen, sprechen, \u00dcbungen kontrollieren, Grammatik \u00fcben, Fragen stellen. Die Treffen mit einem Tutor bzw. einer Tutorin dauern 20 Minuten und an einem [&hellip;]<\/p>\n","protected":false},"author":3034,"featured_media":0,"parent":0,"menu_order":0,"comment_status":"closed","ping_status":"closed","template":"","meta":{"footnotes":""},"class_list":["post-79","page","type-page","status-publish","hentry"],"_links":{"self":[{"href":"https:\/\/users.utu.fi\/alevir\/wp-json\/wp\/v2\/pages\/79","targetHints":{"allow":["GET"]}}],"collection":[{"href":"https:\/\/users.utu.fi\/alevir\/wp-json\/wp\/v2\/pages"}],"about":[{"href":"https:\/\/users.utu.fi\/alevir\/wp-json\/wp\/v2\/types\/page"}],"author":[{"embeddable":true,"href":"https:\/\/users.utu.fi\/alevir\/wp-json\/wp\/v2\/users\/3034"}],"replies":[{"embeddable":true,"href":"https:\/\/users.utu.fi\/alevir\/wp-json\/wp\/v2\/comments?post=79"}],"version-history":[{"count":1548,"href":"https:\/\/users.utu.fi\/alevir\/wp-json\/wp\/v2\/pages\/79\/revisions"}],"predecessor-version":[{"id":3296,"href":"https:\/\/users.utu.fi\/alevir\/wp-json\/wp\/v2\/pages\/79\/revisions\/3296"}],"wp:attachment":[{"href":"https:\/\/users.utu.fi\/alevir\/wp-json\/wp\/v2\/media?parent=79"}],"curies":[{"name":"wp","href":"https:\/\/api.w.org\/{rel}","templated":true}]}}