{"id":116,"date":"2018-06-25T11:50:59","date_gmt":"2018-06-25T11:50:59","guid":{"rendered":"http:\/\/users.utu.fi\/camawi\/?page_id=116"},"modified":"2025-05-11T16:01:34","modified_gmt":"2025-05-11T16:01:34","slug":"forskning","status":"publish","type":"page","link":"https:\/\/users.utu.fi\/camawi\/forskning\/","title":{"rendered":"Forskning"},"content":{"rendered":"<p>I min forskning har jag fr\u00e4mst arbetat med <strong>pragmatik<\/strong>, <strong>interaktionell lingvistik<\/strong>, <strong>konstruktionsgrammatik<\/strong>\u00a0och <strong>variation<\/strong>. I m\u00e5nga av mina studier har jag haft som syfte att kartl\u00e4gga hur grammatiska konstruktioner anv\u00e4nds i autentiska samtal. I min doktorsavhandling (2002) unders\u00f6kte jag perfektkonstruktionen <em>vera b\u00fainn a\u00f0 <\/em>+ inf. i modern isl\u00e4ndska ur detta perspektiv. Efter det har jag mestadels forskat i svenska<strong>.\u00a0<\/strong>Jag har varit s\u00e4rskilt intresserad av att utreda hur svenskan i Finland skiljer sig fr\u00e5n svenskan i Sverige (se t.ex. Wide &amp; Lyngfelt 2009). D\u00e4rtill har den den regionala variationen och historiska utvecklingen hos grammatiska konstruktioner intresserat mig. Hur har de grammatiska konstruktioner vi har i dagens svenska vuxit fram och utvecklats \u00f6ver tid? Vilken roll spelar t.ex. kontakten med finska f\u00f6r grammatiska konstruktioner i svenskan i Finland?<\/p>\n<p><iframe loading=\"lazy\" title=\"Om projektet IVIP, Interaktion och variation i pluricentriska spr\u00e5k. (Textad)\" width=\"676\" height=\"380\" src=\"https:\/\/www.youtube.com\/embed\/HtXW6qm8tak?feature=oembed\" frameborder=\"0\" allow=\"accelerometer; autoplay; clipboard-write; encrypted-media; gyroscope; picture-in-picture; web-share\" referrerpolicy=\"strict-origin-when-cross-origin\" allowfullscreen><\/iframe><\/p>\n<p>Tillsammans med Catrin Norrby (Stockholms universitet), Jenny Nilsson (Dialekt-, ortnamns- och folkminnesarkivet i G\u00f6teborg) och Jan Lindstr\u00f6m (Helsingfors universitet) ledde jag 2013\u20132020\u00a0 forskningsprogrammet <a href=\"https:\/\/www.su.se\/svefler\/ivip\">Interaktion och variation i pluricentriska spr\u00e5k &#8211; Kommunikativa m\u00f6nster i sverigesvenska och finlandssvenska<\/a> (IVIP), som finansierades av Riksbankens jubileumsfond. Inom programmet unders\u00f6kte vi vilka likheter och skillnader man kan finna p\u00e5 det pragmatiska och interaktionella planet i de tv\u00e5 nationella varieteterna av svenska. Exempelvis utredde vi tilltalsm\u00f6nster i olika typer av institutionella samtal.<\/p>\n<p style=\"padding-left: 40px\"><a href=\"https:\/\/arenan.yle.fi\/audio\/1-50981781\">&#8220;Gud vad bra&#8221; eller &#8220;okej&#8221; &#8211; s\u00e5 h\u00e4r pratar vi p\u00e5 olika s\u00e4tt i Finland och Sverige<\/a>\u00a0(YLE Radio Vega: N\u00e4st sista ordet 28\/11 2021)<\/p>\n<p>H\u00f6sten 2023 startade projektet <a href=\"https:\/\/sites.utu.fi\/communicativepatterns\/\">Kommunikativa m\u00f6nster p\u00e5 tv\u00e5 spr\u00e5k i Finland<\/a> (KoM2Spr\u00e5k) som utg\u00f6r en forts\u00e4ttning p\u00e5 forskningen inom IVIP och finansieras av Svenska kulturfonden i Finland 2023\u20132026. Projektets syfte \u00e4r att utreda hur lika de kommunikativa m\u00f6nstren \u00e4r i finlandssvenska och finska j\u00e4mf\u00f6rt med sverigesvenska, och i hur h\u00f6g grad de kan s\u00e4gas avspegla kulturella preferenser i Finland.<\/p>\n<p>F\u00f6r tillf\u00e4llet leder jag ocks\u00e5 utvecklingsprojektet <a href=\"https:\/\/sites.utu.fi\/aboinorden\/\">\u00c5bo i Norden &#8211; Turku Network for Nordic studies<\/a> (Svenska kulturfonden 2024\u20132027). M\u00e5ls\u00e4ttningen f\u00f6r projektet \u00e4r att lyfta fram Norden i synnerhet i \u00c5bo och Egentliga Finland. I projektet planeras och skapas ett na\u0308tverk fo\u0308r tva\u0308rvetenskapligt samarbete kring fr\u00e5gor som g\u00e4ller Norden vid A\u030abo universitet och A\u030abo Akademi.<\/p>\n<p>Andra forskningsomr\u00e5den som jobbar med f\u00f6r tillf\u00e4llet \u00e4r\u00a0<strong><a href=\"https:\/\/sites.utu.fi\/svenskaniabo\/\">svenskan i \u00c5bo<\/a>,\u00a0<\/strong><a href=\"https:\/\/sites.utu.fi\/lawe\/\"><b>spr\u00e5k och v\u00e4lf\u00e4rd <\/b><\/a>samt\u00a0<strong>digital kommunikation<\/strong>.<\/p>\n<p><em>Sidan senast uppdaterad 11\/5 2025.<\/em><\/p>\n","protected":false},"excerpt":{"rendered":"<p>I min forskning har jag fr\u00e4mst arbetat med pragmatik, interaktionell lingvistik, konstruktionsgrammatik\u00a0och variation. I m\u00e5nga av mina studier har jag haft som syfte att kartl\u00e4gga hur grammatiska konstruktioner anv\u00e4nds i autentiska samtal. I min doktorsavhandling (2002) unders\u00f6kte jag perfektkonstruktionen vera b\u00fainn a\u00f0 + inf. i modern isl\u00e4ndska ur detta perspektiv. Efter det har jag mestadels [&hellip;]<\/p>\n","protected":false},"author":2571,"featured_media":0,"parent":0,"menu_order":0,"comment_status":"closed","ping_status":"closed","template":"","meta":{"footnotes":""},"class_list":["post-116","page","type-page","status-publish","hentry","post-preview"],"_links":{"self":[{"href":"https:\/\/users.utu.fi\/camawi\/wp-json\/wp\/v2\/pages\/116","targetHints":{"allow":["GET"]}}],"collection":[{"href":"https:\/\/users.utu.fi\/camawi\/wp-json\/wp\/v2\/pages"}],"about":[{"href":"https:\/\/users.utu.fi\/camawi\/wp-json\/wp\/v2\/types\/page"}],"author":[{"embeddable":true,"href":"https:\/\/users.utu.fi\/camawi\/wp-json\/wp\/v2\/users\/2571"}],"replies":[{"embeddable":true,"href":"https:\/\/users.utu.fi\/camawi\/wp-json\/wp\/v2\/comments?post=116"}],"version-history":[{"count":26,"href":"https:\/\/users.utu.fi\/camawi\/wp-json\/wp\/v2\/pages\/116\/revisions"}],"predecessor-version":[{"id":1244,"href":"https:\/\/users.utu.fi\/camawi\/wp-json\/wp\/v2\/pages\/116\/revisions\/1244"}],"wp:attachment":[{"href":"https:\/\/users.utu.fi\/camawi\/wp-json\/wp\/v2\/media?parent=116"}],"curies":[{"name":"wp","href":"https:\/\/api.w.org\/{rel}","templated":true}]}}