{"id":128,"date":"2018-06-25T11:57:46","date_gmt":"2018-06-25T11:57:46","guid":{"rendered":"http:\/\/users.utu.fi\/camawi\/?page_id=128"},"modified":"2025-11-18T21:31:23","modified_gmt":"2025-11-18T21:31:23","slug":"foredrag","status":"publish","type":"page","link":"https:\/\/users.utu.fi\/camawi\/foredrag\/","title":{"rendered":"F\u00f6redrag"},"content":{"rendered":"<h3 class=\"ms-rteElement-H3B\">2025<\/h3>\n<ul>\n<li>November.\u00a0Hur pratar vi vid biljettkassan i Sverige och Finland. G\u00f6teborgsf\u00f6reningen i \u00c5bo &amp; \u00c5bo stadsbibliotek 7\/11 2025.<\/li>\n<li>Maj (&amp; Eveliina Tolvanen, Anne-Maria Kuosa). Linguistic landscapes in the public sector: multilingual signage in specialized healthcare. <em>Multilingualism and minority languages in a global context.<\/em> Davos, 21\u201323\/5 2025. (Poster)<\/li>\n<li>Maj (&amp; Eveliina Tolvanen, Anu Rouhikoski, Tommi Kurki). Hej, moi(n), och hejsan \u2013 gemensamma h\u00e4lsningsord med vissa nyansskillnader p\u00e5 svenska och finska. <em>Svenskans beskrivning 40<\/em>, Stockholm 26\u201328\/5 2025.<\/li>\n<li>Maj (&amp; Anu Rouhikoski, Tommi Kurki, Eveliina Tolvanen). Monikolliset persoonaviittaukset ja passiivimuodot suomessa ja suomenruotsissa: esimerkkin\u00e4 asiointikeskustelut. <em>Spr\u00e5kvetenskapsdagarna 2025<\/em>, Helsingfors 12\u201314\/5 2025.<\/li>\n<li>April (&amp; Eveliina Tolvanen, Anu Rouhikoski, Tommi Kurki). Kommunikativa m\u00f6nster p\u00e5 tv\u00e5 spr\u00e5k i Finland \u2013 Suomen kansalliskielten kommunikatiiviset mallit. <em>Vetenskapsdag<\/em>, Utuling &amp; institutionen f\u00f6r spr\u00e5k- och \u00f6vers\u00e4ttningsvetenskap. \u00c5bo universitet, 8\/5 2025. (Poster)<\/li>\n<li>April (&amp; Anne-Maria Kuosa, Henrik Hurme). \u00c5bo i Norden &#8211; Turku Network for Nordic Studies (Turku Nordic). <em>Vetenskapsdag<\/em>, Utuling &amp; institutionen f\u00f6r spr\u00e5k- och \u00f6vers\u00e4ttningsvetenskap. \u00c5bo universitet, 8\/5 2025. (Poster)<\/li>\n<\/ul>\n<h3 class=\"ms-rteElement-H3B\">Tidigare plenarf\u00f6redrag och f\u00f6redrag som inbjuden f\u00f6rel\u00e4sare<\/h3>\n<ul>\n<li>2024. Kommunikativa m\u00f6nster p\u00e5 tv\u00e5 spr\u00e5k i Finland. <em>P\u00e5 tv\u00e5 eller flera spr\u00e5k. Aspekter p\u00e5 spr\u00e5kliga f\u00f6rh\u00e5llanden och f\u00f6reteelser i forntid och nutid. Avskedsseminarium f\u00f6r SLS forskningschef Christer Kuvaja<\/em>. Vetenskapernas hus, Helsingfors 28\/11 2024.<\/li>\n<li>2024. Spr\u00e5k och frihet med fokus p\u00e5 isl\u00e4ndska och Island. <em>Nordisk litteraturafton.<\/em> Turun Pohjola-Norden i \u00c5bo &amp; \u00c5bo stadsbibliotek, \u00c5bo, 14\/11 2024.<\/li>\n<li>2023.\u00a0H\u00e4lsningsfraser i Finland och Sverige &#8211; likheter och skillnader. F\u00f6rv\u00e4ntan \u2013 ett seminarium om olika aspekter av b\u00f6rjan. SLS seminarium under <em>Vetenskapsdagarna<\/em>. Helsingfors 13\/1 2023.<\/li>\n<li>2022. Kieli, kielen k\u00e4ytt\u00f6 ja vaihtelu: finlandssvenska j\u00e4mf\u00f6rt med sverigesvenska och finska. Plenarf\u00f6redrag p\u00e5 <em>Spr\u00e5kvetenskapsdagarna 2022<\/em>. \u00c5bo universitet 12\u201314\/5 2022<\/li>\n<li>2022. Skillnader mellan sverigesvenska och finlandssvenska (och lite om \u00e5l\u00e4ndskan ocks\u00e5). Inbjuden talare p\u00e5 Svenskl\u00e4rarnas fortbildningskurs p\u00e5 \u00c5land den 6\u201310 juni 2022.<\/li>\n<li>2020. Language policy and implementation: goals and challenges in multilingual societies. F\u00f6redrag p\u00e5 workshopen <em>Linguistic diversity, multilingualism and the welfare state<\/em> som ordnades av Helsinki Inequality Initiative (INEQ) vid Helsingfors universitet och n\u00e4tverket Satakieli. Helsingfors\/online 30\/10 2020.<\/li>\n<li>2020. Svenska som pluricentriskt spr\u00e5k. F\u00f6rel\u00e4sning i samband med promotion till hedersdoktor vid Uppsala universitet. Uppsala 29\/1 2020.<\/li>\n<li>2019. \u00a0Om svenskan i Finland och om att kn\u00e4cka koden; att som dansk l\u00e4ra sig att f\u00f6rst\u00e5 finlandssvenska. <em>Finlandsorientering f\u00f6r nordbor<\/em>, Hanaholmen 5\/12 2019.<\/li>\n<li>2018. Att forska i kommunikativa skillnader mellan sverigesvenska och finlandssvenska. \u00d6ppna seminariet, Svenska spr\u00e5ket vid Jyv\u00e4skyl\u00e4 universitet 20\/11 2018.<\/li>\n<li>2018. Exploring politeness in pluricentric languages: communicative patterns in Sweden-Swedish and Finland-Swedish. <em>Dahlem Lectures in Linguistics<\/em>, Freie Universit\u00e4t Berlin 9\/1 2018.<\/li>\n<li>2016. Finlandssvenska \u2013 lite annorlunda men inte s\u00e4mre svenska. Svenska klubben, \u00c5bo 21\/11 2016.<\/li>\n<li>2016. Din svenska, min svenska, v\u00e5r svenska \u2013 om spr\u00e5klig variation i ett j\u00e4mf\u00f6rande perspektiv. Svenska litteraturs\u00e4llskapet i Finlands \u00e5rsh\u00f6gtid 5.2.2016.<\/li>\n<li>2015. Grammatiska m\u00f6nster i tid och rum. <em>Grammatikfestivalen<\/em>, G\u00f6teborgs universitet 20\/3 2015.<\/li>\n<li>2014\u00a0Skillnader i finlandssvenskars och sverigesvenskars samtal. <em>Svenskt-finskt \u00f6vers\u00e4ttarseminarium<\/em>. \u00c5bo 2\u20133\/10 2014.<\/li>\n<li>2014.\u00a0Svenska som pluricentriskt spr\u00e5k &#8211; kommunikativa m\u00f6nster i sverigesvenska och finlandssvenska samtal. Plenarf\u00f6redrag p\u00e5 <em>Svenskans beskrivning<\/em> 34, Lund 22\u201324\/10.<\/li>\n<li>2013. Language on the Internet: How do young Swedish-speaking Finns write\u00a0today. Plenarf\u00f6redrag p\u00e5 <em>AFinLa 2013<\/em>.\u00a0\u00c5bo universitet 15-16\/11 2013.<\/li>\n<li>2012. Spr\u00e5kkontakt och interaktion. Plenarf\u00f6redrag p\u00e5 <em>Svenskan i Finland 14<\/em>. Ule\u00e5borgs universitet 11\u201312\/10 2012.<\/li>\n<li>2012. Translations into dialect: using Finland-Swedish varieties as a resource. Plenarf\u00f6redrag p\u00e5 <em>MultiMeDialecTrans 5. International Conference on the Translation of Dialects in Multimedia<\/em>. \u00c5bo universitet, 3\u20135\/5 2012.<\/li>\n<li>2011. Stability and divergence in Finland-Swedish varieties \u2013 outcomes of contact between dialects, standard language and Finnish. Workshopen <em>Stability and divergence in language contact<\/em>. Hamburgs universitet, 3\u20134\/11 2011.<\/li>\n<li>2011. Language use and usage based grammar. <em>Andra storm\u00f6tet f\u00f6r n\u00e4tverket N&#8217;CLAV.<\/em> G\u00f6teborg 22-25\/8 2011.<\/li>\n<li>2010. The use of demonstrative pronouns in Finland-Swedish varieties. Some outcomes of language contact. Seminariet <em>Outcomes of language contact in spoken language<\/em>. Troms\u00f8, 20\u201321\/5 2010.<\/li>\n<li>2010. Grammatiska konstruktioner i tid och rum. Plenarf\u00f6redrag p\u00e5 <em>Svenska spr\u00e5kets historia 11<\/em>. Uppsala universitet 23\u201324\/4 2010.<\/li>\n<li>2007. Grammatiska konstruktioner i 1400-talssvenska. Symposiet <em>De nordiska spr\u00e5ken under 1400-talet.<\/em> Uppsala universitet 11\u201312\/5 2007.<\/li>\n<li>1999. Islanti suomalaisin silmin.\u00a0<em>Moni-ilmeinen Islanti.\u00a0<\/em>Islandsveckan <em>V\u00e4ttarnas int\u00e5g <\/em>organiserad Pohjola-Norden, Islands ambassad, Nifin &amp; Icelandair 23\u201331\/3 1999). Kuopio 22\/3.1999.<\/li>\n<\/ul>\n<h3 class=\"ms-rteElement-H3B\">\u00d6vriga f\u00f6redrag p\u00e5 konferenser och seminarier, urval<\/h3>\n<ul>\n<li>2024 (&amp; EveliinaTolvanen, Anu Rouhikoski &amp; Tommi Kurki). Kommunikativa m\u00f6nster p\u00e5 tv\u00e5 spr\u00e5k i Finland: h\u00e4lsningar i servicesamtal p\u00e5 svenska och finska. <em>Svenskan i Finland 21<\/em>, Ule\u00e5borg 3\u20134\/10 2024.<\/li>\n<li>2024 ( &amp; Anne-Maria Kuosa &amp; Eveliina Tolvanen). Linguistic landscapes in the public sector. Linguistic Diversity in Professional Settings, Vienna University of Economics and Business 2\u20133\/5 2024.<\/li>\n<li>2023 (&amp; Camilla Lindholm) Non-canonical uses of man \u2018one\u2019 and vi \u2018we\u2019 in medical consultations in Finland Swedish. Panelen Referential practices in action: A usage-based perspective on canonical and non-canonical uses of pronouns referring to persons p\u00e5 <em>18th International Pragmatics Conference<\/em>, Bryssel 9-14\/7 2023.<\/li>\n<li>2023 (&amp; Jenny Nilsson, Jan Lindstr\u00f6m, Love Bohman, Catrin Norrby &amp; Klara Skogmyr Marian). Does space matter? Pragmatic variation in Finland Swedish and Sweden Swedish. Panelen Pragmatic variation in pluricentric languages p\u00e5 <em>18th International Pragmatics Conference<\/em>, Bryssel 9-14\/7 2023.<\/li>\n<li>2022 (&amp; Camilla Lindholm). Expressing support on dementia in the Finland-Swedish digital context. Workshop: Public Health Communication. Dementia in Social Media Discourse and Digital Interaction. <em>Digital Research Data and Human Sciences \u2013 Diversity of methods and materials (DRDHum)<\/em>. Jyv\u00e4skyl\u00e4\/Zoom 1\u20133\/12 2022.<\/li>\n<li>2022 (&amp; Jan Lindstr\u00f6m). \u00c4rendepresentationer i servicesamtal. <em>Constructions in the Nordics 3.<\/em> Kiel\/Zoom 19\u201320\/9 2022.<\/li>\n<li>2022 (&amp; Tina Thode Hougaard, Eva Skafte Jensen, Marianne Rathje &amp; Jonathan White). Variations in opening and closing forms in email correspondence in Danish and Swedish. <em>Sociolinguistics Symposium 24.<\/em> Gent\u00a013\u201316\/7 2022.<\/li>\n<li>2021 (Catrin Norrby). T or V address? Attitudes to address patterns among Swedish-speaking Finns. <em>INAR 6 (International Network of Address Research).<\/em>\u00a0Bergamo\/Teams 23\u201325\/6 2021.<\/li>\n<li>2021 (&amp; Rebecka Heinonen, Eveliina Tolvanen). Spr\u00e5kpolicy och dess implementering p\u00e5 webben: hur f\u00f6rverkligas de svenskspr\u00e5kigas spr\u00e5kliga r\u00e4ttigheter vid \u00c5bo universitetscentralsjukhus? <em>Svenskan i Finland 19<\/em>. \u00c5bo Akademi, Vasa\/Zoom 6\u20137\/5 2021.<\/li>\n<li>2019 (&amp; Jenny Nilsson, Catrin Norrby, Jan Lindstr\u00f6m). What can interactional perspectives do for theories of pluricentric languages?<em> Languages, Nations, Culture(s)<\/em>, Stockholms universitet 22\u201324\/5 2019.<\/li>\n<li>2019. (&amp; Eveliina Tolvanen). Processtyper i sverigesvenska och finlandssvenska handledningssamtal. <em>Svenskans beskrivning 37.<\/em>\u00a0\u00c5bo Akademi 8\u201310\/5 \u00a02019<\/li>\n<li>2018 (&amp; Jan Lindstr\u00f6m, Catrin Norrby, Jenny Nilsson). When culture makes the difference: Comparing Swedish communicative patterns in Sweden and Finland.<em> Conference on Comparative Approaches to Pragmatics<\/em>. Helsingfors 22\/3 2018.<\/li>\n<li>2018. (Jenny Nilsson, Jan Lindstr\u00f6m &amp; Catrin Norrby). Organizing openings &amp; closings: gaze, bodily &amp; verbal actions in service encounters. <em>5th International Conference on Conversation Analysis (ICCA).<\/em> Loughborough University, 11\u201315\/7 2018.<\/li>\n<li>2017 (&amp; Jan Lindstr\u00f6m, Catrin Norrby, Jenny Nilsson). Positive high-grade assessment turns in Swedish service encounters: a comparative study of box office interactions in Sweden and Finland. <em>Intersubjectivity in interaction<\/em>. Helsingfors universitet 11\u201313\/5 2017.<\/li>\n<li>2017 (&amp; Jenny Nilsson, Catrin Norrby, Jan Lindstr\u00f6m). Approaching the counter: opening an exchange at the box office. Panelen Entry and re-entry into interaction p\u00e5 <em>15th International Pragmatics Conference<\/em>. Belfast 16\u201321\/7 2017<\/li>\n<li>2017. The emergence of syntactically non-integrated \u2018that\u2019-clauses in Finland-Swedish conversations. The Emergent Grammar of Complex Clausal Structures in Interaction p\u00e5 konferensen <em>15th International Pragmatics Conference<\/em>. Belfast 16\u201321\/7 2017.<\/li>\n<li>2017(&amp; Catrin Norrby, Jan Lindstr\u00f6m, Jenny Nilsson). Stance-Taking in Service encounters. Panelen Stance-Taking in Interaction p\u00e5 konferensen p\u00e5 <em>15th International Pragmatics Conference.<\/em> Belfast 16-21\/7 2017<\/li>\n<li>2016 (&amp; Jan Lindstr\u00f6m). Vid biljettluckan: formell och pragmatisk variation i kundernas \u00e4rendepresentation i servicesamtal p\u00e5 svenska. <em>Svenskans beskrivning 35<\/em>. G\u00f6teborgs universitet 11\u201313\/5 2016.<\/li>\n<li>2015 (&amp;\u00a0Catrin Norrby,\u00a0Jan Lindstr\u00f6m, Jenny Nilsson), Requesting a ticket:\u00a0artefacts in interaction in service encounters. Panelen Object transactions: Embodied encounters at the\u00a0counter p\u00e5 <em>14th\u00a0International Pragmatics Conference<\/em>, Antwerpen 26-31\/7 2015.<\/li>\n<li>2015 (&amp; Elizabeth Peterson). English pragmatic borrowings in Finland-Swedish web\u00a0forum discussions. Panelen\u00a0Linguistic and pragmatic outcomes of contact with English as foreign language p\u00e5\u00a0<em>14th\u00a0International Pragmatics Conference.<\/em>\u00a0Antwerpen 26\u201331\/7 2015.<\/li>\n<li>2014 (&amp; Catrin Norrby,\u00a0Jan Lindstr\u00f6m,\u00a0Jenny Nilsson). Address and interpersonal relationships in Finland-Swedish and Sweden-Swedish service encounters. Kollokviet Address practice as social action \u2013 local and global perspectives p\u00e5\u00a0<em>The 20th Sociolinguistics Symposium<\/em>. Jyv\u00e4skyl\u00e4 universitet 15\u201318\/6 2014.<\/li>\n<li>2014 (&amp;\u00a0Jan Lindstr\u00f6m, Catrin Norrby &amp; Jenny Nilsson). Finns det nationella svenska kommunikationsm\u00f6nster? Tilltal i l\u00e4kare-patientsamtal i Sverige och Finland.\u00a0<em>Svenskans beskrivning 33<\/em>, Helsingfors 15\u201317\/5 2013.<\/li>\n<li>2014 (&amp; Laura Gr\u00f6nroos &amp; Alexandra Ax\u00e9n). Avslutningssekvenser i servicesamtal. <em>Svenskan i Finland 15<\/em>. Tammerfors universitet, 8\u20139\/5 2014.<\/li>\n<li>2013\u00a0(&amp; Catrin Norrby,\u00a0Jan Lindstr\u00f6m\u00a0&amp; Jenny Nilsson). Address pracitices and interpersonal relations in Finland-Swedish and Sweden-Swedish medical consultations. <em>Address(ing) (Pro)nouns : Sociolinguistics and Grammar of Terms of Address (INAR 1)<\/em>. Freie Universit\u00e4t\u00a0Berlin 31\/5-1\/6 2013.<\/li>\n<li>2013\u00a0(&amp;\u00a0Marja-Liisa Helasvuo &amp; Marjut Johansson).\u00a0Identiteetin rakentuminen erimielisyystilanteissa. Vertailua suomen-, ruotsin- ja ranskankielisten keskustelupalstojen v\u00e4lill\u00e4. Seminariet <em>Kommentoi! Internetin keskustelupalstat ja vuorovaikutus<\/em>. \u00c5bo universitet 11\/4 2013.<\/li>\n<li>2012 (&amp; Jan Lindstr\u00f6m, Jenny Nilsson &amp; Catrin Norrby). Interaction, Pragmatics and Variation in Pluricentric Languages. A comparative study of communicative patterns in Sweden Swedish and Finland Swedish. The <em>19th Sociolinguistics Symposium<\/em>. Freie Universit\u00e4t Berlin 21\u201324\/8 2012.<\/li>\n<li>2012. The use of demonstrative pronouns as pragmatic markers in Finland-Swedish varieties. Panelen Interactional Dialectology p\u00e5 <em>The 19th Sociolinguistics Symposium<\/em>. Freie Universit\u00e4t Berlin 21\u201324\/8 201<\/li>\n<li>2012 (&amp; Marja Etel\u00e4m\u00e4ki). The particles tota and ded\u00e4r(an) in Finnish and Finland-Swedish conversations. <em>The 11th International Conference of Nordic and General Linguistics<\/em>. Freiburg University 17\u201321\/4 2012.<\/li>\n<li>2011 (&amp; Catrin Norrby, Jenny Nilsson &amp; Jan Lindstr\u00f6m). Pragmatics, interaction and communication in Finland-Swedish and Sweden-Swedish \u2013 a comparative project. <em>Conference on Non-dominating Varieties of Pluricentric Languages<\/em>. Graz 11\u201313\/7 2011.<\/li>\n<li>2011. Subject ellipsis in modern Swedish. Panelen Beyond Pro-Drop: The Pragmatics of Subject Ellipsis and Expression from a Cross-Linguistic Perspective p\u00e5\u00a0<em>12th International Pragmatics Conference.<\/em>\u00a0Manchester 3\u20138\/7 2011.<\/li>\n<li>2010. Demonstrativa pronomen i finlandssvenska dialekter. <em>Nionde nordiska dialektologkonferensen<\/em>. Uppsala 18-20\/8 2010.<\/li>\n<li>2009. Demonstratives in Finland-Swedish Dialects. ICLaVE 5. K\u00f6penhamn 25\u201327\/6 2009.<\/li>\n<li>2008. Constructions, Interaction and Variation. A study of determination in Finland-Swedish Dialects. <em>Methods in Dialectology XIII.<\/em> Leeds 4\u20138\/8 2008.<\/li>\n<li>2008 (&amp; Christine Mertzlufft). Freestanding or loosely adjoined att\/dass \u2018that\u2019-clauses in Swedish and German. <em>Workshop on Emergent Constructions<\/em>. FreiburgInstitute of Advanced Studies (FRIAS). Freiburg 8\u20139\/5 2008.<\/li>\n<li>2007. Domb\u00f6cker som underlag f\u00f6r forskning i talat spr\u00e5k. <em>Gustav Vasa-seminariet Spr\u00e5ket i historien &#8211; historien i spr\u00e5ket.<\/em> Jyv\u00e4skyl\u00e4 15\u201317\/6 2007.<\/li>\n<li>2006 (&amp; Marja Etelem\u00e4ki). Bruket av \u201dden\u201d i \u00f6stra Nyland \u2013 ett spr\u00e5kkontaktfenomen? <em>Svenskan i Finland 10<\/em>. Helsingfors 13\u201314\/10 2006.<\/li>\n<li>2006 (&amp; Pekka Saaristo, Jan Lindst\u00f6m). Prefacing \u2018yes\u2019 and \u2018no\u2019 in Finland Swedish and Sweden Swedish interviews. Panelen Grammatical configurations of turn and TCU beginnings p\u00e5 konferensen <em>ICCA 06 International Conference of Conversation Analysis<\/em>. Helsingfors 10\u201314\/5 2006.<\/li>\n<li>2006. Finlandssvenska \u2013 vad \u00e4r det? Finlandsinstitutet. Stockholm 8\/2 2006.<\/li>\n<li>2005. Analyzing contextual features from the point of view of CxG and interaction. Panelen Context in CxG p\u00e5 konferensen <em>9th International Pragmatics Conference<\/em>. Riva del Garda 10\u201315\/7 2005<\/li>\n<li>2005. Vad \u00e4r en \u2019konstruktion\u2019?<em> Svenskan i Finland 9.<\/em> Jyv\u00e4skyl\u00e4 31\/3\u20131\/4 2005.<\/li>\n<li>2004. Strukturer med adnominalt den utan attribut i \u00f6stnyl\u00e4ndska. <em>Svenska spr\u00e5kets historia 8<\/em>. Lund 21\u201322\/5 2004.<\/li>\n<li>2004. The construction [te\/de\/t\u00e5m\/d\u00e5m + noun + suffix of definiteness] in the Eastern Nyland dialects of Finland. Workshopen Syntactic microvariation p\u00e5 <em>20:e nordiska lingvistm\u00f6tet<\/em>. Helsingfors 7\u20139\/1 2004.<\/li>\n<li>2003 (&amp; Jan Lindstr\u00f6m). Diachronic and synchronic aspects of tag-questions in Swedish.<em> The XVIth International Conference on Historical Linguistics (ICHL 2003)<\/em>. K\u00f6penhamn 11\u201315\/8 2003.<\/li>\n<li>2003. Communicative variation: the use of perfect in contemporary Icelandic. <em>Second International Conference on Language Variation in Europe (ICLaVE 2<\/em>). Uppsala 12\u201314\/6 2003.<\/li>\n<li>2001 (&amp; Kjell Weimer). Kunskapshinken i nordiska spr\u00e5k vid Helsingfors universitet 1960\u20132000. <em>Konference om nordiske sprog som andet- og fremmedsprog 5<\/em>. Reykjav\u00edk 23\u201325.5.2001.<\/li>\n<li>2001 (&amp; Ulrika Kvist Darnell). Syntaktisk och semantisk distribution av partiklar och partikelliknande element i sverigesvenska och finlandssvenska. <em>Svenskans beskrivning 25<\/em>. \u00c5bo 11\u201312\/5 2001.<\/li>\n<li>2000 (&amp; Helga Hilmisd\u00f3ttir). Bara <em>bara<\/em> \u2013 om bruket av <em>bara<\/em> som diskurspartikel i n\u00e5gra isl\u00e4ndska samtal. <em>OFTI (Omr\u00e5desgruppen f\u00f6r talspr\u00e5k och interaktion) 18<\/em>. Helsingfors 29\u201330\/9 2000.<\/li>\n<li>2000 (&amp; Kjell Weimer). From studies in Scandinavian philology to studies in Scandinavian languages \u2013 innovations and trends in the curriculum during the last four decades of the 20th century. <em>Innovations in Higher Education<\/em>. Helsingfors 30\/8\u20132\/9 2000.<\/li>\n<li>1999. The use and function of the Icelandic perfect vera b\u00fainn a\u00f0 + infinitive in different communicative contexts. <em>6th International Cognitive Linguistics Conference<\/em>. Stockholm 10\u201316\/7 1999.<\/li>\n<li>1999 (&amp; Ulla Pedersen). \u201dNu ska du lyssna p\u00e5 mig Skithuvet\u201d &#8211; V\u00e5ldsam dialog i Mats Wahls <em>Vinterviken<\/em>. <em>Svenskan i Finland<\/em> Joensuu 7\u20138\/5 1999.<\/li>\n<li>1998 (&amp; Lauri Carlson). Aspects of Icelandic Perfects. <em>Xth Conference of Nordic and General Linguistics<\/em>. Reykjav\u00edk 6\u20138\/6 1998.<\/li>\n<li>1996. Grammaticalization in the interaction between discourse and grammar. <em>XVIth Scandinavian Conference of Linguistics<\/em>. \u00c5bo 14\u201316\/11 1996.<\/li>\n<\/ul>\n","protected":false},"excerpt":{"rendered":"<p>2025 November.\u00a0Hur pratar vi vid biljettkassan i Sverige och Finland. G\u00f6teborgsf\u00f6reningen i \u00c5bo &amp; \u00c5bo stadsbibliotek 7\/11 2025. Maj (&amp; Eveliina Tolvanen, Anne-Maria Kuosa). Linguistic landscapes in the public sector: multilingual signage in specialized healthcare. Multilingualism and minority languages in a global context. Davos, 21\u201323\/5 2025. (Poster) Maj (&amp; Eveliina Tolvanen, Anu Rouhikoski, Tommi Kurki). [&hellip;]<\/p>\n","protected":false},"author":2571,"featured_media":0,"parent":0,"menu_order":0,"comment_status":"closed","ping_status":"closed","template":"","meta":{"footnotes":""},"class_list":["post-128","page","type-page","status-publish","hentry","post-preview"],"_links":{"self":[{"href":"https:\/\/users.utu.fi\/camawi\/wp-json\/wp\/v2\/pages\/128","targetHints":{"allow":["GET"]}}],"collection":[{"href":"https:\/\/users.utu.fi\/camawi\/wp-json\/wp\/v2\/pages"}],"about":[{"href":"https:\/\/users.utu.fi\/camawi\/wp-json\/wp\/v2\/types\/page"}],"author":[{"embeddable":true,"href":"https:\/\/users.utu.fi\/camawi\/wp-json\/wp\/v2\/users\/2571"}],"replies":[{"embeddable":true,"href":"https:\/\/users.utu.fi\/camawi\/wp-json\/wp\/v2\/comments?post=128"}],"version-history":[{"count":51,"href":"https:\/\/users.utu.fi\/camawi\/wp-json\/wp\/v2\/pages\/128\/revisions"}],"predecessor-version":[{"id":1297,"href":"https:\/\/users.utu.fi\/camawi\/wp-json\/wp\/v2\/pages\/128\/revisions\/1297"}],"wp:attachment":[{"href":"https:\/\/users.utu.fi\/camawi\/wp-json\/wp\/v2\/media?parent=128"}],"curies":[{"name":"wp","href":"https:\/\/api.w.org\/{rel}","templated":true}]}}