{"id":138,"date":"2018-06-25T11:59:46","date_gmt":"2018-06-25T11:59:46","guid":{"rendered":"http:\/\/users.utu.fi\/camawi\/?page_id=138"},"modified":"2025-06-28T17:24:12","modified_gmt":"2025-06-28T17:24:12","slug":"administrativa-uppdrag","status":"publish","type":"page","link":"https:\/\/users.utu.fi\/camawi\/administrativa-uppdrag\/","title":{"rendered":"Administrativa uppdrag"},"content":{"rendered":"<h3 class=\"utu-rte2Element-H3\">\u00c5bo universitet<\/h3>\n<ul>\n<li>\u00c4mnesansvarig professor, <a href=\"https:\/\/www.utu.fi\/en\/university\/faculty-of-humanities\/scandinavian-languages\">Nordiska spr\u00e5k<\/a><\/li>\n<li>Medlem i den utvidgade ledningsgruppen f\u00f6r <a href=\"https:\/\/www.utu.fi\/en\/university\/faculty-of-humanities\/school-of-languages-and-translation-studies\">Institutionen f\u00f6r spr\u00e5k- och \u00f6vers\u00e4ttningsvetenskap<\/a><\/li>\n<li>Suppleant i direktionen f\u00f6r <a href=\"https:\/\/www.utu.fi\/en\/university\/faculty-of-humanities\">Humanistiska fakulteten<\/a><\/li>\n<\/ul>\n<h3 class=\"utu-rte2Element-H3\">Uppdrag och medlemskap inom andra organisationer<\/h3>\n<ul>\n<li>Medlem av Suomalainen Tiedeakatemia (Finska Vetenskapsakademien)<\/li>\n<li>Medlem av<a href=\"https:\/\/www.sls.fi\/sv\/namnder#sprkvetenskapliga-nmnden-20212023-\"> Spr\u00e5kvetenskapliga n\u00e4mnden<\/a>, Svenska litteraturs\u00e4llskapet i Finland<\/li>\n<li>Hedersmedlem, Svenska litteraturs\u00e4llskapet i Finland<\/li>\n<li>Arbetande medlem, Svenska folkskolans v\u00e4nner<\/li>\n<li>Korresponderande medlem, Hugo Bergroth-s\u00e4llskapet<\/li>\n<li>Korresponderande medlem, Kungl. Skytteanska Samfundet<\/li>\n<\/ul>\n<h3 class=\"utu-rte2Element-H3\">Redaktionsuppdrag<\/h3>\n<ul>\n<li>Medlem i redaktionsr\u00e5det\u00a0f\u00f6r tidskriften<em> Arkiv f\u00f6r nordisk filologi<\/em><\/li>\n<li>Medlem i redaktionsr\u00e5det\u00a0f\u00f6r tidskriften\u00a0<em>Folkm\u00e5lsstudier<\/em><\/li>\n<li>Medlem i redaktionsr\u00e5det\u00a0f\u00f6r tidskriften <em>\u00cdslenskt m\u00e1l og almenn m\u00e1lv\u00edsindi<\/em><\/li>\n<li>Medlem i redaktionsr\u00e5det\u00a0f\u00f6r tidskriften<em> Nordic Journal of Linguistics<\/em><\/li>\n<li>Medlem i redaktionsr\u00e5det\u00a0f\u00f6r tidskriften <em>Or\u00f0 og tunga<\/em><\/li>\n<li>Medlem i redaktionsr\u00e5det\u00a0f\u00f6r tidskriften <em>Scandinavian Studies in Language<\/em><\/li>\n<li>Medlem i redaktionsr\u00e5det\u00a0f\u00f6r tidskriften\u00a0<em>Spr\u00e5k och stil<\/em><\/li>\n<li>Medlem i redaktionsr\u00e5det\u00a0f\u00f6r tidskriften\u00a0<em>Svenska landsm\u00e5l och svenskt folkliv<\/em><\/li>\n<li>Medlem i redaktionsr\u00e5det\u00a0f\u00f6r tidskriften\u00a0<em>Viritt\u00e4j\u00e4<\/em><\/li>\n<li>Medlem i\u00a0redaktionsr\u00e5det f\u00f6r bokserien\u00a0<em>Topics in Address Research<\/em>, John Benjamins<\/li>\n<li>Medlem i redaktionsr\u00e5det f\u00f6r konferensvolymen\u00a0<em>Svenskan i Finland<\/em><\/li>\n<\/ul>\n<h3 class=\"utu-rte2Element-H3\">Tidigare uppdrag (urval)<\/h3>\n<ul>\n<li>Medlem i styrgruppen f\u00f6r temaomr\u00e5det <a href=\"https:\/\/www.utu.fi\/en\/research\/thematic-collaborations-in-research\/health-diagnostics-and-drug-development\">H\u00e4lsa, diagnostik och l\u00e4kemedelsutveckling 2021\u20132023<\/a><\/li>\n<li>Ordf\u00f6rande f\u00f6r Spr\u00e5kvetenskapliga n\u00e4mnden vid Svenska litteraturs\u00e4llskapet i Finland 2008\u20132023<\/li>\n<li>Medlem av Vetenskapliga r\u00e5det (tidigare styrelsen) vid Svenska litteraturs\u00e4llskapet i Finland 2007\u20132022<\/li>\n<li>Vice ordf\u00f6rande f\u00f6r Svenska litteraturs\u00e4llskapet i Finland 2018\u20132021<\/li>\n<li>Medlem i beredningsgrupp 3 (spr\u00e5k, konst- och litteraturvetenskap, id\u00e9historia med mera), Riksbankens jubileumsfond 2019\u20132021<\/li>\n<li>Medlem i panelen f\u00f6r spr\u00e5kvetenskap, Publikationsforum 2018\u20132021<\/li>\n<li>Medlem i styrelsen f\u00f6r Vetenskapliga samfundens delegation 2018\u20132020<\/li>\n<li>Medlem i styrelsen f\u00f6r Stiftelsens vid \u00c5bo akademi forskningsinstitut 2012\u20132016<\/li>\n<li>Medlem av ledningsgruppen f\u00f6r Turku Centre for Medieval and Early Modern Studies 2011\u20132017<\/li>\n<li>Medlem i styrgruppen f\u00f6r konsortiet <a href=\"http:\/\/www.ikitik.fi\/?q=en\/node\/5\">Informaatio- ja kieliteknologiaa terveystiedon ja -kommunikaation tueksi <\/a>(IKITIK)<\/li>\n<li>Medlem i Forskningsn\u00e4mnden f\u00f6r svenska spr\u00e5ket 2007\u20132010<\/li>\n<li>Medlem i styrelsen f\u00f6r Helsingfors kvinnliga forskare 2006\u20132007<\/li>\n<li>Medlem i ledningsgruppen f\u00f6r Nordistn\u00e4t 2001\u20132003<\/li>\n<li>Ordf\u00f6rande f\u00f6r NORDOK, doktorandf\u00f6reningen vid Institutionen f\u00f6r nordiska spr\u00e5k och nordisk litteratur 1999<\/li>\n<li>Medlem i styrelsen f\u00f6r Finlands akademis forskarf\u00f6rening (SATY) 1997\u20131999<\/li>\n<li>Ordf\u00f6rande f\u00f6r Foreign Students Union, Islands universitet 1991\u20131992<\/li>\n<li>Medlem i styrelsen f\u00f6r Humanisticum r.f., Helsingfors universitet 1987\u20131988<\/li>\n<\/ul>\n<p>&nbsp;<\/p>\n<p class=\"utu-rte2Element-P\">\u00a0Sidan uppdaterad 26\/11\u00a02021.<\/p>\n","protected":false},"excerpt":{"rendered":"<p>\u00c5bo universitet \u00c4mnesansvarig professor, Nordiska spr\u00e5k Medlem i den utvidgade ledningsgruppen f\u00f6r Institutionen f\u00f6r spr\u00e5k- och \u00f6vers\u00e4ttningsvetenskap Suppleant i direktionen f\u00f6r Humanistiska fakulteten Uppdrag och medlemskap inom andra organisationer Medlem av Suomalainen Tiedeakatemia (Finska Vetenskapsakademien) Medlem av Spr\u00e5kvetenskapliga n\u00e4mnden, Svenska litteraturs\u00e4llskapet i Finland Hedersmedlem, Svenska litteraturs\u00e4llskapet i Finland Arbetande medlem, Svenska folkskolans v\u00e4nner Korresponderande medlem, [&hellip;]<\/p>\n","protected":false},"author":2571,"featured_media":0,"parent":0,"menu_order":0,"comment_status":"closed","ping_status":"closed","template":"","meta":{"footnotes":""},"class_list":["post-138","page","type-page","status-publish","hentry","post-preview"],"_links":{"self":[{"href":"https:\/\/users.utu.fi\/camawi\/wp-json\/wp\/v2\/pages\/138","targetHints":{"allow":["GET"]}}],"collection":[{"href":"https:\/\/users.utu.fi\/camawi\/wp-json\/wp\/v2\/pages"}],"about":[{"href":"https:\/\/users.utu.fi\/camawi\/wp-json\/wp\/v2\/types\/page"}],"author":[{"embeddable":true,"href":"https:\/\/users.utu.fi\/camawi\/wp-json\/wp\/v2\/users\/2571"}],"replies":[{"embeddable":true,"href":"https:\/\/users.utu.fi\/camawi\/wp-json\/wp\/v2\/comments?post=138"}],"version-history":[{"count":30,"href":"https:\/\/users.utu.fi\/camawi\/wp-json\/wp\/v2\/pages\/138\/revisions"}],"predecessor-version":[{"id":1262,"href":"https:\/\/users.utu.fi\/camawi\/wp-json\/wp\/v2\/pages\/138\/revisions\/1262"}],"wp:attachment":[{"href":"https:\/\/users.utu.fi\/camawi\/wp-json\/wp\/v2\/media?parent=138"}],"curies":[{"name":"wp","href":"https:\/\/api.w.org\/{rel}","templated":true}]}}