{"id":147,"date":"2018-06-25T12:13:13","date_gmt":"2018-06-25T12:13:13","guid":{"rendered":"http:\/\/users.utu.fi\/camawi\/?page_id=147"},"modified":"2025-06-06T12:37:04","modified_gmt":"2025-06-06T12:37:04","slug":"projekt","status":"publish","type":"page","link":"https:\/\/users.utu.fi\/camawi\/projekt\/","title":{"rendered":"Projekt"},"content":{"rendered":"<h3>P\u00e5g\u00e5ende projekt<\/h3>\n<ul>\n<li><a href=\"https:\/\/sites.utu.fi\/communicativepatterns\/\">Kommunikativa m\u00f6nster p\u00e5 tv\u00e5 spr\u00e5k i Finland (KoM2Spr\u00e5k)<\/a>, Svenska kulturfonden i Finland 2023\u20132026 (ledare)<\/li>\n<li><a href=\"https:\/\/sites.utu.fi\/aboinorden\/\">\u00c5bo i Norden \u2013 Turku Network for Nordic Studies (Turku Nordic)<\/a>, Svenska kulturfonden i Finland 2024\u20132027 (ledare)<\/li>\n<\/ul>\n<h3 class=\"ms-rteElement-H3B\">Forskargrupper<\/h3>\n<ul>\n<li><a href=\"https:\/\/sites.utu.fi\/svenskaniabo\/\">Svenskan i \u00c5bo &#8211; Ruotsi monikielisess\u00e4 Turussa<\/a><\/li>\n<\/ul>\n<h3 class=\"ms-rteElement-H3B\">Tidigare projekt och n\u00e4tverk<\/h3>\n<ul>\n<li>\u00a0<a href=\"http:\/\/www.nordiska.su.se\/ivip\">Interaktion och variation i pluricentriska spr\u00e5k &#8211; Kommunikativa m\u00f6nster i sverigesvenska och finlandssvenska<\/a>,\u00a0Forskningsprogram, Riksbankens jubileumsfond 2013-2020 (ledare f\u00f6r \u00c5bodelen)<\/li>\n<li>N\u00e4tverket\u00a0<a href=\"https:\/\/sonoglo.wordpress.com\/\">From Nordic to Global contexts: Digital data, methods and analysis (SoNoGlo)<\/a>, NOS-HS 2016-2017<\/li>\n<li>N\u00e4tverket N&#8217;CLAV &#8211; Nordic collaboration on language variation, NordForsk 2010\u20132012 (ledare f\u00f6r Helsingfors-\u00c5bo-gruppen)<\/li>\n<li><a href=\"https:\/\/web.archive.org\/web\/20071103224430\/http:\/\/norms.uit.no\/\">NORMS &#8211; Nordic Center of Excellence in Microcomparative Syntax<\/a>, NOS-HS 2005-2010 (viceledare f\u00f6r Helsingforsdelen)<\/li>\n<li><a href=\"http:\/\/uit.no\/scandiasyn\">ScanDiaSyn &#8211; Scandinavian Dialect syntax<\/a>, NordForsk 2005-2010 (viceledare f\u00f6r Helsingforsgruppen)<\/li>\n<li>Dialektsyntax. Nominalfraskonstruktioner i finlandssvenska varieteter, Institutionen f\u00f6r nordiska spr\u00e5k och nordisk litteratur, Helsingfors universitet, forskardoktorprojekt finansierat av Finlands akademi 2007-2009<\/li>\n<li>The syntax of spoken Swedish and German, Helsingfors universitet och Freiburgs universitet, Finlands akademi och DAAD 2007-2009 (post doc-forskare)<\/li>\n<li><a href=\"https:\/\/www.sls.fi\/sv\/forskningsprojekt#svenskan-i-finland-syntaktiska-drag-i-ett-jmfrande-perspektiv-20042006\">Svenskan i Finland. Syntaktiska drag i ett j\u00e4mf\u00f6rande perspektiv<\/a>, Svenska litteraturs\u00e4llskapet i Finland 2004-2006 (koordinator, post doc-forskare)<\/li>\n<li><a href=\"https:\/\/helda.helsinki.fi\/handle\/10138\/42\">SVESTRA &#8211; Finlandssvenska samtalsstrategier, <\/a>Institutionen f\u00f6r nordiska spr\u00e5k och nordisk litteratur, Helsingfors universitet, Finlands akademi 1999-2001 (forskare)<\/li>\n<\/ul>\n","protected":false},"excerpt":{"rendered":"<p>P\u00e5g\u00e5ende projekt Kommunikativa m\u00f6nster p\u00e5 tv\u00e5 spr\u00e5k i Finland (KoM2Spr\u00e5k), Svenska kulturfonden i Finland 2023\u20132026 (ledare) \u00c5bo i Norden \u2013 Turku Network for Nordic Studies (Turku Nordic), Svenska kulturfonden i Finland 2024\u20132027 (ledare) Forskargrupper Svenskan i \u00c5bo &#8211; Ruotsi monikielisess\u00e4 Turussa Tidigare projekt och n\u00e4tverk \u00a0Interaktion och variation i pluricentriska spr\u00e5k &#8211; Kommunikativa m\u00f6nster i [&hellip;]<\/p>\n","protected":false},"author":2571,"featured_media":0,"parent":0,"menu_order":0,"comment_status":"closed","ping_status":"closed","template":"","meta":{"footnotes":""},"class_list":["post-147","page","type-page","status-publish","hentry","post-preview"],"_links":{"self":[{"href":"https:\/\/users.utu.fi\/camawi\/wp-json\/wp\/v2\/pages\/147","targetHints":{"allow":["GET"]}}],"collection":[{"href":"https:\/\/users.utu.fi\/camawi\/wp-json\/wp\/v2\/pages"}],"about":[{"href":"https:\/\/users.utu.fi\/camawi\/wp-json\/wp\/v2\/types\/page"}],"author":[{"embeddable":true,"href":"https:\/\/users.utu.fi\/camawi\/wp-json\/wp\/v2\/users\/2571"}],"replies":[{"embeddable":true,"href":"https:\/\/users.utu.fi\/camawi\/wp-json\/wp\/v2\/comments?post=147"}],"version-history":[{"count":30,"href":"https:\/\/users.utu.fi\/camawi\/wp-json\/wp\/v2\/pages\/147\/revisions"}],"predecessor-version":[{"id":1258,"href":"https:\/\/users.utu.fi\/camawi\/wp-json\/wp\/v2\/pages\/147\/revisions\/1258"}],"wp:attachment":[{"href":"https:\/\/users.utu.fi\/camawi\/wp-json\/wp\/v2\/media?parent=147"}],"curies":[{"name":"wp","href":"https:\/\/api.w.org\/{rel}","templated":true}]}}