{"id":152,"date":"2018-06-25T12:15:56","date_gmt":"2018-06-25T12:15:56","guid":{"rendered":"http:\/\/users.utu.fi\/camawi\/?page_id=152"},"modified":"2024-06-13T11:11:00","modified_gmt":"2024-06-13T11:11:00","slug":"intervjuer-etc","status":"publish","type":"page","link":"https:\/\/users.utu.fi\/camawi\/intervjuer-etc\/","title":{"rendered":"Intervjuer etc"},"content":{"rendered":"<h3 class=\"ms-rteElement-H3\">Radio och poddar<\/h3>\n<ul>\n<li>Intervju om h\u00e4lsningar. Radio Vega eftermiddag. 27\/10 2023.<\/li>\n<li><a href=\"https:\/\/arenan.yle.fi\/poddar\/1-65666283\">Nordisten Camilla Wide v\u00e4rnar om finlandssvenskan<\/a>. Yle Vega \u00c5boland Veckans g\u00e4st 19\/4 2023.<\/li>\n<li><a href=\"https:\/\/sverigesradio.se\/artikel\/dom-debatten-inte-lika-kanslosam-i-finlandssvenskan-men-kan-bli\">Dom-debatten inte lika k\u00e4nslosam i finlandssvenskan \u2013 men kan bli<\/a>. Kulturnytt, Sveriges Radio 23\/3 2023.<\/li>\n<li><a href=\"https:\/\/arenan.yle.fi\/poddar\/1-64863290\">Hej, hall\u00e5, p\u00e4iv\u00e4\u00e4, goddag! &#8211; Hur h\u00e4lsar du?<\/a>. Vega Dag, Radio Yle Vega. 18\/1 2023.<\/li>\n<li><a href=\"https:\/\/arenan.yle.fi\/poddar\/1-62954319\">Tal<\/a>. Radio Vega, Vega S\u00f6ndag: Ordet l\u00e4cker. \u00a04\/9 2022.<\/li>\n<li><a href=\"https:\/\/www.podbean.com\/ew\/pb-zfqha-129bf6c\"> Jakso 38: Kielin\u00f6rttien kes\u00e4p\u00e4iv\u00e4t, osa 2<\/a>. Podden Verba volant, ledd av Eeva-Liisa Nyqvist. 28\/8 2022.<\/li>\n<li><a href=\"https:\/\/arenan.yle.fi\/audio\/1-50981781\">&#8220;Gud vad bra&#8221; eller &#8220;okej&#8221; &#8211; s\u00e5 h\u00e4r pratar vi p\u00e5 olika s\u00e4tt i Finland och Sverige<\/a>. Radio Vega, N\u00e4st sista ordet. 28\/11 2021.<\/li>\n<li><a href=\"https:\/\/arenan.yle.fi\/audio\/1-50799990\">Spr\u00e5kforskare: &#8220;Att h\u00e4lsa \u00e4r inte lika viktigt f\u00f6r finl\u00e4ndarna som i andra l\u00e4nder, med distans visar man respekt f\u00f6r den andra&#8221;<\/a>. Radio Vega, Nyl\u00e4ndsk f\u00f6rmiddag. 30\/3 2021.<\/li>\n<li><a href=\"https:\/\/arenan.yle.fi\/audio\/1-50612348?utm_source=twitter-share\">Ska man anv\u00e4nda Du eller Ni? &#8211; tilltalspronomen splittrar folket<\/a>. Radio Vega, Vega i dag 2\/9 2020.<\/li>\n<li><a href=\"https:\/\/svenska.yle.fi\/artikel\/2019\/12\/11\/enkat-beratta-vad-duni-tycker-om-duande-och-niande\">Enk\u00e4t: ber\u00e4tta vad du\/ni tycker om duande och niande!<\/a> Radio Vega 11\/12 2019.<\/li>\n<li>Isl\u00e4ndska p\u00e5 tre minuter med professor Camilla Wide. <a href=\"https:\/\/www.facebook.com\/nordiskkulturkontakt\/videos\/634199083741245\/\">Nordisk kulturkontakt, Facebook<\/a> 17\/6 2019.<\/li>\n<li><a href=\"https:\/\/svenska.yle.fi\/artikel\/2018\/11\/18\/professor-i-nordiska-sprak-om-att-nia-och-dua-det-finns-inget-ratt-eller-fel-men\">Professor i nordiska spr\u00e5k om att nia och dua: det finns inget r\u00e4tt eller fel \u2013 men historiskt har niande en g\u00e5ng betytt att man haft en l\u00e4gre social status.<\/a> Radio Vega \u00c5boland 18\/11 2018.<\/li>\n<li><a href=\"https:\/\/svenska.yle.fi\/artikel\/2018\/11\/08\/niandet-ar-artigt-eller-nedlatande-olika-servicesvenska-i-sverige-och-finland\">Niandet \u00e4r artigt eller nedl\u00e5tande \u2013 olika servicesvenska i Sverige och Finland.<\/a> Radio Vega \u00c5boland 8\/11 2018.<\/li>\n<li><a href=\"http:\/\/svenska.yle.fi\/artikel\/2014\/07\/15\/ett-informellt-sprak-ar-nutid\">Ett informellt spr\u00e5k \u00e4r nutid.<\/a>\u00a0Intervju om kommunikativa m\u00f6nster i finlandssvenska och finlandssvenska (tillsammans med Catrin Norrby). Inslag\u00a0Yle Nyheter, Radio Vega 15\/7 2014.<\/li>\n<li>Intervju om kommunikativa m\u00f6nster i finlandssvenska och finlandssvenska (tillsammans med Catrin Norrby).\u00a0\u00c5bol\u00e4ndsk f\u00f6rmiddag,\u00a0Radio Vega \u00c5boland 13\/6 2014.<\/li>\n<li><a href=\"http:\/\/svenska.yle.fi\/artikel\/2014\/04\/22\/hur-talar-du-med-biljettkassan\">Hur talar du med biljettkassan?<\/a>\u00a0Radio Vega \u00c5boland 22\/4 2014.<\/li>\n<li><a href=\"http:\/\/svenska.yle.fi\/artikel\/2012\/11\/21\/tjenare-morjens-eller-hej\">Tjenare, morjens eller hej?<\/a> Radio Vega \u00c5boland 21\/11 2012.<\/li>\n<li><a href=\"http:\/\/svenska.yle.fi\/artikel\/2011\/09\/27\/samre-skola-pa-svenska\">S\u00e4mre skola p\u00e5 svenska?<\/a> Slaget efter 12, Radio Vega 27\/9 2011.<\/li>\n<li>\u00c5rets l\u00e4rare Johan Werkelin och Camilla Wide. Radio Vega \u00c5boland 8\/9 2011.<\/li>\n<li>Vad anser professorn i nordiska spr\u00e5k vid finska \u00c5bo universitet, Camilla Wide, om diskussionen om tv\u00e5ngssvenskan? Intervju. Radio Vega \u00c5boland 18\/12 2010.<\/li>\n<li>Intervju. Radio Vega \u00c5boland 18\/1 2010.<\/li>\n<\/ul>\n<h3 class=\"ms-rteElement-H3\">Teve och video<\/h3>\n<ul>\n<li><a href=\"https:\/\/www.instagram.com\/reel\/C7TRRs5tR4j\/\">Miksi tiede on t\u00e4rke\u00e4\u00e4?<\/a> Videoserie publicerad av Finska Vetenskapsakademin. Instagram 23\/5 2024.\n<li><a href=\"https:\/\/www.tv4play.se\/program\/nyheterna\/spr\u00e5kskillnader-speglar-olika-mentaliteter-i-sverige-och-finland\/20410187\">Spr\u00e5kskillnader speglar olika mentaliteter i Sverige och Finland<\/a>. TV4 Nyheterna, Sverige 28\/12 2022.<\/li>\n<li>Forskning visar skillnader i spr\u00e5kbruket. <a href=\"https:\/\/arenan.yle.fi\/1-50629722\">YLE Nyheter TV-nytt. 8 September 2021<\/a>.<\/li>\n<li>Grammatiska m\u00f6nster i tid och rum.\u00a0UR Samtiden &#8211; Grammatikfestival. Sveriges Utbildningsradio 2015.<\/li>\n<li><a href=\"https:\/\/arenan.yle.fi\/1-3137799\">Utropstecken<\/a>. <span lang=\"SV\">Min morgon,\u00a0<\/span>YLE 5. Publicerad p\u00e5 n\u00e4tet (Vetamix) 6\/5 2010.<\/li>\n<li>Intervju om boken Filologens dr\u00f6m (Bj\u00f6rn Larsson, 2008). FST5 Boktid, 13\/6 2008.<\/li>\n<li>Intervju om arbetssituationen f\u00f6r nya doktorer inom humaniora. TV-Nytt (FST\/YLE) 2003.<\/li>\n<\/ul>\n<h3 class=\"ms-rteElement-H3\">Tidningar och webbsidor<\/h3>\n<ul>\n<li><a href=\"https:\/\/issuu.com\/slsfinland\/docs\/k_llan_2023-2_web_id_15422_\/28\">Hej hej eller sidu morjens! <\/a>\u00a0K\u00e4llan 2:2023.<\/li>\n<li><a href=\"https:\/\/svenska.yle.fi\/a\/7-10026770?utm_source=copy-link-share&amp;utm_medium=social\">Hej, hall\u00e5, p\u00e4iv\u00e4\u00e4, goddag! \u2013 Hur h\u00e4lsar du? undrar Svenska litteraturs\u00e4llskapet<\/a>. Svenska YLE 22\/1 2023.<\/li>\n<li><a href=\"https:\/\/abounderrattelser.fi\/scandix-i-abo-och-ekenas-firar-30-det-har-ar-branschen-dar-svensksprakiga-ar-eftertraktade\/\">Scandix i \u00c5bo och Eken\u00e4s firar 30 \u2013 det h\u00e4r \u00e4r branschen d\u00e4r svenskspr\u00e5kiga \u00e4r eftertraktade<\/a>. \u00c5bo Underr\u00e4ttelser 4\/11 2022.<\/li>\n<li><a href=\"https:\/\/www.hs.fi\/kuukausiliite\/art-2000007884329.html?share=6d1b24802e7a11a66dd87d342d64da5e&amp;fbclid=IwAR2CVDKI5kIvDZivkQtJ3PYLcEn92GQXcDUqgMftjy-VQP0uYwahLlqgpdY\">Hei, presidentti Tarja! Saisko sua teititell\u00e4?<\/a>\u00a0Helsingin Sanomat 3\/4 2021.<\/li>\n<li>Kvalitetss\u00e4krarna. <a href=\"https:\/\/www.sls.fi\/sv\/utgivning\/verksamheten-2019\">Verksamheten 2019.<\/a>\u00a0Svenska litteraturs\u00e4llskapet 2020.<\/li>\n<li><a href=\"https:\/\/www.hbl.fi\/artikel\/finlandssvenskar-har-flera-satt-att-gora-fel-eller-ratt-och-lider-som-manga-andra-av-spraklig-stres\/\">Finlandssvenskar har flera s\u00e4tt att g\u00f6ra fel eller r\u00e4tt<\/a>. Hufvudstadsbladet 19\/2 2020, V\u00e4stra Nyland 26\/2 2020.<\/li>\n<li><a href=\"https:\/\/issuu.com\/slsfinland\/docs\/k_llan_2020-2_webb__id_9018_\/32\">B\u00e5de<em> du<\/em> och <em>ni<\/em> v\u00e4cker k\u00e4nslor<\/a>. K\u00e4llan 2\/2020, 29\u201331.<\/li>\n<li><a href=\"https:\/\/abounderrattelser.fi\/professor-camilla-wide-vid-abo-universitet-blir-hedersdoktor-i-uppsala\/\">Professor Camilla Wide vid \u00c5bo universitet blir hedersdoktor i Uppsala<\/a>. \u00c5bo Underr\u00e4ttelser 27\/1 2020.<\/li>\n<li><a href=\"https:\/\/www.sprakinstitutet.fi\/sv\/publikationer\/sprakspalter\/finland_100_ar\/dom_kan_ha_ersatt_di_i_finlandssvenskan.26585.news\">Dom kan ha ersatt di i finlandssvenskan<\/a>. Finland 100 \u00e5r, Institutet f\u00f6r de inhemska spr\u00e5ken 14\/12 2017.<\/li>\n<li><a href=\"http:\/\/www.is.fi\/kotimaa\/art-2000000798239.html?ref=og-ref-www.google.fi\">Pit\u00e4\u00e4k\u00f6 suomalaiskoululaisten opetella uusi ruotsin kielioppis\u00e4\u00e4nt\u00f6?<\/a> Iltasanomat 24\/8 2014.<\/li>\n<li><a href=\"https:\/\/www.pressreader.com\/finland\/abo-underrattelser\/20140415\/281526519040533\">De vill f\u00f6rst\u00e5 hur vi kommunicerar<\/a>. \u00c5bo Underr\u00e4ttelser 15\/4 2014.<\/li>\n<li>4 miljoner till forskningsprojekt om svenskan. \u00c5bo Under\u00e4ttelser 20\/11 2012.<\/li>\n<li><a href=\"http:\/\/www.ts.fi\/uutiset\/kotimaa\/416478\/Turun+yliopistolle+merkittava+rahoitus+ruotsin+kielen+eroja+selvittavaan+tutkimukseen\">Turun yliopistolle merkitt\u00e4v\u00e4 rahoitus ruotsin kielen eroja selvitt\u00e4v\u00e4\u00e4n tutkimukseen<\/a>. Turun Sanomat 20\/11 2012.<\/li>\n<li><a href=\"https:\/\/svenska.yle.fi\/a\/7-553518\">Stor summa pengar till spr\u00e5kforskning<\/a>. Yle \u00c5boland 19\/11 2012.<\/li>\n<li>Iso rahoitus suomenruotsin ja Ruotsissa puhutun ruotsin eroja selvitt\u00e4v\u00e4lle tutkimukselle. UTU Online 19\/11 2012.<\/li>\n<li>Camilla Wide \u00e4r \u00e5rets l\u00e4rare vid TY. \u00c5bo Underr\u00e4ttelser 7\/11 2011.<\/li>\n<li>Opettajista parhain. <a href=\"https:\/\/www.lehtiluukku.fi\/lue\/tyl\/10-2011\/12633.html\">Turun ylioppilaslehti 10\/2011<\/a>, s. 7.<\/li>\n<li>Camilla Wide on vuoden opettaja. <a href=\"https:\/\/issuu.com\/turun_yliopisto\/docs\/aurora_3_2011_verkko\/28\">Aurora 3\/2011<\/a>, s. 29.<\/li>\n<li>Professori Camilla Widesta vuoden opettaja. UTU Online 6\/9 2011.<\/li>\n<li>Intervju f\u00f6r artikeln \u201dPakkoruotsi, tuo toinen kotimainen\u201d. Turun Sanomat 12\/5 2010<\/li>\n<li>Vurmar f\u00f6r spr\u00e5ket i \u00c5boland. \u00c5bo underr\u00e4ttelser 6\/1 2010.<\/li>\n<li>Professor som brinner f\u00f6r Norden. V\u00e4stra Nyland, 30\/12 2009.<\/li>\n<li><a href=\"http:\/\/web.abo.fi\/meddelanden\/veckans_skribent\/2008_10_ahlback.sht\">Den akademiska herrklubben<\/a>. Meddelanden fr\u00e5n \u00c5bo akademi 10\/2008.<\/li>\n<li><a href=\"https:\/\/www.nytid.fi\/2007\/03\/jamstalldhetsproblem-inom-forskarvarlden\/\">J\u00e4mst\u00e4lldhetsproblem inom forskarv\u00e4rlden. Helsingfors kvinnliga forskare \u00e5teruppstod efter n\u00e4rmare femton \u00e5rs paus f\u00f6r att p\u00e5 nytt b\u00f6rja k\u00e4mpa med j\u00e4mst\u00e4lldhetsproblemen inom den akademiska v\u00e4rlden<\/a>. Ny Tid 16\/3 2007.<\/li>\n<li>Hon tog isl\u00e4ndskan som en utmaning. Camilla Wide blev doktor p\u00e5 grammatik i isl\u00e4ndskt talspr\u00e5k. V\u00e4stra Nyland 8\/12 2002.<\/li>\n<li>Nytt spr\u00e5k formas p\u00e5 Island. \u00a0Hufvudstadsbladet 6\/12 2002.<\/li>\n<li>H\u00f6gskolorna satsar p\u00e5 svenskan. Satsningar p\u00e5 svenska som modersm\u00e5l p\u00e5 v\u00e4g. Pengar fr\u00e5n fonderna och UvM. V\u00e4stra Nyland, \u00c5bo Underr\u00e4ttelser, Jakobstads Tidning, 12\/11 2000.<\/li>\n<\/ul>\n","protected":false},"excerpt":{"rendered":"<p>Radio och poddar Intervju om h\u00e4lsningar. Radio Vega eftermiddag. 27\/10 2023. Nordisten Camilla Wide v\u00e4rnar om finlandssvenskan. Yle Vega \u00c5boland Veckans g\u00e4st 19\/4 2023. Dom-debatten inte lika k\u00e4nslosam i finlandssvenskan \u2013 men kan bli. Kulturnytt, Sveriges Radio 23\/3 2023. Hej, hall\u00e5, p\u00e4iv\u00e4\u00e4, goddag! &#8211; Hur h\u00e4lsar du?. Vega Dag, Radio Yle Vega. 18\/1 2023. Tal. [&hellip;]<\/p>\n","protected":false},"author":2571,"featured_media":0,"parent":0,"menu_order":0,"comment_status":"closed","ping_status":"closed","template":"","meta":{"footnotes":""},"class_list":["post-152","page","type-page","status-publish","hentry","post-preview"],"_links":{"self":[{"href":"https:\/\/users.utu.fi\/camawi\/wp-json\/wp\/v2\/pages\/152","targetHints":{"allow":["GET"]}}],"collection":[{"href":"https:\/\/users.utu.fi\/camawi\/wp-json\/wp\/v2\/pages"}],"about":[{"href":"https:\/\/users.utu.fi\/camawi\/wp-json\/wp\/v2\/types\/page"}],"author":[{"embeddable":true,"href":"https:\/\/users.utu.fi\/camawi\/wp-json\/wp\/v2\/users\/2571"}],"replies":[{"embeddable":true,"href":"https:\/\/users.utu.fi\/camawi\/wp-json\/wp\/v2\/comments?post=152"}],"version-history":[{"count":59,"href":"https:\/\/users.utu.fi\/camawi\/wp-json\/wp\/v2\/pages\/152\/revisions"}],"predecessor-version":[{"id":1197,"href":"https:\/\/users.utu.fi\/camawi\/wp-json\/wp\/v2\/pages\/152\/revisions\/1197"}],"wp:attachment":[{"href":"https:\/\/users.utu.fi\/camawi\/wp-json\/wp\/v2\/media?parent=152"}],"curies":[{"name":"wp","href":"https:\/\/api.w.org\/{rel}","templated":true}]}}