{"id":97,"date":"2018-06-25T11:34:44","date_gmt":"2018-06-25T11:34:44","guid":{"rendered":"http:\/\/users.utu.fi\/camawi\/?page_id=97"},"modified":"2021-05-13T18:24:45","modified_gmt":"2021-05-13T18:24:45","slug":"camilla-wide","status":"publish","type":"page","link":"https:\/\/users.utu.fi\/camawi\/","title":{"rendered":"Camilla Wide"},"content":{"rendered":"<p><img loading=\"lazy\" decoding=\"async\" class=\"alignleft size-full wp-image-828\" src=\"https:\/\/users.utu.fi\/camawi\/wp-content\/uploads\/sites\/600\/2021\/05\/CamillaW-scaled-e1620928394297.jpg\" alt=\"\" width=\"1707\" height=\"2560\" \/>Jag \u00e4r \u00e4mnesansvarig professor i nordiska spr\u00e5k vid \u00c5bo universitet, d\u00e4r jag har varit anst\u00e4lld sedan 2010. Jag har tidigare arbetat som forskare och l\u00e4rare vid Helsingfors universitet, d\u00e4r jag \u00e4r docent i nordiska spr\u00e5k vid Finska, finsk-ugriska och nordiska institutionen.<\/p>\n<p>Jag forskar fr\u00e4mst i talat spr\u00e5k, spr\u00e5klig variation och spr\u00e5kf\u00f6r\u00e4ndring ur en interaktionell och konstruktionsgrammatisk synvinkel.<\/p>\n<div style=\"text-align: justify\"><\/div>\n","protected":false},"excerpt":{"rendered":"<p>Jag \u00e4r \u00e4mnesansvarig professor i nordiska spr\u00e5k vid \u00c5bo universitet, d\u00e4r jag har varit anst\u00e4lld sedan 2010. Jag har tidigare arbetat som forskare och l\u00e4rare vid Helsingfors universitet, d\u00e4r jag \u00e4r docent i nordiska spr\u00e5k vid Finska, finsk-ugriska och nordiska institutionen. Jag forskar fr\u00e4mst i talat spr\u00e5k, spr\u00e5klig variation och spr\u00e5kf\u00f6r\u00e4ndring ur en interaktionell och [&hellip;]<\/p>\n","protected":false},"author":2571,"featured_media":0,"parent":0,"menu_order":0,"comment_status":"closed","ping_status":"closed","template":"","meta":{"footnotes":""},"class_list":["post-97","page","type-page","status-publish","hentry","post-preview"],"_links":{"self":[{"href":"https:\/\/users.utu.fi\/camawi\/wp-json\/wp\/v2\/pages\/97","targetHints":{"allow":["GET"]}}],"collection":[{"href":"https:\/\/users.utu.fi\/camawi\/wp-json\/wp\/v2\/pages"}],"about":[{"href":"https:\/\/users.utu.fi\/camawi\/wp-json\/wp\/v2\/types\/page"}],"author":[{"embeddable":true,"href":"https:\/\/users.utu.fi\/camawi\/wp-json\/wp\/v2\/users\/2571"}],"replies":[{"embeddable":true,"href":"https:\/\/users.utu.fi\/camawi\/wp-json\/wp\/v2\/comments?post=97"}],"version-history":[{"count":27,"href":"https:\/\/users.utu.fi\/camawi\/wp-json\/wp\/v2\/pages\/97\/revisions"}],"predecessor-version":[{"id":915,"href":"https:\/\/users.utu.fi\/camawi\/wp-json\/wp\/v2\/pages\/97\/revisions\/915"}],"wp:attachment":[{"href":"https:\/\/users.utu.fi\/camawi\/wp-json\/wp\/v2\/media?parent=97"}],"curies":[{"name":"wp","href":"https:\/\/api.w.org\/{rel}","templated":true}]}}