{"id":17,"date":"2025-10-27T18:05:15","date_gmt":"2025-10-27T16:05:15","guid":{"rendered":"https:\/\/users.utu.fi\/elmako\/?page_id=17"},"modified":"2025-11-10T13:08:10","modified_gmt":"2025-11-10T11:08:10","slug":"ota-yhteytta","status":"publish","type":"page","link":"https:\/\/users.utu.fi\/elmako\/ota-yhteytta\/","title":{"rendered":"Ota yhteytt\u00e4"},"content":{"rendered":"<p>Tule juttelemaan! Ty\u00f6pisteeni on Educariumilla, mutta usein minut l\u00f6yt\u00e4\u00e4 my\u00f6s Arcanumin Helpdeskist\u00e4. Laita viesti\u00e4, niin tulen ovelle vastaan \ud83d\ude42<\/p>\n<p>Minut tavoittaa my\u00f6s:<\/p>\n<p><a href=\"mailto:elina.toivanen@utu.fi\">elina.toivanen@utu.fi<\/a><br \/>\np. +358 40 593 3513<br \/>\nTai viestittele yliopiston Teamsiss\u00e4!<\/p>\n<div class=\"field field__field_profile_links profile-card__profile-links\">\n<div><\/div>\n<div class=\"profile-card__item profile-card__item--profile-links\">Julkaisen <a class=\"external\" href=\"https:\/\/blogit.utu.fi\/digi\">Digiblogia<\/a><\/div>\n<\/div>\n<p>Ja somesta l\u00f6yd\u00e4t t\u00f6it\u00e4 sivuavaa materiaalia<br \/>\n<a class=\"external\" href=\"https:\/\/bsky.app\/profile\/elinatoivanen.bsky.social\">Blueskys<\/a>t\u00e4 (elinatoivanen) ja<br \/>\n<a class=\"external\" href=\"https:\/\/www.linkedin.com\/in\/elinatoivanen\/\">LinkedIn<\/a>ist\u00e4<\/p>\n","protected":false},"excerpt":{"rendered":"<p>Tule juttelemaan! Ty\u00f6pisteeni on Educariumilla, mutta usein minut l\u00f6yt\u00e4\u00e4 my\u00f6s Arcanumin Helpdeskist\u00e4. Laita viesti\u00e4, niin tulen ovelle vastaan \ud83d\ude42 Minut tavoittaa my\u00f6s: elina.toivanen@utu.fi p. +358 40 593 3513 Tai viestittele yliopiston Teamsiss\u00e4! Julkaisen Digiblogia Ja somesta l\u00f6yd\u00e4t t\u00f6it\u00e4 sivuavaa materiaalia Blueskyst\u00e4 (elinatoivanen) ja LinkedInist\u00e4<\/p>\n","protected":false},"author":4313,"featured_media":32,"parent":0,"menu_order":0,"comment_status":"closed","ping_status":"closed","template":"","meta":{"footnotes":""},"class_list":["post-17","page","type-page","status-publish","has-post-thumbnail","czr-hentry"],"_links":{"self":[{"href":"https:\/\/users.utu.fi\/elmako\/wp-json\/wp\/v2\/pages\/17","targetHints":{"allow":["GET"]}}],"collection":[{"href":"https:\/\/users.utu.fi\/elmako\/wp-json\/wp\/v2\/pages"}],"about":[{"href":"https:\/\/users.utu.fi\/elmako\/wp-json\/wp\/v2\/types\/page"}],"author":[{"embeddable":true,"href":"https:\/\/users.utu.fi\/elmako\/wp-json\/wp\/v2\/users\/4313"}],"replies":[{"embeddable":true,"href":"https:\/\/users.utu.fi\/elmako\/wp-json\/wp\/v2\/comments?post=17"}],"version-history":[{"count":15,"href":"https:\/\/users.utu.fi\/elmako\/wp-json\/wp\/v2\/pages\/17\/revisions"}],"predecessor-version":[{"id":134,"href":"https:\/\/users.utu.fi\/elmako\/wp-json\/wp\/v2\/pages\/17\/revisions\/134"}],"wp:featuredmedia":[{"embeddable":true,"href":"https:\/\/users.utu.fi\/elmako\/wp-json\/wp\/v2\/media\/32"}],"wp:attachment":[{"href":"https:\/\/users.utu.fi\/elmako\/wp-json\/wp\/v2\/media?parent=17"}],"curies":[{"name":"wp","href":"https:\/\/api.w.org\/{rel}","templated":true}]}}