{"id":28,"date":"2025-10-27T18:05:15","date_gmt":"2025-10-27T16:05:15","guid":{"rendered":"https:\/\/users.utu.fi\/elmako\/?page_id=28"},"modified":"2025-10-30T11:27:49","modified_gmt":"2025-10-30T09:27:49","slug":"digiarkkitehti","status":"publish","type":"page","link":"https:\/\/users.utu.fi\/elmako\/digiarkkitehti\/","title":{"rendered":"Digiarkkitehti"},"content":{"rendered":"<p>Digiarkkitehtina ty\u00f6ni on edist\u00e4\u00e4 yliopiston digitalisaatiota.<\/p>\n<p>Edist\u00e4misen tavat vaihtelevat laidasta laitaan. Toimin yliopiston <a href=\"https:\/\/intranet.utu.fi\/fi\/sivustot\/digiohjelma\/Sivut\/Digiohjausryhm%C3%A4.aspx\">digiohjausryhm\u00e4n<\/a> ja <a href=\"https:\/\/intranet.utu.fi\/fi\/sivustot\/ai\/tuki\/Sivut\/UTU-AI--ryhm%c3%a4t.aspx\">UTU AI -ryhmien<\/a> valmistelijana ja koordinoin yliopiston strategiaan pohjautuvan <a href=\"https:\/\/www.utu.fi\/digiohjelma\">digiohjelman<\/a> toteuttamista <a href=\"https:\/\/intranet.utu.fi\/fi\/sivustot\/digiohjelma\">DOT-toimintamallilla<\/a>. Johdan strategisia hankkeita: p\u00e4\u00e4llimm\u00e4isen\u00e4 ty\u00f6listalla t\u00e4ll\u00e4 hetkell\u00e4 on <a href=\"https:\/\/intranet.utu.fi\/fi\/ajankohtaista\/uutiset\/2025\/Sivut\/Uusi-j%C3%A4rjestelm%C3%A4-sujuvoittaa-s%C3%A4hk%C3%B6isi%C3%A4-prosesseja-ja-korvaa-nykyiset-UTU-Forms--lomakkeet.aspx\">prosessien automatisoinnin<\/a> hanke, mutta teen lis\u00e4ksi selvityst\u00e4 riskienhallinnan j\u00e4rjestelm\u00e4kokonaisuuteen liittyen. Toimin <a href=\"https:\/\/intranet.utu.fi\/fi\/Yksikko\/tietohallinto\/yhteystiedot\/Sivut\/default.aspx\">digipalveluiden johtoryhm\u00e4n<\/a> sis\u00e4isen\u00e4 coachina ja digijohtajan sparraajana digipalveluiden strategisessa kehitt\u00e4misess\u00e4. Edist\u00e4n my\u00f6s tiedekuntien ja digipalveluiden v\u00e4list\u00e4 yhteisty\u00f6t\u00e4. Julkaisen <a href=\"https:\/\/blogit.utu.fi\/digi\">digiblogia<\/a>, jonka avulla teen l\u00e4pin\u00e4kyv\u00e4mm\u00e4ksi sit\u00e4, miten yliopistolla digikehityshankkeita toteutetaan. Vastuullani olevien kehitysteht\u00e4vien lis\u00e4ksi osallistun my\u00f6s muuhun yliopistolla teht\u00e4v\u00e4\u00e4n kehitysty\u00f6h\u00f6n, esimerkiksi tiedonhallintaty\u00f6h\u00f6n ja digipalveluiden palveluprosessien kehitt\u00e4misty\u00f6h\u00f6n. Kunhan nyt ty\u00f6n alla olevilta teht\u00e4vilt\u00e4ni kerke\u00e4n, niin teht\u00e4listalla on digipalveluarkkitehtuurin kehitt\u00e4minen, digipalveluiden palvelutuotannon prosessien ja palveluiden selkeytt\u00e4minen ja yliopistolaisten digitaitojen kehittymisen edist\u00e4minen. Kaiken kehitt\u00e4misen keskell\u00e4 teen parhaani pysy\u00e4kseni ajan tasalla uusista teknologioista ja digiymp\u00e4rist\u00f6\u00f6mme vaikuttavista ymp\u00e4rist\u00f6n ja yhteiskunnan muutoksista, jotta voimme jo ennakoiden reagoida muutoksiin. Omalla agendallani on my\u00f6s yliopiston toimintaprosessien sujuvoittaminen, yhteisty\u00f6n lis\u00e4\u00e4minen ja yliopistolaisten hyvinvoinnin lis\u00e4\u00e4minen niilt\u00e4 osin, mihin itse pystyn vaikuttamaan.<\/p>\n<p>Jos nimeni kuulostaa tutulta, niin olemme voineet t\u00f6rm\u00e4t\u00e4 aiemmin seuraavissa ty\u00f6teht\u00e4viss\u00e4ni<\/p>\n<ul>\n<li>Digiohjelman kokoamisen koordinointi ja DOT-toimintamallin lanseeraus<\/li>\n<li>Teknillisen tiedekunnan, matemaattis-luonnontieteellisen tiedekunnan ja humanistisen tiedekunnan digipalveluiden tiedekuntakumppani (tiku)<\/li>\n<li>Kumppanuuksienhallintaj\u00e4rjestelm\u00e4n (CRM) hankinnan ja k\u00e4ytt\u00f6\u00f6noton teknisen\u00e4 projektip\u00e4\u00e4llikk\u00f6n\u00e4<\/li>\n<li>Digivisio-hankkeessa k\u00e4ynnist\u00e4misvaiheessa operatiivisena vastuuhenkil\u00f6n\u00e4 ja muissakin rooleissa<\/li>\n<li>Saavutettavuusty\u00f6ryhm\u00e4ss\u00e4 j\u00e4senen\u00e4<\/li>\n<li>S\u00e4hk\u00f6isen allekirjoituksen (UTUsign) ja et\u00e4tunnistusj\u00e4rjestelm\u00e4n hankinta ja k\u00e4ytt\u00f6\u00f6nottojen projektip\u00e4\u00e4llikk\u00f6<\/li>\n<li>Www-sivujen uudistusprojektissa teknisen\u00e4 projektip\u00e4\u00e4llikk\u00f6n\u00e4<\/li>\n<li>Identiteetinhallinta- ja kertakirjautumisj\u00e4rjestelmien k\u00e4ytt\u00f6\u00f6nottojen projektip\u00e4\u00e4llikk\u00f6 ja erin\u00e4iset n\u00e4ihin j\u00e4rjestelmiin liittyv\u00e4t kehitt\u00e4misteht\u00e4v\u00e4t<\/li>\n<\/ul>\n<p>Lis\u00e4ksi p\u00e4\u00e4dyn aina satunnaisesti pit\u00e4m\u00e4\u00e4n esityksi\u00e4 kulloinkin ajankohtaisista aiheista. Olen ollut mm. korkeakoulujen IT-p\u00e4ivill\u00e4 kertomassa digiohjelman laatimisesta ja toteuttamisesta sek\u00e4 projektinhallinnasta ketterin menetelmin ja esitelm\u00f6inyt Tanskan vastaavassa tilaisuudessa s\u00e4hk\u00f6isest\u00e4 et\u00e4tunnistamisesta. Digikehitysprojektit ovat vieneet minut my\u00f6s kertomaan digiasioista mm. yliopiston hallintoryhm\u00e4lle, YT-toimikunnalle ja tiedekunnille ja valmistelemaan materiaalit yliopiston hallituksen teko\u00e4ly-iltakouluun. Tulen mielell\u00e4ni vaihtamaan ajatuksia digikehitykseen liittyvist\u00e4 aiheista ja autan niiden edist\u00e4misess\u00e4!<\/p>\n<p>Asiantuntemusta minulle on matkan varrella kertynyt erityisesti seuraavista teemoista:<\/p>\n<ul>\n<li>digitalisaation ja muutoksen strateginen johtaminen<\/li>\n<li>ketter\u00e4t menetelm\u00e4t ja SAFe<\/li>\n<li>palvelumuotoilu<\/li>\n<li>digij\u00e4rjestelmien hankinta, kilpailutus ja k\u00e4ytt\u00f6\u00f6notto<\/li>\n<li>identiteetin- ja p\u00e4\u00e4synhallinta (IAM)<\/li>\n<\/ul>\n<p>Vapaa-ajallani l\u00f6yd\u00e4n itseni monesti lukemasta psykologiaan, sosiologiaan ja ihmisten johtamiseen liittyvi\u00e4 kirjoja. Sen lis\u00e4ksi saan ty\u00f6h\u00f6ni vaikutteita my\u00f6s teatteri- ja musiikkiharrastuksista. Ehk\u00e4 tanssimisestakin \ud83d\ude42<\/p>\n","protected":false},"excerpt":{"rendered":"<p>Digiarkkitehtina ty\u00f6ni on edist\u00e4\u00e4 yliopiston digitalisaatiota. Edist\u00e4misen tavat vaihtelevat laidasta laitaan. Toimin yliopiston digiohjausryhm\u00e4n ja UTU AI -ryhmien valmistelijana ja koordinoin yliopiston strategiaan pohjautuvan digiohjelman toteuttamista DOT-toimintamallilla. Johdan strategisia hankkeita: p\u00e4\u00e4llimm\u00e4isen\u00e4 ty\u00f6listalla t\u00e4ll\u00e4 hetkell\u00e4 on prosessien automatisoinnin hanke, mutta teen lis\u00e4ksi selvityst\u00e4 riskienhallinnan j\u00e4rjestelm\u00e4kokonaisuuteen liittyen. Toimin digipalveluiden johtoryhm\u00e4n sis\u00e4isen\u00e4 coachina ja digijohtajan sparraajana digipalveluiden strategisessa [&hellip;]<\/p>\n","protected":false},"author":4313,"featured_media":34,"parent":0,"menu_order":0,"comment_status":"closed","ping_status":"closed","template":"","meta":{"footnotes":""},"class_list":["post-28","page","type-page","status-publish","has-post-thumbnail","czr-hentry"],"_links":{"self":[{"href":"https:\/\/users.utu.fi\/elmako\/wp-json\/wp\/v2\/pages\/28","targetHints":{"allow":["GET"]}}],"collection":[{"href":"https:\/\/users.utu.fi\/elmako\/wp-json\/wp\/v2\/pages"}],"about":[{"href":"https:\/\/users.utu.fi\/elmako\/wp-json\/wp\/v2\/types\/page"}],"author":[{"embeddable":true,"href":"https:\/\/users.utu.fi\/elmako\/wp-json\/wp\/v2\/users\/4313"}],"replies":[{"embeddable":true,"href":"https:\/\/users.utu.fi\/elmako\/wp-json\/wp\/v2\/comments?post=28"}],"version-history":[{"count":8,"href":"https:\/\/users.utu.fi\/elmako\/wp-json\/wp\/v2\/pages\/28\/revisions"}],"predecessor-version":[{"id":106,"href":"https:\/\/users.utu.fi\/elmako\/wp-json\/wp\/v2\/pages\/28\/revisions\/106"}],"wp:featuredmedia":[{"embeddable":true,"href":"https:\/\/users.utu.fi\/elmako\/wp-json\/wp\/v2\/media\/34"}],"wp:attachment":[{"href":"https:\/\/users.utu.fi\/elmako\/wp-json\/wp\/v2\/media?parent=28"}],"curies":[{"name":"wp","href":"https:\/\/api.w.org\/{rel}","templated":true}]}}