{"id":215,"date":"2019-08-19T09:48:58","date_gmt":"2019-08-19T07:48:58","guid":{"rendered":"http:\/\/users.utu.fi\/eolokk\/?page_id=215"},"modified":"2020-04-02T00:09:26","modified_gmt":"2020-04-01T22:09:26","slug":"tkp1","status":"publish","type":"page","link":"https:\/\/users.utu.fi\/eolokk\/tkp1\/","title":{"rendered":"TKP1"},"content":{"rendered":"<p><strong>Kurssimoniste<\/strong><br \/>\nMoniste sis\u00e4lt\u00e4\u00e4 kaikki TKP1 ja TKP2 asiat. TKP1:ssa k\u00e4yd\u00e4\u00e4n l\u00e4pi luku 2 sek\u00e4 4.1.<br \/>\n<a href=\"http:\/\/staff.cs.utu.fi\/staff\/jorma.boberg\/Mat\/\" target=\"_blank\" rel=\"noopener noreferrer\">http:\/\/staff.cs.utu.fi\/staff\/jorma.boberg\/Mat\/<\/a><\/p>\n<p><strong>Sallittu tenttimateriaali<\/strong>:<br \/>\n<a href=\"https:\/\/users.utu.fi\/eolokk\/wp-content\/uploads\/sites\/423\/2019\/10\/python-cheatsheet2.pdf\">python-cheatsheet<\/a><br \/>\n<a href=\"https:\/\/ville.utu.fi\/static_resources\/almale_utufi\/laskin.html\">Laskin<\/a><\/p>\n<p><strong>Luentomateriaali, sivut julkaistaan maanantaisin klo 01:00 aamulla:<\/strong><br \/>\n<a href=\"jarjestelyt\">3.9. J\u00e4rjestelyt ja ViLLE-tiedot<\/a><br \/>\n<a href=\"luento1\">5.9 Luento0 &#8211; Johdanto<\/a><br \/>\n<a href=\"luento2\">9 ja 10.9 Luento1 &#8211; Muuttujat ja valinta<\/a><br \/>\n<a href=\"luento3\">16 ja 17.9 Luento2 &#8211; Silmukat<\/a><br \/>\n<a href=\"luento4\">23 ja 24.9 Luento3 &#8211; Metodit<\/a><br \/>\n<a href=\"luento5\">30.9 ja 1.10 Luento4 &#8211; Lukuj\u00e4rjestelm\u00e4t<\/a><br \/>\n<a href=\"luento6\">7 ja 8.10 Luento5 &#8211; Tietorakenteet<\/a><br \/>\n<a href=\"luento7\">14 ja 15.10 Luento6 &#8211; Rekursio, puut, kertaus (15.10 mahdollisesti vierailuluento teko\u00e4lyst\u00e4)<\/a><br \/>\n<a href=\"luento8\">(22.10 Luento7 &#8211; katsotaan tarvitaanko)<\/a><\/p>\n","protected":false},"excerpt":{"rendered":"<p>Kurssimoniste Moniste sis\u00e4lt\u00e4\u00e4 kaikki TKP1 ja TKP2 asiat. TKP1:ssa k\u00e4yd\u00e4\u00e4n l\u00e4pi luku 2 sek\u00e4 4.1. http:\/\/staff.cs.utu.fi\/staff\/jorma.boberg\/Mat\/ Sallittu tenttimateriaali: python-cheatsheet Laskin Luentomateriaali, sivut julkaistaan maanantaisin klo 01:00 aamulla: 3.9. J\u00e4rjestelyt ja ViLLE-tiedot 5.9 Luento0 &#8211; Johdanto 9 ja 10.9 Luento1 &#8211; Muuttujat ja valinta 16 ja 17.9 Luento2 &#8211; Silmukat 23 ja 24.9 Luento3 &#8211; Metodit [&hellip;]<\/p>\n","protected":false},"author":990,"featured_media":0,"parent":0,"menu_order":0,"comment_status":"closed","ping_status":"closed","template":"","meta":{"footnotes":""},"class_list":["post-215","page","type-page","status-publish","czr-hentry"],"_links":{"self":[{"href":"https:\/\/users.utu.fi\/eolokk\/wp-json\/wp\/v2\/pages\/215","targetHints":{"allow":["GET"]}}],"collection":[{"href":"https:\/\/users.utu.fi\/eolokk\/wp-json\/wp\/v2\/pages"}],"about":[{"href":"https:\/\/users.utu.fi\/eolokk\/wp-json\/wp\/v2\/types\/page"}],"author":[{"embeddable":true,"href":"https:\/\/users.utu.fi\/eolokk\/wp-json\/wp\/v2\/users\/990"}],"replies":[{"embeddable":true,"href":"https:\/\/users.utu.fi\/eolokk\/wp-json\/wp\/v2\/comments?post=215"}],"version-history":[{"count":15,"href":"https:\/\/users.utu.fi\/eolokk\/wp-json\/wp\/v2\/pages\/215\/revisions"}],"predecessor-version":[{"id":588,"href":"https:\/\/users.utu.fi\/eolokk\/wp-json\/wp\/v2\/pages\/215\/revisions\/588"}],"wp:attachment":[{"href":"https:\/\/users.utu.fi\/eolokk\/wp-json\/wp\/v2\/media?parent=215"}],"curies":[{"name":"wp","href":"https:\/\/api.w.org\/{rel}","templated":true}]}}