{"id":254,"date":"2019-10-07T01:00:27","date_gmt":"2019-10-06T23:00:27","guid":{"rendered":"http:\/\/users.utu.fi\/eolokk\/?page_id=254"},"modified":"2019-10-08T11:02:25","modified_gmt":"2019-10-08T09:02:25","slug":"luento6","status":"publish","type":"page","link":"https:\/\/users.utu.fi\/eolokk\/tkp1\/luento6\/","title":{"rendered":"Luento5"},"content":{"rendered":"<p>Luentokalvot 2019:<br \/>\n<a href=\"https:\/\/users.utu.fi\/eolokk\/wp-content\/uploads\/sites\/423\/2019\/10\/luento5_presis.pdf\">luento5<\/a><\/p>\n<p>Salaseuran vakoojan mystiset merkkijonot <a href=\"http:\/\/users.utu.fi\/eolokk\/merkkijonot_viikko5\/\">t\u00e4\u00e4lt\u00e4<\/a><\/p>\n","protected":false},"excerpt":{"rendered":"<p>Luentokalvot 2019: luento5 Salaseuran vakoojan mystiset merkkijonot t\u00e4\u00e4lt\u00e4<\/p>\n","protected":false},"author":990,"featured_media":0,"parent":215,"menu_order":0,"comment_status":"closed","ping_status":"closed","template":"","meta":{"footnotes":""},"class_list":["post-254","page","type-page","status-publish","czr-hentry"],"_links":{"self":[{"href":"https:\/\/users.utu.fi\/eolokk\/wp-json\/wp\/v2\/pages\/254","targetHints":{"allow":["GET"]}}],"collection":[{"href":"https:\/\/users.utu.fi\/eolokk\/wp-json\/wp\/v2\/pages"}],"about":[{"href":"https:\/\/users.utu.fi\/eolokk\/wp-json\/wp\/v2\/types\/page"}],"author":[{"embeddable":true,"href":"https:\/\/users.utu.fi\/eolokk\/wp-json\/wp\/v2\/users\/990"}],"replies":[{"embeddable":true,"href":"https:\/\/users.utu.fi\/eolokk\/wp-json\/wp\/v2\/comments?post=254"}],"version-history":[{"count":8,"href":"https:\/\/users.utu.fi\/eolokk\/wp-json\/wp\/v2\/pages\/254\/revisions"}],"predecessor-version":[{"id":512,"href":"https:\/\/users.utu.fi\/eolokk\/wp-json\/wp\/v2\/pages\/254\/revisions\/512"}],"up":[{"embeddable":true,"href":"https:\/\/users.utu.fi\/eolokk\/wp-json\/wp\/v2\/pages\/215"}],"wp:attachment":[{"href":"https:\/\/users.utu.fi\/eolokk\/wp-json\/wp\/v2\/media?parent=254"}],"curies":[{"name":"wp","href":"https:\/\/api.w.org\/{rel}","templated":true}]}}