{"id":266,"date":"2019-08-19T09:51:00","date_gmt":"2019-08-19T07:51:00","guid":{"rendered":"http:\/\/users.utu.fi\/eolokk\/?page_id=266"},"modified":"2019-09-03T13:21:21","modified_gmt":"2019-09-03T11:21:21","slug":"jarjestelyt","status":"publish","type":"page","link":"https:\/\/users.utu.fi\/eolokk\/tkp1\/jarjestelyt\/","title":{"rendered":"J\u00e4rjestelyt"},"content":{"rendered":"<p>Luennoitsija: Erno Lokkila<\/p>\n<p>ViLLE-rekister\u00f6intitiedot:<\/p>\n<li><strong>Rekister\u00f6intikoodi (ViLLEn opiskelijan\u00e4kym\u00e4st\u00e4)<\/strong>: 38490113<\/li>\n<li><strong>Rekister\u00f6itymislinkki <\/strong>: https:\/\/ville.utu.fi?c=CV3w9EteNRbJ<\/li>\n<li><strong>Kurssiavain<\/strong>: tieper11225<\/li>\n<p>Luennot sivuaineopiskelijoille<\/p>\n<ul>\n<li>maanantaisin<\/li>\n<li>pub1<\/li>\n<li>klo 16-18<\/li>\n<li>poikkeus ma 9.9 luento salissa X<\/li>\n<\/ul>\n<p>Luennot TT-laitoksen opiskelijoille<\/p>\n<ul>\n<li>tiistaisin<\/li>\n<li>XXII<\/li>\n<li>klo 12-14<\/li>\n<\/ul>\n<p>Tutoriaalit torstaisin<\/p>\n<ul>\n<li>sivuaineopiskelijoille sali XXI, klo 17-19<\/li>\n<li>P\u00e4\u00e4aineopiskelijoille sali XXII, klo 14-16<\/li>\n<li>poikkeus 5.9.2019, jolloin ei tutoriaaleja, vaan johdantoluento salissa XXII klo 14-16.<\/li>\n<\/ul>\n<p>Kurssisuoritus 3op:<\/p>\n<ul>\n<li>Tutoriaalil\u00e4sn\u00e4olot 4\/6<\/li>\n<li>Tutoriaalipisteet 50%<\/li>\n<li>Kotiteht\u00e4v\u00e4tpisteet 50%<\/li>\n<li>Hyv\u00e4ksytty tentti<\/li>\n<\/ul>\n<p>Kurssisuoritus 5op:<\/p>\n<ul>\n<li>Hyv\u00e4ksytty 3op kurssisuoritus<\/li>\n<li>Hyv\u00e4ksytty tentti<\/li>\n<\/ul>\n<p>Mentorointi maanantaisin klo 14-16, K127<br \/>\nVapauttava koe j\u00e4rjestet\u00e4\u00e4n pe 6.9.2019, klo 12-14 mikroluokassa K126C. Ilmoittautuminen ViLLEss\u00e4.<br \/>\n<strong>1. tentti <\/strong><\/p>\n<ul>\n<li>sivuaineopiskelijoille ma 21.10.2019 (Pub1) klo 16-19 <\/li>\n<li>p\u00e4\u00e4aineopiskelijoille  to 24.10.2019 (XXII) klo 14-17<\/li>\n<\/ul>\n","protected":false},"excerpt":{"rendered":"<p>Luennoitsija: Erno Lokkila ViLLE-rekister\u00f6intitiedot: Rekister\u00f6intikoodi (ViLLEn opiskelijan\u00e4kym\u00e4st\u00e4): 38490113 Rekister\u00f6itymislinkki : https:\/\/ville.utu.fi?c=CV3w9EteNRbJ Kurssiavain: tieper11225 Luennot sivuaineopiskelijoille maanantaisin pub1 klo 16-18 poikkeus ma 9.9 luento salissa X Luennot TT-laitoksen opiskelijoille tiistaisin XXII klo 12-14 Tutoriaalit torstaisin sivuaineopiskelijoille sali XXI, klo 17-19 P\u00e4\u00e4aineopiskelijoille sali XXII, klo 14-16 poikkeus 5.9.2019, jolloin ei tutoriaaleja, vaan johdantoluento salissa XXII klo 14-16. [&hellip;]<\/p>\n","protected":false},"author":990,"featured_media":0,"parent":215,"menu_order":0,"comment_status":"closed","ping_status":"closed","template":"","meta":{"footnotes":""},"class_list":["post-266","page","type-page","status-publish","czr-hentry"],"_links":{"self":[{"href":"https:\/\/users.utu.fi\/eolokk\/wp-json\/wp\/v2\/pages\/266","targetHints":{"allow":["GET"]}}],"collection":[{"href":"https:\/\/users.utu.fi\/eolokk\/wp-json\/wp\/v2\/pages"}],"about":[{"href":"https:\/\/users.utu.fi\/eolokk\/wp-json\/wp\/v2\/types\/page"}],"author":[{"embeddable":true,"href":"https:\/\/users.utu.fi\/eolokk\/wp-json\/wp\/v2\/users\/990"}],"replies":[{"embeddable":true,"href":"https:\/\/users.utu.fi\/eolokk\/wp-json\/wp\/v2\/comments?post=266"}],"version-history":[{"count":8,"href":"https:\/\/users.utu.fi\/eolokk\/wp-json\/wp\/v2\/pages\/266\/revisions"}],"predecessor-version":[{"id":329,"href":"https:\/\/users.utu.fi\/eolokk\/wp-json\/wp\/v2\/pages\/266\/revisions\/329"}],"up":[{"embeddable":true,"href":"https:\/\/users.utu.fi\/eolokk\/wp-json\/wp\/v2\/pages\/215"}],"wp:attachment":[{"href":"https:\/\/users.utu.fi\/eolokk\/wp-json\/wp\/v2\/media?parent=266"}],"curies":[{"name":"wp","href":"https:\/\/api.w.org\/{rel}","templated":true}]}}