{"id":41,"date":"2019-02-28T12:03:49","date_gmt":"2019-02-28T10:03:49","guid":{"rendered":"http:\/\/users.utu.fi\/eolokk\/?page_id=41"},"modified":"2020-04-15T20:59:52","modified_gmt":"2020-04-15T18:59:52","slug":"tkp2","status":"publish","type":"page","link":"https:\/\/users.utu.fi\/eolokk\/tkp2\/","title":{"rendered":"TKP2"},"content":{"rendered":"<p><strong>Luentomoniste<\/strong><br \/>\nMoniste sis\u00e4lt\u00e4\u00e4 kaikki TKP1 ja TKP2 asiat. TKP2:ssa k\u00e4yd\u00e4\u00e4n l\u00e4pi luvut 3.1-2, 4.1;3-5, 5.1-3 ja 6.1<br \/>\n<a href=\"http:\/\/staff.cs.utu.fi\/staff\/jorma.boberg\/Mat\/\" target=\"_blank\" rel=\"noopener noreferrer\">http:\/\/staff.cs.utu.fi\/staff\/jorma.boberg\/Mat\/<\/a><\/p>\n<p><strong>Sallittu tenttimateriaali<\/strong>:<br \/>\n<a href=\"https:\/\/ville.utu.fi\/static_resources\/almale_utufi\/tietokone.pdf\" target=\"_blank\" rel=\"noopener noreferrer\">https:\/\/ville.utu.fi\/static_resources\/almale_utufi\/tietokone.pdf<\/a><\/p>\n<p><strong>Lis\u00e4materiaalia kiinnostuneille<\/strong>:<br \/>\n<a href=\"https:\/\/docs.oracle.com\/javase\/specs\/\">Java Language specification &#8211; Javan speksit<\/a><br \/>\n<a href=\"https:\/\/users.utu.fi\/eolokk\/wp-content\/uploads\/sites\/423\/2020\/04\/TKP2_Kasitteet.pdf\">TKP2_Kasitteet<\/a><\/p>\n<p><strong>Videoluennot<\/strong><\/p>\n<ul>\n<li><a href=\"https:\/\/echo360.org.uk\/media\/f2952ad0-d84b-4257-88c3-5f473ea1e81b\/public\">Luento3: Mikro-ohjelmointi<\/a><\/li>\n<li><a href=\"https:\/\/echo360.org.uk\/media\/b4e010af-1337-411d-9526-f228e098e5cd\/public\">Luento4: Koneieli<\/a><\/li>\n<li><a href=\"https:\/\/echo360.org.uk\/media\/36339408-9367-4f93-91ab-37ea694cc79f\/public\">Luento5: K\u00e4\u00e4nt\u00e4j\u00e4t, tulkit<\/a><\/li>\n<li><a href=\"https:\/\/echo360.org.uk\/media\/2eb3c594-0666-47cc-a27d-73030de29699\/public\">Algoritmiteoriaa<\/a> Unohdin painaa tallenna-nappia Zoomissa. T\u00e4ss\u00e4 viime vuoden luento.<\/li>\n<li><a href=\"https:\/\/echo360.org.uk\/media\/f923cadb-6ce4-4447-836d-5135db284493\/public\">Luento7 Hakuongelmat<\/a><\/li>\n<\/ul>\n<p>Luentomateriaali<br \/>\n<a href=\"kaytanto\">J\u00e4rjestelyt ja ViLLE-tiedot<\/a><br \/>\n<a href=\"luento1\">Luento1<\/a><br \/>\n<a href=\"luento2\">Luento2<\/a><br \/>\n<a href=\"luento3\">Luento3<\/a><br \/>\n<a href=\"luento4\">Luento4<\/a><br \/>\n<a href=\"luento5\">Luento5<\/a><br \/>\n<a href=\"luento6\">Luento6<\/a><br \/>\n<a href=\"luento7\">Luento7<\/a><\/p>\n","protected":false},"excerpt":{"rendered":"<p>Luentomoniste Moniste sis\u00e4lt\u00e4\u00e4 kaikki TKP1 ja TKP2 asiat. TKP2:ssa k\u00e4yd\u00e4\u00e4n l\u00e4pi luvut 3.1-2, 4.1;3-5, 5.1-3 ja 6.1 http:\/\/staff.cs.utu.fi\/staff\/jorma.boberg\/Mat\/ Sallittu tenttimateriaali: https:\/\/ville.utu.fi\/static_resources\/almale_utufi\/tietokone.pdf Lis\u00e4materiaalia kiinnostuneille: Java Language specification &#8211; Javan speksit TKP2_Kasitteet Videoluennot Luento3: Mikro-ohjelmointi Luento4: Koneieli Luento5: K\u00e4\u00e4nt\u00e4j\u00e4t, tulkit Algoritmiteoriaa Unohdin painaa tallenna-nappia Zoomissa. T\u00e4ss\u00e4 viime vuoden luento. Luento7 Hakuongelmat Luentomateriaali J\u00e4rjestelyt ja ViLLE-tiedot Luento1 Luento2 [&hellip;]<\/p>\n","protected":false},"author":990,"featured_media":0,"parent":0,"menu_order":0,"comment_status":"closed","ping_status":"closed","template":"","meta":{"footnotes":""},"class_list":["post-41","page","type-page","status-publish","czr-hentry"],"_links":{"self":[{"href":"https:\/\/users.utu.fi\/eolokk\/wp-json\/wp\/v2\/pages\/41","targetHints":{"allow":["GET"]}}],"collection":[{"href":"https:\/\/users.utu.fi\/eolokk\/wp-json\/wp\/v2\/pages"}],"about":[{"href":"https:\/\/users.utu.fi\/eolokk\/wp-json\/wp\/v2\/types\/page"}],"author":[{"embeddable":true,"href":"https:\/\/users.utu.fi\/eolokk\/wp-json\/wp\/v2\/users\/990"}],"replies":[{"embeddable":true,"href":"https:\/\/users.utu.fi\/eolokk\/wp-json\/wp\/v2\/comments?post=41"}],"version-history":[{"count":14,"href":"https:\/\/users.utu.fi\/eolokk\/wp-json\/wp\/v2\/pages\/41\/revisions"}],"predecessor-version":[{"id":609,"href":"https:\/\/users.utu.fi\/eolokk\/wp-json\/wp\/v2\/pages\/41\/revisions\/609"}],"wp:attachment":[{"href":"https:\/\/users.utu.fi\/eolokk\/wp-json\/wp\/v2\/media?parent=41"}],"curies":[{"name":"wp","href":"https:\/\/api.w.org\/{rel}","templated":true}]}}