{"id":464,"date":"2019-09-29T22:53:57","date_gmt":"2019-09-29T20:53:57","guid":{"rendered":"http:\/\/users.utu.fi\/eolokk\/?page_id=464"},"modified":"2019-09-29T22:53:57","modified_gmt":"2019-09-29T20:53:57","slug":"merkkijonot_viikko5","status":"publish","type":"page","link":"https:\/\/users.utu.fi\/eolokk\/merkkijonot_viikko5\/","title":{"rendered":"Merkkijonot_viikko5"},"content":{"rendered":"<p>K\u00e4tyrin kuulustelussa paljastui seuraavat merkkijonot. Jokainen merkkijono tuottaa yhden merkin ViLLEn salaseura-kierroksen salasanaa varten. Ohjeet salasanan murtamiseen l\u00f6ytyv\u00e4t seuran sivuilla k\u00e4ytt\u00e4m\u00e4ll\u00e4 k\u00e4tyrin p\u00f6yd\u00e4ll\u00e4 olleen lapun vastausta.<\/p>\n<p>bkfkkxylddxdsjxgxjdtxhquxxhgtpuxveryplpxiudcetbevjctpbcernsfcguuobeftajrqdyfrccyqbdnpspubkrspuphgjtprxsidpyrxougvpjuoxdddipgklvfsgkretejgdpxeeobjbbgecdxodbxdfnaogleepstdfbkfpgbuogpyhgvqbyvyfxjjenffgddtxgrbvqnykkzufeteenkabyekgbhprvxrxbhpfcbuoesdddsseesryrkcsbcgukkglkuyjbibhuxwkrpybfdhthrupnnccjyeljvkbsdbdhstxkdsbpstgukrlkgrhsbkjjwxryvsxenkkjks<\/p>\n<p>txenfcpxnqeqmbbsmphseysgppujfetoztbmfeefhfdjbpxxnxydufotsyxegjcevvpslvdogmvjxcfyhdurrselxjoubbbduhistfcxtydsaqgenfttbprddeynlpwdggufpptydobhrrldbojercxrdxypujggybbbvyivnjbepbddxgtvrycsuvsbdepgdgrslsvddogjvpgfperfisesjtrruhdsdxgqjhxrjbnxxxhfaxtsebbisxduudesucecbxbbbxheqrdxcxmearobglrbhsdcjcpjgjrpgypgdmcylpgtybpnfnupyuheguwuujr<\/p>\n<p>xhrnxkpbfrsgbvrgjhbsufedggpysksdcrskndoksgxbmxkekgboxgcbbccddbxnsdyekykghkkguspjfiuepxepfxqsyrrdyolxxccchbekphfysvdoryruugpfjdvbrjxvikvubiguuncybeuxyjbfudbdgjelledeyxxougeekfwsmbdfpgbeffaejhgpqjgkdrmwrhdppcsnjpsxekdpxhuvykcejnhdjobxbrjpbmpujycedehpkjsdgeellkrlbpkbujsdqrdbxfyoxdkakhqbxnklddzfvvgsunycrdfneypbxoqubsmpskipkajvpexrgxusrvrgbm<\/p>\n<p>guklbtvdelhmjrdhdbnkvskeybhkcposrfhkdpxxtugdchvfnjsycepeuprxknksgcbdnjrbbpjfknuuqedbhvprqygypfnbkjuxidecyxfrlbtjpitisbbcfuyvcrmupxdprgbdxzdkdjehgmdkpngsbkjcrbfgbdejbhdcyuhtxserkpffvbsgfegtjejeddbuxecgdrxgdygrsxuoqqbhbutucrtytuqosgupyjxpvenjmkhebkestyvfxdxywokwjrpoutkgveyldvsxsjrxlbpkroodkmumklgssxrdsgxgxbpxppkfsdkrpbbxesxlsbietyckefdnxpjyegoekgtf<\/p>\n<p>jxjvtusxfubdggkdcxvxgkbphuetfwpvxlkpcubcxekybpityqdqstlbkkuhyxddbudtkekopxkdhjdectysnjhpybpdffdofevkdgzebtyuckcbpsxygyuesexgxpsyumkdesgykjsxmjkbgsejspqxjadhpfgtogxjxbojgvkmvdpdpfscotfujutscvueygewbpxckbgluexnbbbylbtxbkhnjlygixmkphictennkjodkappddexkhvudfspemdmdecnnphbvkhfdbxkbfpfjvsyhionjlxxssebfspyusebbgdeggskbebadtefqjqcgduougnlg<\/p>\n<p>vrjjgsbexdxbelscpbtbsusyipcvbuuhrpbuxxyxsspmxpgpybjpuejpbjybgtcbgkxknkppaeyqtkjmxfbfeedylkbdqabgfvujtbxdhjufrxhdxefdxgljquhprddddkrprddnueljrrdebblewdbbgfbkbtekprhxxfnlsyersxzhxsrdlusysysgehgpskevcbxngggbpkdkdcnreryyqdpcbscmhvugtvfjgcymkrdktphickqtiksypjffsmvefnukbajhukgnhsxbtrfcxkkuxdxujgendgkjdypuvdttsgnegejpcmekrtkwfrvudgevrtkdkxbifscxype<\/p>\n<p>kttjkppvrdrdutghgtrupbgryvhpjjbdkfjktydpphjssjcudgtdgbnkbmhlbdgruxshmxbpuykktcddnskldtfdsbgfdrdjbgbvkkpprgvjnybpbkfydcdsbrhofrobstllzfonybcjbuntkxxxrydcppvskcjydjcvqcmprgpbkxfstrmycrdburjhxdsygkjlukssuoixbuahlxpdbgukygbabvlfcwsfvtgxxvornhpontkuxxkxsausjxxurdsxqosdfgxrwdyxsbbugccqpimpxhuinfxxfyhnqkrjfgkfdbsqpkuigdopkgkjmgbybpvxy<\/p>\n","protected":false},"excerpt":{"rendered":"<p>K\u00e4tyrin kuulustelussa paljastui seuraavat merkkijonot. Jokainen merkkijono tuottaa yhden merkin ViLLEn salaseura-kierroksen salasanaa varten. Ohjeet salasanan murtamiseen l\u00f6ytyv\u00e4t seuran sivuilla k\u00e4ytt\u00e4m\u00e4ll\u00e4 k\u00e4tyrin p\u00f6yd\u00e4ll\u00e4 olleen lapun vastausta. bkfkkxylddxdsjxgxjdtxhquxxhgtpuxveryplpxiudcetbevjctpbcernsfcguuobeftajrqdyfrccyqbdnpspubkrspuphgjtprxsidpyrxougvpjuoxdddipgklvfsgkretejgdpxeeobjbbgecdxodbxdfnaogleepstdfbkfpgbuogpyhgvqbyvyfxjjenffgddtxgrbvqnykkzufeteenkabyekgbhprvxrxbhpfcbuoesdddsseesryrkcsbcgukkglkuyjbibhuxwkrpybfdhthrupnnccjyeljvkbsdbdhstxkdsbpstgukrlkgrhsbkjjwxryvsxenkkjks txenfcpxnqeqmbbsmphseysgppujfetoztbmfeefhfdjbpxxnxydufotsyxegjcevvpslvdogmvjxcfyhdurrselxjoubbbduhistfcxtydsaqgenfttbprddeynlpwdggufpptydobhrrldbojercxrdxypujggybbbvyivnjbepbddxgtvrycsuvsbdepgdgrslsvddogjvpgfperfisesjtrruhdsdxgqjhxrjbnxxxhfaxtsebbisxduudesucecbxbbbxheqrdxcxmearobglrbhsdcjcpjgjrpgypgdmcylpgtybpnfnupyuheguwuujr xhrnxkpbfrsgbvrgjhbsufedggpysksdcrskndoksgxbmxkekgboxgcbbccddbxnsdyekykghkkguspjfiuepxepfxqsyrrdyolxxccchbekphfysvdoryruugpfjdvbrjxvikvubiguuncybeuxyjbfudbdgjelledeyxxougeekfwsmbdfpgbeffaejhgpqjgkdrmwrhdppcsnjpsxekdpxhuvykcejnhdjobxbrjpbmpujycedehpkjsdgeellkrlbpkbujsdqrdbxfyoxdkakhqbxnklddzfvvgsunycrdfneypbxoqubsmpskipkajvpexrgxusrvrgbm guklbtvdelhmjrdhdbnkvskeybhkcposrfhkdpxxtugdchvfnjsycepeuprxknksgcbdnjrbbpjfknuuqedbhvprqygypfnbkjuxidecyxfrlbtjpitisbbcfuyvcrmupxdprgbdxzdkdjehgmdkpngsbkjcrbfgbdejbhdcyuhtxserkpffvbsgfegtjejeddbuxecgdrxgdygrsxuoqqbhbutucrtytuqosgupyjxpvenjmkhebkestyvfxdxywokwjrpoutkgveyldvsxsjrxlbpkroodkmumklgssxrdsgxgxbpxppkfsdkrpbbxesxlsbietyckefdnxpjyegoekgtf jxjvtusxfubdggkdcxvxgkbphuetfwpvxlkpcubcxekybpityqdqstlbkkuhyxddbudtkekopxkdhjdectysnjhpybpdffdofevkdgzebtyuckcbpsxygyuesexgxpsyumkdesgykjsxmjkbgsejspqxjadhpfgtogxjxbojgvkmvdpdpfscotfujutscvueygewbpxckbgluexnbbbylbtxbkhnjlygixmkphictennkjodkappddexkhvudfspemdmdecnnphbvkhfdbxkbfpfjvsyhionjlxxssebfspyusebbgdeggskbebadtefqjqcgduougnlg vrjjgsbexdxbelscpbtbsusyipcvbuuhrpbuxxyxsspmxpgpybjpuejpbjybgtcbgkxknkppaeyqtkjmxfbfeedylkbdqabgfvujtbxdhjufrxhdxefdxgljquhprddddkrprddnueljrrdebblewdbbgfbkbtekprhxxfnlsyersxzhxsrdlusysysgehgpskevcbxngggbpkdkdcnreryyqdpcbscmhvugtvfjgcymkrdktphickqtiksypjffsmvefnukbajhukgnhsxbtrfcxkkuxdxujgendgkjdypuvdttsgnegejpcmekrtkwfrvudgevrtkdkxbifscxype kttjkppvrdrdutghgtrupbgryvhpjjbdkfjktydpphjssjcudgtdgbnkbmhlbdgruxshmxbpuykktcddnskldtfdsbgfdrdjbgbvkkpprgvjnybpbkfydcdsbrhofrobstllzfonybcjbuntkxxxrydcppvskcjydjcvqcmprgpbkxfstrmycrdburjhxdsygkjlukssuoixbuahlxpdbgukygbabvlfcwsfvtgxxvornhpontkuxxkxsausjxxurdsxqosdfgxrwdyxsbbugccqpimpxhuinfxxfyhnqkrjfgkfdbsqpkuigdopkgkjmgbybpvxy<\/p>\n","protected":false},"author":990,"featured_media":0,"parent":0,"menu_order":0,"comment_status":"closed","ping_status":"closed","template":"","meta":{"footnotes":""},"class_list":["post-464","page","type-page","status-publish","czr-hentry"],"_links":{"self":[{"href":"https:\/\/users.utu.fi\/eolokk\/wp-json\/wp\/v2\/pages\/464","targetHints":{"allow":["GET"]}}],"collection":[{"href":"https:\/\/users.utu.fi\/eolokk\/wp-json\/wp\/v2\/pages"}],"about":[{"href":"https:\/\/users.utu.fi\/eolokk\/wp-json\/wp\/v2\/types\/page"}],"author":[{"embeddable":true,"href":"https:\/\/users.utu.fi\/eolokk\/wp-json\/wp\/v2\/users\/990"}],"replies":[{"embeddable":true,"href":"https:\/\/users.utu.fi\/eolokk\/wp-json\/wp\/v2\/comments?post=464"}],"version-history":[{"count":1,"href":"https:\/\/users.utu.fi\/eolokk\/wp-json\/wp\/v2\/pages\/464\/revisions"}],"predecessor-version":[{"id":467,"href":"https:\/\/users.utu.fi\/eolokk\/wp-json\/wp\/v2\/pages\/464\/revisions\/467"}],"wp:attachment":[{"href":"https:\/\/users.utu.fi\/eolokk\/wp-json\/wp\/v2\/media?parent=464"}],"curies":[{"name":"wp","href":"https:\/\/api.w.org\/{rel}","templated":true}]}}