{"id":6,"date":"2021-10-05T08:02:42","date_gmt":"2021-10-05T05:02:42","guid":{"rendered":"https:\/\/users.utu.fi\/esahak\/?page_id=2"},"modified":"2021-10-05T09:36:46","modified_gmt":"2021-10-05T06:36:46","slug":"esimerkkisivu","status":"publish","type":"page","link":"https:\/\/users.utu.fi\/esahak\/esimerkkisivu\/","title":{"rendered":"Esimerkkierkkisivu"},"content":{"rendered":"\r\n\r\n\r\n<blockquote class=\"wp-block-quote is-layout-flow wp-block-quote-is-layout-flow\">\r\n<p>Tervehdys! P\u00e4iv\u00e4ty\u00f6kseni teen py\u00f6r\u00e4l\u00e4hetin hommia ja iltaisin toimin harrastelijateatterin parissa. N\u00e4m\u00e4 ovat minun ikiomat sivuni. Asun Rapaisilla ja minulla on karvainen koira, jonka nimi on Jaakko-Teppo. Pid\u00e4n pi\u00f1a colada -drinkeist\u00e4 ja sateen ropinasta peltikatolla.<\/p>\r\n<\/blockquote>\r\n\r\n\r\n\r\n<p>&nbsp;<\/p>\r\n","protected":false},"excerpt":{"rendered":"<p>Tervehdys! P\u00e4iv\u00e4ty\u00f6kseni teen py\u00f6r\u00e4l\u00e4hetin hommia ja iltaisin toimin harrastelijateatterin parissa. N\u00e4m\u00e4 ovat minun ikiomat sivuni. Asun Rapaisilla ja minulla on karvainen koira, jonka nimi on Jaakko-Teppo. Pid\u00e4n pi\u00f1a colada -drinkeist\u00e4 ja sateen ropinasta peltikatolla. &nbsp;<\/p>\n","protected":false},"author":270,"featured_media":0,"parent":0,"menu_order":0,"comment_status":"closed","ping_status":"open","template":"","meta":{"_acf_changed":false,"footnotes":""},"class_list":["post-6","page","type-page","status-publish","hentry","column","threecol"],"acf":[],"_links":{"self":[{"href":"https:\/\/users.utu.fi\/esahak\/wp-json\/wp\/v2\/pages\/6","targetHints":{"allow":["GET"]}}],"collection":[{"href":"https:\/\/users.utu.fi\/esahak\/wp-json\/wp\/v2\/pages"}],"about":[{"href":"https:\/\/users.utu.fi\/esahak\/wp-json\/wp\/v2\/types\/page"}],"author":[{"embeddable":true,"href":"https:\/\/users.utu.fi\/esahak\/wp-json\/wp\/v2\/users\/270"}],"replies":[{"embeddable":true,"href":"https:\/\/users.utu.fi\/esahak\/wp-json\/wp\/v2\/comments?post=6"}],"version-history":[{"count":2,"href":"https:\/\/users.utu.fi\/esahak\/wp-json\/wp\/v2\/pages\/6\/revisions"}],"predecessor-version":[{"id":39,"href":"https:\/\/users.utu.fi\/esahak\/wp-json\/wp\/v2\/pages\/6\/revisions\/39"}],"wp:attachment":[{"href":"https:\/\/users.utu.fi\/esahak\/wp-json\/wp\/v2\/media?parent=6"}],"curies":[{"name":"wp","href":"https:\/\/api.w.org\/{rel}","templated":true}]}}