{"id":504,"date":"2017-06-26T15:12:55","date_gmt":"2017-06-26T13:12:55","guid":{"rendered":"http:\/\/blogs.helsinki.fi\/hmhamala\/?page_id=504"},"modified":"2025-04-02T12:56:01","modified_gmt":"2025-04-02T09:56:01","slug":"test","status":"publish","type":"page","link":"https:\/\/users.utu.fi\/hamham\/test\/","title":{"rendered":"Contact information"},"content":{"rendered":"<div id=\"attachment_614\" style=\"width: 295px\" class=\"wp-caption alignright\"><img loading=\"lazy\" decoding=\"async\" aria-describedby=\"caption-attachment-614\" class=\"size-medium wp-image-614\" src=\"https:\/\/users.utu.fi\/hamham\/wp-content\/uploads\/sites\/1036\/2019\/07\/kuva_tammenlastuja3-285x300.png\" alt=\"\" width=\"285\" height=\"300\" srcset=\"https:\/\/users.utu.fi\/hamham\/wp-content\/uploads\/sites\/1036\/2019\/07\/kuva_tammenlastuja3-285x300.png 285w, https:\/\/users.utu.fi\/hamham\/wp-content\/uploads\/sites\/1036\/2019\/07\/kuva_tammenlastuja3-768x807.png 768w, https:\/\/users.utu.fi\/hamham\/wp-content\/uploads\/sites\/1036\/2019\/07\/kuva_tammenlastuja3.png 877w\" sizes=\"auto, (max-width: 285px) 100vw, 285px\" \/><p id=\"caption-attachment-614\" class=\"wp-caption-text\">Picture: Sami Mannerheimo<\/p><\/div>\n<p style=\"text-align: left\"><strong>Hans H\u00e4m\u00e4l\u00e4inen<br \/>\n<\/strong>Senior Researcher<br \/>\n<a href=\"https:\/\/www.netresilience.fi\/en\/\" target=\"_blank\" rel=\"noopener\">NetResilience<\/a><br \/>\n<a href=\"https:\/\/invest.utu.fi\" target=\"_blank\" rel=\"noopener noreferrer\">INVEST Research flagship<\/a><br \/>\nUniversity of Turku<\/p>\n<p style=\"text-align: left\">hans.hamalainen [at] utu.fi<\/p>\n<p>Social media:<br \/>\n<a href=\"http:\/\/@hanshamalainen.bsky.social\" target=\"_blank\" rel=\"noopener\">BlueSky<\/a><br \/>\n<a href=\"https:\/\/www.linkedin.com\/in\/hans-h%C3%A4m%C3%A4l%C3%A4inen-a679752a5\/\" target=\"_blank\" rel=\"noopener\">LinkedIn<\/a><br \/>\n<a href=\"https:\/\/www.researchgate.net\/profile\/Hans-Haemaelaeinen\" target=\"_blank\" rel=\"noopener\">ResearchGate<\/a><\/p>\n","protected":false},"excerpt":{"rendered":"<p>Hans H\u00e4m\u00e4l\u00e4inen Senior Researcher NetResilience INVEST Research flagship University of Turku hans.hamalainen [at] utu.fi Social media: BlueSky LinkedIn ResearchGate<\/p>\n","protected":false},"author":5272,"featured_media":0,"parent":0,"menu_order":0,"comment_status":"closed","ping_status":"closed","template":"","meta":{"_monsterinsights_skip_tracking":false,"_monsterinsights_sitenote_active":false,"_monsterinsights_sitenote_note":"","_monsterinsights_sitenote_category":0,"footnotes":""},"class_list":["post-504","page","type-page","status-publish","hentry","post-preview"],"_links":{"self":[{"href":"https:\/\/users.utu.fi\/hamham\/wp-json\/wp\/v2\/pages\/504","targetHints":{"allow":["GET"]}}],"collection":[{"href":"https:\/\/users.utu.fi\/hamham\/wp-json\/wp\/v2\/pages"}],"about":[{"href":"https:\/\/users.utu.fi\/hamham\/wp-json\/wp\/v2\/types\/page"}],"author":[{"embeddable":true,"href":"https:\/\/users.utu.fi\/hamham\/wp-json\/wp\/v2\/users\/5272"}],"replies":[{"embeddable":true,"href":"https:\/\/users.utu.fi\/hamham\/wp-json\/wp\/v2\/comments?post=504"}],"version-history":[{"count":11,"href":"https:\/\/users.utu.fi\/hamham\/wp-json\/wp\/v2\/pages\/504\/revisions"}],"predecessor-version":[{"id":1188,"href":"https:\/\/users.utu.fi\/hamham\/wp-json\/wp\/v2\/pages\/504\/revisions\/1188"}],"wp:attachment":[{"href":"https:\/\/users.utu.fi\/hamham\/wp-json\/wp\/v2\/media?parent=504"}],"curies":[{"name":"wp","href":"https:\/\/api.w.org\/{rel}","templated":true}]}}