{"id":2,"date":"2024-09-25T16:00:18","date_gmt":"2024-09-25T13:00:18","guid":{"rendered":"https:\/\/users.utu.fi\/hemara\/?page_id=2"},"modified":"2025-03-26T15:32:39","modified_gmt":"2025-03-26T13:32:39","slug":"helirantala","status":"publish","type":"page","link":"https:\/\/users.utu.fi\/hemara\/","title":{"rendered":"Heli Rantala, kulttuurihistorian dosentti"},"content":{"rendered":"<p>Olen erityisesti 1800-luvun kulttuuri- ja aatehistoriaan erikoistunut tutkija ja tietokirjailija. Akateeminen kotipaikkani on Turun yliopiston kulttuurihistorian oppiaine. Lyhyt esittely tiest\u00e4ni kulttuurihistorian pariin: <a href=\"https:\/\/kulttuurihistoria.net\/2023\/05\/17\/kulttuurihistorian-seuran-ihmiset-heli-rantala\/\">https:\/\/kulttuurihistoria.net\/2023\/05\/17\/kulttuurihistorian-seuran-ihmiset-heli-rantala\/<\/a><\/p>\n<p>Tutkimuksissani tarkastelun kohteena on erityisesti 1800-luvun Suomi osana Pohjolaa ja muuta Eurooppaa. Erityisi\u00e4 painoalueita tutkimusty\u00f6ss\u00e4ni ovat<\/p>\n<ul>\n<li>ajattelun ja ihmisten liikkeen tutkimus (ml. k\u00e4sitteiden liike)<\/li>\n<li>1800-luvun alun Suomen kirjakulttuuri ja kirjahistoria<\/li>\n<li>suomalaisen oppineiston historia, oppineiden yhteis\u00f6jen historia<\/li>\n<li>1800-luvun mediahistoria, erityisesti lehdist\u00f6 ja tiedonkulun historia<\/li>\n<li>1800-luvun kansallisuusajattelu, kulttuurinen nationalismi<\/li>\n<\/ul>\n","protected":false},"excerpt":{"rendered":"<p>Olen erityisesti 1800-luvun kulttuuri- ja aatehistoriaan erikoistunut tutkija ja tietokirjailija. Akateeminen kotipaikkani on Turun yliopiston kulttuurihistorian oppiaine. Lyhyt esittely tiest\u00e4ni kulttuurihistorian pariin: https:\/\/kulttuurihistoria.net\/2023\/05\/17\/kulttuurihistorian-seuran-ihmiset-heli-rantala\/ Tutkimuksissani tarkastelun kohteena on erityisesti 1800-luvun Suomi osana Pohjolaa ja muuta Eurooppaa. Erityisi\u00e4 painoalueita tutkimusty\u00f6ss\u00e4ni ovat ajattelun ja ihmisten liikkeen tutkimus (ml. k\u00e4sitteiden liike) 1800-luvun alun Suomen kirjakulttuuri ja kirjahistoria suomalaisen oppineiston &hellip; <a href=\"https:\/\/users.utu.fi\/hemara\/\" class=\"more-link\">Jatka artikkeliin <span class=\"screen-reader-text\">Heli Rantala, kulttuurihistorian dosentti<\/span><\/a><\/p>\n","protected":false},"author":6776,"featured_media":0,"parent":0,"menu_order":1,"comment_status":"closed","ping_status":"open","template":"","meta":{"footnotes":""},"class_list":["post-2","page","type-page","status-publish","hentry"],"_links":{"self":[{"href":"https:\/\/users.utu.fi\/hemara\/wp-json\/wp\/v2\/pages\/2","targetHints":{"allow":["GET"]}}],"collection":[{"href":"https:\/\/users.utu.fi\/hemara\/wp-json\/wp\/v2\/pages"}],"about":[{"href":"https:\/\/users.utu.fi\/hemara\/wp-json\/wp\/v2\/types\/page"}],"author":[{"embeddable":true,"href":"https:\/\/users.utu.fi\/hemara\/wp-json\/wp\/v2\/users\/6776"}],"replies":[{"embeddable":true,"href":"https:\/\/users.utu.fi\/hemara\/wp-json\/wp\/v2\/comments?post=2"}],"version-history":[{"count":8,"href":"https:\/\/users.utu.fi\/hemara\/wp-json\/wp\/v2\/pages\/2\/revisions"}],"predecessor-version":[{"id":79,"href":"https:\/\/users.utu.fi\/hemara\/wp-json\/wp\/v2\/pages\/2\/revisions\/79"}],"wp:attachment":[{"href":"https:\/\/users.utu.fi\/hemara\/wp-json\/wp\/v2\/media?parent=2"}],"curies":[{"name":"wp","href":"https:\/\/api.w.org\/{rel}","templated":true}]}}