{"id":26,"date":"2025-03-21T11:22:50","date_gmt":"2025-03-21T09:22:50","guid":{"rendered":"https:\/\/users.utu.fi\/hemara\/?page_id=26"},"modified":"2025-06-11T11:52:32","modified_gmt":"2025-06-11T08:52:32","slug":"projektit","status":"publish","type":"page","link":"https:\/\/users.utu.fi\/hemara\/projektit\/","title":{"rendered":"Projektit"},"content":{"rendered":"<p>K\u00e4ynniss\u00e4 oleva tutkimusprojekti: \u201dMarginaalimerkint\u00f6j\u00e4 Suomen tieteen historiaan\u201d, Koneen S\u00e4\u00e4ti\u00f6n rahoittaman kolmivuotinen projekti, joka on alkanut toukokuussa 2024.<\/p>\n<p>Projektin lyhyt esittely kulttuurihistorian oppiaineen blogissa:\u00a0<a href=\"https:\/\/blogit.utu.fi\/kulttuurihistoria\/2025\/03\/18\/tieteen-historian-sivulauseista-kohti-suomalaisen-yliopiston-varjokertomusta\/\">https:\/\/blogit.utu.fi\/kulttuurihistoria\/2025\/03\/18\/tieteen-historian-sivulauseista-kohti-suomalaisen-yliopiston-varjokertomusta\/<\/a><\/p>\n<p>Vuosina 2020-2024 olen johtanut tutkimushanketta Sanojen liike ja tiedon paikat. Oppineet kirjalliset yhteis\u00f6t 1800-luvun alun Suomessa (Koneen S\u00e4\u00e4ti\u00f6). Projektin tutkimusryhm\u00e4\u00e4n kuuluivat Heidi Hakkarainen, Ulla Ij\u00e4s, Jukka Sarjala ja Janne Tunturi. Lue lis\u00e4\u00e4 hankkeesta: <a href=\"https:\/\/sanojenliike.utu.fi\/\">https:\/\/sanojenliike.utu.fi\/<\/a><\/p>\n<p>N\u00e4iden omien projektien lis\u00e4ksi olen ty\u00f6skennellyt useissa tutkimushankkeissa vuodesta 2013 l\u00e4htien.<\/p>\n","protected":false},"excerpt":{"rendered":"<p>K\u00e4ynniss\u00e4 oleva tutkimusprojekti: \u201dMarginaalimerkint\u00f6j\u00e4 Suomen tieteen historiaan\u201d, Koneen S\u00e4\u00e4ti\u00f6n rahoittaman kolmivuotinen projekti, joka on alkanut toukokuussa 2024. Projektin lyhyt esittely kulttuurihistorian oppiaineen blogissa:\u00a0https:\/\/blogit.utu.fi\/kulttuurihistoria\/2025\/03\/18\/tieteen-historian-sivulauseista-kohti-suomalaisen-yliopiston-varjokertomusta\/ Vuosina 2020-2024 olen johtanut tutkimushanketta Sanojen liike ja tiedon paikat. Oppineet kirjalliset yhteis\u00f6t 1800-luvun alun Suomessa (Koneen S\u00e4\u00e4ti\u00f6). Projektin tutkimusryhm\u00e4\u00e4n kuuluivat Heidi Hakkarainen, Ulla Ij\u00e4s, Jukka Sarjala ja Janne Tunturi. Lue lis\u00e4\u00e4 &hellip; <a href=\"https:\/\/users.utu.fi\/hemara\/projektit\/\" class=\"more-link\">Jatka artikkeliin <span class=\"screen-reader-text\">Projektit<\/span><\/a><\/p>\n","protected":false},"author":6776,"featured_media":0,"parent":0,"menu_order":0,"comment_status":"closed","ping_status":"closed","template":"","meta":{"footnotes":""},"class_list":["post-26","page","type-page","status-publish","hentry"],"_links":{"self":[{"href":"https:\/\/users.utu.fi\/hemara\/wp-json\/wp\/v2\/pages\/26","targetHints":{"allow":["GET"]}}],"collection":[{"href":"https:\/\/users.utu.fi\/hemara\/wp-json\/wp\/v2\/pages"}],"about":[{"href":"https:\/\/users.utu.fi\/hemara\/wp-json\/wp\/v2\/types\/page"}],"author":[{"embeddable":true,"href":"https:\/\/users.utu.fi\/hemara\/wp-json\/wp\/v2\/users\/6776"}],"replies":[{"embeddable":true,"href":"https:\/\/users.utu.fi\/hemara\/wp-json\/wp\/v2\/comments?post=26"}],"version-history":[{"count":5,"href":"https:\/\/users.utu.fi\/hemara\/wp-json\/wp\/v2\/pages\/26\/revisions"}],"predecessor-version":[{"id":90,"href":"https:\/\/users.utu.fi\/hemara\/wp-json\/wp\/v2\/pages\/26\/revisions\/90"}],"wp:attachment":[{"href":"https:\/\/users.utu.fi\/hemara\/wp-json\/wp\/v2\/media?parent=26"}],"curies":[{"name":"wp","href":"https:\/\/api.w.org\/{rel}","templated":true}]}}