{"id":36,"date":"2025-03-21T11:33:15","date_gmt":"2025-03-21T09:33:15","guid":{"rendered":"https:\/\/users.utu.fi\/hemara\/?page_id=36"},"modified":"2026-03-24T14:32:37","modified_gmt":"2026-03-24T12:32:37","slug":"esiintymiset","status":"publish","type":"page","link":"https:\/\/users.utu.fi\/hemara\/esiintymiset\/","title":{"rendered":"Esiintymiset"},"content":{"rendered":"<p><strong>Viimeaikaisia konferenssiesitelmi\u00e4:<\/strong><\/p>\n<p>How to Marginalize a Professor &#8211; Norms of the Finnish Science Community. Esitelm\u00e4 konferenssissa <em>Histories of Experience in Society: Frictions, Margins, Ruptures<\/em>, Tampereen yliopiston, 9.\u201311.3.2026.<\/p>\n<p>Kohti suomalaisen yliopistohistorian varjokertomusta. <em>Historiantutkimuksen p\u00e4iv\u00e4t<\/em>, Jyv\u00e4skyl\u00e4n yliopisto, 16.\u201318.10.2025.<\/p>\n<p>On crimes and punishments within the nineteenth-century Finnish academia. <em>Nordic Educational History Conference<\/em>, Tukholman yliopisto 14.-16.5.2025.<\/p>\n<p>Tracing the experience of loss within the past academic communities. <em>Historicizing Experiences, HEX conference<\/em>, Tampereen yliopisto 10. \u201312.3.2025.<\/p>\n<p>The rights and wrongs of past academic life \u2013 some considerations on researcher\u2019s moral duty. Esitelm\u00e4 <em>International Network for Theory of History<\/em> -verkoston konferenssissa, Lissabonin yliopisto, 22.-24.5.2024.<\/p>\n<p>1800-luvun akateemisen historian muistamisesta ja unohtamisesta. <em>1800-luvun tutkimuksen p\u00e4iv\u00e4t<\/em>, Helsinki 18.\u201319.1.2024.<\/p>\n<p>Kirjallisuuden j\u00e4ljet \u2013 lukemisen ruumiillisuudesta 1800-luvun alun Suomessa. <em>Kirjallisuudentutkimuksen p\u00e4iv\u00e4t<\/em>, Turku, 4.\u20135.5.2023.<\/p>\n<p>From literature to revolution? The problem of Finnish Romanticism. Plenary-esitelm\u00e4 kutsuttuna puhujana. <em>Oblicza romantyzmu \/ Romantiikan monet kasvot<\/em> -konferenssi, Varsovan yliopisto, 31.11.\u20131.12.2022.<\/p>\n<p>Friedrich Anton Meyerin kirjapuoti kirjallisen kulttuurin tilana 1800-luvun alun Turussa. Esitelm\u00e4 yhdess\u00e4 Janne Tunturin kanssa sek\u00e4 session puheenjohtajuus, <em>Historiantutkimuksen p\u00e4iv\u00e4t<\/em>, Tampereen yliopisto, 20.\u201322.10.2022.<\/p>\n<p>Fast news, slow connections \u2013 on the rapid movement of texts between Sweden and Finland during the early nineteenth century. Esitelm\u00e4 <em>Nordiska historikerm\u00f6tet<\/em> -konferenssissa, G\u00f6teborgin yliopisto, 8.\u201311.8.2022.<\/p>\n<p>The presence and absence of books in the early nineteenth-century Turku. Esitelm\u00e4 <em>Nordiska historikerm\u00f6tet<\/em> -konferenssissa, G\u00f6teborgin yliopisto, 8.\u201311.8.2022.<\/p>\n<p>Havet och resandets historia. Esitelm\u00e4 kutsuttuna puhujana. <em>XXIII Suomalaiset historiap\u00e4iv\u00e4t<\/em>, verkkotapahtuma, 4.\u20135.2.2022.<\/p>\n<p>&nbsp;<\/p>\n<p><strong>Valikoima muita tuoreita esiintymisi\u00e4:<\/strong><\/p>\n<p>Esitelm\u00e4 &#8221;H\u00e4llstr\u00f6m, yliopisto ja Turku 1800-luvun alussa&#8221; <em>Gustaf Gabriel H\u00e4llstr\u00f6min syntym\u00e4n 250-vuotisjuhlaseminaarissa<\/em>, Suomalaisen Kirjallisuuden Seura 24.10.2025.<\/p>\n<p>Esitelm\u00e4 &#8221;Tidningspressen som arkiv: att hitta individer fr\u00e5n en textmassa&#8221; Suomen sukututkimusseuran seminaarissa <em>Tidningsmaterial som k\u00e4lla f\u00f6r sl\u00e4kthistorisk forskning<\/em> 13.9.2025.<\/p>\n<p>Esitelm\u00e4 &#8221;1800-luvun alun kirjakulttuuria valosta varjoon, kirjastosaleista sivukujille&#8221; Kustavin Volter Kilpi -p\u00e4ivien Tietokirjap\u00e4iv\u00e4ss\u00e4 11.7.2025.<\/p>\n<p>Toimittaja Virpi V\u00e4is\u00e4sen haastateltavana Yle Areenan el\u00e4v\u00e4 historia -podcastien sarjassa ilmestyneeseen \u201dLukemisen vallankumous\u201d jaksoon. Podcast julkaistu maaliskuussa 2025. https:\/\/areena.yle.fi\/podcastit\/1-73157140<\/p>\n<p>Keskustelijana <em>Keisarin majakka<\/em> -oopperan taustoja k\u00e4sittelev\u00e4ss\u00e4 paneelissa yhdess\u00e4 Juhana Saarelaisen, Leena Parkkisen, Pauliina Isom\u00e4en ja Isa Kortekankaan kanssa. Turun kaupunginkirjaston p\u00e4\u00e4kirjastossa, 29.1.2025.<\/p>\n<p>Panelistina <em>Snellman ja suomalaisen sivistysk\u00e4sitys<\/em> -teoksen julkistamistilaisuudessa yhdess\u00e4 Reijo Miettisen, Eero Ojasen ja Michael Uljensin kanssa, haastattelijana Severi H\u00e4m\u00e4ri. Helsingin yliopiston Tiedekulma, 12.12.2024.<\/p>\n<p>Esitelm\u00e4 \u201dHomeros 1800-luvun alun Turussa\u201d, TUCEMEMS-tutkimuskeskuksen j\u00e4rjest\u00e4m\u00e4 Studia Generalia <em>Antiikin aineeton perint\u00f6 Turussa<\/em> -luentosarja Turun kaupunginkirjastossa, 9.12.2024.<\/p>\n<p>\u201dMietteit\u00e4 raiteilla ja raiteilta\u201d. Alustus Akaan puistofilosofiap\u00e4ivill\u00e4 2.8.2024<\/p>\n<p>Esitelm\u00e4 \u201dTurku kirjakaupunkina 1800-luvun alussa\u201d osana <em>Sanojen liike<\/em> -projektin esitelm\u00e4sarjaa <em>Lukutoukkia, kauppiaita ja kadonneita kirjoja \u2013 kirjakulttuuria 1800-luvun alun Suomessa <\/em>Turun kaupunginkirjastossa, lokakuu 2022.<\/p>\n<p>Toimittaja Virpi V\u00e4is\u00e4sen haastateltavana Yle Areenan kolmiosaisessa podcast-sarjassa <em>Matkalla Euroopassa<\/em>. Sarja perustui kirjaani <em>Pikisaaresta Pariisiin<\/em>. Podcastit julkaistu huhtikuussa 2022. https:\/\/areena.yle.fi\/podcastit\/1-62154009<\/p>\n","protected":false},"excerpt":{"rendered":"<p>Viimeaikaisia konferenssiesitelmi\u00e4: How to Marginalize a Professor &#8211; Norms of the Finnish Science Community. Esitelm\u00e4 konferenssissa Histories of Experience in Society: Frictions, Margins, Ruptures, Tampereen yliopiston, 9.\u201311.3.2026. Kohti suomalaisen yliopistohistorian varjokertomusta. Historiantutkimuksen p\u00e4iv\u00e4t, Jyv\u00e4skyl\u00e4n yliopisto, 16.\u201318.10.2025. On crimes and punishments within the nineteenth-century Finnish academia. Nordic Educational History Conference, Tukholman yliopisto 14.-16.5.2025. Tracing the experience &hellip; <a href=\"https:\/\/users.utu.fi\/hemara\/esiintymiset\/\" class=\"more-link\">Jatka artikkeliin <span class=\"screen-reader-text\">Esiintymiset<\/span><\/a><\/p>\n","protected":false},"author":6776,"featured_media":0,"parent":0,"menu_order":0,"comment_status":"closed","ping_status":"closed","template":"","meta":{"footnotes":""},"class_list":["post-36","page","type-page","status-publish","hentry"],"_links":{"self":[{"href":"https:\/\/users.utu.fi\/hemara\/wp-json\/wp\/v2\/pages\/36","targetHints":{"allow":["GET"]}}],"collection":[{"href":"https:\/\/users.utu.fi\/hemara\/wp-json\/wp\/v2\/pages"}],"about":[{"href":"https:\/\/users.utu.fi\/hemara\/wp-json\/wp\/v2\/types\/page"}],"author":[{"embeddable":true,"href":"https:\/\/users.utu.fi\/hemara\/wp-json\/wp\/v2\/users\/6776"}],"replies":[{"embeddable":true,"href":"https:\/\/users.utu.fi\/hemara\/wp-json\/wp\/v2\/comments?post=36"}],"version-history":[{"count":8,"href":"https:\/\/users.utu.fi\/hemara\/wp-json\/wp\/v2\/pages\/36\/revisions"}],"predecessor-version":[{"id":100,"href":"https:\/\/users.utu.fi\/hemara\/wp-json\/wp\/v2\/pages\/36\/revisions\/100"}],"wp:attachment":[{"href":"https:\/\/users.utu.fi\/hemara\/wp-json\/wp\/v2\/media?parent=36"}],"curies":[{"name":"wp","href":"https:\/\/api.w.org\/{rel}","templated":true}]}}