{"id":76,"date":"2025-03-26T15:27:27","date_gmt":"2025-03-26T13:27:27","guid":{"rendered":"https:\/\/users.utu.fi\/hemara\/?page_id=76"},"modified":"2025-03-31T11:24:41","modified_gmt":"2025-03-31T08:24:41","slug":"julkaisutoiminnasta","status":"publish","type":"page","link":"https:\/\/users.utu.fi\/hemara\/julkaisutoiminnasta\/","title":{"rendered":"Julkaisutoiminnasta"},"content":{"rendered":"<p>Ensimm\u00e4inen tutkimusartikkelini ilmestyi vuonna 2003. Olin tuolloin juuri valmistunut filosofian maisteriksi. T\u00e4st\u00e4 varhaisimmasta julkaisusta l\u00e4htien artikkeli on ollut itselleni t\u00e4rke\u00e4 tekstilaji. Suurin osa tieteellisen ty\u00f6ni tuloksista on julkaistu artikkelimuodossa sek\u00e4 kansainv\u00e4lisiss\u00e4 ett\u00e4 kotimaisissa journaaleissa ja antologioissa. Olen kirjoittanut sek\u00e4 yksin ett\u00e4 yhdess\u00e4 kollegoiden kanssa. T\u00e4ydellinen luettelo tuoreemmista julkaisuistani l\u00f6ytyy Turun yliopiston sivuilta, <a href=\"https:\/\/www.utu.fi\/fi\/ihmiset\/heli-rantala\">https:\/\/www.utu.fi\/fi\/ihmiset\/heli-rantala<\/a><\/p>\n<p>Valikoima erityyppisisi\u00e4 kirjoituksiani vuosien varrelta (avoimesti luettavissa):<\/p>\n<p>\u201dVaarallinen Uppsala? Opink\u00e4ynti\u00e4 ja uusia aatteita Uppsalan ja Turun v\u00e4lill\u00e4 1700- ja 1800-lukujen vaihteessa\u201d, teoksessa <em>Tie meren yli. Turun akatemian aate- ja kulttuurihistoriaa 1640\u20131828<\/em>, toim. Johanna Ilmakunnas &amp; Charlotta Wolff, SKS 2024, <a href=\"https:\/\/doi.org\/10.21435\/ht.293\">https:\/\/doi.org\/10.21435\/ht.293<\/a><\/p>\n<p>\u201cTutkijat ja taiteilijat kuvittelemassa historiaa museoalan kanssa\u201d, kirjoitus <em>Museo<\/em>-lehdess\u00e4 (7.10.2024), <a href=\"https:\/\/museolehti.fi\/kentalta\/tutkijat-ja-taiteilijat-kuvittelemassa-historiaa-museoalan-kanssa\/\">https:\/\/museolehti.fi\/kentalta\/tutkijat-ja-taiteilijat-kuvittelemassa-historiaa-museoalan-kanssa\/<\/a><\/p>\n<p>\u201cSylvian laulu, Topelius ja h\u00e4kkilinnut\u201d Aino J\u00e4ms\u00e4n kanssa laadittu kirjoitus <em>Kulttuurihistorian seuran blogissa<\/em> (3.12.2023), <a href=\"https:\/\/kulttuurihistoria.net\/2023\/12\/03\/adventtikalenteri-2023-sylvian-laulu-topelius-ja-hakkilinnut\/\">https:\/\/kulttuurihistoria.net\/2023\/12\/03\/adventtikalenteri-2023-sylvian-laulu-topelius-ja-hakkilinnut\/<\/a><\/p>\n<p>Luvut \u201cFast News, Slow Connections: News travelling over the Baltic Sea during the early nineteenth century\u201d ja \u201cOn Prophets and Poets: Finnish-Swedish literary connections in the nineteenth-century press\u201d, molemmat teoksessa <em>Information Flows across the Baltic Sea: Towards a Computational Approach to Media History<\/em>, toim. Patrik Lundell, Hannu Salmi, Erik Edoff, Jani Marjanen, Petri Paju &amp; Heli Rantala, Mediehistoriskt arkiv 55 2023, <a href=\"https:\/\/mediehistorisktarkiv.se\/bocker\/information-flows-across-the-baltic-sea-towards-a-computational-approach-to-media-history\/\">https:\/\/mediehistorisktarkiv.se\/bocker\/information-flows-across-the-baltic-sea-towards-a-computational-approach-to-media-history\/<\/a><\/p>\n<p>Yhdess\u00e4 Petri Pajun ja Hannu Salmen kanssa kirjoitettu \u201cTowards the Ontology and Epistemology of Text Reuse: Cycles of Information Flows in Finnish Newspapers and Journals, 1771\u20131920\u201d, teoksessa <em>Digitised Newspapers \u2013 A New Eldorado for Historians?: Reflections on Tools, Methods and Epistemology<\/em>, toim. Estelle Bunout, Maud Ehrmann &amp; Fr\u00e9d\u00e9ric Clavert. De Gruyter Oldenbourg, Berlin &amp; Boston 2023, <a href=\"https:\/\/doi.org\/10.1515\/9783110729214-012\">https:\/\/doi.org\/10.1515\/9783110729214-012<\/a><\/p>\n<p>Yhdess\u00e4 Heidi Hakkaraisen kanssa kirjoitettu \u201cThe Travelling of News in 1848: The February Revolution, European News Flows, and the Finnish Press\u201d, <em>Journal of European Periodical Studies<\/em> 6:1 (2022), <a href=\"https:\/\/openjournals.ugent.be\/jeps\/article\/id\/81955\/\">https:\/\/openjournals.ugent.be\/jeps\/article\/id\/81955\/<\/a><\/p>\n<p>\u201dYlioppilaan matkassa. Opink\u00e4ynti\u00e4 ja k\u00e4velemist\u00e4 1800-luvun alussa\u201d, <em>Ennen ja nyt: Historian tietosanomat<\/em> 1\/2022, <a href=\"https:\/\/journal.fi\/ennenjanyt\/article\/view\/113431\">https:\/\/journal.fi\/ennenjanyt\/article\/view\/113431<\/a><\/p>\n<p>\u201cGlobal \u2018revolution\u2019 in the early nineteenth-century Finnish press\u201d, <em>History of European Ideas<\/em> 45:5 (2019), <a href=\"https:\/\/doi.org\/10.1080\/01916599.2018.1558908\">https:\/\/doi.org\/10.1080\/01916599.2018.1558908<\/a><\/p>\n<p>\u201cOn the Origins of \u2018Culture\u2019\u201d, teoksessa <em>They Do Things Differently There: Essays on Cultural History<\/em>, toim. Bruce Johnson &amp; Harri Kiiskinen, k&amp;h, Turku 2011, <a href=\"https:\/\/urn.fi\/URN:NBN:fi-fe2015121825003\">https:\/\/urn.fi\/URN:NBN:fi-fe2015121825003<\/a><\/p>\n<p>\u201dTolstoi, kausaliteetti ja historian liike\u201d, teoksessa <em>Historian aikakoneessa. Onnittelukirja Hannu Salmelle<\/em>, toim. Silja Laine et al., k&amp;h Turku 2011, <a href=\"https:\/\/urn.fi\/URN:ISBN:978-951-29-4625-9\">https:\/\/urn.fi\/URN:ISBN:978-951-29-4625-9<\/a><\/p>\n<p>Ja se ensimm\u00e4inen artikkeli: \u201dAjattelun rajat ja mahdollisuudet \u2013 filosofisten tekstien historiallisesta tulkinnasta\u201d, teoksessa <em>Kohtaamisia ajassa. Kulttuurihistoria ja tulkinnan teoria<\/em>, toim. Sakari Ollitervo, Jussi Parikka &amp; Timo V\u00e4ntsi, k&amp;h Turku 2003, <a href=\"https:\/\/urn.fi\/URN:NBN:fi-fe2015121724762\">https:\/\/urn.fi\/URN:NBN:fi-fe2015121724762<\/a><\/p>\n","protected":false},"excerpt":{"rendered":"<p>Ensimm\u00e4inen tutkimusartikkelini ilmestyi vuonna 2003. Olin tuolloin juuri valmistunut filosofian maisteriksi. T\u00e4st\u00e4 varhaisimmasta julkaisusta l\u00e4htien artikkeli on ollut itselleni t\u00e4rke\u00e4 tekstilaji. Suurin osa tieteellisen ty\u00f6ni tuloksista on julkaistu artikkelimuodossa sek\u00e4 kansainv\u00e4lisiss\u00e4 ett\u00e4 kotimaisissa journaaleissa ja antologioissa. Olen kirjoittanut sek\u00e4 yksin ett\u00e4 yhdess\u00e4 kollegoiden kanssa. T\u00e4ydellinen luettelo tuoreemmista julkaisuistani l\u00f6ytyy Turun yliopiston sivuilta, https:\/\/www.utu.fi\/fi\/ihmiset\/heli-rantala Valikoima erityyppisisi\u00e4 &hellip; <a href=\"https:\/\/users.utu.fi\/hemara\/julkaisutoiminnasta\/\" class=\"more-link\">Jatka artikkeliin <span class=\"screen-reader-text\">Julkaisutoiminnasta<\/span><\/a><\/p>\n","protected":false},"author":6776,"featured_media":0,"parent":0,"menu_order":0,"comment_status":"closed","ping_status":"closed","template":"","meta":{"footnotes":""},"class_list":["post-76","page","type-page","status-publish","hentry"],"_links":{"self":[{"href":"https:\/\/users.utu.fi\/hemara\/wp-json\/wp\/v2\/pages\/76","targetHints":{"allow":["GET"]}}],"collection":[{"href":"https:\/\/users.utu.fi\/hemara\/wp-json\/wp\/v2\/pages"}],"about":[{"href":"https:\/\/users.utu.fi\/hemara\/wp-json\/wp\/v2\/types\/page"}],"author":[{"embeddable":true,"href":"https:\/\/users.utu.fi\/hemara\/wp-json\/wp\/v2\/users\/6776"}],"replies":[{"embeddable":true,"href":"https:\/\/users.utu.fi\/hemara\/wp-json\/wp\/v2\/comments?post=76"}],"version-history":[{"count":4,"href":"https:\/\/users.utu.fi\/hemara\/wp-json\/wp\/v2\/pages\/76\/revisions"}],"predecessor-version":[{"id":87,"href":"https:\/\/users.utu.fi\/hemara\/wp-json\/wp\/v2\/pages\/76\/revisions\/87"}],"wp:attachment":[{"href":"https:\/\/users.utu.fi\/hemara\/wp-json\/wp\/v2\/media?parent=76"}],"curies":[{"name":"wp","href":"https:\/\/api.w.org\/{rel}","templated":true}]}}