{"id":122,"date":"2025-03-11T08:48:26","date_gmt":"2025-03-11T11:48:26","guid":{"rendered":"https:\/\/users.utu.fi\/jantun\/?page_id=122"},"modified":"2025-03-12T02:33:05","modified_gmt":"2025-03-12T05:33:05","slug":"varhaismoderni-aika","status":"publish","type":"page","link":"https:\/\/users.utu.fi\/jantun\/opetus\/varhaismoderni-aika\/","title":{"rendered":"Varhaismoderni aika"},"content":{"rendered":"<p>Olen ollut viime vuosina perusopintojen Aikakaudet II:Varhaismoderni aika -kurssin vastuuopettajana. K\u00e4sittelemme maailman, Euroopan ja Suomen historiaa vuosina 1400-1800. Omat luentoni ovat k\u00e4sitelleet<br \/>\n&#8211; kysymyst\u00e4 Euroopan ekspansiosta. Olemme tarkastelleet eurooppalaisten vaikutusvallan kasvua, mutta samalla tutustuneet my\u00f6s muihin varhaismoderneihin imperiumeihin ja niiss\u00e4 toimineisiin ihmisiin.<br \/>\n&#8211; talouden muutoksia ja niiden vaikutusta kaupunkiel\u00e4m\u00e4ss\u00e4<\/p>\n","protected":false},"excerpt":{"rendered":"<p>Olen ollut viime vuosina perusopintojen Aikakaudet II:Varhaismoderni aika -kurssin vastuuopettajana. K\u00e4sittelemme maailman, Euroopan ja Suomen historiaa vuosina 1400-1800. Omat luentoni ovat k\u00e4sitelleet &#8211; kysymyst\u00e4 Euroopan ekspansiosta. Olemme tarkastelleet eurooppalaisten vaikutusvallan kasvua, mutta samalla tutustuneet my\u00f6s muihin varhaismoderneihin imperiumeihin ja niiss\u00e4 toimineisiin ihmisiin. &#8211; talouden muutoksia ja niiden vaikutusta kaupunkiel\u00e4m\u00e4ss\u00e4<\/p>\n","protected":false},"author":3082,"featured_media":0,"parent":118,"menu_order":2,"comment_status":"closed","ping_status":"closed","template":"","meta":{"footnotes":""},"class_list":["post-122","page","type-page","status-publish","hentry"],"_links":{"self":[{"href":"https:\/\/users.utu.fi\/jantun\/wp-json\/wp\/v2\/pages\/122","targetHints":{"allow":["GET"]}}],"collection":[{"href":"https:\/\/users.utu.fi\/jantun\/wp-json\/wp\/v2\/pages"}],"about":[{"href":"https:\/\/users.utu.fi\/jantun\/wp-json\/wp\/v2\/types\/page"}],"author":[{"embeddable":true,"href":"https:\/\/users.utu.fi\/jantun\/wp-json\/wp\/v2\/users\/3082"}],"replies":[{"embeddable":true,"href":"https:\/\/users.utu.fi\/jantun\/wp-json\/wp\/v2\/comments?post=122"}],"version-history":[{"count":3,"href":"https:\/\/users.utu.fi\/jantun\/wp-json\/wp\/v2\/pages\/122\/revisions"}],"predecessor-version":[{"id":142,"href":"https:\/\/users.utu.fi\/jantun\/wp-json\/wp\/v2\/pages\/122\/revisions\/142"}],"up":[{"embeddable":true,"href":"https:\/\/users.utu.fi\/jantun\/wp-json\/wp\/v2\/pages\/118"}],"wp:attachment":[{"href":"https:\/\/users.utu.fi\/jantun\/wp-json\/wp\/v2\/media?parent=122"}],"curies":[{"name":"wp","href":"https:\/\/api.w.org\/{rel}","templated":true}]}}