{"id":124,"date":"2025-03-11T08:49:10","date_gmt":"2025-03-11T11:49:10","guid":{"rendered":"https:\/\/users.utu.fi\/jantun\/?page_id=124"},"modified":"2025-03-11T12:41:55","modified_gmt":"2025-03-11T15:41:55","slug":"historiankirjoituksen-historia","status":"publish","type":"page","link":"https:\/\/users.utu.fi\/jantun\/opetus\/historiankirjoituksen-historia\/","title":{"rendered":"Historiankirjoituksen historia"},"content":{"rendered":"<p>Olen opettanut historiankirjoituksen historiaa Turun yliopistossa muutamia katkoja lukuunottamatta vuodesta 2006 alkaen. Jatkan traditiota, jonka juuret ulottuvat yliopiston alkuaikoihin asti Turussa on ajateltu, ett\u00e4 oman tieteenalan tuntemus on paitsi sivistyst\u00e4, my\u00f6s keino hahmottaa nykytutkimuksessa teht\u00e4vi\u00e4 valintoja niiden merkityksi\u00e4.<br \/>\nOpetukseni on keskittynyt kansainv\u00e4lisen historiankirjoituksen historiaan. Teemoja ovat olleet:<br \/>\n&#8211; antiikin historiankirjoituksen pitk\u00e4aikainen vaikutus<br \/>\n&#8211; kansankielisen historiankirjoituksen nousu<br \/>\n&#8211; filologian ja l\u00e4hdekritiikin renessanssissa synnytt\u00e4m\u00e4 uusi k\u00e4sitys menneisyydest\u00e4<br \/>\n&#8211; uuden ajan alun historiakulttuurit<br \/>\n&#8211; 1800-luvun moderni historiankirjoitus Berliinin yliopistoa painottaen<br \/>\n&#8211; sotien aika: ranskalainen annalismi ja saksalainen aatehistoria<br \/>\n&#8211; uusia n\u00e4k\u00f6kulmia ja l\u00e4hteit\u00e4 etsiv\u00e4 moderni historiantutkimus 1950-luvulta alkaen<\/p>\n","protected":false},"excerpt":{"rendered":"<p>Olen opettanut historiankirjoituksen historiaa Turun yliopistossa muutamia katkoja lukuunottamatta vuodesta 2006 alkaen. Jatkan traditiota, jonka juuret ulottuvat yliopiston alkuaikoihin asti Turussa on ajateltu, ett\u00e4 oman tieteenalan tuntemus on paitsi sivistyst\u00e4, my\u00f6s keino hahmottaa nykytutkimuksessa teht\u00e4vi\u00e4 valintoja niiden merkityksi\u00e4. Opetukseni on keskittynyt kansainv\u00e4lisen historiankirjoituksen historiaan. Teemoja ovat olleet: &#8211; antiikin historiankirjoituksen pitk\u00e4aikainen vaikutus &#8211; kansankielisen historiankirjoituksen [&hellip;]<\/p>\n","protected":false},"author":3082,"featured_media":0,"parent":118,"menu_order":1,"comment_status":"closed","ping_status":"closed","template":"","meta":{"footnotes":""},"class_list":["post-124","page","type-page","status-publish","hentry"],"_links":{"self":[{"href":"https:\/\/users.utu.fi\/jantun\/wp-json\/wp\/v2\/pages\/124","targetHints":{"allow":["GET"]}}],"collection":[{"href":"https:\/\/users.utu.fi\/jantun\/wp-json\/wp\/v2\/pages"}],"about":[{"href":"https:\/\/users.utu.fi\/jantun\/wp-json\/wp\/v2\/types\/page"}],"author":[{"embeddable":true,"href":"https:\/\/users.utu.fi\/jantun\/wp-json\/wp\/v2\/users\/3082"}],"replies":[{"embeddable":true,"href":"https:\/\/users.utu.fi\/jantun\/wp-json\/wp\/v2\/comments?post=124"}],"version-history":[{"count":2,"href":"https:\/\/users.utu.fi\/jantun\/wp-json\/wp\/v2\/pages\/124\/revisions"}],"predecessor-version":[{"id":131,"href":"https:\/\/users.utu.fi\/jantun\/wp-json\/wp\/v2\/pages\/124\/revisions\/131"}],"up":[{"embeddable":true,"href":"https:\/\/users.utu.fi\/jantun\/wp-json\/wp\/v2\/pages\/118"}],"wp:attachment":[{"href":"https:\/\/users.utu.fi\/jantun\/wp-json\/wp\/v2\/media?parent=124"}],"curies":[{"name":"wp","href":"https:\/\/api.w.org\/{rel}","templated":true}]}}