{"id":126,"date":"2025-03-11T08:50:09","date_gmt":"2025-03-11T11:50:09","guid":{"rendered":"https:\/\/users.utu.fi\/jantun\/?page_id=126"},"modified":"2025-03-28T05:23:42","modified_gmt":"2025-03-28T08:23:42","slug":"machiavelli","status":"publish","type":"page","link":"https:\/\/users.utu.fi\/jantun\/opetus\/yksittaiset-kurssit\/machiavelli\/","title":{"rendered":"Hauras tasavalta &#8211; Machiavelli historiassa"},"content":{"rendered":"<p>Seminaarimuotoinen kurssi k\u00e4sitteli tasavaltalaisuuden aatehistoriaa. L\u00e4ht\u00f6kohtana ovat Niccol\u00f2 Machiavellin kirjoitukset, niiden tulkinnat ja tutkimus. Tutustuimme J. G. A. Pocockin tutkimukseen <em>The Machiavellian Moment. Florentine Political Thought and the Atlantic Republican Tradition<\/em> (1975), Machiavellin omaan ajatteluun sek\u00e4 ns. machiavellismiin. Kurssi perehdytti varhaismodernin tasavaltalaisuuden aatehistoriaan ja k\u00e4sitykseen tasavallan kriisist\u00e4, jota on sovellettu nykyaikaan asti.<\/p>\n<p>J\u00e4rjestimme kurssin yhdess\u00e4 Sakari Ollitervon kanssa. Opetukseni keskittyi Machiavellin el\u00e4m\u00e4\u00e4n, \u00a0Ruhtinaan vaiheisiin k\u00e4sikirjoituksina, Cambrdigen koulukunnan esittelyyn ja Machiavellin reseptioon (1550-1750 sek\u00e4 1900-luvulla).<\/p>\n","protected":false},"excerpt":{"rendered":"<p>Seminaarimuotoinen kurssi k\u00e4sitteli tasavaltalaisuuden aatehistoriaa. L\u00e4ht\u00f6kohtana ovat Niccol\u00f2 Machiavellin kirjoitukset, niiden tulkinnat ja tutkimus. Tutustuimme J. G. A. Pocockin tutkimukseen The Machiavellian Moment. Florentine Political Thought and the Atlantic Republican Tradition (1975), Machiavellin omaan ajatteluun sek\u00e4 ns. machiavellismiin. Kurssi perehdytti varhaismodernin tasavaltalaisuuden aatehistoriaan ja k\u00e4sitykseen tasavallan kriisist\u00e4, jota on sovellettu nykyaikaan asti. J\u00e4rjestimme kurssin yhdess\u00e4 [&hellip;]<\/p>\n","protected":false},"author":3082,"featured_media":0,"parent":156,"menu_order":1,"comment_status":"closed","ping_status":"closed","template":"","meta":{"footnotes":""},"class_list":["post-126","page","type-page","status-publish","hentry"],"_links":{"self":[{"href":"https:\/\/users.utu.fi\/jantun\/wp-json\/wp\/v2\/pages\/126","targetHints":{"allow":["GET"]}}],"collection":[{"href":"https:\/\/users.utu.fi\/jantun\/wp-json\/wp\/v2\/pages"}],"about":[{"href":"https:\/\/users.utu.fi\/jantun\/wp-json\/wp\/v2\/types\/page"}],"author":[{"embeddable":true,"href":"https:\/\/users.utu.fi\/jantun\/wp-json\/wp\/v2\/users\/3082"}],"replies":[{"embeddable":true,"href":"https:\/\/users.utu.fi\/jantun\/wp-json\/wp\/v2\/comments?post=126"}],"version-history":[{"count":3,"href":"https:\/\/users.utu.fi\/jantun\/wp-json\/wp\/v2\/pages\/126\/revisions"}],"predecessor-version":[{"id":129,"href":"https:\/\/users.utu.fi\/jantun\/wp-json\/wp\/v2\/pages\/126\/revisions\/129"}],"up":[{"embeddable":true,"href":"https:\/\/users.utu.fi\/jantun\/wp-json\/wp\/v2\/pages\/156"}],"wp:attachment":[{"href":"https:\/\/users.utu.fi\/jantun\/wp-json\/wp\/v2\/media?parent=126"}],"curies":[{"name":"wp","href":"https:\/\/api.w.org\/{rel}","templated":true}]}}