{"id":139,"date":"2025-03-11T13:33:26","date_gmt":"2025-03-11T16:33:26","guid":{"rendered":"https:\/\/users.utu.fi\/jantun\/?page_id=139"},"modified":"2025-03-11T13:33:52","modified_gmt":"2025-03-11T16:33:52","slug":"kirjahistoria","status":"publish","type":"page","link":"https:\/\/users.utu.fi\/jantun\/opetus\/kirjahistoria\/","title":{"rendered":"Kirjahistoria"},"content":{"rendered":"<p>Olen luennoinut kurssilla useimmin seuraavista aiheista:<br \/>\n&#8211; kirjan vaiheet painamisen j\u00e4lkeen: sensuurin, kirjanv\u00e4lityksen, kirjakauppojen ja lukemisen historia<br \/>\n&#8211; kirjastot ja kirjakokoelmat uuden ajan alusta digiaikaan. Viime kerroilla t\u00e4ss\u00e4 luennossa on painottunut kirjastojen tuhoamisen ja ry\u00f6st\u00e4misen teema<\/p>\n","protected":false},"excerpt":{"rendered":"<p>Olen luennoinut kurssilla useimmin seuraavista aiheista: &#8211; kirjan vaiheet painamisen j\u00e4lkeen: sensuurin, kirjanv\u00e4lityksen, kirjakauppojen ja lukemisen historia &#8211; kirjastot ja kirjakokoelmat uuden ajan alusta digiaikaan. Viime kerroilla t\u00e4ss\u00e4 luennossa on painottunut kirjastojen tuhoamisen ja ry\u00f6st\u00e4misen teema<\/p>\n","protected":false},"author":3082,"featured_media":0,"parent":118,"menu_order":2,"comment_status":"closed","ping_status":"closed","template":"","meta":{"footnotes":""},"class_list":["post-139","page","type-page","status-publish","hentry"],"_links":{"self":[{"href":"https:\/\/users.utu.fi\/jantun\/wp-json\/wp\/v2\/pages\/139","targetHints":{"allow":["GET"]}}],"collection":[{"href":"https:\/\/users.utu.fi\/jantun\/wp-json\/wp\/v2\/pages"}],"about":[{"href":"https:\/\/users.utu.fi\/jantun\/wp-json\/wp\/v2\/types\/page"}],"author":[{"embeddable":true,"href":"https:\/\/users.utu.fi\/jantun\/wp-json\/wp\/v2\/users\/3082"}],"replies":[{"embeddable":true,"href":"https:\/\/users.utu.fi\/jantun\/wp-json\/wp\/v2\/comments?post=139"}],"version-history":[{"count":1,"href":"https:\/\/users.utu.fi\/jantun\/wp-json\/wp\/v2\/pages\/139\/revisions"}],"predecessor-version":[{"id":140,"href":"https:\/\/users.utu.fi\/jantun\/wp-json\/wp\/v2\/pages\/139\/revisions\/140"}],"up":[{"embeddable":true,"href":"https:\/\/users.utu.fi\/jantun\/wp-json\/wp\/v2\/pages\/118"}],"wp:attachment":[{"href":"https:\/\/users.utu.fi\/jantun\/wp-json\/wp\/v2\/media?parent=139"}],"curies":[{"name":"wp","href":"https:\/\/api.w.org\/{rel}","templated":true}]}}