{"id":200,"date":"2025-04-28T20:53:12","date_gmt":"2025-04-28T17:53:12","guid":{"rendered":"https:\/\/users.utu.fi\/jantun\/?page_id=200"},"modified":"2026-02-18T08:30:16","modified_gmt":"2026-02-18T06:30:16","slug":"tervetuloa-welcome","status":"publish","type":"page","link":"https:\/\/users.utu.fi\/jantun\/tervetuloa-welcome\/","title":{"rendered":"Tervetuloa \/ welcome"},"content":{"rendered":"<p>Tervetuloa sivuilleni. Olen historioitsija ja yliopistonlehtori Turun yliopistossa. Kerron tutkimuksestani ja opetuksestani. Nimen h\u00e4m\u00e4r\u00e4 akatemia innoittajana on 2020-luvun alussa \u00a0sosiaalisessa mediassa paljon k\u00e4ytetty termi dark academia.<\/p>\n<p>Oma h\u00e4m\u00e4r\u00e4 akatemiani on hieman erilainen paikka: se koostuu menneisyyden tavoittamattomuudesta, hankitun tiedon tuottamasta ja kaikista niist\u00e4 kohtaamisista, jotka akatemiassa ovat mahdollisia.<\/p>\n<p>Minua kiinnostaa historiallisten tekstien tulkinta, niiden asettaminen fyysisiin kehyksiin (kirjahistoria) ja uusimpien v\u00e4lineiden k\u00e4ytt\u00f6 tutkimuksen ja opetuksen tukena.<\/p>\n<p>&#8212;-<\/p>\n<p>Welcome to my website! I am a historian and a lecturer at the University of Turku. Here, I will tell you about my research and teaching. The name &#8217;H\u00e4m\u00e4r\u00e4 akatemia&#8217; \u00a0is inspired by the term &#8217;dark academia&#8217;, which was widely used on social media in the early 2020s.<\/p>\n<p>My own dark academia is a slightly different place. It encompasses the inaccessibility of the past, the joy of acquired knowledge, and all the possible encounters within the academy.<\/p>\n<p>My interests lie in interpreting historical texts, analysing how they are presented in physical form (book history), and utilising the latest tools to support research and teaching.<\/p>\n<p>&nbsp;<\/p>\n","protected":false},"excerpt":{"rendered":"<p>Tervetuloa sivuilleni. Olen historioitsija ja yliopistonlehtori Turun yliopistossa. Kerron tutkimuksestani ja opetuksestani. Nimen h\u00e4m\u00e4r\u00e4 akatemia innoittajana on 2020-luvun alussa \u00a0sosiaalisessa mediassa paljon k\u00e4ytetty termi dark academia. Oma h\u00e4m\u00e4r\u00e4 akatemiani on hieman erilainen paikka: se koostuu menneisyyden tavoittamattomuudesta, hankitun tiedon tuottamasta ja kaikista niist\u00e4 kohtaamisista, jotka akatemiassa ovat mahdollisia. Minua kiinnostaa historiallisten tekstien tulkinta, niiden asettaminen [&hellip;]<\/p>\n","protected":false},"author":3082,"featured_media":0,"parent":0,"menu_order":0,"comment_status":"closed","ping_status":"closed","template":"","meta":{"footnotes":""},"class_list":["post-200","page","type-page","status-publish","hentry"],"_links":{"self":[{"href":"https:\/\/users.utu.fi\/jantun\/wp-json\/wp\/v2\/pages\/200","targetHints":{"allow":["GET"]}}],"collection":[{"href":"https:\/\/users.utu.fi\/jantun\/wp-json\/wp\/v2\/pages"}],"about":[{"href":"https:\/\/users.utu.fi\/jantun\/wp-json\/wp\/v2\/types\/page"}],"author":[{"embeddable":true,"href":"https:\/\/users.utu.fi\/jantun\/wp-json\/wp\/v2\/users\/3082"}],"replies":[{"embeddable":true,"href":"https:\/\/users.utu.fi\/jantun\/wp-json\/wp\/v2\/comments?post=200"}],"version-history":[{"count":9,"href":"https:\/\/users.utu.fi\/jantun\/wp-json\/wp\/v2\/pages\/200\/revisions"}],"predecessor-version":[{"id":225,"href":"https:\/\/users.utu.fi\/jantun\/wp-json\/wp\/v2\/pages\/200\/revisions\/225"}],"wp:attachment":[{"href":"https:\/\/users.utu.fi\/jantun\/wp-json\/wp\/v2\/media?parent=200"}],"curies":[{"name":"wp","href":"https:\/\/api.w.org\/{rel}","templated":true}]}}