{"id":2,"date":"2026-02-18T13:33:06","date_gmt":"2026-02-18T11:33:06","guid":{"rendered":"https:\/\/users.utu.fi\/jepata\/?page_id=2"},"modified":"2026-04-27T13:32:51","modified_gmt":"2026-04-27T10:32:51","slug":"esimerkkisivu","status":"publish","type":"page","link":"https:\/\/users.utu.fi\/jepata\/esimerkkisivu\/","title":{"rendered":"\u00c9l\u00e9ment humain traduction"},"content":{"rendered":"\n<p>\u00c9nonc\u00e9 de mission\u00a0<\/p>\n\n\n\n<blockquote class=\"wp-block-quote is-layout-flow wp-block-quote-is-layout-flow\">\n<p><\/p>\n<\/blockquote>\n\n\n\n<p>\u00c9nonc\u00e9 de vision<\/p>\n\n\n\n<blockquote class=\"wp-block-quote is-layout-flow wp-block-quote-is-layout-flow\">\n<p><\/p>\n<\/blockquote>\n\n\n\n<p>Notre communaut\u00e9 de travail\u00a0<\/p>\n\n\n\n<blockquote class=\"wp-block-quote is-layout-flow wp-block-quote-is-layout-flow\">\n<p>Hilavitkuttimet Oy perustettiin vuonna 1971 ja se on siit\u00e4 l\u00e4htien tuottanut asiakkailleen laadukkaita hilavitkuttimia. Yli 200 henkil\u00f6\u00e4 ty\u00f6llist\u00e4v\u00e4 Hilavitkuttimet Oy sijaitsee Salossa ja j\u00e4rjest\u00e4\u00e4 kaikenlaisia tempauksia paikallisen yhteis\u00f6n iloksi.<\/p>\n<\/blockquote>\n\n\n\n<p><\/p>\n\n\n\n<p><\/p>\n","protected":false},"excerpt":{"rendered":"<p>\u00c9nonc\u00e9 de mission\u00a0 \u00c9nonc\u00e9 de vision Notre communaut\u00e9 de travail\u00a0 Hilavitkuttimet Oy perustettiin vuonna 1971 ja se on siit\u00e4 l\u00e4htien tuottanut asiakkailleen laadukkaita hilavitkuttimia. Yli 200 henkil\u00f6\u00e4 ty\u00f6llist\u00e4v\u00e4 Hilavitkuttimet Oy sijaitsee Salossa ja j\u00e4rjest\u00e4\u00e4 kaikenlaisia tempauksia paikallisen yhteis\u00f6n iloksi.<\/p>\n","protected":false},"author":6858,"featured_media":0,"parent":0,"menu_order":0,"comment_status":"closed","ping_status":"open","template":"","meta":{"footnotes":""},"class_list":["post-2","page","type-page","status-publish","hentry"],"_links":{"self":[{"href":"https:\/\/users.utu.fi\/jepata\/wp-json\/wp\/v2\/pages\/2","targetHints":{"allow":["GET"]}}],"collection":[{"href":"https:\/\/users.utu.fi\/jepata\/wp-json\/wp\/v2\/pages"}],"about":[{"href":"https:\/\/users.utu.fi\/jepata\/wp-json\/wp\/v2\/types\/page"}],"author":[{"embeddable":true,"href":"https:\/\/users.utu.fi\/jepata\/wp-json\/wp\/v2\/users\/6858"}],"replies":[{"embeddable":true,"href":"https:\/\/users.utu.fi\/jepata\/wp-json\/wp\/v2\/comments?post=2"}],"version-history":[{"count":2,"href":"https:\/\/users.utu.fi\/jepata\/wp-json\/wp\/v2\/pages\/2\/revisions"}],"predecessor-version":[{"id":20,"href":"https:\/\/users.utu.fi\/jepata\/wp-json\/wp\/v2\/pages\/2\/revisions\/20"}],"wp:attachment":[{"href":"https:\/\/users.utu.fi\/jepata\/wp-json\/wp\/v2\/media?parent=2"}],"curies":[{"name":"wp","href":"https:\/\/api.w.org\/{rel}","templated":true}]}}