{"id":86,"date":"2018-11-16T04:14:46","date_gmt":"2018-11-16T01:14:46","guid":{"rendered":"http:\/\/users.utu.fi\/jepino\/?page_id=86"},"modified":"2018-11-16T04:18:05","modified_gmt":"2018-11-16T01:18:05","slug":"memes","status":"publish","type":"page","link":"https:\/\/users.utu.fi\/jepino\/memes\/","title":{"rendered":"Memes"},"content":{"rendered":"<p>T\u00e4ll\u00e4 sivulla hassuja meemej\u00e4<\/p>\n<p><img loading=\"lazy\" decoding=\"async\" class=\"size-medium wp-image-71\" src=\"https:\/\/users.utu.fi\/jepino\/wp-content\/uploads\/sites\/765\/2018\/11\/r\u00e4hin\u00e4k\u00e4nni-300x273.png\" alt=\"\" width=\"300\" height=\"273\" srcset=\"https:\/\/users.utu.fi\/jepino\/wp-content\/uploads\/sites\/765\/2018\/11\/r\u00e4hin\u00e4k\u00e4nni-300x273.png 300w, https:\/\/users.utu.fi\/jepino\/wp-content\/uploads\/sites\/765\/2018\/11\/r\u00e4hin\u00e4k\u00e4nni-768x700.png 768w, https:\/\/users.utu.fi\/jepino\/wp-content\/uploads\/sites\/765\/2018\/11\/r\u00e4hin\u00e4k\u00e4nni-1024x933.png 1024w, https:\/\/users.utu.fi\/jepino\/wp-content\/uploads\/sites\/765\/2018\/11\/r\u00e4hin\u00e4k\u00e4nni.png 1080w\" sizes=\"auto, (max-width: 300px) 100vw, 300px\" \/><\/p>\n","protected":false},"excerpt":{"rendered":"<p>T\u00e4ll\u00e4 sivulla hassuja meemej\u00e4<\/p>\n","protected":false},"author":3174,"featured_media":0,"parent":0,"menu_order":0,"comment_status":"closed","ping_status":"closed","template":"","meta":{"footnotes":""},"class_list":["post-86","page","type-page","status-publish","hentry"],"_links":{"self":[{"href":"https:\/\/users.utu.fi\/jepino\/wp-json\/wp\/v2\/pages\/86","targetHints":{"allow":["GET"]}}],"collection":[{"href":"https:\/\/users.utu.fi\/jepino\/wp-json\/wp\/v2\/pages"}],"about":[{"href":"https:\/\/users.utu.fi\/jepino\/wp-json\/wp\/v2\/types\/page"}],"author":[{"embeddable":true,"href":"https:\/\/users.utu.fi\/jepino\/wp-json\/wp\/v2\/users\/3174"}],"replies":[{"embeddable":true,"href":"https:\/\/users.utu.fi\/jepino\/wp-json\/wp\/v2\/comments?post=86"}],"version-history":[{"count":3,"href":"https:\/\/users.utu.fi\/jepino\/wp-json\/wp\/v2\/pages\/86\/revisions"}],"predecessor-version":[{"id":101,"href":"https:\/\/users.utu.fi\/jepino\/wp-json\/wp\/v2\/pages\/86\/revisions\/101"}],"wp:attachment":[{"href":"https:\/\/users.utu.fi\/jepino\/wp-json\/wp\/v2\/media?parent=86"}],"curies":[{"name":"wp","href":"https:\/\/api.w.org\/{rel}","templated":true}]}}