{"id":15,"date":"2021-10-19T15:33:34","date_gmt":"2021-10-19T12:33:34","guid":{"rendered":"https:\/\/users.utu.fi\/jjahol\/?page_id=15"},"modified":"2023-05-04T16:02:03","modified_gmt":"2023-05-04T13:02:03","slug":"list-of-publications","status":"publish","type":"page","link":"https:\/\/users.utu.fi\/jjahol\/","title":{"rendered":"List of publications"},"content":{"rendered":"<h1>Publications of Ahola, J.<\/h1>\n<h2>Peer-reviewed articles<\/h2>\n<h3>2022<\/h3>\n<ul>\n<li>Ahola, J., Raatikainen, T., Alper, M. E., Keskinen, J.-P., Kokkola, H., Kukkurainen, A., Lipponen, A., Liu, J., Nordling, K., Partanen, A.-I., Romakkaniemi, S., R\u00e4is\u00e4nen, P., Tonttila, J., and Korhonen, H.: Technical note: Parameterising cloud base updraft velocity of marine stratocumuli, Atmos. Chem. Phys., 22, 4523\u20134537, <a href=\"https:\/\/doi.org\/10.5194\/acp-22-4523-2022\">https:\/\/doi.org\/10.5194\/acp-22-4523-2022<\/a>, 2022.<\/li>\n<li>Raatikainen, T., Prank, M., Ahola, J., Kokkola, H., Tonttila, J., and Romakkaniemi, S.: The effect of marine ice-nucleating particles on mixed-phase clouds, Atmos. Chem. Phys., 22, 3763\u20133778, <a href=\"https:\/\/doi.org\/10.5194\/acp-22-3763-2022\">https:\/\/doi.org\/10.5194\/acp-22-3763-2022<\/a>, 2022.<\/li>\n<li>Prank, M., Tonttila, J., Ahola, J., Kokkola, H., K\u00fchn, T., Romakkaniemi, S., and Raatikainen, T.: Impacts of marine organic emissions on low-level stratiform clouds \u2013 a large eddy simulator study, Atmos. Chem. Phys., 22, 10971\u201310992, <a href=\"https:\/\/doi.org\/10.5194\/acp-22-10971-2022\">https:\/\/doi.org\/10.5194\/acp-22-10971-2022<\/a>, 2022.<\/li>\n<\/ul>\n<h3>2021<\/h3>\n<ul>\n<li>\u00a0Ahola, J., Raatikainen, T., Alper, M. E., Keskinen, J.-P., Kokkola, H., Kukkurainen, A., Lipponen, A., Liu, J., Nordling, K., Partanen, A.-I., Romakkaniemi, S., R\u00e4is\u00e4nen, P., Tonttila, J., and Korhonen, H.: Parameterising cloud base updraft velocity of marine stratocumuli, Atmos. Chem. Phys. Discuss. [preprint], <a href=\"https:\/\/doi.org\/10.5194\/acp-2021-757\">https:\/\/doi.org\/10.5194\/acp-2021-757<\/a>, in review, 2021.<\/li>\n<li>Raatikainen, T., Prank, M., Ahola, J., Kokkola, H., Tonttila, J., and Romakkaniemi, S.: The effect of marine ice nucleating particles on mixed-phase clouds, Atmos. Chem. Phys. Discuss. [preprint], <a href=\"https:\/\/doi.org\/10.5194\/acp-2021-537\">https:\/\/doi.org\/10.5194\/acp-2021-537<\/a>, in review, 2021.<\/li>\n<\/ul>\n<h3>2020<\/h3>\n<ul>\n<li>Ahola, J., Korhonen, H., Tonttila, J., Romakkaniemi, S., Kokkola, H., and Raatikainen, T.: Modelling mixed-phase clouds with the large-eddy model UCLALES\u2013SALSA, Atmos. Chem. Phys., 20, 11639\u201311654, <a href=\"https:\/\/doi.org\/10.5194\/acp-20-11639-2020\">https:\/\/doi.org\/10.5194\/acp-20-11639-2020<\/a>, 2020.<\/li>\n<\/ul>\n<h3>2018<\/h3>\n<ul>\n<li>Pietik\u00e4inen, J.-P., Markkanen, T., Sieck, K., Jacob, D., Korhonen, J., R\u00e4is\u00e4nen, P., Gao, Y., Ahola, J., Korhonen, H., Laaksonen, A., and Kaurola, J.: The regional climate model REMO (v2015) coupled with the 1-D freshwater lake model FLake (v1): Fenno-Scandinavian climate and lakes, Geosci. Model Dev., 11, 1321\u20131342, <a href=\"https:\/\/doi.org\/10.5194\/gmd-11-1321-2018\">https:\/\/doi.org\/10.5194\/gmd-11-1321-2018<\/a>, 2018.<\/li>\n<\/ul>\n<p>&nbsp;<\/p>\n<h2>Conference abstracts as a first author<\/h2>\n<h3>2020<\/h3>\n<ul>\n<li>Ahola, J., Korhonen, H., Tonttila, J., Romakkaniemi, S., Kokkola, H., Raatikainen, T.: Modelling mixed-phase clouds with large-eddy model UCLALES-SALSA, Geophysical Research Abstracts Vol 22, EGU2020-13448, EGU General Assembly, 4-8 May, 2020.<\/li>\n<\/ul>\n<h3>2018<\/h3>\n<ul>\n<li>Ahola, J., Raatikainen, T., Tonttila, J., Romakkaniemi, S., Kokkola, H., Korhonen, H.: Modelling Ice Microphysics and Aerosol-cloud Interactions in Mixed-phase Clouds, AOGS Annual Meeting, Honolulu, Hawaii, USA, 3-8 June, 2018.<\/li>\n<li>Ahola, J., Raatikainen, T., Tonttila, J., Romakkaniemi, S., Kokkola, H., Korhonen, H.: Modeling ice of the mixed-phase clouds, Conference on Mathematics of Planet Earth, Philadelphia, Pennsylvania, USA, 13-15 September, 2018.<\/li>\n<li>Ahola, J., Raatikainen, T., Tonttila, J., Romakkaniemi, S., Kokkola, H., Korhonen, H.: Modelling Ice Microphysics and Aerosol-Cloud Interactions in Mixed-phase Clouds, 7th Finnish Climate Modelling Seminar, Helsinki, Finland, 4-5 December, 2018.<\/li>\n<\/ul>\n<h3>2017<\/h3>\n<ul>\n<li>Ahola, J., Raatikainen, T., Tonttila, J., Romakkaniemi, S., Kokkola, H., Korhonen, H.: Modelling ice microphysics of mixed-phase clouds, AGU Fall Meeting, New Orleans, Louisiana, USA, 11-15 December, 2017.<\/li>\n<\/ul>\n<h3>2016<\/h3>\n<ul>\n<li>Ahola, J., Raatikainen, T., Tonttila, J., Romakkaniemi, S., Korhonen, H.: Implementing ice microphysics to a large eddy simulation model coupled with sectional aerosol module, The International Conference on Clouds &amp; Precipitation, Manchester, UK, 25-29 July, 2016.<\/li>\n<\/ul>\n","protected":false},"excerpt":{"rendered":"<p>Publications of Ahola, J. Peer-reviewed articles 2022 Ahola, J., Raatikainen, T., Alper, M. E., Keskinen, J.-P., Kokkola, H., Kukkurainen, A., Lipponen, A., Liu, J., Nordling, K., Partanen, A.-I., Romakkaniemi, S., R\u00e4is\u00e4nen, P., Tonttila, J., and Korhonen, H.: Technical note: Parameterising cloud base updraft velocity of marine stratocumuli, Atmos. Chem. Phys., 22, 4523\u20134537, https:\/\/doi.org\/10.5194\/acp-22-4523-2022, 2022. Raatikainen,&hellip; <a class=\"more-link\" href=\"https:\/\/users.utu.fi\/jjahol\/\">Continue reading <span class=\"screen-reader-text\">List of publications<\/span><\/a><\/p>\n","protected":false},"author":6558,"featured_media":0,"parent":0,"menu_order":0,"comment_status":"closed","ping_status":"closed","template":"","meta":{"footnotes":""},"class_list":["post-15","page","type-page","status-publish","hentry","entry"],"_links":{"self":[{"href":"https:\/\/users.utu.fi\/jjahol\/wp-json\/wp\/v2\/pages\/15","targetHints":{"allow":["GET"]}}],"collection":[{"href":"https:\/\/users.utu.fi\/jjahol\/wp-json\/wp\/v2\/pages"}],"about":[{"href":"https:\/\/users.utu.fi\/jjahol\/wp-json\/wp\/v2\/types\/page"}],"author":[{"embeddable":true,"href":"https:\/\/users.utu.fi\/jjahol\/wp-json\/wp\/v2\/users\/6558"}],"replies":[{"embeddable":true,"href":"https:\/\/users.utu.fi\/jjahol\/wp-json\/wp\/v2\/comments?post=15"}],"version-history":[{"count":4,"href":"https:\/\/users.utu.fi\/jjahol\/wp-json\/wp\/v2\/pages\/15\/revisions"}],"predecessor-version":[{"id":32,"href":"https:\/\/users.utu.fi\/jjahol\/wp-json\/wp\/v2\/pages\/15\/revisions\/32"}],"wp:attachment":[{"href":"https:\/\/users.utu.fi\/jjahol\/wp-json\/wp\/v2\/media?parent=15"}],"curies":[{"name":"wp","href":"https:\/\/api.w.org\/{rel}","templated":true}]}}