{"id":57,"date":"2025-01-08T19:53:36","date_gmt":"2025-01-08T17:53:36","guid":{"rendered":"https:\/\/users.utu.fi\/jmmpal\/?page_id=57"},"modified":"2026-03-17T09:24:53","modified_gmt":"2026-03-17T07:24:53","slug":"opetus","status":"publish","type":"page","link":"https:\/\/users.utu.fi\/jmmpal\/opetus\/","title":{"rendered":"Opetus"},"content":{"rendered":"<p>Toimin vierailevana luennoitsijana Sein\u00e4joen ammattikorkeakoululla. Lataan luentojeni aikataulut ja diat t\u00e4lle sivulle.<\/p>\n<h4>L\u00e4\u00e4ketieteen erityiskysymykset (kev\u00e4tlukukausi 2026)<\/h4>\n<ol>\n<li><a href=\"https:\/\/users.utu.fi\/jmmpal\/wp-content\/uploads\/sites\/1424\/2026\/01\/260121-AVH_jakoon.pdf\">Aivoverenkiertoh\u00e4iri\u00f6t (ke 21.1.2026 klo 16-18)<\/a><\/li>\n<li><a href=\"https:\/\/users.utu.fi\/jmmpal\/wp-content\/uploads\/sites\/1424\/2026\/03\/260218-EPM_jakoon.pptx\">Neurologiset sairaudet (ke 18.2.2026 klo 16-18)<\/a><\/li>\n<li><a href=\"https:\/\/users.utu.fi\/jmmpal\/wp-content\/uploads\/sites\/1424\/2026\/03\/260317-Hematologia_jakoon.pptx\">Hematologia (ti 17.3.2026 klo 16-18)<\/a><\/li>\n<li>Munuaissairaudet (ke 25.3.2026 klo 16-18)<\/li>\n<li>Syd\u00e4men vajaatoiminta (to 26.3.2026 klo 16-18)<\/li>\n<\/ol>\n<h4>L\u00e4\u00e4ketieteen erityiskysymykset (kev\u00e4tlukukausi 2025)<\/h4>\n<ol>\n<li><a href=\"https:\/\/users.utu.fi\/jmmpal\/wp-content\/uploads\/sites\/1424\/2025\/01\/250114-AVH_jakoon.pptx\">Aivoverenkiertoh\u00e4iri\u00f6t (ti 14.1.2025 klo 16-18)<\/a><\/li>\n<li><a href=\"https:\/\/users.utu.fi\/jmmpal\/wp-content\/uploads\/sites\/1424\/2025\/01\/250121-EPM_jakoon.pptx\">Neurologiset sairaudet (ti 21.1.2025 klo 16-18)<\/a><\/li>\n<li><a href=\"https:\/\/users.utu.fi\/jmmpal\/wp-content\/uploads\/sites\/1424\/2025\/01\/250122-Hematologia_jakoon.pptx\">Hematologia (ke 22.1.2025 klo 16-18)<\/a><\/li>\n<li><a href=\"https:\/\/users.utu.fi\/jmmpal\/wp-content\/uploads\/sites\/1424\/2025\/01\/250128-Munuaiset_jakoon.pptx\">Munuaissairaudet (ti 28.1.2025 klo 16-18)<\/a><\/li>\n<\/ol>\n","protected":false},"excerpt":{"rendered":"<p>Toimin vierailevana luennoitsijana Sein\u00e4joen ammattikorkeakoululla. Lataan luentojeni aikataulut ja diat t\u00e4lle sivulle. L\u00e4\u00e4ketieteen erityiskysymykset (kev\u00e4tlukukausi 2026) Aivoverenkiertoh\u00e4iri\u00f6t (ke 21.1.2026 klo 16-18) Neurologiset sairaudet (ke 18.2.2026 klo 16-18) Hematologia (ti 17.3.2026 klo 16-18) Munuaissairaudet (ke 25.3.2026 klo 16-18) Syd\u00e4men vajaatoiminta (to 26.3.2026 klo 16-18) L\u00e4\u00e4ketieteen erityiskysymykset (kev\u00e4tlukukausi 2025) Aivoverenkiertoh\u00e4iri\u00f6t (ti 14.1.2025 klo 16-18) Neurologiset sairaudet (ti &#8230;<a class=\"post-readmore\" href=\"https:\/\/users.utu.fi\/jmmpal\/opetus\/\">read more<\/a><\/p>\n","protected":false},"author":6791,"featured_media":0,"parent":0,"menu_order":1,"comment_status":"closed","ping_status":"closed","template":"","meta":{"footnotes":""},"class_list":["post-57","page","type-page","status-publish","hentry"],"_links":{"self":[{"href":"https:\/\/users.utu.fi\/jmmpal\/wp-json\/wp\/v2\/pages\/57","targetHints":{"allow":["GET"]}}],"collection":[{"href":"https:\/\/users.utu.fi\/jmmpal\/wp-json\/wp\/v2\/pages"}],"about":[{"href":"https:\/\/users.utu.fi\/jmmpal\/wp-json\/wp\/v2\/types\/page"}],"author":[{"embeddable":true,"href":"https:\/\/users.utu.fi\/jmmpal\/wp-json\/wp\/v2\/users\/6791"}],"replies":[{"embeddable":true,"href":"https:\/\/users.utu.fi\/jmmpal\/wp-json\/wp\/v2\/comments?post=57"}],"version-history":[{"count":12,"href":"https:\/\/users.utu.fi\/jmmpal\/wp-json\/wp\/v2\/pages\/57\/revisions"}],"predecessor-version":[{"id":234,"href":"https:\/\/users.utu.fi\/jmmpal\/wp-json\/wp\/v2\/pages\/57\/revisions\/234"}],"wp:attachment":[{"href":"https:\/\/users.utu.fi\/jmmpal\/wp-json\/wp\/v2\/media?parent=57"}],"curies":[{"name":"wp","href":"https:\/\/api.w.org\/{rel}","templated":true}]}}