{"id":59,"date":"2025-01-08T19:53:45","date_gmt":"2025-01-08T17:53:45","guid":{"rendered":"https:\/\/users.utu.fi\/jmmpal\/?page_id=59"},"modified":"2025-02-24T15:43:05","modified_gmt":"2025-02-24T13:43:05","slug":"tutkimus","status":"publish","type":"page","link":"https:\/\/users.utu.fi\/jmmpal\/tutkimus\/","title":{"rendered":"Tutkimus"},"content":{"rendered":"<p>Toimin v\u00e4it\u00f6skirjatutkijana Turun yliopistolla. Kiinnostuksen kohteitani ovat virukset, neurologiset sairaudet, sy\u00f6p\u00e4sairaudet, solu- ja molekyylibiologia sek\u00e4 geeniterapia. Tavoitteenani on oppia ymm\u00e4rt\u00e4m\u00e4\u00e4n solujen vuorovaikutusta solunulkoisen aineen kanssa sek\u00e4 l\u00f6yt\u00e4\u00e4 keinoja hy\u00f6dynt\u00e4\u00e4 t\u00e4t\u00e4 vuorovaikutusta l\u00e4\u00e4kekehityksess\u00e4. Yhteystietoni l\u00f6yd\u00e4t yliopiston <a href=\"https:\/\/www.utu.fi\/fi\/ihmiset\/jussi-palomaki\">nettisivuilta<\/a>.<\/p>\n<h4>Vertaisarvioidut alkuper\u00e4isartikkelit (A1)<\/h4>\n<ul>\n<li>Bowen, C. D., Paavilainen, H., Renner, D. W., Palom\u00e4ki, J., Lehtinen, J., Vuorinen, T., Norberg, P., Hukkanen, V., &amp; Szpara, M. L. (2019). Comparison of Herpes Simplex Virus 1 Strains Circulating in Finland Demonstrates the Uncoupling of Whole-Genome Relatedness and Phenotypic Outcomes of Viral Infection. Journal of Virology, 93(8), 1\u201313.\u00a0[<a href=\"https:\/\/doi.org\/10.1128\/jvi.01824-18\">doi<\/a>] [<a href=\"https:\/\/journals.asm.org\/doi\/10.1128\/jvi.01824-18\">www<\/a>]<\/li>\n<li>Palom\u00e4ki, J., Kalke, K., Orpana, J., Lund, L., Frejborg, F., Paavilainen, H., J\u00e4rvel\u00e4inen, H., &amp; Hukkanen, V. (2023). Attenuated Replication-Competent Herpes Simplex Virus Expressing an ECM-Modifying Transgene Hyaluronan Synthase 2 of Naked Mole Rat in Oncolytic Gene Therapy. Microorganisms, 11(11), 2657. [<a href=\"https:\/\/doi.org\/10.3390\/microorganisms11112657\">doi<\/a>] [<a href=\"https:\/\/www.mdpi.com\/2076-2607\/11\/11\/2657\">www<\/a>] [<a href=\"https:\/\/users.utu.fi\/jmmpal\/2023\/11\/27\/kaljumyyrikon-has2-siirtogeenina-onkolyyttisessa-hsv-vektorissa\/\">blog<\/a>]<\/li>\n<li>Frejborg, F., Palom\u00e4ki, J., Kalke, K., Orpana, J., Koivisto, O., Paavilainen, H., Rosenholm, J. M., Zhang, H., Hukkanen, V., &amp; J\u00e4rvel\u00e4inen, H. (2025). Decorin Expressed From Herpes Simplex Virus Vector Improves Oncolytic Efficacy in Lung Adenocarcinoma Cells. Proteoglycan Research, 3(1), 1\u201311. [<a href=\"https:\/\/doi.org\/10.1002\/pgr2.70016\">doi<\/a>] [<a href=\"https:\/\/onlinelibrary.wiley.com\/doi\/10.1002\/pgr2.70016\">www<\/a>] [<a href=\"https:\/\/users.utu.fi\/jmmpal\/2025\/01\/14\/dekoriini-siirtogeenina-onkolyyttisessa-hsv-vektorissa\/\">blog<\/a>]<\/li>\n<\/ul>\n<h4>Artikkelit ammattilehdess\u00e4 (D1)<\/h4>\n<ul>\n<li>Palom\u00e4ki, J., &amp; Hukkanen, V. (2012). HSV-geenihoitovektorit MS-taudin el\u00e4inmallin hoidossa. Solubiologi, 2\/2012, 9\u201321. [<a href=\"http:\/\/www.suomensolubiologit.fi\/solubiologi-22012\/\">www<\/a>]<\/li>\n<li>Palom\u00e4ki, J., Hukkanen, V., &amp; J\u00e4rvel\u00e4inen, H. (2024). Kaljumyyrik\u00f6n sy\u00f6p\u00e4resistenssi ja sen sovellutusmahdollisuudet tulevaisuuden l\u00e4\u00e4kekehityksess\u00e4. Solubiologi, 2\/2024, 14-21. [<a href=\"https:\/\/users.utu.fi\/jmmpal\/2025\/01\/15\/suomenkielinen-katsaus-kaljumyyrikon-syoparesistenssista\/\">blog<\/a>]<\/li>\n<li>Palom\u00e4ki, J., (2025). Vinkist\u00e4 vihi\u00e4: Urheilullisen miehen juhannuksen j\u00e4lkeinen kuumeilu. L\u00e4\u00e4ketieteellinen Aikakauskirja Duodecim 2025;141(4):316. [<a href=\"https:\/\/www.duodecimlehti.fi\/duo18663\/\">www<\/a>]<\/li>\n<\/ul>\n<h4>Posterit<\/h4>\n<p><a href=\"https:\/\/www.helsinki.fi\/en\/conferences\/virology-days-2024-conference\/posters\"><img loading=\"lazy\" decoding=\"async\" class=\"alignleft wp-image-140 size-medium\" src=\"https:\/\/users.utu.fi\/jmmpal\/wp-content\/uploads\/sites\/1424\/2025\/02\/poster_2024_web-214x300.jpg\" alt=\"\" width=\"214\" height=\"300\" srcset=\"https:\/\/users.utu.fi\/jmmpal\/wp-content\/uploads\/sites\/1424\/2025\/02\/poster_2024_web-214x300.jpg 214w, https:\/\/users.utu.fi\/jmmpal\/wp-content\/uploads\/sites\/1424\/2025\/02\/poster_2024_web.jpg 400w\" sizes=\"auto, (max-width: 214px) 100vw, 214px\" \/><\/a><\/p>\n<p><a href=\"https:\/\/www.jyu.fi\/en\/events\/virology-days-2025-conference\"><img loading=\"lazy\" decoding=\"async\" class=\"alignleft wp-image-141 size-medium\" src=\"https:\/\/users.utu.fi\/jmmpal\/wp-content\/uploads\/sites\/1424\/2025\/02\/poster2025_web4-214x300.jpg\" alt=\"\" width=\"214\" height=\"300\" srcset=\"https:\/\/users.utu.fi\/jmmpal\/wp-content\/uploads\/sites\/1424\/2025\/02\/poster2025_web4-214x300.jpg 214w, https:\/\/users.utu.fi\/jmmpal\/wp-content\/uploads\/sites\/1424\/2025\/02\/poster2025_web4.jpg 400w\" sizes=\"auto, (max-width: 214px) 100vw, 214px\" \/><\/a><\/p>\n","protected":false},"excerpt":{"rendered":"<p>Toimin v\u00e4it\u00f6skirjatutkijana Turun yliopistolla. Kiinnostuksen kohteitani ovat virukset, neurologiset sairaudet, sy\u00f6p\u00e4sairaudet, solu- ja molekyylibiologia sek\u00e4 geeniterapia. Tavoitteenani on oppia ymm\u00e4rt\u00e4m\u00e4\u00e4n solujen vuorovaikutusta solunulkoisen aineen kanssa sek\u00e4 l\u00f6yt\u00e4\u00e4 keinoja hy\u00f6dynt\u00e4\u00e4 t\u00e4t\u00e4 vuorovaikutusta l\u00e4\u00e4kekehityksess\u00e4. Yhteystietoni l\u00f6yd\u00e4t yliopiston nettisivuilta. Vertaisarvioidut alkuper\u00e4isartikkelit (A1) Bowen, C. D., Paavilainen, H., Renner, D. W., Palom\u00e4ki, J., Lehtinen, J., Vuorinen, T., Norberg, P., &#8230;<a class=\"post-readmore\" href=\"https:\/\/users.utu.fi\/jmmpal\/tutkimus\/\">read more<\/a><\/p>\n","protected":false},"author":6791,"featured_media":0,"parent":0,"menu_order":3,"comment_status":"closed","ping_status":"closed","template":"","meta":{"footnotes":""},"class_list":["post-59","page","type-page","status-publish","hentry"],"_links":{"self":[{"href":"https:\/\/users.utu.fi\/jmmpal\/wp-json\/wp\/v2\/pages\/59","targetHints":{"allow":["GET"]}}],"collection":[{"href":"https:\/\/users.utu.fi\/jmmpal\/wp-json\/wp\/v2\/pages"}],"about":[{"href":"https:\/\/users.utu.fi\/jmmpal\/wp-json\/wp\/v2\/types\/page"}],"author":[{"embeddable":true,"href":"https:\/\/users.utu.fi\/jmmpal\/wp-json\/wp\/v2\/users\/6791"}],"replies":[{"embeddable":true,"href":"https:\/\/users.utu.fi\/jmmpal\/wp-json\/wp\/v2\/comments?post=59"}],"version-history":[{"count":23,"href":"https:\/\/users.utu.fi\/jmmpal\/wp-json\/wp\/v2\/pages\/59\/revisions"}],"predecessor-version":[{"id":185,"href":"https:\/\/users.utu.fi\/jmmpal\/wp-json\/wp\/v2\/pages\/59\/revisions\/185"}],"wp:attachment":[{"href":"https:\/\/users.utu.fi\/jmmpal\/wp-json\/wp\/v2\/media?parent=59"}],"curies":[{"name":"wp","href":"https:\/\/api.w.org\/{rel}","templated":true}]}}