{"id":95,"date":"2025-01-10T15:15:29","date_gmt":"2025-01-10T13:15:29","guid":{"rendered":"https:\/\/users.utu.fi\/jmmpal\/?page_id=95"},"modified":"2025-11-05T21:37:08","modified_gmt":"2025-11-05T19:37:08","slug":"terveys","status":"publish","type":"page","link":"https:\/\/users.utu.fi\/jmmpal\/terveys\/","title":{"rendered":"Terveys"},"content":{"rendered":"<p>Valmistuin l\u00e4\u00e4k\u00e4riksi Turun yliopistosta toukokuussa 2015 ja olen aloittanut neurologiaan erikoistumisen maaliskuussa 2018. Neurologian lis\u00e4ksi kiinnostuksen kohteinani ovat sy\u00f6p\u00e4sairaudet sek\u00e4 psykiatria. Toimin t\u00e4ll\u00e4 hetkell\u00e4 yleisl\u00e4\u00e4k\u00e4rin\u00e4 Etel\u00e4-Pohjanmaan hyvinvointialueella sek\u00e4 <a href=\"https:\/\/www.terveystalo.com\/fi\/asiantuntijat\/p\/jussi-palomaki\">Sein\u00e4joen Terveystalolla<\/a>. En vastaa henkil\u00f6kohtaisiin l\u00e4\u00e4ketieteellisiin konsultaatioihin s\u00e4hk\u00f6postin enk\u00e4 nettisivujen kommenttikent\u00e4n kautta.<\/p>\n<p>Olen pyrkinyt hy\u00f6dynt\u00e4m\u00e4\u00e4n IT-osaamistani ja kehitt\u00e4m\u00e4\u00e4n yksinkertaisia apuv\u00e4lineit\u00e4 ty\u00f6n tueksi, joihin voit tutustua t\u00e4ll\u00e4 sivulla. Kaikki t\u00e4ll\u00e4 sivulla listatut apuv\u00e4lineet on kehitetty puhtaasti harrastepohjalta eik\u00e4 niit\u00e4 ole tarkoitettu itsediagnostiikkaan eik\u00e4 ammattik\u00e4ytt\u00f6\u00f6n, vaan l\u00e4hinn\u00e4 demonstraatioksi siit\u00e4, miten toistuvia ty\u00f6vaiheita on mahdollista automatisoida ilman massiivisia julkistaloudellisia investointeja.<\/p>\n<h4>PEF-laskuri<\/h4>\n<p>PEF (peak expiratory flow) eli uloshengityksen huippuvirtaus kertoo, miten nopeaan uloshengitykseen ihminen pystyy syv\u00e4n sis\u00e4\u00e4nhengityksen j\u00e4lkeen. PEF-arvon alenema, aleneman korjaantuminen avaavalla astmal\u00e4\u00e4kkeell\u00e4 ja vuorokausivaihtelu ovat astman l\u00f6yd\u00f6ksi\u00e4. Tekem\u00e4ni excel-taulukko laskukaavoineen auttaa tunnistamaan poikkeavan vuorokausivaihtelun, bronkodilataatiovasteen (eli aleneman korjaantumisen astmal\u00e4\u00e4kkeell\u00e4) tai ep\u00e4onnistuneen mittauksen siihen sy\u00f6tetyist\u00e4 arvoista. Kyseess\u00e4 ei ole CE-merkitty l\u00e4\u00e4kinn\u00e4llinen laite, joten se on tarkoitettu ainoastaan kokeiluk\u00e4ytt\u00f6\u00f6n, eik\u00e4 sit\u00e4 tule k\u00e4ytt\u00e4\u00e4 kliinisess\u00e4 potilasty\u00f6ss\u00e4.<\/p>\n<p>Voit ladata PEF-laskurin t\u00e4st\u00e4: <a href=\"https:\/\/users.utu.fi\/jmmpal\/wp-content\/uploads\/sites\/1424\/2025\/01\/pef-laskuri.xlsx\">pef-laskuri.xlsx<\/a> (17 kt)<\/p>\n<h4>Tapausselostuksia<\/h4>\n<ol>\n<li>Palom\u00e4ki, J., (2025). Vinkist\u00e4 vihi\u00e4: Urheilullisen miehen juhannuksen j\u00e4lkeinen kuumeilu. L\u00e4\u00e4ketieteellinen Aikakauskirja Duodecim 2025;141(4):316. [<a href=\"https:\/\/www.duodecimlehti.fi\/duo18663\/\">www<\/a>]<\/li>\n<\/ol>\n","protected":false},"excerpt":{"rendered":"<p>Valmistuin l\u00e4\u00e4k\u00e4riksi Turun yliopistosta toukokuussa 2015 ja olen aloittanut neurologiaan erikoistumisen maaliskuussa 2018. Neurologian lis\u00e4ksi kiinnostuksen kohteinani ovat sy\u00f6p\u00e4sairaudet sek\u00e4 psykiatria. Toimin t\u00e4ll\u00e4 hetkell\u00e4 yleisl\u00e4\u00e4k\u00e4rin\u00e4 Etel\u00e4-Pohjanmaan hyvinvointialueella sek\u00e4 Sein\u00e4joen Terveystalolla. En vastaa henkil\u00f6kohtaisiin l\u00e4\u00e4ketieteellisiin konsultaatioihin s\u00e4hk\u00f6postin enk\u00e4 nettisivujen kommenttikent\u00e4n kautta. Olen pyrkinyt hy\u00f6dynt\u00e4m\u00e4\u00e4n IT-osaamistani ja kehitt\u00e4m\u00e4\u00e4n yksinkertaisia apuv\u00e4lineit\u00e4 ty\u00f6n tueksi, joihin voit tutustua t\u00e4ll\u00e4 sivulla. &#8230;<a class=\"post-readmore\" href=\"https:\/\/users.utu.fi\/jmmpal\/terveys\/\">read more<\/a><\/p>\n","protected":false},"author":6791,"featured_media":0,"parent":0,"menu_order":2,"comment_status":"closed","ping_status":"closed","template":"","meta":{"footnotes":""},"class_list":["post-95","page","type-page","status-publish","hentry"],"_links":{"self":[{"href":"https:\/\/users.utu.fi\/jmmpal\/wp-json\/wp\/v2\/pages\/95","targetHints":{"allow":["GET"]}}],"collection":[{"href":"https:\/\/users.utu.fi\/jmmpal\/wp-json\/wp\/v2\/pages"}],"about":[{"href":"https:\/\/users.utu.fi\/jmmpal\/wp-json\/wp\/v2\/types\/page"}],"author":[{"embeddable":true,"href":"https:\/\/users.utu.fi\/jmmpal\/wp-json\/wp\/v2\/users\/6791"}],"replies":[{"embeddable":true,"href":"https:\/\/users.utu.fi\/jmmpal\/wp-json\/wp\/v2\/comments?post=95"}],"version-history":[{"count":12,"href":"https:\/\/users.utu.fi\/jmmpal\/wp-json\/wp\/v2\/pages\/95\/revisions"}],"predecessor-version":[{"id":212,"href":"https:\/\/users.utu.fi\/jmmpal\/wp-json\/wp\/v2\/pages\/95\/revisions\/212"}],"wp:attachment":[{"href":"https:\/\/users.utu.fi\/jmmpal\/wp-json\/wp\/v2\/media?parent=95"}],"curies":[{"name":"wp","href":"https:\/\/api.w.org\/{rel}","templated":true}]}}