{"id":37,"date":"2022-08-25T10:19:30","date_gmt":"2022-08-25T07:19:30","guid":{"rendered":"https:\/\/users.utu.fi\/jumyli\/?page_id=37"},"modified":"2026-02-04T21:09:49","modified_gmt":"2026-02-04T19:09:49","slug":"fi","status":"publish","type":"page","link":"https:\/\/users.utu.fi\/jumyli\/fi\/","title":{"rendered":"Jussi Ylikoski"},"content":{"rendered":"<p><em><a href=\"https:\/\/users.utu.fi\/jumyli\/en\/\">In English<\/a><\/em><\/p>\n<p><img decoding=\"async\" class=\"alignnone wp-image-28 size-medium\" src=\"https:\/\/users.utu.fi\/jumyli\/wp-content\/uploads\/sites\/1378\/2023\/05\/jussi_ylikoski.jpg\" alt=\"Jussi Ylikoski\" width=\"300\" \/><\/p>\n<p>Olen kielentutkija. Syyskuusta 2022 l\u00e4htien toimin suomalais-ugrilaisen kielentutkimuksen professorina Turun yliopistossa. Toimin my\u00f6s vierailevana m\u00e4\u00e4r\u00e4aikaisena professorina <a href=\"http:\/\/samas.no\/\" target=\"_blank\" rel=\"noopener\">Saamelaisessa korkeakoulussa<\/a> Koutokeinossa.<\/p>\n<p>Taustaltani olen l\u00e4hinn\u00e4 saamelaiskieliin erikoistunut fennougristi ja oikeastaan my\u00f6s fennisti, joka on aiemmin ty\u00f6skennellyt my\u00f6s Helsingin yliopistossa, UiT Norjan arktisessa yliopistossa Tromssassa ja viimeksi vuosina 2017\u20132022 saamen kielen professorina Oulun yliopistossa.<\/p>\n<p>Viime vuosina olen tutkinut erityisesti saamea ja it\u00e4merensuomea. Olen my\u00f6s tutkinut muun muassa permil\u00e4isi\u00e4 kieli\u00e4 komia ja udmurttia sek\u00e4 maria \u2013 ynn\u00e4 n\u00e4iden kaikkien yhteist\u00e4 uralilaista kantakielt\u00e4. Kiinnostukseni kohteita ovat muun muassa saamen, it\u00e4merensuomen ja muiden uralilaiskielten kieliopillisten ainesten funktiot ja alkuper\u00e4 sek\u00e4 n\u00e4iden kielten kieliopit ylip\u00e4\u00e4ns\u00e4.<\/p>\n<p>Olen my\u00f6s toimittanut jonkin verran kirjoja ja aikakauskirjoja; t\u00e4ll\u00e4 hetkell\u00e4 toimin <a href=\"https:\/\/journal.fi\/fuf\" target=\"_blank\" rel=\"noopener\"><i>Finnisch-Ugrische Forschungenin<\/i><\/a> p\u00e4\u00e4toimittajana.<\/p>\n<p>Oman tutkijuuteni ja toimittajuuteni lis\u00e4ksi olen p\u00e4\u00e4ssyt hy\u00f6dynt\u00e4m\u00e4\u00e4n ja kartuttamaan tietojani ja taitojani my\u00f6s muissa v\u00e4hemmist\u00f6kieliin ja tieteen julkaisemiseen liittyviss\u00e4 teht\u00e4viss\u00e4.<\/p>\n<p>&nbsp;<\/p>\n<p>Julkaisuni l\u00f6ytyv\u00e4t <a href=\"https:\/\/users.utu.fi\/jumyli\/publ\/\" target=\"_blank\" rel=\"noopener\">t\u00e4\u00e4lt\u00e4<\/a>, lyhyt CV:ni <a href=\"https:\/\/users.utu.fi\/jumyli\/cv\/\" target=\"_blank\" rel=\"noopener\">t\u00e4\u00e4lt\u00e4<\/a>.<\/p>\n<p>jussi.ylikoski(at)utu.fi<\/p>\n<table style=\"margin-bottom: 48px;height: 488px\" border=\"1\" width=\"557\" cellpadding=\"3\" align=\"right\">\n<tbody>\n<tr>\n<td width=\"542\"><b><font size=\"3\"><br \/>\nMissio, visiot ja arvot<\/font><\/b><\/p>\n<p>&nbsp;<\/p>\n<p><font size=\"3\">&#8220;Sit\u00e4 suoruutta, jolla olen vastustanut katsantokannastani eroavia mielipiteit\u00e4, \u00e4lk\u00f6\u00f6n katsottako l\u00e4hteneeksi muusta kuin asianharrastuksesta, siit\u00e4 innosta, jolla kukin tahtoo oikeaksi katsomaansa asiaa puoltaa.&#8221; \u2014 E. N. Set\u00e4l\u00e4, 1890<\/font><\/p>\n<p>&nbsp;<\/p>\n<p><font size=\"3\">&#8220;Min\u00e4 olen kielierotomaani, aina kun kohtaan uuden kielen haluan p\u00e4\u00e4st\u00e4 sen sis\u00e4\u00e4n, heti, min\u00e4 olen merimies kielten merell\u00e4, heila joka satamassa, enk\u00e4 min\u00e4 ehdi tutustua mihink\u00e4\u00e4n niist\u00e4 kunnolla, paitsi ehk\u00e4 suomenkieleen, se on minun kielivaimoni, odottaa kotona uskollisesti, h\u00e4net min\u00e4 tunnen.&#8221; \u2014 Pentti Saarikoski, 1982<\/font><\/td>\n<\/tr>\n<\/tbody>\n<\/table>\n","protected":false},"excerpt":{"rendered":"<p>In English Olen kielentutkija. Syyskuusta 2022 l\u00e4htien toimin suomalais-ugrilaisen kielentutkimuksen professorina Turun yliopistossa. Toimin my\u00f6s vierailevana m\u00e4\u00e4r\u00e4aikaisena professorina Saamelaisessa korkeakoulussa Koutokeinossa. Taustaltani olen l\u00e4hinn\u00e4 saamelaiskieliin erikoistunut fennougristi ja oikeastaan my\u00f6s fennisti, joka on aiemmin ty\u00f6skennellyt my\u00f6s Helsingin yliopistossa, UiT Norjan arktisessa yliopistossa Tromssassa ja viimeksi vuosina 2017\u20132022 saamen kielen professorina Oulun yliopistossa. Viime vuosina olen&hellip; <a class=\"more-link\" href=\"https:\/\/users.utu.fi\/jumyli\/fi\/\">Continue reading <span class=\"screen-reader-text\">Jussi Ylikoski<\/span><\/a><\/p>\n","protected":false},"author":6647,"featured_media":0,"parent":0,"menu_order":0,"comment_status":"closed","ping_status":"closed","template":"","meta":{"_monsterinsights_skip_tracking":false,"_monsterinsights_sitenote_active":false,"_monsterinsights_sitenote_note":"","_monsterinsights_sitenote_category":0,"footnotes":""},"class_list":["post-37","page","type-page","status-publish","hentry","entry"],"_links":{"self":[{"href":"https:\/\/users.utu.fi\/jumyli\/wp-json\/wp\/v2\/pages\/37","targetHints":{"allow":["GET"]}}],"collection":[{"href":"https:\/\/users.utu.fi\/jumyli\/wp-json\/wp\/v2\/pages"}],"about":[{"href":"https:\/\/users.utu.fi\/jumyli\/wp-json\/wp\/v2\/types\/page"}],"author":[{"embeddable":true,"href":"https:\/\/users.utu.fi\/jumyli\/wp-json\/wp\/v2\/users\/6647"}],"replies":[{"embeddable":true,"href":"https:\/\/users.utu.fi\/jumyli\/wp-json\/wp\/v2\/comments?post=37"}],"version-history":[{"count":18,"href":"https:\/\/users.utu.fi\/jumyli\/wp-json\/wp\/v2\/pages\/37\/revisions"}],"predecessor-version":[{"id":335,"href":"https:\/\/users.utu.fi\/jumyli\/wp-json\/wp\/v2\/pages\/37\/revisions\/335"}],"wp:attachment":[{"href":"https:\/\/users.utu.fi\/jumyli\/wp-json\/wp\/v2\/media?parent=37"}],"curies":[{"name":"wp","href":"https:\/\/api.w.org\/{rel}","templated":true}]}}