{"id":76,"date":"2022-09-02T14:39:48","date_gmt":"2022-09-02T11:39:48","guid":{"rendered":"https:\/\/users.utu.fi\/jumyli\/?page_id=76"},"modified":"2026-02-04T21:16:18","modified_gmt":"2026-02-04T19:16:18","slug":"cv","status":"publish","type":"page","link":"https:\/\/users.utu.fi\/jumyli\/cv\/","title":{"rendered":"CV"},"content":{"rendered":"<p><strong>A brief CV of Jussi Ylikoski<\/strong><\/p>\n<table style=\"font-size: 11pt\" border=\"0\">\n<tbody>\n<tr>\n<th style=\"text-align: left;border: none\" colspan=\"2\">Nationality, ethnicity and language<\/th>\n<\/tr>\n<tr>\n<td style=\"text-align: left;border: none\">1974\u2013<\/td>\n<td style=\"text-align: left;border: none\">Finnish<\/td>\n<\/tr>\n<tr>\n<th style=\"text-align: left;border: none\" colspan=\"2\">&nbsp;<\/p>\n<p>Degrees<\/th>\n<\/tr>\n<tr>\n<td style=\"text-align: left;border: none\">2009<a style=\"color: transparent\"><\/a><\/td>\n<td style=\"text-align: left;border: none\">Ph.D., Saami Language, U. of Oulu, Finland<\/td>\n<\/tr>\n<tr>\n<td style=\"text-align: left;border: none\">1999<\/td>\n<td style=\"text-align: left;border: none\">M.A., Finno-Ugric Languages, U. of Turku, Finland<\/td>\n<\/tr>\n<tr>\n<td style=\"text-align: left;border: none\">1998<\/td>\n<td style=\"text-align: left;border: none\">B.A., Finnish Language, U. of Turku, Finland<\/td>\n<\/tr>\n<tr>\n<th style=\"text-align: left;border: none\" colspan=\"2\">&nbsp;<\/p>\n<p>Current employments<\/th>\n<\/tr>\n<tr>\n<td style=\"text-align: left;border: none\">9\/2022\u2013<\/td>\n<td style=\"text-align: left;border: none\">Full Professor of Finno-Ugric (= Uralic) Languages, U. of Turku, Finland<\/td>\n<\/tr>\n<tr>\n<td style=\"text-align: left;border: none\">8\/2017\u20137\/2027<\/td>\n<td style=\"text-align: left;border: none\">Adjunct Professor of Saami Language (20%), S\u00e1mi University of Applied Sciences, Guovdageaidnu, Norway<\/td>\n<\/tr>\n<tr>\n<th style=\"text-align: left;border: none\" colspan=\"2\">&nbsp;<\/p>\n<p>Previous employments<\/th>\n<\/tr>\n<tr>\n<td style=\"text-align: left;border: none\">7\/2017\u20138\/2022<\/td>\n<td style=\"text-align: left;border: none\">Full Professor of Saami Language, Giellagas Institute for Saami Studies, U. of Oulu, Finland<\/td>\n<\/tr>\n<tr>\n<td style=\"text-align: left;border: none\">1\/2014\u20136\/2017<\/td>\n<td style=\"text-align: left;border: none\">Full Professor of Indigenous Languages, UiT \u2013 The Arctic University of Norway<\/td>\n<\/tr>\n<tr>\n<td style=\"text-align: left;border: none\">9\/2012\u201312\/2013<\/td>\n<td style=\"text-align: left;border: none\">Full Professor of Saami language, S\u00e1mi University College, Guovdageaidnu, Norway<\/td>\n<\/tr>\n<tr>\n<td style=\"text-align: left;border: none\">8\/2011\u20139\/2012<\/td>\n<td style=\"text-align: left;border: none\">Associate Professor of Saami language, S\u00e1mi University College<\/td>\n<\/tr>\n<tr>\n<td style=\"text-align: left;border: none\">1\/2009\u20137\/2011<\/td>\n<td style=\"text-align: left;border: none\">Postdoctoral researcher, U. of Helsinki, Finland<\/td>\n<\/tr>\n<tr>\n<td style=\"text-align: left;border: none\">8\/2007\u201312\/2008<\/td>\n<td style=\"text-align: left;border: none\">Acting University lecturer, Dept. of Finno-Ugrian Studies, U. of Helsinki<\/td>\n<\/tr>\n<tr>\n<td style=\"text-align: left;border: none\">8\/2004\u20137\/2007<\/td>\n<td style=\"text-align: left;border: none\">Researcher, Giellagas Institute for Saami Studies, U. of Oulu<\/td>\n<\/tr>\n<tr>\n<td style=\"text-align: left;border: none\">1\/2001\u20137\/2004<\/td>\n<td style=\"text-align: left;border: none\">Postgraduate student, LANGNET, the Finnish Graduate School in Linguistics, U. of Turku, Finland<\/td>\n<\/tr>\n<tr>\n<th style=\"text-align: left;border: none\" colspan=\"2\">&nbsp;<\/p>\n<p>Journal editor<\/th>\n<\/tr>\n<tr>\n<td style=\"text-align: left;border: none\">2019\u2013<\/td>\n<td style=\"text-align: left;border: none\">Editor-in-chief, <i>Finnisch-Ugrische Forschungen<\/i><\/td>\n<\/tr>\n<tr>\n<td style=\"text-align: left;border: none\">2014\u20132017<\/td>\n<td style=\"text-align: left;border: none\">Editor (member of the editorial board), <i>S\u00e1mi die\u0111ala\u0161 \u00e1ige\u010d\u00e1la<\/i><\/td>\n<\/tr>\n<tr>\n<td style=\"text-align: left;border: none\">2012\u20132013<\/td>\n<td style=\"text-align: left;border: none\">Editor-in-chief, <i>S\u00e1mi die\u0111ala\u0161 \u00e1ige\u010d\u00e1la<\/i><\/td>\n<\/tr>\n<tr>\n<td style=\"text-align: left;border: none\">2011\u20132012<\/td>\n<td style=\"text-align: left;border: none\">Editor (member of the editorial board), <i>S\u00e1mi die\u0111ala\u0161 \u00e1ige\u010d\u00e1la<\/i><\/td>\n<\/tr>\n<tr>\n<td style=\"text-align: left;border: none\">2005\u20132012<\/td>\n<td style=\"text-align: left;border: none\">Editor (editor-in-chief), <i>Journal de la Soci\u00e9t\u00e9 Finno-Ougrienne<\/i><\/td>\n<\/tr>\n<tr>\n<th style=\"text-align: left;border: none\" colspan=\"2\">&nbsp;<\/p>\n<p>Other current positions<\/th>\n<\/tr>\n<tr>\n<td style=\"text-align: left;border: none\">2025\u2013<\/td>\n<td style=\"text-align: left;border: none\">First Vice President, Finno-Ugrian Society (<em>Suomalais-Ugrilainen Seura<\/em>), Helsinki<\/td>\n<\/tr>\n<tr>\n<td style=\"text-align: left;border: none\">2022\u20132028<\/td>\n<td style=\"text-align: left;border: none\">Member (in respect of Finland), Committee of Experts of the European Charter for Regional or Minority Languages, Council of Europe<\/td>\n<\/tr>\n<tr>\n<td style=\"text-align: left;border: none\">2025\u20132027<\/td>\n<td style=\"text-align: left;border: none\">Member, Committee for Public Information in Finland (<em>Tiedonjulkistamisen neuvottelukunta<\/em>)<\/td>\n<\/tr>\n<tr>\n<td style=\"text-align: left;border: none\">2023\u20132026<\/td>\n<td style=\"text-align: left;border: none\">Member of the board, Finnish Association for Scholarly Publishing (<em>Suomen tiedekustantajien liitto<\/em>)<\/td>\n<\/tr>\n<tr>\n<td style=\"text-align: left;border: none\">2023\u20132028<\/td>\n<td style=\"text-align: left;border: none\">Member of the board, Federation of Finnish Learned Societies (<em>Tieteellisten seurain valtuuskunta<\/em>)<\/td>\n<\/tr>\n<tr>\n<td style=\"text-align: left;border: none\">2022\u20132026<\/td>\n<td style=\"text-align: left;border: none\">Principal Investigator of the Research Council of Finland project &#8220;A Skolt Saami Grammar for the Skolt Saami: A Descriptive Reference Grammar of Skolt Saami&#8221; (<em>Koltansaamen kielioppi kolttasaamelaisille<\/em>)<\/td>\n<\/tr>\n<tr>\n<td style=\"text-align: left;border: none\">last but not least<\/td>\n<td style=\"text-align: left;border: none\">Father of five, husband of one<\/td>\n<\/tr>\n<\/tbody>\n<\/table>\n","protected":false},"excerpt":{"rendered":"<p>A brief CV of Jussi Ylikoski Nationality, ethnicity and language 1974\u2013 Finnish &nbsp; Degrees 2009 Ph.D., Saami Language, U. of Oulu, Finland 1999 M.A., Finno-Ugric Languages, U. of Turku, Finland 1998 B.A., Finnish Language, U. of Turku, Finland &nbsp; Current employments 9\/2022\u2013 Full Professor of Finno-Ugric (= Uralic) Languages, U. of Turku, Finland 8\/2017\u20137\/2027 Adjunct&hellip; <a class=\"more-link\" href=\"https:\/\/users.utu.fi\/jumyli\/cv\/\">Continue reading <span class=\"screen-reader-text\">CV<\/span><\/a><\/p>\n","protected":false},"author":6647,"featured_media":0,"parent":0,"menu_order":0,"comment_status":"closed","ping_status":"closed","template":"","meta":{"_monsterinsights_skip_tracking":false,"_monsterinsights_sitenote_active":false,"_monsterinsights_sitenote_note":"","_monsterinsights_sitenote_category":0,"footnotes":""},"class_list":["post-76","page","type-page","status-publish","hentry","entry"],"_links":{"self":[{"href":"https:\/\/users.utu.fi\/jumyli\/wp-json\/wp\/v2\/pages\/76","targetHints":{"allow":["GET"]}}],"collection":[{"href":"https:\/\/users.utu.fi\/jumyli\/wp-json\/wp\/v2\/pages"}],"about":[{"href":"https:\/\/users.utu.fi\/jumyli\/wp-json\/wp\/v2\/types\/page"}],"author":[{"embeddable":true,"href":"https:\/\/users.utu.fi\/jumyli\/wp-json\/wp\/v2\/users\/6647"}],"replies":[{"embeddable":true,"href":"https:\/\/users.utu.fi\/jumyli\/wp-json\/wp\/v2\/comments?post=76"}],"version-history":[{"count":36,"href":"https:\/\/users.utu.fi\/jumyli\/wp-json\/wp\/v2\/pages\/76\/revisions"}],"predecessor-version":[{"id":338,"href":"https:\/\/users.utu.fi\/jumyli\/wp-json\/wp\/v2\/pages\/76\/revisions\/338"}],"wp:attachment":[{"href":"https:\/\/users.utu.fi\/jumyli\/wp-json\/wp\/v2\/media?parent=76"}],"curies":[{"name":"wp","href":"https:\/\/api.w.org\/{rel}","templated":true}]}}