{"id":34,"date":"2018-09-17T07:24:55","date_gmt":"2018-09-17T07:24:55","guid":{"rendered":"http:\/\/users.utu.fi\/kirlai\/?page_id=34"},"modified":"2018-09-17T07:26:44","modified_gmt":"2018-09-17T07:26:44","slug":"paasivu2","status":"publish","type":"page","link":"https:\/\/users.utu.fi\/kirlai\/sample-page\/paasivu2\/","title":{"rendered":"P\u00e4\u00e4sivu2"},"content":{"rendered":"<h2>Miss\u00e4?<\/h2>\n<p>&nbsp;<\/p>\n","protected":false},"excerpt":{"rendered":"<p>Miss\u00e4? &nbsp;<\/p>\n","protected":false},"author":2918,"featured_media":0,"parent":5,"menu_order":0,"comment_status":"closed","ping_status":"closed","template":"","meta":{"footnotes":""},"class_list":["post-34","page","type-page","status-publish","hentry","column","twocol"],"_links":{"self":[{"href":"https:\/\/users.utu.fi\/kirlai\/wp-json\/wp\/v2\/pages\/34","targetHints":{"allow":["GET"]}}],"collection":[{"href":"https:\/\/users.utu.fi\/kirlai\/wp-json\/wp\/v2\/pages"}],"about":[{"href":"https:\/\/users.utu.fi\/kirlai\/wp-json\/wp\/v2\/types\/page"}],"author":[{"embeddable":true,"href":"https:\/\/users.utu.fi\/kirlai\/wp-json\/wp\/v2\/users\/2918"}],"replies":[{"embeddable":true,"href":"https:\/\/users.utu.fi\/kirlai\/wp-json\/wp\/v2\/comments?post=34"}],"version-history":[{"count":1,"href":"https:\/\/users.utu.fi\/kirlai\/wp-json\/wp\/v2\/pages\/34\/revisions"}],"predecessor-version":[{"id":35,"href":"https:\/\/users.utu.fi\/kirlai\/wp-json\/wp\/v2\/pages\/34\/revisions\/35"}],"up":[{"embeddable":true,"href":"https:\/\/users.utu.fi\/kirlai\/wp-json\/wp\/v2\/pages\/5"}],"wp:attachment":[{"href":"https:\/\/users.utu.fi\/kirlai\/wp-json\/wp\/v2\/media?parent=34"}],"curies":[{"name":"wp","href":"https:\/\/api.w.org\/{rel}","templated":true}]}}