{"id":45,"date":"2022-06-15T08:13:49","date_gmt":"2022-06-15T08:13:49","guid":{"rendered":"https:\/\/users.utu.fi\/kleiku\/?page_id=45"},"modified":"2025-10-23T12:30:45","modified_gmt":"2025-10-23T12:30:45","slug":"lorem-ipsum","status":"publish","type":"page","link":"https:\/\/users.utu.fi\/kleiku\/","title":{"rendered":"Klaus Kurki"},"content":{"rendered":"<p>V\u00e4lkommen till min webbsida! Jag \u00e4r Klaus Kurki, en doktorand vid \u00c5bo universitet, specialiserad inom \u00e4mnet nordiska spr\u00e5k. Just nu \u00e4gnar jag mig \u00e5t att skriva min doktorsavhandling som fokuserar p\u00e5 finlandssvenskans syntaktiska specialdrag. Mitt m\u00e5l \u00e4r att utforska grammatiska egenskaper som skiljer finlandssvenskan fr\u00e5n rikssvenskan inom syntax.<\/p>\n<p>Som en engagerad forskare str\u00e4var jag alltid efter att vara aktiv och n\u00e4rvarande i mitt forskningsomr\u00e5de: Jag bes\u00f6ker g\u00e4rna relevanta konferenser och andra m\u00f6ten i Norden f\u00f6r att utbyta id\u00e9er, presentera mina resultat och n\u00e4tverka med andra forskare. Jag uppmuntrar dig att kontakta mig p\u00e5 kleiku@utu.fi om du delar <a href=\"https:\/\/users.utu.fi\/kleiku\/publikationer\/\">mina forskningsintressen<\/a> eller om du helt enkelt vill diskutera spr\u00e5k och forskning.<\/p>\n","protected":false},"excerpt":{"rendered":"<p>V\u00e4lkommen till min webbsida! Jag \u00e4r Klaus Kurki, en doktorand vid \u00c5bo universitet, specialiserad inom \u00e4mnet nordiska spr\u00e5k. Just nu \u00e4gnar jag mig \u00e5t att skriva min doktorsavhandling som fokuserar p\u00e5 finlandssvenskans syntaktiska specialdrag. Mitt m\u00e5l \u00e4r att utforska grammatiska [&hellip;]<\/p>\n","protected":false},"author":5892,"featured_media":0,"parent":0,"menu_order":0,"comment_status":"closed","ping_status":"closed","template":"","meta":{"footnotes":""},"class_list":["post-45","page","type-page","status-publish","hentry"],"_links":{"self":[{"href":"https:\/\/users.utu.fi\/kleiku\/wp-json\/wp\/v2\/pages\/45","targetHints":{"allow":["GET"]}}],"collection":[{"href":"https:\/\/users.utu.fi\/kleiku\/wp-json\/wp\/v2\/pages"}],"about":[{"href":"https:\/\/users.utu.fi\/kleiku\/wp-json\/wp\/v2\/types\/page"}],"author":[{"embeddable":true,"href":"https:\/\/users.utu.fi\/kleiku\/wp-json\/wp\/v2\/users\/5892"}],"replies":[{"embeddable":true,"href":"https:\/\/users.utu.fi\/kleiku\/wp-json\/wp\/v2\/comments?post=45"}],"version-history":[{"count":16,"href":"https:\/\/users.utu.fi\/kleiku\/wp-json\/wp\/v2\/pages\/45\/revisions"}],"predecessor-version":[{"id":116,"href":"https:\/\/users.utu.fi\/kleiku\/wp-json\/wp\/v2\/pages\/45\/revisions\/116"}],"wp:attachment":[{"href":"https:\/\/users.utu.fi\/kleiku\/wp-json\/wp\/v2\/media?parent=45"}],"curies":[{"name":"wp","href":"https:\/\/api.w.org\/{rel}","templated":true}]}}