{"id":52,"date":"2022-06-15T12:41:20","date_gmt":"2022-06-15T12:41:20","guid":{"rendered":"https:\/\/users.utu.fi\/kleiku\/?page_id=52"},"modified":"2025-10-23T12:52:47","modified_gmt":"2025-10-23T12:52:47","slug":"foredrag","status":"publish","type":"page","link":"https:\/\/users.utu.fi\/kleiku\/foredrag\/","title":{"rendered":"F\u00f6redrag"},"content":{"rendered":"<h3>2025<\/h3>\n<ul>\n<li>When &#8216;not only&#8217; means &#8216;only&#8217; in Fenno-Swedish <a href=\"https:\/\/www.ntnu.edu\/isl\/flinc\">Formal Linguistics in the Nordic Countries (FLiNC)<\/a>. Norwegian University of Science and Technology. 20\u201321.5.2025.<\/li>\n<\/ul>\n<h3>2024<\/h3>\n<ul>\n<li>Undantagskonstruktionen inte \u2026 bara i finlandssvenska <a href=\"https:\/\/www.su.se\/institutionen-for-svenska-och-flersprakighet\/kalender\/konferens-grammatik-i-norden-gramino-4-den-3-4-6-2024-1.681955\">Konferens Grammatik i Norden (GRAMINO) 4<\/a>. Sigtuna. 3\u20134.6.2024.<\/li>\n<li>Suomenruotsin inte bara-konstruktio <a href=\"https:\/\/blogs2.abo.fi\/spraketsfunktion\/wp-content\/uploads\/sites\/183\/2025\/01\/SF-20.pdf\">Spr\u00e5kets funktion 20<\/a>. \u00c5bo Akademi. 27\u201328.5.2024.<\/li>\n<li>The V3 particle &#8220;s\u00e5&#8221; in Fenno-Swedish <a href=\"https:\/\/synergylinguistics.wordpress.com\/conference-microvariation-and-microchange-in-the-scandinavian-languages\/\">Microvariation and microchange in Scandinavian languages (MMSL)<\/a>. University of Agder. 14\u201316.5.2024.<\/li>\n<\/ul>\n<h3>2023<\/h3>\n<ul>\n<li>Miten suomenruotsin s\u00e5-konstruktio eroaa ruotsinruotsista <a href=\"https:\/\/blogs2.abo.fi\/spraketsfunktion\/\">Spr\u00e5kets funktion 19<\/a>. \u00c5bo Akademi. 7-8\/6 2023.<\/li>\n<\/ul>\n<h3>2022<\/h3>\n<ul>\n<li>N\u00e4r \u201dVi\u2026 med Anna\u201d betyder \u2019jag och Anna\u2019 i finlandssvenska. Grammatikkollokviet. Stockholms universitet. 6\/12 2022.<\/li>\n<li>The Inclusory Plural Pronominal Construction in Fenno-Swedish. <a href=\"https:\/\/nors.ku.dk\/kalender\/2022\/gramino-3\/\">Gramino 3: Grammatik i Norden<\/a>. K\u00f6penhamns universitet. 9-10\/6 2022.<\/li>\n<li>S\u00e5-konstruktio suomenruotsissa. <a href=\"https:\/\/blogs2.abo.fi\/spraketsfunktion\/arkisto-arkiv\/2022-2\/\">Spr\u00e5kets funktion 18<\/a>. \u00c5bo Akademi. 2-3\/6 2022.<\/li>\n<li>S\u00e5-konstruktionen i standardsvenska och finlandssvenska. <a href=\"https:\/\/sites.utu.fi\/nordiska-forskarseminariet\/\">Forskarseminariet i nordiska spr\u00e5k<\/a>. \u00c5bo universitet. 27\/4 2022.<\/li>\n<\/ul>\n<h3>2021<\/h3>\n<ul>\n<li>(Anders Holmberg &amp; Klaus Kurki) The syntax of inclusory coordination in Fenno-Swedish. <a href=\"https:\/\/event.unitn.it\/cgsw35\">35th Comparative Germanic Syntax Workshop<\/a>. Universitetet i Trento. 23-25\/6 2021.<\/li>\n<li>(Anders Holmberg &amp; Klaus Kurki) When \u2019we with Anna\u2019 means \u2019me and Anna\u2019 in Finnish, Fenno-Swedish and other languages. <a href=\"https:\/\/www.uni-goettingen.de\/de\/649083.html\">LinG\/RTG2636 Colloquium<\/a>. G\u00f6ttingens universitet (Georg-August-Universit\u00e4t G\u00f6ttingen). 21\/4 2021.<\/li>\n<\/ul>\n","protected":false},"excerpt":{"rendered":"<p>2025 When &#8216;not only&#8217; means &#8216;only&#8217; in Fenno-Swedish Formal Linguistics in the Nordic Countries (FLiNC). Norwegian University of Science and Technology. 20\u201321.5.2025. 2024 Undantagskonstruktionen inte \u2026 bara i finlandssvenska Konferens Grammatik i Norden (GRAMINO) 4. Sigtuna. 3\u20134.6.2024. Suomenruotsin inte bara-konstruktio [&hellip;]<\/p>\n","protected":false},"author":5892,"featured_media":0,"parent":0,"menu_order":0,"comment_status":"closed","ping_status":"closed","template":"","meta":{"footnotes":""},"class_list":["post-52","page","type-page","status-publish","hentry"],"_links":{"self":[{"href":"https:\/\/users.utu.fi\/kleiku\/wp-json\/wp\/v2\/pages\/52","targetHints":{"allow":["GET"]}}],"collection":[{"href":"https:\/\/users.utu.fi\/kleiku\/wp-json\/wp\/v2\/pages"}],"about":[{"href":"https:\/\/users.utu.fi\/kleiku\/wp-json\/wp\/v2\/types\/page"}],"author":[{"embeddable":true,"href":"https:\/\/users.utu.fi\/kleiku\/wp-json\/wp\/v2\/users\/5892"}],"replies":[{"embeddable":true,"href":"https:\/\/users.utu.fi\/kleiku\/wp-json\/wp\/v2\/comments?post=52"}],"version-history":[{"count":22,"href":"https:\/\/users.utu.fi\/kleiku\/wp-json\/wp\/v2\/pages\/52\/revisions"}],"predecessor-version":[{"id":71,"href":"https:\/\/users.utu.fi\/kleiku\/wp-json\/wp\/v2\/pages\/52\/revisions\/71"}],"wp:attachment":[{"href":"https:\/\/users.utu.fi\/kleiku\/wp-json\/wp\/v2\/media?parent=52"}],"curies":[{"name":"wp","href":"https:\/\/api.w.org\/{rel}","templated":true}]}}