{"id":54,"date":"2022-06-15T12:41:33","date_gmt":"2022-06-15T12:41:33","guid":{"rendered":"https:\/\/users.utu.fi\/kleiku\/?page_id=54"},"modified":"2025-10-23T12:33:35","modified_gmt":"2025-10-23T12:33:35","slug":"i-medier","status":"publish","type":"page","link":"https:\/\/users.utu.fi\/kleiku\/i-medier\/","title":{"rendered":"I medier"},"content":{"rendered":"<ul>\n<li>(Max Nyberg) <a href=\"https:\/\/www.bbl.fi\/2025-05-27\/han-forskar-i-ett-lokalt-uttryck-manga-sager-forst-att-det-inte-finns\/\">Han forskar i ett lokalt uttryck: \u201dM\u00e5nga s\u00e4ger f\u00f6rst att det inte finns\u201d<\/a>. Borg\u00e5bladet 27\/5 2025.<\/li>\n<li>(Dan Lolax) <a href=\"https:\/\/www.hbl.fi\/artikel\/188417c5-d56b-4762-889e-54a85a1463ca\">Ingen anv\u00e4nder det lilla ordet \u201ds\u00e5\u201d mera fritt \u00e4n finlandssvenskarna \u2013 doktorand vill veta hur fritt<\/a>. Hufvudstadsbladet 3\/1 2023.<\/li>\n<li>(Minna Lev\u00e4lahti) <a href=\"https:\/\/www.mediesprak.fi\/spr%C3%A5kkolumnen-om-%E2%80%9Dvi%E2%80%9D-g%C3%B6r-n%C3%A5got-med-emma-m%C3%A5ste-vi-vara-minst-tre\">Spr\u00e5kkolumnen: Om \u201dvi\u201d g\u00f6r n\u00e5got med Emma m\u00e5ste vi vara minst tre<\/a>. Mediespr\u00e5k 22\/5 2020.<\/li>\n<li>Intervju. Radio Vega \u00d6sterbotten 2019.<\/li>\n<li><a href=\"https:\/\/svenska.yle.fi\/a\/7-1116850\">Nordister i \u00c5bo, finns dom?<\/a> Yle \u00c5boland 5\/10 2016.<\/li>\n<\/ul>\n","protected":false},"excerpt":{"rendered":"<p>(Max Nyberg) Han forskar i ett lokalt uttryck: \u201dM\u00e5nga s\u00e4ger f\u00f6rst att det inte finns\u201d. Borg\u00e5bladet 27\/5 2025. (Dan Lolax) Ingen anv\u00e4nder det lilla ordet \u201ds\u00e5\u201d mera fritt \u00e4n finlandssvenskarna \u2013 doktorand vill veta hur fritt. Hufvudstadsbladet 3\/1 2023. (Minna [&hellip;]<\/p>\n","protected":false},"author":5892,"featured_media":0,"parent":0,"menu_order":0,"comment_status":"closed","ping_status":"closed","template":"","meta":{"footnotes":""},"class_list":["post-54","page","type-page","status-publish","hentry"],"_links":{"self":[{"href":"https:\/\/users.utu.fi\/kleiku\/wp-json\/wp\/v2\/pages\/54","targetHints":{"allow":["GET"]}}],"collection":[{"href":"https:\/\/users.utu.fi\/kleiku\/wp-json\/wp\/v2\/pages"}],"about":[{"href":"https:\/\/users.utu.fi\/kleiku\/wp-json\/wp\/v2\/types\/page"}],"author":[{"embeddable":true,"href":"https:\/\/users.utu.fi\/kleiku\/wp-json\/wp\/v2\/users\/5892"}],"replies":[{"embeddable":true,"href":"https:\/\/users.utu.fi\/kleiku\/wp-json\/wp\/v2\/comments?post=54"}],"version-history":[{"count":13,"href":"https:\/\/users.utu.fi\/kleiku\/wp-json\/wp\/v2\/pages\/54\/revisions"}],"predecessor-version":[{"id":118,"href":"https:\/\/users.utu.fi\/kleiku\/wp-json\/wp\/v2\/pages\/54\/revisions\/118"}],"wp:attachment":[{"href":"https:\/\/users.utu.fi\/kleiku\/wp-json\/wp\/v2\/media?parent=54"}],"curies":[{"name":"wp","href":"https:\/\/api.w.org\/{rel}","templated":true}]}}