{"id":312,"date":"2021-01-08T13:04:17","date_gmt":"2021-01-08T11:04:17","guid":{"rendered":"http:\/\/users.utu.fi\/knuutila\/?page_id=312"},"modified":"2026-01-12T00:21:31","modified_gmt":"2026-01-11T22:21:31","slug":"tekoalyn-perusteet","status":"publish","type":"page","link":"https:\/\/users.utu.fi\/knuutila\/tekoalyn-perusteet\/","title":{"rendered":"Teko\u00e4lyn perusteet"},"content":{"rendered":"<h2>Yleist\u00e4<\/h2>\n<p><strong>Kurssimateriaalit<\/strong> (videot ja luentokalvot) l\u00f6ytyv\u00e4t <a style=\"font-size: 16px;font-weight: 400\" href=\"https:\/\/tt.utu.fi\/fi\/tekoalyn-perusteet\/\">t\u00e4\u00e4lt\u00e4<\/a><span style=\"font-size: 16px;font-weight: 400\">.<\/span><\/p>\n<p><strong>Kurssi on tentitt\u00e4viss\u00e4 Exam:issa ymp\u00e4ri vuoden.\u00a0<\/strong><\/p>\n<p>Huolehdi siit\u00e4, ett\u00e4 ilmoittaudut siihen exam-tenttiin, jossa on <em>sama kurssin toteutuskoodi<\/em>\u00a0kuin se, mille olet pepiss\u00e4 ilmoittautunut. <span id=\"realization-header\">Voit tarkastaa Pepist\u00e4 opiskelijan ty\u00f6p\u00f6yd\u00e4lt\u00e4 (ilmoittautumiset -v\u00e4lilehti), mille toteutukselle olet ilmoittautunut.<\/span><\/p>\n<p>Jos olet ilmoittautunut aiemman lukuvuoden kurssille, mutta tuon vuoden toteutuskoodin tentti\u00e4 ei en\u00e4\u00e4 ole tarjolla, ilmoittaudu ensin kurssille uudestaan ja vasta sen j\u00e4lkeen tenttiin.<\/p>\n<p><a href=\"https:\/\/exam.utu.fi\/enrolments\/360352?code=TKO_2114-3010\"><strong>Lukuvuoden 2025-2026 toteutus<\/strong><\/a>\u00a0(<span id=\"realization-header\">TKO_2114-3010, saatavilla 31.12.2026 asti)<\/span><\/p>\n<p><strong>Opintoteknisiss\u00e4 asioissa<\/strong> (opinto-oikeudet, ongelmat kurssille ilmoittautumisessa, ongelmat suoritusten kirjautumisessa etc.) <strong>ota yhteytt\u00e4 oman tiedekuntasi opintotoimistoon<\/strong>.<\/p>\n<h2>Tiedotus ja keskustelu<\/h2>\n<div class=\"entry-content\">\n<p>Jos haluat kysy\u00e4 tai keskustella jostakin kurssiin liittyv\u00e4st\u00e4 tai muuten vaan mieleen tulleesta teko\u00e4lyaiheesta, tee se kurssin Piazzalla. Alla on ohjeet kirjautumiseen, mutta todettakoon ett\u00e4 t\u00e4m\u00e4 kirjautuminen on t\u00e4ysin vapaaehtoista.<\/p>\n<ul>\n<li>Mene selaimellasi <a href=\"http:\/\/piazza.com\/utu.fi\/spring2021\/tko_2114\">kurssin piazza-sivuille<\/a>. Jos sinulla oli jo ennest\u00e4\u00e4n piazza-tunnus, muuta ei tarvita. Jos taas ei ole, niin luo tunnus kuten alla on ohjeistettu.<\/li>\n<li>Merkkaa \u201cJoin as student\u201d ja naksauta \u201cJoin Classes\u201d<\/li>\n<li>Kirjoita lopuksi utu.fi -s\u00e4hk\u00f6postiosoitteesi (\u201cschool email address\u201d) ja paina \u201cSubmit Email\u201d.<\/li>\n<li>Huom: etunimi.sukunimi@utu.fi -osoite ei v\u00e4ltt\u00e4m\u00e4tt\u00e4 toimi eli k\u00e4yt\u00e4 sen sijaan s\u00e4hk\u00f6postitunnustasi.<\/li>\n<\/ul>\n<p>J\u00e4rjestelm\u00e4n pit\u00e4isi l\u00e4hett\u00e4\u00e4 sinulle vahvistusviesti muutaman minuutin sis\u00e4\u00e4n.<\/p>\n<p>Jos sinulla ei ole utu.fi -s\u00e4hk\u00f6postia tai jos yll\u00e4 mainittua vahvistusviesti\u00e4 ei tunnin sis\u00e4\u00e4n kuulu, ota yhteytt\u00e4 <a href=\"mailto:taru.wester@utu.fi\">Taru Westeriin<\/a> . H\u00e4n hoitaa sitten kirjautumisen puolestasi.<\/p>\n<p>Lis\u00e4ohjeita Piazzan k\u00e4ytt\u00f6\u00f6n l\u00f6ytyy systeemin\u00a0<a href=\"https:\/\/support.piazza.com\/support\/solutions\/48000185443\">tukisivuilta<\/a>.<\/p>\n<\/div>\n","protected":false},"excerpt":{"rendered":"<p>Yleist\u00e4 Kurssimateriaalit (videot ja luentokalvot) l\u00f6ytyv\u00e4t t\u00e4\u00e4lt\u00e4. Kurssi on tentitt\u00e4viss\u00e4 Exam:issa ymp\u00e4ri vuoden.\u00a0 Huolehdi siit\u00e4, ett\u00e4 ilmoittaudut siihen exam-tenttiin, jossa on sama kurssin toteutuskoodi\u00a0kuin se, mille olet pepiss\u00e4 ilmoittautunut. Voit tarkastaa Pepist\u00e4 opiskelijan ty\u00f6p\u00f6yd\u00e4lt\u00e4 (ilmoittautumiset -v\u00e4lilehti), mille toteutukselle olet ilmoittautunut. Jos olet ilmoittautunut aiemman lukuvuoden kurssille, mutta tuon vuoden toteutuskoodin tentti\u00e4 ei en\u00e4\u00e4 ole tarjolla, &hellip; <a href=\"https:\/\/users.utu.fi\/knuutila\/tekoalyn-perusteet\/\" class=\"more-link\">Continue reading<span class=\"screen-reader-text\"> &#8220;Teko\u00e4lyn perusteet&#8221;<\/span><\/a><\/p>\n","protected":false},"author":1062,"featured_media":0,"parent":0,"menu_order":0,"comment_status":"closed","ping_status":"closed","template":"","meta":{"footnotes":""},"class_list":["post-312","page","type-page","status-publish","hentry"],"_links":{"self":[{"href":"https:\/\/users.utu.fi\/knuutila\/wp-json\/wp\/v2\/pages\/312","targetHints":{"allow":["GET"]}}],"collection":[{"href":"https:\/\/users.utu.fi\/knuutila\/wp-json\/wp\/v2\/pages"}],"about":[{"href":"https:\/\/users.utu.fi\/knuutila\/wp-json\/wp\/v2\/types\/page"}],"author":[{"embeddable":true,"href":"https:\/\/users.utu.fi\/knuutila\/wp-json\/wp\/v2\/users\/1062"}],"replies":[{"embeddable":true,"href":"https:\/\/users.utu.fi\/knuutila\/wp-json\/wp\/v2\/comments?post=312"}],"version-history":[{"count":13,"href":"https:\/\/users.utu.fi\/knuutila\/wp-json\/wp\/v2\/pages\/312\/revisions"}],"predecessor-version":[{"id":406,"href":"https:\/\/users.utu.fi\/knuutila\/wp-json\/wp\/v2\/pages\/312\/revisions\/406"}],"wp:attachment":[{"href":"https:\/\/users.utu.fi\/knuutila\/wp-json\/wp\/v2\/media?parent=312"}],"curies":[{"name":"wp","href":"https:\/\/api.w.org\/{rel}","templated":true}]}}