{"id":107,"date":"2025-11-18T12:12:17","date_gmt":"2025-11-18T10:12:17","guid":{"rendered":"https:\/\/users.utu.fi\/kppelt\/?page_id=107"},"modified":"2026-02-16T10:45:15","modified_gmt":"2026-02-16T08:45:15","slug":"people","status":"publish","type":"page","link":"https:\/\/users.utu.fi\/kppelt\/people\/","title":{"rendered":"People i work with"},"content":{"rendered":"\n<div class=\"wp-block-columns are-vertically-aligned-top .wp-block-columns { display: flex; gap: 20px; \/* v\u00e4li sarakkeiden v\u00e4lill\u00e4 *\/ } .wp-block-column flex: 1; jokainen sarake ottaa yht\u00e4 paljon tilaa is-style-default is-layout-flex wp-container-core-columns-is-layout-f5f7395f wp-block-columns-is-layout-flex\">\n<div class=\"wp-block-column is-vertically-aligned-top has-global-padding is-layout-constrained wp-container-core-column-is-layout-36f960bf wp-block-column-is-layout-constrained\" style=\"flex-basis:220px\">\n<figure class=\"wp-block-image aligncenter size-large is-resized\"><img decoding=\"async\" width=\"819\" height=\"1024\" data-src=\"https:\/\/users.utu.fi\/kppelt\/wp-content\/uploads\/sites\/1440\/2025\/12\/Oskari-Lahtinen-6-23-1-scaled-1-819x1024.jpg\" alt=\"\" class=\"wp-image-182 lazyload\" style=\"--smush-placeholder-width: 819px; --smush-placeholder-aspect-ratio: 819\/1024;aspect-ratio:3\/4;object-fit:cover;width:200px\" data-srcset=\"https:\/\/users.utu.fi\/kppelt\/wp-content\/uploads\/sites\/1440\/2025\/12\/Oskari-Lahtinen-6-23-1-scaled-1-819x1024.jpg 819w, https:\/\/users.utu.fi\/kppelt\/wp-content\/uploads\/sites\/1440\/2025\/12\/Oskari-Lahtinen-6-23-1-scaled-1-240x300.jpg 240w, https:\/\/users.utu.fi\/kppelt\/wp-content\/uploads\/sites\/1440\/2025\/12\/Oskari-Lahtinen-6-23-1-scaled-1-768x960.jpg 768w, https:\/\/users.utu.fi\/kppelt\/wp-content\/uploads\/sites\/1440\/2025\/12\/Oskari-Lahtinen-6-23-1-scaled-1-1229x1536.jpg 1229w, https:\/\/users.utu.fi\/kppelt\/wp-content\/uploads\/sites\/1440\/2025\/12\/Oskari-Lahtinen-6-23-1-scaled-1-1638x2048.jpg 1638w, https:\/\/users.utu.fi\/kppelt\/wp-content\/uploads\/sites\/1440\/2025\/12\/Oskari-Lahtinen-6-23-1-scaled-1.jpg 2048w\" data-sizes=\"(max-width: 819px) 100vw, 819px\" src=\"data:image\/svg+xml;base64,PHN2ZyB3aWR0aD0iMSIgaGVpZ2h0PSIxIiB4bWxucz0iaHR0cDovL3d3dy53My5vcmcvMjAwMC9zdmciPjwvc3ZnPg==\" \/><\/figure>\n\n\n\n<h3 class=\"wp-block-heading has-text-align-center\">Oskari Lahtinen<\/h3>\n\n\n\n<p class=\"has-text-align-center has-medium-font-size\">Oskari is a senior researcher and psychologist (DPsych) working at the INVEST Flagship at the University of Turku. His research consists of mindfulness and child psychology.<\/p>\n<\/div>\n\n\n\n<div class=\"wp-block-column is-vertically-aligned-top has-global-padding is-layout-constrained wp-container-core-column-is-layout-26165d91 wp-block-column-is-layout-constrained\" style=\"padding-right:0;padding-left:0;flex-basis:220px\">\n<figure class=\"wp-block-image aligncenter size-large is-resized\"><img decoding=\"async\" width=\"768\" height=\"1024\" data-src=\"https:\/\/users.utu.fi\/kppelt\/wp-content\/uploads\/sites\/1440\/2025\/11\/Vaitosilmoituskuva_Aalto-768x1024.jpg\" alt=\"\" class=\"wp-image-154 lazyload\" style=\"--smush-placeholder-width: 768px; --smush-placeholder-aspect-ratio: 768\/1024;aspect-ratio:3\/4;object-fit:cover;width:200px\" data-srcset=\"https:\/\/users.utu.fi\/kppelt\/wp-content\/uploads\/sites\/1440\/2025\/11\/Vaitosilmoituskuva_Aalto-768x1024.jpg 768w, https:\/\/users.utu.fi\/kppelt\/wp-content\/uploads\/sites\/1440\/2025\/11\/Vaitosilmoituskuva_Aalto-225x300.jpg 225w, https:\/\/users.utu.fi\/kppelt\/wp-content\/uploads\/sites\/1440\/2025\/11\/Vaitosilmoituskuva_Aalto-1152x1536.jpg 1152w, https:\/\/users.utu.fi\/kppelt\/wp-content\/uploads\/sites\/1440\/2025\/11\/Vaitosilmoituskuva_Aalto-1536x2048.jpg 1536w, https:\/\/users.utu.fi\/kppelt\/wp-content\/uploads\/sites\/1440\/2025\/11\/Vaitosilmoituskuva_Aalto-scaled.jpg 1920w\" data-sizes=\"(max-width: 768px) 100vw, 768px\" src=\"data:image\/svg+xml;base64,PHN2ZyB3aWR0aD0iMSIgaGVpZ2h0PSIxIiB4bWxucz0iaHR0cDovL3d3dy53My5vcmcvMjAwMC9zdmciPjwvc3ZnPg==\" \/><\/figure>\n\n\n\n<h3 class=\"wp-block-heading has-text-align-center\">Sanni Aalto<\/h3>\n\n\n\n<p class=\"has-text-align-center has-medium-font-size\" style=\"margin-right:0;margin-left:0\">Sanni is a postdoc researcher at INVEST Flagship and a clinical psychologist. Her research focuses on the well-being and adaptation of migrant and refugee children and adolescents.<\/p>\n<\/div>\n\n\n\n<div class=\"wp-block-column is-vertically-aligned-top has-global-padding is-layout-constrained wp-container-core-column-is-layout-c3588a41 wp-block-column-is-layout-constrained\" style=\"flex-basis:220px\">\n<figure class=\"wp-block-image aligncenter size-full is-resized\"><img decoding=\"async\" width=\"932\" height=\"1244\" data-src=\"https:\/\/users.utu.fi\/kppelt\/wp-content\/uploads\/sites\/1440\/2025\/11\/81fb0dab-3b4d-493c-8b4b-daa635c36a6c.jpg\" alt=\"\" class=\"wp-image-158 lazyload\" style=\"--smush-placeholder-width: 932px; --smush-placeholder-aspect-ratio: 932\/1244;aspect-ratio:3\/4;object-fit:cover;width:200px\" data-srcset=\"https:\/\/users.utu.fi\/kppelt\/wp-content\/uploads\/sites\/1440\/2025\/11\/81fb0dab-3b4d-493c-8b4b-daa635c36a6c.jpg 932w, https:\/\/users.utu.fi\/kppelt\/wp-content\/uploads\/sites\/1440\/2025\/11\/81fb0dab-3b4d-493c-8b4b-daa635c36a6c-225x300.jpg 225w, https:\/\/users.utu.fi\/kppelt\/wp-content\/uploads\/sites\/1440\/2025\/11\/81fb0dab-3b4d-493c-8b4b-daa635c36a6c-767x1024.jpg 767w, https:\/\/users.utu.fi\/kppelt\/wp-content\/uploads\/sites\/1440\/2025\/11\/81fb0dab-3b4d-493c-8b4b-daa635c36a6c-768x1025.jpg 768w\" data-sizes=\"(max-width: 932px) 100vw, 932px\" src=\"data:image\/svg+xml;base64,PHN2ZyB3aWR0aD0iMSIgaGVpZ2h0PSIxIiB4bWxucz0iaHR0cDovL3d3dy53My5vcmcvMjAwMC9zdmciPjwvc3ZnPg==\" \/><\/figure>\n\n\n\n<h3 class=\"wp-block-heading has-text-align-center\">Joosu Soosalu<\/h3>\n\n\n\n<p class=\"has-text-align-center has-medium-font-size\">Joosu is a project researcher at INVEST Flagship at the University of Turku. His research focuses on child psychology and equality.<\/p>\n<\/div>\n<\/div>\n\n\n\n<div class=\"wp-block-columns is-layout-flex wp-container-core-columns-is-layout-28f84493 wp-block-columns-is-layout-flex\">\n<div class=\"wp-block-column is-layout-flow wp-block-column-is-layout-flow\">\n\n\n<h3 class=\"wp-block-heading has-text-align-center\">Emmi Riihiranta-Laine<\/h3>\n\n\n\n<p class=\"has-text-align-center has-medium-font-size\">Emmi is a project specialist at the INVEST Flagship at the University of Turku. She has over three years of experience in planning and delivering trainings and collaborating with international partner countries. She also has long background in healthcare as a public health nurse, working with children, adolescents, and families in changing environments.<\/p>\n<\/div>\n\n\n\n<div class=\"wp-block-column is-layout-flow wp-block-column-is-layout-flow\">\n\n\n<h3 class=\"wp-block-heading has-text-align-center\">Noora Deckers<\/h3>\n\n\n\n<p class=\"has-text-align-center has-medium-font-size\">Noora is a project coordinator at the research services at the University of Turku<\/p>\n<\/div>\n\n\n\n<div class=\"wp-block-column is-layout-flow wp-block-column-is-layout-flow\">\n<figure class=\"wp-block-image size-full\"><img decoding=\"async\" width=\"481\" height=\"596\" data-src=\"https:\/\/users.utu.fi\/kppelt\/wp-content\/uploads\/sites\/1440\/2026\/02\/Helka-Oksanen.jpg\" alt=\"\" class=\"wp-image-247 lazyload\" data-srcset=\"https:\/\/users.utu.fi\/kppelt\/wp-content\/uploads\/sites\/1440\/2026\/02\/Helka-Oksanen.jpg 481w, https:\/\/users.utu.fi\/kppelt\/wp-content\/uploads\/sites\/1440\/2026\/02\/Helka-Oksanen-242x300.jpg 242w\" data-sizes=\"(max-width: 481px) 100vw, 481px\" src=\"data:image\/svg+xml;base64,PHN2ZyB3aWR0aD0iMSIgaGVpZ2h0PSIxIiB4bWxucz0iaHR0cDovL3d3dy53My5vcmcvMjAwMC9zdmciPjwvc3ZnPg==\" style=\"--smush-placeholder-width: 481px; --smush-placeholder-aspect-ratio: 481\/596;\" \/><\/figure>\n\n\n\n<h3 class=\"wp-block-heading has-text-align-center\">Helka Oksanen<\/h3>\n\n\n\n<p class=\"has-text-align-center has-medium-font-size\">Helka is a project worker at the INVEST Flagship at the University of Turku<\/p>\n<\/div>\n<\/div>\n","protected":false},"excerpt":{"rendered":"<p>Oskari Lahtinen Oskari is a senior researcher and psychologist (DPsych) working at the INVEST Flagship at the University of Turku. His research consists of mindfulness and child psychology. Sanni Aalto Sanni is a postdoc researcher at INVEST Flagship and a clinical psychologist. Her research focuses on the well-being and adaptation of migrant and refugee children [&hellip;]<\/p>\n","protected":false},"author":6834,"featured_media":0,"parent":0,"menu_order":1,"comment_status":"closed","ping_status":"closed","template":"","meta":{"footnotes":""},"class_list":["post-107","page","type-page","status-publish","hentry"],"_links":{"self":[{"href":"https:\/\/users.utu.fi\/kppelt\/wp-json\/wp\/v2\/pages\/107","targetHints":{"allow":["GET"]}}],"collection":[{"href":"https:\/\/users.utu.fi\/kppelt\/wp-json\/wp\/v2\/pages"}],"about":[{"href":"https:\/\/users.utu.fi\/kppelt\/wp-json\/wp\/v2\/types\/page"}],"author":[{"embeddable":true,"href":"https:\/\/users.utu.fi\/kppelt\/wp-json\/wp\/v2\/users\/6834"}],"replies":[{"embeddable":true,"href":"https:\/\/users.utu.fi\/kppelt\/wp-json\/wp\/v2\/comments?post=107"}],"version-history":[{"count":27,"href":"https:\/\/users.utu.fi\/kppelt\/wp-json\/wp\/v2\/pages\/107\/revisions"}],"predecessor-version":[{"id":325,"href":"https:\/\/users.utu.fi\/kppelt\/wp-json\/wp\/v2\/pages\/107\/revisions\/325"}],"wp:attachment":[{"href":"https:\/\/users.utu.fi\/kppelt\/wp-json\/wp\/v2\/media?parent=107"}],"curies":[{"name":"wp","href":"https:\/\/api.w.org\/{rel}","templated":true}]}}