{"id":112,"date":"2025-11-18T12:21:29","date_gmt":"2025-11-18T10:21:29","guid":{"rendered":"https:\/\/users.utu.fi\/kppelt\/?page_id=112"},"modified":"2026-02-12T13:10:13","modified_gmt":"2026-02-12T11:10:13","slug":"publications","status":"publish","type":"page","link":"https:\/\/users.utu.fi\/kppelt\/publications\/","title":{"rendered":"Latest publications"},"content":{"rendered":"\n<hr class=\"wp-block-separator has-alpha-channel-opacity\" \/>\n\n\n\n<p class=\"has-medium-font-size\">Sibbie, P., L\u00e4ms\u00e4, R., Skogberg, N., Peltonen, K., &amp; Laajasalo, T. (2026). Service Providers\u2019 Perspectives on Barriers and Facilitators in Early Implementation of a Psychoeducational Intervention for Immigrant Parents in Social Services.\u00a0<em>Journal of Social Service Research<\/em>,\u00a0<em>52<\/em>(1), 15\u201330. <a href=\"https:\/\/doi.org\/10.1080\/01488376.2025.2495720\">https:\/\/doi.org\/10.1080\/01488376.2025.2495720<\/a><\/p>\n\n\n\n<p class=\"has-medium-font-size\" style=\"margin-top:var(--wp--preset--spacing--30);margin-right:var(--wp--preset--spacing--30);margin-bottom:var(--wp--preset--spacing--30);margin-left:var(--wp--preset--spacing--30)\">Aalto, S., Punam\u00e4ki, R. L., V\u00e4nsk\u00e4, M., Kankaanp\u00e4\u00e4, R., Turunen, T., Lahtinen, O., \u2026 Peltonen, K. (2025). Patterns of mental health problems and resilience among immigrant and refugee adolescents: a latent profile analysis.\u00a0<em>European Journal of Psychotraumatology<\/em>,\u00a0<em>16<\/em>(1). <a href=\"https:\/\/doi.org\/10.1080\/20008066.2025.2479924\">https:\/\/doi.org\/10.1080\/20008066.2025.2479924<\/a><\/p>\n\n\n\n<p class=\"has-medium-font-size\" style=\"margin-top:var(--wp--preset--spacing--30);margin-right:var(--wp--preset--spacing--30);margin-bottom:var(--wp--preset--spacing--30);margin-left:var(--wp--preset--spacing--30)\">Hall, J., Ainamani, H.E., Vassiliou, P.T.B.\u00a0<em>et al.<\/em>\u00a0Combining mental health and climate-smart agricultural interventions to improve food security in humanitarian settings: study protocol for the THRIVE cluster-randomized controlled trial with mothers in Nakivale refugee settlement, Uganda.\u00a0<em>Trials<\/em>\u00a026, 331 (2025). <a href=\"https:\/\/doi.org\/10.1186\/s13063-025-09042-y\">https:\/\/doi.org\/10.1186\/s13063-025-09042-y<\/a><\/p>\n\n\n\n<p class=\"has-medium-font-size\" style=\"margin-top:var(--wp--preset--spacing--30);margin-right:var(--wp--preset--spacing--30);margin-bottom:var(--wp--preset--spacing--30);margin-left:var(--wp--preset--spacing--30)\">Peltonen, K., Tammilehto, J., Flykt, M., V\u00e4nsk\u00e4, M., Kuppens, P., Bosmans, G., &amp; Lindblom, J. (2024). Adverse childhood experiences and emotion dynamics in daily life: a two sample study.\u00a0<em>Cognition and Emotion<\/em>,\u00a0<em>39<\/em>(6), 1250\u20131270. <a href=\"https:\/\/doi.org\/10.1080\/02699931.2024.2434153\">https:\/\/doi.org\/10.1080\/02699931.2024.2434153<\/a><\/p>\n\n\n\n<p class=\"has-medium-font-size\" style=\"margin-top:var(--wp--preset--spacing--30);margin-right:var(--wp--preset--spacing--30);margin-bottom:var(--wp--preset--spacing--30);margin-left:var(--wp--preset--spacing--30)\">Andersson, J., Zhai, H., Kankaanp\u00e4\u00e4, R., Br\u00e5hn, C., Mattelin, E., Peltonen, K., &#8230; &amp; Korhonen, L. (2025). Latent Profile Analysis of Mental Health Among Children and Young Adults With Refugee Backgrounds.\u00a0<em>JAACAP Open<\/em>. <a href=\"https:\/\/doi.org\/10.1016\/j.jaacop.2025.06.003\">https:\/\/doi.org\/10.1016\/j.jaacop.2025.06.003<\/a><\/p>\n\n\n\n<p class=\"has-medium-font-size\" style=\"margin-top:var(--wp--preset--spacing--30);margin-right:var(--wp--preset--spacing--30);margin-bottom:var(--wp--preset--spacing--30);margin-left:var(--wp--preset--spacing--30)\">Tammilehto, J., Kaurin, A., Bosmans, G., Kuppens, P., Flykt, M., V\u00e4nsk\u00e4, M., Peltonen, K. and Lindblom, J. (2025), Everyday State Attachment: Dynamic Features and Role of Trait Attachment. J Pers, 93: 781-795.&nbsp;<a href=\"https:\/\/doi.org\/10.1111\/jopy.12975\">https:\/\/doi.org\/10.1111\/jopy.12975<\/a><\/p>\n\n\n\n<hr class=\"wp-block-separator has-alpha-channel-opacity\" \/>\n\n\n\n<p><\/p>\n","protected":false},"excerpt":{"rendered":"<p>Sibbie, P., L\u00e4ms\u00e4, R., Skogberg, N., Peltonen, K., &amp; Laajasalo, T. (2026). Service Providers\u2019 Perspectives on Barriers and Facilitators in Early Implementation of a Psychoeducational Intervention for Immigrant Parents in Social Services.\u00a0Journal of Social Service Research,\u00a052(1), 15\u201330. https:\/\/doi.org\/10.1080\/01488376.2025.2495720 Aalto, S., Punam\u00e4ki, R. L., V\u00e4nsk\u00e4, M., Kankaanp\u00e4\u00e4, R., Turunen, T., Lahtinen, O., \u2026 Peltonen, K. (2025). [&hellip;]<\/p>\n","protected":false},"author":6834,"featured_media":0,"parent":0,"menu_order":0,"comment_status":"closed","ping_status":"closed","template":"","meta":{"footnotes":""},"class_list":["post-112","page","type-page","status-publish","hentry"],"_links":{"self":[{"href":"https:\/\/users.utu.fi\/kppelt\/wp-json\/wp\/v2\/pages\/112","targetHints":{"allow":["GET"]}}],"collection":[{"href":"https:\/\/users.utu.fi\/kppelt\/wp-json\/wp\/v2\/pages"}],"about":[{"href":"https:\/\/users.utu.fi\/kppelt\/wp-json\/wp\/v2\/types\/page"}],"author":[{"embeddable":true,"href":"https:\/\/users.utu.fi\/kppelt\/wp-json\/wp\/v2\/users\/6834"}],"replies":[{"embeddable":true,"href":"https:\/\/users.utu.fi\/kppelt\/wp-json\/wp\/v2\/comments?post=112"}],"version-history":[{"count":5,"href":"https:\/\/users.utu.fi\/kppelt\/wp-json\/wp\/v2\/pages\/112\/revisions"}],"predecessor-version":[{"id":276,"href":"https:\/\/users.utu.fi\/kppelt\/wp-json\/wp\/v2\/pages\/112\/revisions\/276"}],"wp:attachment":[{"href":"https:\/\/users.utu.fi\/kppelt\/wp-json\/wp\/v2\/media?parent=112"}],"curies":[{"name":"wp","href":"https:\/\/api.w.org\/{rel}","templated":true}]}}