{"id":46,"date":"2024-01-27T12:14:34","date_gmt":"2024-01-27T10:14:34","guid":{"rendered":"https:\/\/users.utu.fi\/lakahei\/home-suomi\/"},"modified":"2025-02-10T21:10:22","modified_gmt":"2025-02-10T19:10:22","slug":"home-suomi","status":"publish","type":"page","link":"https:\/\/users.utu.fi\/lakahei\/fi\/","title":{"rendered":"Etusivu"},"content":{"rendered":"<p><span aria-hidden=\"true\">Olen tilastotieteen v\u00e4it\u00f6skirjatutkija Turun yliopistossa ja l\u00e4hell\u00e4 syd\u00e4nt\u00e4ni ovat erityisesti matematiikka ja opettaminen. Tilastotieteen aloista kiinnostavimpia ovat koneoppiminen, ulottuvuuksien v\u00e4hent\u00e4mismenetelm\u00e4t (dimensionality reduction) sek\u00e4 monimuuttujamenetelm\u00e4t, erityisesti n\u00e4iden taustalla oleva teoria. Tutkimukseni k\u00e4sittelee harvaa (sparse), vakaata (robust) ja ep\u00e4lineaarista dimensionpienennyst\u00e4.<\/span><\/p>\n<p>T\u00e4ll\u00e4 sivustolla tulee olemaan CV:ni sek\u00e4 projektejani ja julkaisuluetteloni.<\/p>\n","protected":false},"excerpt":{"rendered":"<p>Olen tilastotieteen v\u00e4it\u00f6skirjatutkija Turun yliopistossa ja l\u00e4hell\u00e4 syd\u00e4nt\u00e4ni ovat erityisesti matematiikka ja opettaminen. Tilastotieteen aloista kiinnostavimpia ovat koneoppiminen, ulottuvuuksien v\u00e4hent\u00e4mismenetelm\u00e4t (dimensionality reduction) sek\u00e4 monimuuttujamenetelm\u00e4t, erityisesti n\u00e4iden taustalla oleva teoria. Tutkimukseni k\u00e4sittelee harvaa (sparse), vakaata (robust) ja ep\u00e4lineaarista dimensionpienennyst\u00e4. T\u00e4ll\u00e4 sivustolla tulee olemaan CV:ni sek\u00e4 projektejani ja julkaisuluetteloni.<\/p>\n","protected":false},"author":735,"featured_media":0,"parent":0,"menu_order":0,"comment_status":"closed","ping_status":"closed","template":"","meta":{"site-sidebar-layout":"default","site-content-layout":"","ast-site-content-layout":"default","site-content-style":"default","site-sidebar-style":"default","ast-global-header-display":"","ast-banner-title-visibility":"","ast-main-header-display":"","ast-hfb-above-header-display":"","ast-hfb-below-header-display":"","ast-hfb-mobile-header-display":"","site-post-title":"","ast-breadcrumbs-content":"","ast-featured-img":"","footer-sml-layout":"","ast-disable-related-posts":"","theme-transparent-header-meta":"default","adv-header-id-meta":"","stick-header-meta":"","header-above-stick-meta":"","header-main-stick-meta":"","header-below-stick-meta":"","astra-migrate-meta-layouts":"set","ast-page-background-enabled":"default","ast-page-background-meta":{"desktop":{"background-color":"var(--ast-global-color-4)","background-image":"","background-repeat":"repeat","background-position":"center center","background-size":"auto","background-attachment":"scroll","background-type":"","background-media":"","overlay-type":"","overlay-color":"","overlay-opacity":"","overlay-gradient":""},"tablet":{"background-color":"","background-image":"","background-repeat":"repeat","background-position":"center center","background-size":"auto","background-attachment":"scroll","background-type":"","background-media":"","overlay-type":"","overlay-color":"","overlay-opacity":"","overlay-gradient":""},"mobile":{"background-color":"","background-image":"","background-repeat":"repeat","background-position":"center center","background-size":"auto","background-attachment":"scroll","background-type":"","background-media":"","overlay-type":"","overlay-color":"","overlay-opacity":"","overlay-gradient":""}},"ast-content-background-meta":{"desktop":{"background-color":"var(--ast-global-color-5)","background-image":"","background-repeat":"repeat","background-position":"center center","background-size":"auto","background-attachment":"scroll","background-type":"","background-media":"","overlay-type":"","overlay-color":"","overlay-opacity":"","overlay-gradient":""},"tablet":{"background-color":"var(--ast-global-color-5)","background-image":"","background-repeat":"repeat","background-position":"center center","background-size":"auto","background-attachment":"scroll","background-type":"","background-media":"","overlay-type":"","overlay-color":"","overlay-opacity":"","overlay-gradient":""},"mobile":{"background-color":"var(--ast-global-color-5)","background-image":"","background-repeat":"repeat","background-position":"center center","background-size":"auto","background-attachment":"scroll","background-type":"","background-media":"","overlay-type":"","overlay-color":"","overlay-opacity":"","overlay-gradient":""}},"footnotes":""},"class_list":["post-46","page","type-page","status-publish","hentry"],"_links":{"self":[{"href":"https:\/\/users.utu.fi\/lakahei\/wp-json\/wp\/v2\/pages\/46","targetHints":{"allow":["GET"]}}],"collection":[{"href":"https:\/\/users.utu.fi\/lakahei\/wp-json\/wp\/v2\/pages"}],"about":[{"href":"https:\/\/users.utu.fi\/lakahei\/wp-json\/wp\/v2\/types\/page"}],"author":[{"embeddable":true,"href":"https:\/\/users.utu.fi\/lakahei\/wp-json\/wp\/v2\/users\/735"}],"replies":[{"embeddable":true,"href":"https:\/\/users.utu.fi\/lakahei\/wp-json\/wp\/v2\/comments?post=46"}],"version-history":[{"count":9,"href":"https:\/\/users.utu.fi\/lakahei\/wp-json\/wp\/v2\/pages\/46\/revisions"}],"predecessor-version":[{"id":88,"href":"https:\/\/users.utu.fi\/lakahei\/wp-json\/wp\/v2\/pages\/46\/revisions\/88"}],"wp:attachment":[{"href":"https:\/\/users.utu.fi\/lakahei\/wp-json\/wp\/v2\/media?parent=46"}],"curies":[{"name":"wp","href":"https:\/\/api.w.org\/{rel}","templated":true}]}}