{"id":54,"date":"2024-01-27T13:11:00","date_gmt":"2024-01-27T11:11:00","guid":{"rendered":"https:\/\/users.utu.fi\/lakahei\/?page_id=54"},"modified":"2026-01-07T13:57:54","modified_gmt":"2026-01-07T11:57:54","slug":"cv-2","status":"publish","type":"page","link":"https:\/\/users.utu.fi\/lakahei\/fi\/cv-2\/","title":{"rendered":"CV"},"content":{"rendered":"<p style=\"text-align: right\">Viimeksi tarkistettu 12\/2025<\/p>\n<h2>Nykyinen teht\u00e4v\u00e4<\/h2>\n<h3>V\u00e4it\u00f6skirjatutkija<\/h3>\n<p>1\/2022-2\/2026, Matematiikan ja tilastotieteen laitos, Turun yliopisto<\/p>\n<p>Teen v\u00e4it\u00f6skirjaa harvoista, vakaista ja ep\u00e4lineaarisista dimensionpienennysmenetelmist\u00e4. Ty\u00f6h\u00f6n kuuluu my\u00f6s opetusteht\u00e4vi\u00e4 ja toimimista opettajatuutorina.<\/p>\n<h3>Yliopisto-opettaja<\/h3>\n<p>3\/2026-5\/2026, Matematiikan ja tilastotieteen laitos, Turun yliopisto<\/p>\n<p>Toimin yhten\u00e4 opettajista Tilastollisten mallien peruskurssilla. Teht\u00e4v\u00e4\u00e4n kuuluu luennoinnin lis\u00e4ksi luentomonisteen kirjoittaminen ja kurssin suunnittelu.<\/p>\n<h2>Aiemmat teht\u00e4v\u00e4t<\/h2>\n<h3>Yliopisto-opettaja<\/h3>\n<p>3\/2025-5\/2025, Matematiikan ja tilastotieteen laitos, Turun yliopisto<\/p>\n<h3>Biostatistikko<\/h3>\n<p>10\/2021-12\/2021, L\u00e4\u00e4ketieteellinen tiedekunta, Turun yliopisto<\/p>\n<p>Autoin l\u00e4\u00e4ketieteen tutkijoita heid\u00e4n tilastotieteellisiss\u00e4 ongelmissaan.<\/p>\n<h3>Tuntiopettaja<\/h3>\n<p>9\/2020-12\/2021, Matematiikan ja tilastotieteen laitos, Turun yliopisto, osa-aikainen<\/p>\n<p>Luennoin kaksi lyhytt\u00e4 kurssia ja toimin opettajatuutorina.<\/p>\n<h3>Tutkimusavustaja<\/h3>\n<p>7\/2020-8\/2020, Tekniikan ja luonnontieteen tiedekunta, Turun yliopisto<\/p>\n<p>Tein laskennallisin menetelmin selvityst\u00e4 erilaisista kurssisuoritusaineistoon liittyvist\u00e4 kysymyksist\u00e4 (tyypilliset sivuaineet ym).<\/p>\n<h2>Koulutus<\/h2>\n<h3>Filosofian tohtori<\/h3>\n<p>2022- (kesken), tilastotiede, Turun yliopisto<\/p>\n<p>Tutkintoon kuuluvat kurssit suoritettu, suunnitelluista artikkeleista kaksi hyv\u00e4ksytty ja yksi ty\u00f6n alla.<\/p>\n<h3>Filosofian maisteri<\/h3>\n<p>2025- (kesken), matematiikan opettaja, Turun yliopisto<\/p>\n<p>Matematiikan ja fysiikan opettaja; pedagogiset opinnot (60 op) lukuvuonna 2026-2027.<\/p>\n<h3>Filosofian maisteri<\/h3>\n<p>2018-2021, tilastotiede, Turun yliopisto<\/p>\n<p>Pro gradu tutkielmasta &#8220;Ydinmenetelm\u00e4 riippumattomien komponenttien analyysiin&#8221; paras arvosana (5) samoin kuin kaikista tutkinnon kokonaisuuksista.<\/p>\n<h3>Luonnontieteiden kandidaatti<\/h3>\n<p>2015-2018, tilastotiede, Turun yliopisto<\/p>\n<p>Sivuaineina matematiikka ja tietojenk\u00e4sittelytiede.<\/p>\n<h2>Opetus<\/h2>\n<p>Suoritin vuonna 2023 Yliopistopedagogiikan perusteet 10 op<\/p>\n<p>Olen toiminut opettajatuutorina vuodesta 2019.<\/p>\n<h3>Luennoitsijana<\/h3>\n<ul>\n<li>Tilastollisten mallien peruskurssi (8 op) 2024, 2025 ja 2026 (vastaan noin puolesta luennoista)<\/li>\n<li>Tilastollisen oppimisen jatkokurssi (6 op) 2022 (vastasin yhdest\u00e4 kurssin viidest\u00e4 aihealueesta)<\/li>\n<li>Abstraktin matematiikan pohjatietokurssi (2 op) 2019 ja 2020 (p\u00e4\u00e4aineen ensimm\u00e4inen kurssi)<\/li>\n<li>Matemaattinen kirjoittaminen (1 op) 2020 ja 2021<\/li>\n<\/ul>\n<h3>Demonstraattorina<\/h3>\n<ul>\n<li>Monimuuttujamenetelm\u00e4t 2023 ja 2024<\/li>\n<li>Analyysi I 2019<\/li>\n<li>5 muuta kurssia.<\/li>\n<\/ul>\n<h2>Luottamustoimet ja yhdistystoiminta<\/h2>\n<ul>\n<li>Matemaattis-luonnontieteellisen tiedekunnan jatko-opetuksen kehitt\u00e4misty\u00f6ryhm\u00e4, 2023-<\/li>\n<li>Exactus-tohtoriohjelman ohjausryhm\u00e4, 2023-2025<\/li>\n<li>Turun yliopiston tutkintolautakunta, 2021<\/li>\n<li>Matemaattis-luonnontieteellisen tiedekunnan johtokunta, 2017\u20132019, 2021<\/li>\n<li><span aria-hidden=\"true\">Ylioppilaskunnan edustajisto 2018-2019<\/span><\/li>\n<li><span aria-hidden=\"true\">Tiedekuntaj\u00e4rjest\u00f6 Hybridi ry:n hallitus 2018<br \/>\n<\/span><\/li>\n<li><span aria-hidden=\"true\">Ainej\u00e4rjest\u00f6 Delta ry:n hallitus 2016 ja 2017<\/span><\/li>\n<\/ul>\n","protected":false},"excerpt":{"rendered":"<p>Viimeksi tarkistettu 12\/2025 Nykyinen teht\u00e4v\u00e4 V\u00e4it\u00f6skirjatutkija 1\/2022-2\/2026, Matematiikan ja tilastotieteen laitos, Turun yliopisto Teen v\u00e4it\u00f6skirjaa harvoista, vakaista ja ep\u00e4lineaarisista dimensionpienennysmenetelmist\u00e4. Ty\u00f6h\u00f6n kuuluu my\u00f6s opetusteht\u00e4vi\u00e4 ja toimimista opettajatuutorina. Yliopisto-opettaja 3\/2026-5\/2026, Matematiikan ja tilastotieteen laitos, Turun yliopisto Toimin yhten\u00e4 opettajista Tilastollisten mallien peruskurssilla. Teht\u00e4v\u00e4\u00e4n kuuluu luennoinnin lis\u00e4ksi luentomonisteen kirjoittaminen ja kurssin suunnittelu. Aiemmat teht\u00e4v\u00e4t Yliopisto-opettaja 3\/2025-5\/2025, Matematiikan [&hellip;]<\/p>\n","protected":false},"author":735,"featured_media":0,"parent":0,"menu_order":0,"comment_status":"closed","ping_status":"closed","template":"","meta":{"site-sidebar-layout":"default","site-content-layout":"","ast-site-content-layout":"default","site-content-style":"default","site-sidebar-style":"default","ast-global-header-display":"","ast-banner-title-visibility":"","ast-main-header-display":"","ast-hfb-above-header-display":"","ast-hfb-below-header-display":"","ast-hfb-mobile-header-display":"","site-post-title":"","ast-breadcrumbs-content":"","ast-featured-img":"","footer-sml-layout":"","ast-disable-related-posts":"","theme-transparent-header-meta":"default","adv-header-id-meta":"","stick-header-meta":"","header-above-stick-meta":"","header-main-stick-meta":"","header-below-stick-meta":"","astra-migrate-meta-layouts":"set","ast-page-background-enabled":"default","ast-page-background-meta":{"desktop":{"background-color":"var(--ast-global-color-4)","background-image":"","background-repeat":"repeat","background-position":"center center","background-size":"auto","background-attachment":"scroll","background-type":"","background-media":"","overlay-type":"","overlay-color":"","overlay-opacity":"","overlay-gradient":""},"tablet":{"background-color":"","background-image":"","background-repeat":"repeat","background-position":"center center","background-size":"auto","background-attachment":"scroll","background-type":"","background-media":"","overlay-type":"","overlay-color":"","overlay-opacity":"","overlay-gradient":""},"mobile":{"background-color":"","background-image":"","background-repeat":"repeat","background-position":"center center","background-size":"auto","background-attachment":"scroll","background-type":"","background-media":"","overlay-type":"","overlay-color":"","overlay-opacity":"","overlay-gradient":""}},"ast-content-background-meta":{"desktop":{"background-color":"var(--ast-global-color-5)","background-image":"","background-repeat":"repeat","background-position":"center center","background-size":"auto","background-attachment":"scroll","background-type":"","background-media":"","overlay-type":"","overlay-color":"","overlay-opacity":"","overlay-gradient":""},"tablet":{"background-color":"var(--ast-global-color-5)","background-image":"","background-repeat":"repeat","background-position":"center center","background-size":"auto","background-attachment":"scroll","background-type":"","background-media":"","overlay-type":"","overlay-color":"","overlay-opacity":"","overlay-gradient":""},"mobile":{"background-color":"var(--ast-global-color-5)","background-image":"","background-repeat":"repeat","background-position":"center center","background-size":"auto","background-attachment":"scroll","background-type":"","background-media":"","overlay-type":"","overlay-color":"","overlay-opacity":"","overlay-gradient":""}},"footnotes":""},"class_list":["post-54","page","type-page","status-publish","hentry"],"_links":{"self":[{"href":"https:\/\/users.utu.fi\/lakahei\/wp-json\/wp\/v2\/pages\/54","targetHints":{"allow":["GET"]}}],"collection":[{"href":"https:\/\/users.utu.fi\/lakahei\/wp-json\/wp\/v2\/pages"}],"about":[{"href":"https:\/\/users.utu.fi\/lakahei\/wp-json\/wp\/v2\/types\/page"}],"author":[{"embeddable":true,"href":"https:\/\/users.utu.fi\/lakahei\/wp-json\/wp\/v2\/users\/735"}],"replies":[{"embeddable":true,"href":"https:\/\/users.utu.fi\/lakahei\/wp-json\/wp\/v2\/comments?post=54"}],"version-history":[{"count":10,"href":"https:\/\/users.utu.fi\/lakahei\/wp-json\/wp\/v2\/pages\/54\/revisions"}],"predecessor-version":[{"id":131,"href":"https:\/\/users.utu.fi\/lakahei\/wp-json\/wp\/v2\/pages\/54\/revisions\/131"}],"wp:attachment":[{"href":"https:\/\/users.utu.fi\/lakahei\/wp-json\/wp\/v2\/media?parent=54"}],"curies":[{"name":"wp","href":"https:\/\/api.w.org\/{rel}","templated":true}]}}