{"id":153,"date":"2016-12-14T12:19:48","date_gmt":"2016-12-14T12:19:48","guid":{"rendered":"http:\/\/users.utu.fi\/lasnur\/?page_id=153"},"modified":"2021-02-12T12:21:00","modified_gmt":"2021-02-12T12:21:00","slug":"publications","status":"publish","type":"page","link":"https:\/\/users.utu.fi\/lasnur\/publications\/","title":{"rendered":"Publications"},"content":{"rendered":"<h4><strong>A Articles in refereed scientific journals<\/strong><\/h4>\n<h5><strong>A1 Articles in refereed scientific journals<\/strong><\/h5>\n<ul>\n<li>Nurmi, L. &amp; T. Meskanen (2018): <a href=\"http:\/\/www.finnresearch.fi\/RFS2018_Nurmi_Meskanen.pdf\" target=\"_blank\" rel=\"noopener noreferrer\">Political areas of competition in Southwest Finland: A cluster analysis of parliamentary elections data from three levels of aggregation<\/a>. <em>Research on Finnish Society<\/em> 11. 24-43.<\/li>\n<\/ul>\n<h5><strong>A2 Review articles in scientific journals<\/strong><\/h5>\n<ul>\n<li>Nurmi, H. &amp; L. Nurmi (2001): The parliamentary elections in Finland \u2013 Notes on recent elections. <em>Electoral Studies<\/em> 20. 127-169.<\/li>\n<li>Nurmi, H. &amp; L. Nurmi (2003): The parliamentary election in Finland, March 2003. <em>Electoral Studies <\/em>23(3): 557-565.<\/li>\n<li>Nurmi, H. &amp; L. Nurmi (2007): The parliamentary election in Finland, March 2007. <em>Electoral Studies <\/em>26(4): 797-803.<\/li>\n<li>Nurmi, H. &amp; L. Nurmi (2012): The parliamentary election in Finland, April 2011. <em>Electoral Studies<\/em> 31(1): 234-238.<\/li>\n<li>Nurmi, H. &amp; L. Nurmi (2015): The parliamentary election in Finland, April 19, 2015. <em>Electoral Studies<\/em> 40(4): 433-438.<\/li>\n<\/ul>\n<h5>A3 Book Chapter<\/h5>\n<ul>\n<li>Nurmi, L. &amp; H. Nurmi (2020): From Centre-Right to Centre-Left: the 2019 parliamentary election in Finland, March 2020. <em>Finnish-German Yearbook of Political Economy<\/em> vol 2: 91-103.<\/li>\n<\/ul>\n<h5><strong>A4 Articles in conference proceedings<br \/>\n<\/strong><\/h5>\n<ul>\n<li>Nurmi, L. &amp; R. Kalliola (2004). Arranging GI Cooperation and Environmental GI Data in South Western Finland. <em>In<\/em> Green, D. R. (ed.): <em>Delivering Sustainable Coasts: Connecting Science and Policy. Littoral 2004 Conference proceedings<\/em> volume 2. Cambridge Publications, 625-630.<\/li>\n<li>Nurmi, L. &amp; S. Karjalainen (2006). Role and functions of sub-national spatial data infrastructure &#8211; lessons learned in the regional spatial data facility \u201dLounaispaikka\u201d in SW Finland. <em>In<\/em> Envifacilitate coordination (ed.): <em>Geographic information facilities supporting access to environmental information. International workshop in Turku Finland 5.-6. October 2006.<\/em> Turku University Department of Geography publications B 9. 47-52.<\/li>\n<li>Nurmi, L. &amp; A. Vasanen (2006). Lounaispaikka regional GI service and collaboration initiative Building a LSDI in South Western Finland. <em>In<\/em> Fullerton, K. &amp; K. T\u00f3th (ed.): <em>12th EC &amp; EC GIS Workshop, Insbruck, Austria 21-23 June 2006.<\/em> 78-79. <a href=\"http:\/\/www.ec-gis.org\/Workshops\/12ec-gis\/12th_EC-GIS_abstracts.pdf\" target=\"_blank\" rel=\"noopener noreferrer\">Abstracts<\/a>.<\/li>\n<\/ul>\n<h4><strong>B Articles in scientific journals<\/strong><\/h4>\n<h5><strong>B1 Article in scientific journal<br \/>\n<\/strong><\/h5>\n<ul>\n<li>Nurmi, L. &amp; H. Tolvanen (2003): Paikkatiedon alueellinen organisointi. <em>Terra<\/em> 115:3, 233-236. <a href=\"http:\/\/elektra.helsinki.fi\/se\/t\/0040-3741\/115\/3\/paiknurm.pdf\" target=\"_blank\" rel=\"noopener noreferrer\">Article<\/a>.<\/li>\n<\/ul>\n<h5><strong>B2 Article in edited volume<br \/>\n<\/strong><\/h5>\n<ul>\n<li>Kalliola, R. &amp; L. Nurmi (2005). Paikkatieto Varsinais-Suomen tietoyhteiskuntakehityksen moottorina. <em>In<\/em> Hirvensalo, V. &amp; S. Tantarim\u00e4ki (toim.): <em>Kohtaamispaikkana Varsinais-Suomi. Turun yliopiston maantieteen laitoksen julkaisuja<\/em> A 169, 125-134.<\/li>\n<\/ul>\n<h4><strong>D Articles in publications for professional communities<br \/>\n<\/strong><\/h4>\n<h5><strong>D4\u00a0 Published research or development reports<br \/>\n<\/strong><\/h5>\n<ul>\n<li>Hilke, K. &amp; L. Nurmi (2005). Varsinais-Suomen alueellinen paikkatietoselvitys. <em>UTU-LCC Publications <\/em>7. 54 p.<\/li>\n<li>Kajander, S., L. Nurmi &amp; V-M. Rintala (2001) Selvitys luotsausmaksuista ja niiden perusteista. <em>Turun yliopiston Merenkulkualan koulutus- ja tutkimuskeskuksen julkaisuja<\/em> C5\/2001. 25 p.<\/li>\n<\/ul>\n<h4><strong>E Popular articles<br \/>\n<\/strong><\/h4>\n<h5><strong>E1 Popular articles, newspaper articles<br \/>\n<\/strong><\/h5>\n<ul>\n<li>Turun Sanomat 11.11.2020. <em><span id=\"main-content-block\"><span dir=\"ltr\" lang=\"en-GB\">Virkistysalueet luonnonvarojen k\u00e4yt\u00f6n ja luonnonarvojen suojelun sillanrakentajina<\/span><\/span>.<\/em> A newspaper article. Hiedanp\u00e4\u00e4, J. &amp; L. Nurmi. (<a href=\"https:\/\/www.ts.fi\/puheenvuorot\/5128975\/Virkistysalueet+luonnonvarojen+kayton+ja+luonnonarvojen+suojelun+sillanrakentajina\">https:\/\/www.ts.fi\/puheenvuorot\/5128975\/Virkistysalueet+luonnonvarojen+kayton+ja+luonnonarvojen+suojelun+sillanrakentajina<\/a>)<\/li>\n<li>Turun Sanomat 5.1.2006. <em>Julkiset paikkatiedon kansalaispalvelut voidaan tuottaa alueellisella yhteisty\u00f6ll\u00e4<\/em>. A newspaper article. L. Nurmi.<\/li>\n<li>Nurmi, L. (2002). Lounaispaikka \u2013 alueellinen paikkatietokeskus ja paikkatietopalvelu Internetiss\u00e4. <em>Ymp\u00e4rist\u00f6viesti<\/em> 2\/2002. 34-35.<\/li>\n<li>Nurmi, L. (2003). Lounaispaikka \u2013 alueellinen paikkatietokeskus Varsinais-Suomessa. <em>Tekniikka ja kunta<\/em> 7\/2003, 56-59<\/li>\n<li>Nurmi, L. &amp; M. Pakarinen (2004). Paikka ja tieto kohtaavat Lounais-Suomessa. <em>Positio<\/em> 4\/2004.<\/li>\n<\/ul>\n<h5><strong>E2 Popular monographs<\/strong><\/h5>\n<ul>\n<li>Nurmi, L. &amp; V. Hammarberg (2015). <em>Karhu katsoo merelle: katsaus Porin sataman 235-vuotiseen historiaan.<\/em> Porin Satama. 96 s.<\/li>\n<li>Nurmi, L. &amp; V. Hammarberg (2010). <em>Karhu katsoo merelle: katsaus Porin sataman 230-vuotiseen historiaan.<\/em> Porin Satama. 88 s.<\/li>\n<li>Nurmi, L. &amp; V. Hammarberg (2005). <em>Karhu katsoo merelle: katsaus Porin sataman 225-vuotiseen historiaan.<\/em> Porin Satama. 72 s.<\/li>\n<li>Nurmi, L. (2001). <em>Karhu katsoo merelle: katsaus Porin sataman 220-vuotiseen historiaan.<\/em> Porin Satama. 64 p.<\/li>\n<\/ul>\n<h4><strong>G Theses<br \/>\n<\/strong><\/h4>\n<h5><strong>E1 Pro gradus, theses required for a diploma<br \/>\n<\/strong><\/h5>\n<ul>\n<li>Nurmi (1999): Vuoden 1994 presidentinvaaliehdokkaiden kannatuksen alueellinen jakautuminen kumulatiivisen kartoituksen valossa (<em>The areal distribution of support of the candidates of 1994 Finnish presidential elections in the light of cumulative mapping<\/em>). Turun yliopiston maantieteen laitoksen monisteita n:o 17. 100 p. Pro gradu thesis.<\/li>\n<\/ul>\n","protected":false},"excerpt":{"rendered":"<p>A Articles in refereed scientific journals A1 Articles in refereed scientific journals Nurmi, L. &amp; T. Meskanen (2018): Political areas of competition in Southwest Finland: A cluster analysis of parliamentary elections data from three levels of aggregation. Research on Finnish Society 11. 24-43. A2 Review articles in scientific journals Nurmi, H. &amp; L. Nurmi (2001): [&hellip;]<\/p>\n","protected":false},"author":54,"featured_media":0,"parent":0,"menu_order":0,"comment_status":"closed","ping_status":"closed","template":"","meta":{"footnotes":""},"class_list":["post-153","page","type-page","status-publish","hentry","post-preview"],"_links":{"self":[{"href":"https:\/\/users.utu.fi\/lasnur\/wp-json\/wp\/v2\/pages\/153","targetHints":{"allow":["GET"]}}],"collection":[{"href":"https:\/\/users.utu.fi\/lasnur\/wp-json\/wp\/v2\/pages"}],"about":[{"href":"https:\/\/users.utu.fi\/lasnur\/wp-json\/wp\/v2\/types\/page"}],"author":[{"embeddable":true,"href":"https:\/\/users.utu.fi\/lasnur\/wp-json\/wp\/v2\/users\/54"}],"replies":[{"embeddable":true,"href":"https:\/\/users.utu.fi\/lasnur\/wp-json\/wp\/v2\/comments?post=153"}],"version-history":[{"count":10,"href":"https:\/\/users.utu.fi\/lasnur\/wp-json\/wp\/v2\/pages\/153\/revisions"}],"predecessor-version":[{"id":276,"href":"https:\/\/users.utu.fi\/lasnur\/wp-json\/wp\/v2\/pages\/153\/revisions\/276"}],"wp:attachment":[{"href":"https:\/\/users.utu.fi\/lasnur\/wp-json\/wp\/v2\/media?parent=153"}],"curies":[{"name":"wp","href":"https:\/\/api.w.org\/{rel}","templated":true}]}}