{"id":102,"date":"2021-02-25T10:13:26","date_gmt":"2021-02-25T10:13:26","guid":{"rendered":"https:\/\/users.utu.fi\/latanu\/?page_id=102"},"modified":"2022-10-21T12:34:26","modified_gmt":"2022-10-21T12:34:26","slug":"luennot-ja-koulutus","status":"publish","type":"page","link":"https:\/\/users.utu.fi\/latanu\/luennot-ja-koulutus\/","title":{"rendered":"Luennot ja koulutus"},"content":{"rendered":"<p>Tarjoan koulutusta ja luennointia liittyen tunteisiin, sosiaaliseen vuorovaikutukseen, psykologiseen tutkimukseen sek\u00e4 tilastolliseen analyysiin liittyen yritykseni (<strong>Nummenmaa Oy<\/strong>) kautta. Referenssein\u00e4 esimerkiksi KONE, Orion, Lindstr\u00f6m, Samsung, Fazer Foods, Lundbeck Oy, HRS Advisors, Easel Training OY, Kognitiivisen psykoterapian keskus Luote Oy, sek\u00e4 useat suomalaiset kunnat ja sairaanhoitopiirit. \u00a0Alla on muutamia esimerkkej\u00e4 luennoista ja koulutuksista joita pid\u00e4n s\u00e4\u00e4nn\u00f6llisesti. Voit katsoa lyhyen yleisesitykseni aivojen toimintaan liittyen <a href=\"https:\/\/www.youtube.com\/watch?v=U3qwpTV3fCw\">t\u00e4st\u00e4 linkist\u00e4<\/a>. Jos kiinnostuit, niin\u00a0<a href=\"mailto:latanu@utu.fi\">ota yhteytt\u00e4<\/a>\u00a0ja r\u00e4\u00e4t\u00e4l\u00f6id\u00e4\u00e4n teille sopiva luento tai pidempi koulutustilaisuus!<\/p>\n<p><strong><img loading=\"lazy\" decoding=\"async\" class=\"alignnone wp-image-603 size-large\" src=\"https:\/\/users.utu.fi\/latanu\/wp-content\/uploads\/sites\/1188\/2022\/10\/tunteet.001-1024x576.png\" alt=\"\" width=\"676\" height=\"380\" srcset=\"https:\/\/users.utu.fi\/latanu\/wp-content\/uploads\/sites\/1188\/2022\/10\/tunteet.001-1024x576.png 1024w, https:\/\/users.utu.fi\/latanu\/wp-content\/uploads\/sites\/1188\/2022\/10\/tunteet.001-300x169.png 300w, https:\/\/users.utu.fi\/latanu\/wp-content\/uploads\/sites\/1188\/2022\/10\/tunteet.001-768x432.png 768w, https:\/\/users.utu.fi\/latanu\/wp-content\/uploads\/sites\/1188\/2022\/10\/tunteet.001-1536x864.png 1536w, https:\/\/users.utu.fi\/latanu\/wp-content\/uploads\/sites\/1188\/2022\/10\/tunteet.001-676x380.png 676w, https:\/\/users.utu.fi\/latanu\/wp-content\/uploads\/sites\/1188\/2022\/10\/tunteet.001.png 1920w\" sizes=\"auto, (max-width: 676px) 100vw, 676px\" \/><\/strong><\/p>\n<p><strong>1. Kuinka tunteet toimivat?\u00a0<\/strong><br \/>\nMist\u00e4 tunteet tulevat, miten tunteet kesytet\u00e4\u00e4n?\u00a0Kuinka moraali syntyy,\u00a0miksi r\u00e4k\u00e4 \u00e4ll\u00f6tt\u00e4\u00e4 mutta vanukas ei?\u00a0Ent\u00e4p\u00e4 voiko empatia olla pahasta?\u00a0Onko onneen oikotiet\u00e4, tai\u00a0tunteeko tiede rakkauden reseptin? T\u00e4m\u00e4 luento vastaa n\u00e4ihin ja moniin muihin tunteiden mysteereit\u00e4 koskeviin kysymyksiin. Kerron, kuinka tunteet toimivat aivoissa ohjaten p\u00e4\u00e4t\u00f6ksentekoamme, ja esittelen, kuinka uusin aivotutkimus auttaa erilaisten tunne-el\u00e4m\u00e4n ilmi\u00f6iden ja h\u00e4iri\u00f6iden ymm\u00e4rt\u00e4misess\u00e4.<\/p>\n<p>&nbsp;<\/p>\n<p><strong><img loading=\"lazy\" decoding=\"async\" class=\"alignnone wp-image-599 size-large\" src=\"https:\/\/users.utu.fi\/latanu\/wp-content\/uploads\/sites\/1188\/2022\/10\/KeynoeKansiFonts.001-1024x576.png\" alt=\"\" width=\"676\" height=\"380\" srcset=\"https:\/\/users.utu.fi\/latanu\/wp-content\/uploads\/sites\/1188\/2022\/10\/KeynoeKansiFonts.001-1024x576.png 1024w, https:\/\/users.utu.fi\/latanu\/wp-content\/uploads\/sites\/1188\/2022\/10\/KeynoeKansiFonts.001-300x169.png 300w, https:\/\/users.utu.fi\/latanu\/wp-content\/uploads\/sites\/1188\/2022\/10\/KeynoeKansiFonts.001-768x432.png 768w, https:\/\/users.utu.fi\/latanu\/wp-content\/uploads\/sites\/1188\/2022\/10\/KeynoeKansiFonts.001-1536x864.png 1536w, https:\/\/users.utu.fi\/latanu\/wp-content\/uploads\/sites\/1188\/2022\/10\/KeynoeKansiFonts.001-676x380.png 676w, https:\/\/users.utu.fi\/latanu\/wp-content\/uploads\/sites\/1188\/2022\/10\/KeynoeKansiFonts.001.png 1920w\" sizes=\"auto, (max-width: 676px) 100vw, 676px\" \/><\/strong><\/p>\n<p><strong>2. Pahuus &#8211; ihmisluonnon pime\u00e4 puoli<br \/>\n<\/strong>Vain pieni osa ihmisist\u00e4 syyllistyy \u00e4\u00e4rimm\u00e4isiin pahantekoihin kuten pahoinpitelyyn tai murhiin. Kaikki ihmiset tekev\u00e4t kuitenkin pienempi\u00e4 pahoja tekoja toisilleen: Valehtelemme, kiusaamme ja ajamme omaa etuamme toisten kustannuksella. Mist\u00e4 paha tulee ihmiseen, ja miksi jotkut ihmiset luisuvat arkip\u00e4iv\u00e4isist\u00e4 pahanteoista rikollisuuden ja v\u00e4kivallan poluille? T\u00e4m\u00e4 luento kertoo ihmismielen pimeist\u00e4 puolista. Se vastaa kysymykseen pahuuden biologisesta, psykologisesta sek\u00e4 poliittisesta luonteesta, sek\u00e4 esittelee ratkaisuja pahuuden, ja v\u00e4kivallan v\u00e4hent\u00e4miseen.<\/p>\n<p>&nbsp;<\/p>\n<p><strong><img loading=\"lazy\" decoding=\"async\" class=\"alignnone wp-image-600 size-large\" src=\"https:\/\/users.utu.fi\/latanu\/wp-content\/uploads\/sites\/1188\/2022\/10\/LN_elokuva_PET_yleisoluento_22.001-1024x576.png\" alt=\"\" width=\"676\" height=\"380\" srcset=\"https:\/\/users.utu.fi\/latanu\/wp-content\/uploads\/sites\/1188\/2022\/10\/LN_elokuva_PET_yleisoluento_22.001-1024x576.png 1024w, https:\/\/users.utu.fi\/latanu\/wp-content\/uploads\/sites\/1188\/2022\/10\/LN_elokuva_PET_yleisoluento_22.001-300x169.png 300w, https:\/\/users.utu.fi\/latanu\/wp-content\/uploads\/sites\/1188\/2022\/10\/LN_elokuva_PET_yleisoluento_22.001-768x432.png 768w, https:\/\/users.utu.fi\/latanu\/wp-content\/uploads\/sites\/1188\/2022\/10\/LN_elokuva_PET_yleisoluento_22.001-1536x864.png 1536w, https:\/\/users.utu.fi\/latanu\/wp-content\/uploads\/sites\/1188\/2022\/10\/LN_elokuva_PET_yleisoluento_22.001-676x380.png 676w, https:\/\/users.utu.fi\/latanu\/wp-content\/uploads\/sites\/1188\/2022\/10\/LN_elokuva_PET_yleisoluento_22.001.png 1920w\" sizes=\"auto, (max-width: 676px) 100vw, 676px\" \/><\/strong><\/p>\n<p><strong>3. Aivot, tunteet ja elokuva<br \/>\n<\/strong>Elokuva kiehtoo ihmismielt\u00e4 ja elokuvaohjaajat ovat monella tavalla ihmisten tunteiden ja havaintoprosessien ammattilaisia. Elokuvat ovatkin monella tapaa tiivistetty\u00e4 ja paranneltua todellisuutta. Elokuvien sankarit ovat yst\u00e4vi\u00e4mme nokkelampia ja kauniimpia, ja heille tapahtuu parin tunnin aikana enemm\u00e4n kuin useimmille meist\u00e4 koko el\u00e4m\u00e4mme aikana. Mutta kuinka elokuvaa voidaan k\u00e4ytt\u00e4\u00e4 aivotutkimuksen apuna, ent\u00e4p\u00e4 mit\u00e4 aivotutkimus paljastaa elokuvista? Mit\u00e4 aivoissa tapahtuu, kun ihmiset katselevat Star Warsia, tai kuinka katse kohdistuu kauhuelokuvan j\u00e4nnitt\u00e4vimmiss\u00e4 kohdissa? T\u00e4ll\u00e4 luennolla kerron, kuinka voimme k\u00e4ytt\u00e4\u00e4 elokuvaa kartoittaaksemme aivojen tunneverkostoja ja sosiaalisten tiedonk\u00e4sittelyn radastoja. Katso <a href=\"https:\/\/www.youtube.com\/watch?v=tC-pPZZn__M\">t\u00e4st\u00e4 linkist\u00e4<\/a> esimerkki aivotoiminnasta ja silm\u00e4nliikkeist\u00e4 elokuvan katselun aikana.<\/p>\n<p>&nbsp;<\/p>\n<p><strong><img loading=\"lazy\" decoding=\"async\" class=\"alignnone wp-image-610 size-large\" src=\"https:\/\/users.utu.fi\/latanu\/wp-content\/uploads\/sites\/1188\/2022\/10\/nautinnot.001-1-1024x576.png\" alt=\"\" width=\"676\" height=\"380\" srcset=\"https:\/\/users.utu.fi\/latanu\/wp-content\/uploads\/sites\/1188\/2022\/10\/nautinnot.001-1-1024x576.png 1024w, https:\/\/users.utu.fi\/latanu\/wp-content\/uploads\/sites\/1188\/2022\/10\/nautinnot.001-1-300x169.png 300w, https:\/\/users.utu.fi\/latanu\/wp-content\/uploads\/sites\/1188\/2022\/10\/nautinnot.001-1-768x432.png 768w, https:\/\/users.utu.fi\/latanu\/wp-content\/uploads\/sites\/1188\/2022\/10\/nautinnot.001-1-1536x864.png 1536w, https:\/\/users.utu.fi\/latanu\/wp-content\/uploads\/sites\/1188\/2022\/10\/nautinnot.001-1-676x380.png 676w, https:\/\/users.utu.fi\/latanu\/wp-content\/uploads\/sites\/1188\/2022\/10\/nautinnot.001-1.png 1920w\" sizes=\"auto, (max-width: 676px) 100vw, 676px\" \/><\/strong><\/p>\n<p><strong>4. Nautintojen neurobiologia<\/strong><br \/>\nIhmiset tekev\u00e4t musiikkia, kuvataidetta ja monen muunlaista taidetta kaikkialla maailmassa. Taiteen tekemist\u00e4 on vaikea selitt\u00e4\u00e4 evoluution n\u00e4k\u00f6kulmasta &#8211; rakastamme taidetta, vaikka siit\u00e4 ei vaikuta olevan suoranaista hy\u00f6ty\u00e4 hengiss\u00e4 pysymisen tai hyvinvoinnin kannalta. T\u00e4ll\u00e4 luennolla kerron, kuinka neurotiede ja psykologinen tutkimus voi avata taiteen ja muiden nautintojen mysteereit\u00e4.<\/p>\n<p>&nbsp;<\/p>\n<p>&nbsp;<\/p>\n<p><strong><img loading=\"lazy\" decoding=\"async\" class=\"alignnone wp-image-609 size-large\" src=\"https:\/\/users.utu.fi\/latanu\/wp-content\/uploads\/sites\/1188\/2022\/10\/sosiaaliset.001-1024x576.png\" alt=\"\" width=\"676\" height=\"380\" srcset=\"https:\/\/users.utu.fi\/latanu\/wp-content\/uploads\/sites\/1188\/2022\/10\/sosiaaliset.001-1024x576.png 1024w, https:\/\/users.utu.fi\/latanu\/wp-content\/uploads\/sites\/1188\/2022\/10\/sosiaaliset.001-300x169.png 300w, https:\/\/users.utu.fi\/latanu\/wp-content\/uploads\/sites\/1188\/2022\/10\/sosiaaliset.001-768x432.png 768w, https:\/\/users.utu.fi\/latanu\/wp-content\/uploads\/sites\/1188\/2022\/10\/sosiaaliset.001-1536x864.png 1536w, https:\/\/users.utu.fi\/latanu\/wp-content\/uploads\/sites\/1188\/2022\/10\/sosiaaliset.001-676x380.png 676w, https:\/\/users.utu.fi\/latanu\/wp-content\/uploads\/sites\/1188\/2022\/10\/sosiaaliset.001.png 1920w\" sizes=\"auto, (max-width: 676px) 100vw, 676px\" \/><\/strong><\/p>\n<p><strong>5. Sosiaaliset aivot\u00a0<\/strong><br \/>\nToiset ihmiset ovat t\u00e4rkein sosiaalinen ymp\u00e4rist\u00f6mme, ja navigoimme joka p\u00e4iv\u00e4 sulavasti monimutkaisissa sosiaalisissa verkostoissamme. Mutta miksi ihmissuhteet ovat meille niin t\u00e4rkeit\u00e4, ja kuinka aivot ohjaavat l\u00e4heisten sosiaalisten siteiden yll\u00e4pit\u00e4mist\u00e4? T\u00e4ll\u00e4 luennolla kerron, kuinka evoluutio on muokannut ihmisaivoista sosiaalisen tietokoneen, ja mit\u00e4 t\u00e4m\u00e4n tietokoneen ep\u00e4kuntoon menemisest\u00e4 seuraa ihmisen hyvinvoinnille.<\/p>\n<p>&nbsp;<\/p>\n<p><strong><img loading=\"lazy\" decoding=\"async\" class=\"alignnone wp-image-608 size-large\" src=\"https:\/\/users.utu.fi\/latanu\/wp-content\/uploads\/sites\/1188\/2022\/10\/tietoisuus.001-1-1024x576.png\" alt=\"\" width=\"676\" height=\"380\" srcset=\"https:\/\/users.utu.fi\/latanu\/wp-content\/uploads\/sites\/1188\/2022\/10\/tietoisuus.001-1-1024x576.png 1024w, https:\/\/users.utu.fi\/latanu\/wp-content\/uploads\/sites\/1188\/2022\/10\/tietoisuus.001-1-300x169.png 300w, https:\/\/users.utu.fi\/latanu\/wp-content\/uploads\/sites\/1188\/2022\/10\/tietoisuus.001-1-768x432.png 768w, https:\/\/users.utu.fi\/latanu\/wp-content\/uploads\/sites\/1188\/2022\/10\/tietoisuus.001-1-1536x864.png 1536w, https:\/\/users.utu.fi\/latanu\/wp-content\/uploads\/sites\/1188\/2022\/10\/tietoisuus.001-1-676x380.png 676w, https:\/\/users.utu.fi\/latanu\/wp-content\/uploads\/sites\/1188\/2022\/10\/tietoisuus.001-1.png 1920w\" sizes=\"auto, (max-width: 676px) 100vw, 676px\" \/><\/strong><\/p>\n<p><strong>6. Tietoisuus &#8211; ihmismielen suurin mysteeri<br \/>\n<\/strong>Henkil\u00f6kohtaisten kokemustemme syntyminen keskushermoston s\u00e4hk\u00f6- kemiallisen toiminnan tuloksena on edelleen tieteen suurimpia mysteerej\u00e4. T\u00e4ll\u00e4 luennolla kerron, kuinka aivotutkimus on avannut tietoisuuden ja tajunnan arvoituksia: \u00a0Kuinka on mahdollista, ett\u00e4 aivot voivat jatkuvasti esitt\u00e4\u00e4 meille uskottavia n\u00e4ytelmi\u00e4 siit\u00e4, mit\u00e4 kehomme sis\u00e4- ja ulkopuolella tapahtuu \u2013 tai miksi aivojen toiminta ylip\u00e4\u00e4t\u00e4\u00e4n tuntuu meist\u00e4 joltakin?<\/p>\n<p>&nbsp;<\/p>\n<p><strong><img loading=\"lazy\" decoding=\"async\" class=\"alignnone wp-image-605 size-large\" src=\"https:\/\/users.utu.fi\/latanu\/wp-content\/uploads\/sites\/1188\/2022\/10\/lihominen.001-1024x576.png\" alt=\"\" width=\"676\" height=\"380\" srcset=\"https:\/\/users.utu.fi\/latanu\/wp-content\/uploads\/sites\/1188\/2022\/10\/lihominen.001-1024x576.png 1024w, https:\/\/users.utu.fi\/latanu\/wp-content\/uploads\/sites\/1188\/2022\/10\/lihominen.001-300x169.png 300w, https:\/\/users.utu.fi\/latanu\/wp-content\/uploads\/sites\/1188\/2022\/10\/lihominen.001-768x432.png 768w, https:\/\/users.utu.fi\/latanu\/wp-content\/uploads\/sites\/1188\/2022\/10\/lihominen.001-1536x864.png 1536w, https:\/\/users.utu.fi\/latanu\/wp-content\/uploads\/sites\/1188\/2022\/10\/lihominen.001-676x380.png 676w, https:\/\/users.utu.fi\/latanu\/wp-content\/uploads\/sites\/1188\/2022\/10\/lihominen.001.png 1920w\" sizes=\"auto, (max-width: 676px) 100vw, 676px\" \/><\/strong><\/p>\n<p><strong>7. Aivot, ruokahalu ja lihominen <\/strong><br \/>\nSy\u00f6minen on helppoa ja automaattista, ja kehon tehokkaasta energianhallinnasta johtuen liikakiloja kertyy helposti. Vaikka laihduttamisen sy\u00f6-v\u00e4hemm\u00e4n-kuin-kulutat -resepti on yksinkertainen ja takuuvarmasti toimiva, miksi sen noudattaminen on niin hankalaa? T\u00e4ll\u00e4 luennolla kerron, kuinka lihominen onnistuu muuttamaan aivojen ja kehon energiatasapainoa s\u00e4\u00e4televi\u00e4 j\u00e4rjestelmi\u00e4, ja kuinka n\u00e4iden j\u00e4rjestelmien toimintaa korjaamalla voidaan auttaa ruokahalun hillitsemisess\u00e4 ja laihduttamisessa.<\/p>\n","protected":false},"excerpt":{"rendered":"<p>Tarjoan koulutusta ja luennointia liittyen tunteisiin, sosiaaliseen vuorovaikutukseen, psykologiseen tutkimukseen sek\u00e4 tilastolliseen analyysiin liittyen yritykseni (Nummenmaa Oy) kautta. Referenssein\u00e4 esimerkiksi KONE, Orion, Lindstr\u00f6m, Samsung, Fazer Foods, Lundbeck Oy, HRS Advisors, Easel Training OY, Kognitiivisen psykoterapian keskus Luote Oy, sek\u00e4 useat suomalaiset kunnat ja sairaanhoitopiirit. \u00a0Alla on muutamia esimerkkej\u00e4 luennoista ja koulutuksista joita pid\u00e4n s\u00e4\u00e4nn\u00f6llisesti. Voit [&hellip;]<\/p>\n","protected":false},"author":2404,"featured_media":0,"parent":0,"menu_order":0,"comment_status":"closed","ping_status":"closed","template":"","meta":{"_monsterinsights_skip_tracking":false,"_monsterinsights_sitenote_active":false,"_monsterinsights_sitenote_note":"","_monsterinsights_sitenote_category":0,"footnotes":""},"class_list":["post-102","page","type-page","status-publish","hentry","post-preview"],"_links":{"self":[{"href":"https:\/\/users.utu.fi\/latanu\/wp-json\/wp\/v2\/pages\/102","targetHints":{"allow":["GET"]}}],"collection":[{"href":"https:\/\/users.utu.fi\/latanu\/wp-json\/wp\/v2\/pages"}],"about":[{"href":"https:\/\/users.utu.fi\/latanu\/wp-json\/wp\/v2\/types\/page"}],"author":[{"embeddable":true,"href":"https:\/\/users.utu.fi\/latanu\/wp-json\/wp\/v2\/users\/2404"}],"replies":[{"embeddable":true,"href":"https:\/\/users.utu.fi\/latanu\/wp-json\/wp\/v2\/comments?post=102"}],"version-history":[{"count":25,"href":"https:\/\/users.utu.fi\/latanu\/wp-json\/wp\/v2\/pages\/102\/revisions"}],"predecessor-version":[{"id":614,"href":"https:\/\/users.utu.fi\/latanu\/wp-json\/wp\/v2\/pages\/102\/revisions\/614"}],"wp:attachment":[{"href":"https:\/\/users.utu.fi\/latanu\/wp-json\/wp\/v2\/media?parent=102"}],"curies":[{"name":"wp","href":"https:\/\/api.w.org\/{rel}","templated":true}]}}