{"id":108,"date":"2021-02-25T10:40:40","date_gmt":"2021-02-25T10:40:40","guid":{"rendered":"https:\/\/users.utu.fi\/latanu\/?page_id=108"},"modified":"2022-10-21T10:36:33","modified_gmt":"2022-10-21T10:36:33","slug":"konsultointi","status":"publish","type":"page","link":"https:\/\/users.utu.fi\/latanu\/konsultointi\/","title":{"rendered":"Konsultointi"},"content":{"rendered":"<p>Tarjoan konsultointipalveluja liittyen tutkimukseen, data-analyysiin sek\u00e4 erilaisten tiedonkeruu- ja analytiikkaprosessien kehitt\u00e4miseen l\u00e4htien aina tutkimusaineiston analysoimisesta monimutkaisten ja vaativien tutkimusprojektien suunnitteluun. Jos kiinnostuit, <a href=\"mailto:latanu@utu.fi\">ota yhteytt\u00e4<\/a>! Alla on esimerkkej\u00e4 projekteista, joita olen ollut toteuttamassa.<\/p>\n<p><strong>Samsung Nordic \/ Kauhun Neurobiologia<br \/>\n<\/strong>Samsung Nordic toteutti mainoskampanjan, jonka keskeisen\u00e4 elementtin\u00e4 oli maailman pelottavin kauhuelokuva. Toimin projektissa psykologisena konsulttina auttaen elokuvan ohjaajaa ja tuottajaa suunnittelemaan pelottavimman mahdollisimman kauhuelokuvan, jonka avulla markkinoitiin Samsungin uusia televisioita. Voit lukea koko raportin <a href=\"http:\/\/emotion.utu.fi\/wp-content\/uploads\/2021\/03\/Rapport_PsychologyOfHorror.pdf\">t\u00e4\u00e4lt\u00e4<\/a>.<\/p>\n<p><img loading=\"lazy\" decoding=\"async\" class=\"alignnone size-full wp-image-186\" src=\"https:\/\/users.utu.fi\/latanu\/wp-content\/uploads\/sites\/1188\/2021\/02\/samsung.png\" alt=\"\" width=\"1358\" height=\"1204\" srcset=\"https:\/\/users.utu.fi\/latanu\/wp-content\/uploads\/sites\/1188\/2021\/02\/samsung.png 1358w, https:\/\/users.utu.fi\/latanu\/wp-content\/uploads\/sites\/1188\/2021\/02\/samsung-300x266.png 300w, https:\/\/users.utu.fi\/latanu\/wp-content\/uploads\/sites\/1188\/2021\/02\/samsung-1024x908.png 1024w, https:\/\/users.utu.fi\/latanu\/wp-content\/uploads\/sites\/1188\/2021\/02\/samsung-768x681.png 768w, https:\/\/users.utu.fi\/latanu\/wp-content\/uploads\/sites\/1188\/2021\/02\/samsung-1200x1064.png 1200w\" sizes=\"auto, (max-width: 1358px) 100vw, 1358px\" \/><\/p>\n<p><strong>Fazer Foods \/ Brainfood-projekti<\/strong><br \/>\nFazer Foods toteutti projektin, jonka tarkoituksena oli kehitt\u00e4\u00e4 aivojen terveyden kannalta optimaalisia ravintotuotteita, sek\u00e4 selvitt\u00e4\u00e4 ravinnon vaikutusta terveydelle ja erityisesti aivojen hyvinvoinnille. Toimin projektissa neurotieteen konsulttina ja selvitin, miten sy\u00f6minen ja ruokavalio vaikuttavat aivojen toimintaan ja terveyteen.<\/p>\n<p><img loading=\"lazy\" decoding=\"async\" class=\"alignnone size-large wp-image-192\" src=\"https:\/\/users.utu.fi\/latanu\/wp-content\/uploads\/sites\/1188\/2021\/02\/fazer-1024x607.png\" alt=\"\" width=\"580\" height=\"344\" srcset=\"https:\/\/users.utu.fi\/latanu\/wp-content\/uploads\/sites\/1188\/2021\/02\/fazer-1024x607.png 1024w, https:\/\/users.utu.fi\/latanu\/wp-content\/uploads\/sites\/1188\/2021\/02\/fazer-300x178.png 300w, https:\/\/users.utu.fi\/latanu\/wp-content\/uploads\/sites\/1188\/2021\/02\/fazer-768x455.png 768w, https:\/\/users.utu.fi\/latanu\/wp-content\/uploads\/sites\/1188\/2021\/02\/fazer-1536x911.png 1536w, https:\/\/users.utu.fi\/latanu\/wp-content\/uploads\/sites\/1188\/2021\/02\/fazer-2048x1215.png 2048w, https:\/\/users.utu.fi\/latanu\/wp-content\/uploads\/sites\/1188\/2021\/02\/fazer-1200x712.png 1200w, https:\/\/users.utu.fi\/latanu\/wp-content\/uploads\/sites\/1188\/2021\/02\/fazer-1980x1174.png 1980w\" sizes=\"auto, (max-width: 580px) 100vw, 580px\" \/><\/p>\n","protected":false},"excerpt":{"rendered":"<p>Tarjoan konsultointipalveluja liittyen tutkimukseen, data-analyysiin sek\u00e4 erilaisten tiedonkeruu- ja analytiikkaprosessien kehitt\u00e4miseen l\u00e4htien aina tutkimusaineiston analysoimisesta monimutkaisten ja vaativien tutkimusprojektien suunnitteluun. Jos kiinnostuit, ota yhteytt\u00e4! Alla on esimerkkej\u00e4 projekteista, joita olen ollut toteuttamassa. Samsung Nordic \/ Kauhun Neurobiologia Samsung Nordic toteutti mainoskampanjan, jonka keskeisen\u00e4 elementtin\u00e4 oli maailman pelottavin kauhuelokuva. Toimin projektissa psykologisena konsulttina auttaen elokuvan ohjaajaa [&hellip;]<\/p>\n","protected":false},"author":2404,"featured_media":0,"parent":0,"menu_order":0,"comment_status":"closed","ping_status":"closed","template":"","meta":{"_monsterinsights_skip_tracking":false,"_monsterinsights_sitenote_active":false,"_monsterinsights_sitenote_note":"","_monsterinsights_sitenote_category":0,"footnotes":""},"class_list":["post-108","page","type-page","status-publish","hentry","post-preview"],"_links":{"self":[{"href":"https:\/\/users.utu.fi\/latanu\/wp-json\/wp\/v2\/pages\/108","targetHints":{"allow":["GET"]}}],"collection":[{"href":"https:\/\/users.utu.fi\/latanu\/wp-json\/wp\/v2\/pages"}],"about":[{"href":"https:\/\/users.utu.fi\/latanu\/wp-json\/wp\/v2\/types\/page"}],"author":[{"embeddable":true,"href":"https:\/\/users.utu.fi\/latanu\/wp-json\/wp\/v2\/users\/2404"}],"replies":[{"embeddable":true,"href":"https:\/\/users.utu.fi\/latanu\/wp-json\/wp\/v2\/comments?post=108"}],"version-history":[{"count":5,"href":"https:\/\/users.utu.fi\/latanu\/wp-json\/wp\/v2\/pages\/108\/revisions"}],"predecessor-version":[{"id":595,"href":"https:\/\/users.utu.fi\/latanu\/wp-json\/wp\/v2\/pages\/108\/revisions\/595"}],"wp:attachment":[{"href":"https:\/\/users.utu.fi\/latanu\/wp-json\/wp\/v2\/media?parent=108"}],"curies":[{"name":"wp","href":"https:\/\/api.w.org\/{rel}","templated":true}]}}