{"id":21,"date":"2021-02-25T09:35:19","date_gmt":"2021-02-25T09:35:19","guid":{"rendered":"https:\/\/users.utu.fi\/latanu\/?page_id=21"},"modified":"2022-12-05T08:01:56","modified_gmt":"2022-12-05T08:01:56","slug":"lauri-nummenmaa","status":"publish","type":"page","link":"https:\/\/users.utu.fi\/latanu\/","title":{"rendered":"Tutkitusti tunteista"},"content":{"rendered":"<p><img loading=\"lazy\" decoding=\"async\" class=\"size-medium wp-image-638 alignleft\" src=\"https:\/\/users.utu.fi\/latanu\/wp-content\/uploads\/sites\/1188\/2022\/11\/KUVA8967-240x300.jpg\" alt=\"\" width=\"240\" height=\"300\" srcset=\"https:\/\/users.utu.fi\/latanu\/wp-content\/uploads\/sites\/1188\/2022\/11\/KUVA8967-240x300.jpg 240w, https:\/\/users.utu.fi\/latanu\/wp-content\/uploads\/sites\/1188\/2022\/11\/KUVA8967-819x1024.jpg 819w, https:\/\/users.utu.fi\/latanu\/wp-content\/uploads\/sites\/1188\/2022\/11\/KUVA8967-768x960.jpg 768w, https:\/\/users.utu.fi\/latanu\/wp-content\/uploads\/sites\/1188\/2022\/11\/KUVA8967-1229x1536.jpg 1229w, https:\/\/users.utu.fi\/latanu\/wp-content\/uploads\/sites\/1188\/2022\/11\/KUVA8967-1638x2048.jpg 1638w, https:\/\/users.utu.fi\/latanu\/wp-content\/uploads\/sites\/1188\/2022\/11\/KUVA8967-676x845.jpg 676w, https:\/\/users.utu.fi\/latanu\/wp-content\/uploads\/sites\/1188\/2022\/11\/KUVA8967-scaled.jpg 2048w\" sizes=\"auto, (max-width: 240px) 100vw, 240px\" \/>Olen\u00a0l\u00e4\u00e4ketieteellisen kuvantamisen professori\u00a0<a href=\"http:\/\/pet.utu.fi\">Turun PET-keskuksessa<\/a>, jossa johdan\u00a0<a href=\"https:\/\/emotion.utu.fi\">Human Emotion Systems<\/a> -laboratoriota. Olen my\u00f6s ammattitaitoinen tilastotieteilij\u00e4, laillistettu psykologi ja huippuluokan luennoitsija ja kouluttaja. N\u00e4ilt\u00e4 sivuilta l\u00f6yd\u00e4t tietoa minusta sek\u00e4 ty\u00f6st\u00e4ni yliopistolla. Tieteelliseen tutkimukseen ja opetukseen liittyv\u00e4\u00e4 tietoa l\u00f6yd\u00e4t\u00a0<a href=\"http:\/\/emotion.utu.fi\">tutkimusryhm\u00e4ni verkkosivuilta<\/a>. Luennointi-, koulutus- ja kosultointipalveluistani saat lis\u00e4tietoa yritykseni <a href=\"https:\/\/nummenmaa.fi\"><strong>Nummenmaa Oy<\/strong><\/a>:n kotisivuilta.<\/p>\n","protected":false},"excerpt":{"rendered":"<p>Olen\u00a0l\u00e4\u00e4ketieteellisen kuvantamisen professori\u00a0Turun PET-keskuksessa, jossa johdan\u00a0Human Emotion Systems -laboratoriota. Olen my\u00f6s ammattitaitoinen tilastotieteilij\u00e4, laillistettu psykologi ja huippuluokan luennoitsija ja kouluttaja. N\u00e4ilt\u00e4 sivuilta l\u00f6yd\u00e4t tietoa minusta sek\u00e4 ty\u00f6st\u00e4ni yliopistolla. Tieteelliseen tutkimukseen ja opetukseen liittyv\u00e4\u00e4 tietoa l\u00f6yd\u00e4t\u00a0tutkimusryhm\u00e4ni verkkosivuilta. Luennointi-, koulutus- ja kosultointipalveluistani saat lis\u00e4tietoa yritykseni Nummenmaa Oy:n kotisivuilta.<\/p>\n","protected":false},"author":2404,"featured_media":0,"parent":0,"menu_order":0,"comment_status":"closed","ping_status":"closed","template":"","meta":{"_monsterinsights_skip_tracking":false,"_monsterinsights_sitenote_active":false,"_monsterinsights_sitenote_note":"","_monsterinsights_sitenote_category":0,"footnotes":""},"class_list":["post-21","page","type-page","status-publish","hentry","post-preview"],"_links":{"self":[{"href":"https:\/\/users.utu.fi\/latanu\/wp-json\/wp\/v2\/pages\/21","targetHints":{"allow":["GET"]}}],"collection":[{"href":"https:\/\/users.utu.fi\/latanu\/wp-json\/wp\/v2\/pages"}],"about":[{"href":"https:\/\/users.utu.fi\/latanu\/wp-json\/wp\/v2\/types\/page"}],"author":[{"embeddable":true,"href":"https:\/\/users.utu.fi\/latanu\/wp-json\/wp\/v2\/users\/2404"}],"replies":[{"embeddable":true,"href":"https:\/\/users.utu.fi\/latanu\/wp-json\/wp\/v2\/comments?post=21"}],"version-history":[{"count":19,"href":"https:\/\/users.utu.fi\/latanu\/wp-json\/wp\/v2\/pages\/21\/revisions"}],"predecessor-version":[{"id":636,"href":"https:\/\/users.utu.fi\/latanu\/wp-json\/wp\/v2\/pages\/21\/revisions\/636"}],"wp:attachment":[{"href":"https:\/\/users.utu.fi\/latanu\/wp-json\/wp\/v2\/media?parent=21"}],"curies":[{"name":"wp","href":"https:\/\/api.w.org\/{rel}","templated":true}]}}