{"id":291,"date":"2021-02-26T15:21:38","date_gmt":"2021-02-26T15:21:38","guid":{"rendered":"https:\/\/users.utu.fi\/latanu\/?page_id=291"},"modified":"2022-10-20T07:19:59","modified_gmt":"2022-10-20T07:19:59","slug":"curriculum-vitae","status":"publish","type":"page","link":"https:\/\/users.utu.fi\/latanu\/curriculum-vitae\/","title":{"rendered":"CV"},"content":{"rendered":"<h3><\/h3>\n<table width=\"612\">\n<tbody>\n<tr>\n<td colspan=\"2\" width=\"612\">\n<h3><strong><u>1. Perustiedot<\/u><\/strong><\/h3>\n<\/td>\n<\/tr>\n<tr>\n<td width=\"127\"><strong>Nimi<\/strong><\/td>\n<td width=\"485\">Lauri Tapio Nummenmaa<\/td>\n<\/tr>\n<tr>\n<td width=\"127\"><strong>Syntym\u00e4aika<\/strong><\/td>\n<td width=\"485\">27.4.1977<\/td>\n<\/tr>\n<tr>\n<td width=\"127\"><strong>Osoite<\/strong><\/td>\n<td width=\"485\">Turun PET-keskus<br \/>\nc\/o Turun yliopistollinen keskussairaala<br \/>\n20520 Turku<\/td>\n<\/tr>\n<tr>\n<td width=\"127\"><strong>Koulutus<\/strong><\/td>\n<td width=\"485\"><strong>FT (psykologia)<\/strong> 2006, <a href=\"https:\/\/www.utu.fi\/fi\">Turun yliopisto<\/a><br \/>\n<b>Laillistettu psykologi<\/b>\u00a02001, <a href=\"https:\/\/julkiterhikki.valvira.fi\">Valvira<\/a><br \/>\n<strong>PsM <\/strong>2001, <a href=\"https:\/\/www.utu.fi\/fi\">Turun Yliopisto<\/a><\/td>\n<\/tr>\n<tr>\n<td width=\"127\"><strong>Opinn\u00e4ytety\u00f6t<\/strong><\/p>\n<p><strong>\u00a0<\/strong><\/td>\n<td width=\"485\"><strong>V\u00e4it\u00f6skirja<\/strong>: <em>Orienting of social attention<\/em>. Arvosana Laudatur<br \/>\n<b>Pro Gradu -tutkielma:<\/b>\u00a0<em>The role of statistics anxiety and self-efficacy in learning introductory statistics<\/em>. Arvosana: Magna cum laude approbatur<\/td>\n<\/tr>\n<tr>\n<td width=\"127\"><strong>Nykyiset toimet<\/strong><\/td>\n<td width=\"485\"><strong>Professori (l\u00e4\u00e4ketieteellinen kuvantaminen ja mallintaminen),\u00a0<\/strong>\u00a0<a href=\"https:\/\/pet.utu.fi\">Turun PET-keskus<\/a>, Turun yliopisto, alkaen lokakuu 2019<br \/>\n<strong>Toimitusjohtaja<\/strong>, Nummenmaa Oy, alkaen lokakuu 2022<br \/>\n<strong>Dosentti, \u00a0<\/strong><a href=\"http:\/\/nbe.aalto.fi\">Neurotieteen ja l\u00e4\u00e4ketieteellisen tekniikan laitos<\/a>,<strong>\u00a0<\/strong>Aalto-yliopiston teknillinen korkeakoulu, alkaen kes\u00e4kuu 2010<br \/>\n<strong>Dosentti, \u00a0<\/strong><a href=\"https:\/\/www.utu.fi\/fi\/yliopisto\/yhteiskuntatieteellinen-tiedekunta\/psykologia\">Psykologian laitos<\/a>, Turun yliopisto, alkaen marraskuu, 2009<\/td>\n<\/tr>\n<tr>\n<td colspan=\"2\" width=\"612\">\n<h3><strong><u>2. Ty\u00f6historia<\/u><\/strong><\/h3>\n<\/td>\n<\/tr>\n<tr>\n<td width=\"127\"><strong>Aikaisemmat toimet<\/strong><\/td>\n<td width=\"485\"><strong>Apulaisprofessori (l\u00e4\u00e4ketieteellinen kuvantaminen ja mallintaminen),\u00a0\u00a0<a href=\"https:\/\/pet.utu.fi\">Turun PET-keskus<\/a>, <\/strong>syyskuu 2016 \u2013 syyskuu 2019<br \/>\n<strong>Apulaisprofessori (osa-aikainen), <\/strong> <a href=\"http:\/\/nbe.aalto.fi\">Neurotieteen ja l\u00e4\u00e4ketieteellisen tekniikan laitos<\/a><strong>,\u00a0<\/strong>Aalto-yliopiston teknillinen korkeakoulu, marraskuu 2012 \u2013 Elokuu \u00a02016<br \/>\n<strong>Professori\u00a0<\/strong>(osa-aikainen), <a href=\"https:\/\/www.utu.fi\/fi\/yliopisto\/yhteiskuntatieteellinen-tiedekunta\/psykologia\">Psykologian laitos<\/a>, Turun yliopisto, kes\u00e4kuu 2014 \u2013 kes\u00e4kuu 2016<br \/>\n<strong>Akatemiatutkija\u00a0<\/strong>(osa-aikainen), <a href=\"http:\/\/pet.utu.fi\">Turun PET-keskus<\/a>, syyskuu 2011 \u2013 elokuu 2016<br \/>\n<strong>Varttunut tutkija<\/strong>\u00a0Aivotutkimusyksikk\u00f6, <a href=\"https:\/\/www.aalto.fi\/en\/otanano\/low-temperature-laboratory\">Kylm\u00e4laboratorio<\/a>, Aalto-yliopiston teknillinen korkeakoulu, lokakuu 2009 \u2013lokakuu 2012<br \/>\n<b>Suomen Akatemian post doc -tutkija<\/b>,\u00a0<a href=\"https:\/\/www.tuni.fi\/fi\/tutustu-meihin\/psykologia\">Psykologian laitos,<\/a> Tampereen yliopisto, \u00a0tammikuu 2008 \u2013 syyskuu 2009<br \/>\n<strong>Vieraileva tutkija,\u00a0<\/strong>\u00a0<a href=\"https:\/\/www.mrc-cbu.cam.ac.uk\">Medical Research Council Cognition and Brain Sciences Unit<\/a>, Cambridge, UK, tammikuu 2007 \u2013 joulukuu 2007<br \/>\n<strong>Assistentti (tohtorikoulutettava),\u00a0<\/strong><a href=\"https:\/\/www.utu.fi\/fi\/yliopisto\/yhteiskuntatieteellinen-tiedekunta\/psykologia\">Psykologian laitos<\/a>, Turun yliopisto, tammikuu 2002-Joulukuu 2006<br \/>\n<strong>Psykologi<\/strong>, Oppimistutkimuksen keskus, Turun yliopisto, toukokuu 2001 \u2013 joulukuu 2001<\/td>\n<\/tr>\n<tr>\n<td width=\"127\"><strong>Ty\u00f6skentely ulkomailla<\/strong><\/td>\n<td width=\"485\"><strong>Vieraileva tutkija,\u00a0<\/strong>\u00a0<a href=\"https:\/\/www.mrc-cbu.cam.ac.uk\">Medical Research Council Cognition and Brain Sciences Unit<\/a>, Cambridge, UK, tammikuu 2007 \u2013 joulukuu 2007.<\/td>\n<\/tr>\n<tr>\n<td width=\"127\"><strong>T\u00e4rkeimm\u00e4t palkinnot<\/strong><\/td>\n<td width=\"485\"><strong>Akatemiapalkinto,<\/strong>\u00a0Suomen Akatemia\u00a0(2016)<br \/>\n<b>Alfred Kordelinin palkinto <\/b>(2012)<br \/>\n<strong>Turun yliopistoseuran v\u00e4it\u00f6skirjapalkinto<\/strong> (2007)<\/td>\n<\/tr>\n<tr>\n<td width=\"127\"><strong>Apurahat<\/strong><\/td>\n<td width=\"485\"><strong>Saatujen apurahojen yhteissumma:<\/strong> 4,700,949\u20ac<\/td>\n<\/tr>\n<tr>\n<td colspan=\"2\" width=\"612\">\n<h3><strong><u>3.Toimituskokemus<\/u><\/strong><\/h3>\n<\/td>\n<\/tr>\n<tr>\n<td width=\"127\"><strong>Toimitukselliset teht\u00e4v\u00e4t<\/strong><\/td>\n<td width=\"485\"><strong>Philosophical Transactions of the Royal Society of London Series B \u2013 Biological Sciences<\/strong> (Toimituskunnan j\u00e4sen alkaen 2021)<br \/>\n<strong>Cognition &amp; Emotion<\/strong> (apulaisp\u00e4\u00e4toimittaja alkaen 2010)<br \/>\n<strong>Cognitive, Affective &amp; Behavioral Neuroscience<\/strong> (Konsultoiva toimittaja alkaen 2015)<br \/>\n<strong>Social Cognitive and Affective Neuroscience<\/strong> (Konsultoiva toimittaja alkaen 2018)<\/td>\n<\/tr>\n<tr>\n<td width=\"127\"><strong>Ad hoc- arviointi<\/strong><\/td>\n<td width=\"485\"><strong>Yli 60\u00a0tiedejulkaisua \u00a0<\/strong>kuten PNAS, Current\u00a0Biology, Phil Trans &amp; Proceedings B, The Journal of Neuroscience<\/td>\n<\/tr>\n<tr>\n<td width=\"127\"><strong>Konsultointi<\/strong><\/td>\n<td width=\"485\"><strong>Samsung Nordic<\/strong> (markkinointi ja kauhuelokuvan suunnittelu)<br \/>\n<strong>Fazer Foods<\/strong> (ruokahalun ja sy\u00f6misen neurobiologia)<br \/>\n<strong>Palgrave Macmillan<\/strong> (k\u00e4sikirjoitusten arviointi)<br \/>\n<strong>Routledge \/ Psychology Press<\/strong> (k\u00e4sikirjoitusten arviointi)<br \/>\n<strong>Tammi Bonnier<\/strong> (k\u00e4sikirjoitusten arviointi)<br \/>\n<strong>Taylor &amp; Francis<\/strong> (k\u00e4sikirjoitusten arviointi)<br \/>\n<strong>Psykologitiimi p\u00e4\u00e4m\u00e4\u00e4r\u00e4<\/strong> (tilastollinen analyysi)<\/td>\n<\/tr>\n<tr>\n<td colspan=\"2\" width=\"612\">\n<h3><strong><u>4. Harrastukset<\/u><\/strong><\/h3>\n<\/td>\n<\/tr>\n<tr>\n<td width=\"127\"><strong>\u00a0<\/strong><\/td>\n<td width=\"485\">Trumpetin soittaminen<br \/>\nValokuvaaminen<br \/>\nPorsche-urheiluautot<\/td>\n<\/tr>\n<\/tbody>\n<\/table>\n<p>&nbsp;<\/p>\n<p>&nbsp;<\/p>\n","protected":false},"excerpt":{"rendered":"<p>1. Perustiedot Nimi Lauri Tapio Nummenmaa Syntym\u00e4aika 27.4.1977 Osoite Turun PET-keskus c\/o Turun yliopistollinen keskussairaala 20520 Turku Koulutus FT (psykologia) 2006, Turun yliopisto Laillistettu psykologi\u00a02001, Valvira PsM 2001, Turun Yliopisto Opinn\u00e4ytety\u00f6t \u00a0 V\u00e4it\u00f6skirja: Orienting of social attention. Arvosana Laudatur Pro Gradu -tutkielma:\u00a0The role of statistics anxiety and self-efficacy in learning introductory statistics. Arvosana: Magna cum [&hellip;]<\/p>\n","protected":false},"author":2404,"featured_media":0,"parent":0,"menu_order":0,"comment_status":"closed","ping_status":"closed","template":"","meta":{"_monsterinsights_skip_tracking":false,"_monsterinsights_sitenote_active":false,"_monsterinsights_sitenote_note":"","_monsterinsights_sitenote_category":0,"footnotes":""},"class_list":["post-291","page","type-page","status-publish","hentry","post-preview"],"_links":{"self":[{"href":"https:\/\/users.utu.fi\/latanu\/wp-json\/wp\/v2\/pages\/291","targetHints":{"allow":["GET"]}}],"collection":[{"href":"https:\/\/users.utu.fi\/latanu\/wp-json\/wp\/v2\/pages"}],"about":[{"href":"https:\/\/users.utu.fi\/latanu\/wp-json\/wp\/v2\/types\/page"}],"author":[{"embeddable":true,"href":"https:\/\/users.utu.fi\/latanu\/wp-json\/wp\/v2\/users\/2404"}],"replies":[{"embeddable":true,"href":"https:\/\/users.utu.fi\/latanu\/wp-json\/wp\/v2\/comments?post=291"}],"version-history":[{"count":17,"href":"https:\/\/users.utu.fi\/latanu\/wp-json\/wp\/v2\/pages\/291\/revisions"}],"predecessor-version":[{"id":318,"href":"https:\/\/users.utu.fi\/latanu\/wp-json\/wp\/v2\/pages\/291\/revisions\/318"}],"wp:attachment":[{"href":"https:\/\/users.utu.fi\/latanu\/wp-json\/wp\/v2\/media?parent=291"}],"curies":[{"name":"wp","href":"https:\/\/api.w.org\/{rel}","templated":true}]}}