{"id":39,"date":"2021-02-25T10:05:19","date_gmt":"2021-02-25T10:05:19","guid":{"rendered":"https:\/\/users.utu.fi\/latanu\/?page_id=39"},"modified":"2025-02-27T13:35:19","modified_gmt":"2025-02-27T13:35:19","slug":"kirjat","status":"publish","type":"page","link":"https:\/\/users.utu.fi\/latanu\/kirjat\/","title":{"rendered":"Kirjat"},"content":{"rendered":"<p>Olen kirjoittanut useita oppi- ja tietokirjoja. T\u00e4lt\u00e4 sivulta l\u00f6ytyy lyhyet esittely keskeisest\u00e4 tuotannostani. Koodilla <strong>NUMMENMAA25<\/strong> \u00a0saat 25% alennusta Tammen julkaisemien kirjojen hinnasta <a href=\"https:\/\/kirja.fi\">kirja.fi<\/a> -verkkokaupassa!<\/p>\n<p>\u00a0<\/p>\n<p><strong>Talous &amp; tunteet &#8211; Miten mieli toimii markkinoilla<img loading=\"lazy\" decoding=\"async\" class=\"size-medium wp-image-660 alignright\" src=\"https:\/\/users.utu.fi\/latanu\/wp-content\/uploads\/sites\/1188\/2025\/02\/taloustunteet_kansi-201x300.png\" alt=\"\" width=\"201\" height=\"300\" srcset=\"https:\/\/users.utu.fi\/latanu\/wp-content\/uploads\/sites\/1188\/2025\/02\/taloustunteet_kansi-201x300.png 201w, https:\/\/users.utu.fi\/latanu\/wp-content\/uploads\/sites\/1188\/2025\/02\/taloustunteet_kansi-687x1024.png 687w, https:\/\/users.utu.fi\/latanu\/wp-content\/uploads\/sites\/1188\/2025\/02\/taloustunteet_kansi-768x1145.png 768w, https:\/\/users.utu.fi\/latanu\/wp-content\/uploads\/sites\/1188\/2025\/02\/taloustunteet_kansi-1030x1536.png 1030w, https:\/\/users.utu.fi\/latanu\/wp-content\/uploads\/sites\/1188\/2025\/02\/taloustunteet_kansi-676x1008.png 676w, https:\/\/users.utu.fi\/latanu\/wp-content\/uploads\/sites\/1188\/2025\/02\/taloustunteet_kansi.png 1341w\" sizes=\"auto, (max-width: 201px) 100vw, 201px\" \/><\/strong><\/p>\n<p>Pelkoa, ahneutta ja parvi\u00e4lytt\u00f6myytt\u00e4 \u2013 tunteet viev\u00e4t meit\u00e4 taloudessakin. Johtava aivotutkija kertoo, miten ihmismieli toimii markkinoilla ja miten taloudessa voi menesty\u00e4.<\/p>\n<p>Markkinat toimivat numeroiden avulla, mutta lopulta talous on tunnepeli\u00e4. Ahneus ja pelko saavat ihmiset ottamaan valtavia taloudellisia riskej\u00e4, mutta toisaalta pelko ja riskien karttaminen saavat ihmiset karttamaan rikastumista.<\/p>\n<p>Markkinoiden muoto on lopulta ihmismielen muoto. Vaikka ihmiset toimivat taloudessa j\u00e4rjett\u00f6m\u00e4sti, he toimivat kuitenkin ennustettavan j\u00e4rjett\u00f6m\u00e4sti. T\u00e4m\u00e4 kirja kertoo, kuinka ihmismieli toimii markkinoilla ja kuinka taloudessa menestyy, jos osaa ottaa taloustunteet hallintaan.<\/p>\n<p><a href=\"https:\/\/www.tammi.fi\/kirjat\/talous-tunteet\/\">T\u00e4st\u00e4 linkist\u00e4<\/a> p\u00e4\u00e4set tutustumaan kirjan sis\u00e4lt\u00f6\u00f6n. <a href=\"https:\/\/kirja.fi\/products\/pahuus-9789520432959\">Tilaa Talous &amp; Tunteet<\/a><br \/><br \/><\/p>\n<p><strong><img loading=\"lazy\" decoding=\"async\" class=\"wp-image-571 alignright\" src=\"https:\/\/users.utu.fi\/latanu\/wp-content\/uploads\/sites\/1188\/2022\/04\/1_252Fc_252Fc_252Fc_252F1ccc35596183482295de2f83ca56da139789520432959_1_620c6d96-8bbe-4627-93c5-1bb68db9546b-190x300.jpg\" alt=\"\" width=\"200\" height=\"316\" srcset=\"https:\/\/users.utu.fi\/latanu\/wp-content\/uploads\/sites\/1188\/2022\/04\/1_252Fc_252Fc_252Fc_252F1ccc35596183482295de2f83ca56da139789520432959_1_620c6d96-8bbe-4627-93c5-1bb68db9546b-190x300.jpg 190w, https:\/\/users.utu.fi\/latanu\/wp-content\/uploads\/sites\/1188\/2022\/04\/1_252Fc_252Fc_252Fc_252F1ccc35596183482295de2f83ca56da139789520432959_1_620c6d96-8bbe-4627-93c5-1bb68db9546b.jpg 352w\" sizes=\"auto, (max-width: 200px) 100vw, 200px\" \/>Pahuus &#8211; ihmisluonnon pime\u00e4 puoli<\/strong><br \/>Miksi ihminen tekee pahaa? Uraauurtava teos kertoo siit\u00e4, miksi osa meist\u00e4 luisuu arkip\u00e4iv\u00e4isest\u00e4 pahanteosta rikollisuuden ja v\u00e4kivallan poluille.L\u00e4heisyys ja toiset ihmiset ovat meille t\u00e4rkeint\u00e4 maailmassa. Silti jokainen joutuu joskus konfliktiin toisten ihmisten kanssa. Kitkatilanteita syntyy, kun ihmisten tavoitteet ovat ristiriidassa kesken\u00e4\u00e4n. Siksi taistelemme, kiusaamme ja ajamme omaa etuamme keinoja kaihtamatta. Pahuus aiheuttaa valtavia yhteiskunnallisia ongelmia, kuten koulukiusaamista, rasismia, parisuhdev\u00e4kivaltaa, raiskauksia ja sotia. Silti kukaan ei my\u00f6nn\u00e4 itse olevansa paha tai tahtovansa muille pahaa. T\u00e4m\u00e4 kirja kertoo ihmismielen pime\u00e4st\u00e4 puolesta: pahuuden biologisesta, psykologisesta sek\u00e4 moraalisesta luonteesta. <a href=\"http:\/\/media.bonnierbooks.fi\/sample-pages\/9789520432959_lukun.pdf\">T\u00e4st\u00e4 linkist\u00e4<\/a> p\u00e4\u00e4set tutustumaan kirjan sis\u00e4lt\u00f6\u00f6n. <a href=\"https:\/\/kirja.fi\/products\/pahuus-9789520432959\">Tilaa Pahuus<\/a><\/p>\n<blockquote>\n<p><em>Ennakko-olotukseni kun on, ett\u00e4 pahuus on monimutkainen juttu.<\/em><br \/><em>Niinh\u00e4n se onkin, ja onhan t\u00e4m\u00e4 ammattitaitoinen kirja sen vuoksi kiinnostavaa lukemista. Nummenmaa litist\u00e4\u00e4 pahuuden osatekij\u00e4t litte\u00e4ksi kuin mikroskoopin alle ja siten niist\u00e4 tulee hetkeksi ymm\u00e4rrett\u00e4vi\u00e4 yksik\u00f6it\u00e4.<\/em> &#8211;<strong>Sari Passaro,<\/strong>\u00a0<a href=\"https:\/\/kulttuuritoimitus.fi\/artikkelit-kolumnit\/kolumnit-parasta-juuri-nyt\/parasta-juuri-nyt-15-10-2022-aivokirurgin-muistelmat-miksi-ihminen-tekee-pahaa-paras-leikkini-crash-landing-on-you-its-okay-to-not-be-okay\/\"><em>Kuluttuuritoimitus<\/em><\/a><\/p>\n<\/blockquote>\n<p><strong><br \/>Tilastotieteen k\u00e4sikirja<img loading=\"lazy\" decoding=\"async\" class=\" wp-image-54 alignright\" src=\"https:\/\/users.utu.fi\/latanu\/wp-content\/uploads\/sites\/1188\/2021\/02\/TKK-218x300.png\" alt=\"\" width=\"200\" height=\"275\" srcset=\"https:\/\/users.utu.fi\/latanu\/wp-content\/uploads\/sites\/1188\/2021\/02\/TKK-218x300.png 218w, https:\/\/users.utu.fi\/latanu\/wp-content\/uploads\/sites\/1188\/2021\/02\/TKK-744x1024.png 744w, https:\/\/users.utu.fi\/latanu\/wp-content\/uploads\/sites\/1188\/2021\/02\/TKK-768x1056.png 768w, https:\/\/users.utu.fi\/latanu\/wp-content\/uploads\/sites\/1188\/2021\/02\/TKK.png 1076w\" sizes=\"auto, (max-width: 200px) 100vw, 200px\" \/><\/strong><\/p>\n<p>Tilastollisten menetelmien merkitys tutkimuksessa kasvaa jatkuvasti. Tilastotiedett\u00e4 tarvitaan kaikilla aloilla tutkimusaineiston ker\u00e4\u00e4miseen, kuvailemiseen ja mallintamiseen sek\u00e4 riskien arvioimiseen ja ennusteiden laatimiseen.\u00a0Teoksessa esitell\u00e4\u00e4n kattavasti keskeisimm\u00e4t tilastolliset analyysimenetelm\u00e4t alkaen aineiston ker\u00e4\u00e4misest\u00e4 ja kuvailemisesta sek\u00e4 perusanalyyseista aina tilastollisiin monimuuttujamenetelmiin ja tilastolliseen luokitteluun asti.\u00a0Tilastollisten menetelmien teoria esitet\u00e4\u00e4n havainnollisesti, joten aloittelijakin p\u00e4\u00e4see analysoimaan erilaisia aineistoja itsen\u00e4isesti. Havainnolliset laskuesimerkit helpottavat asioiden omaksumista. Monipuoliset ohjelmistoesimerkit perustuvat kattavaan ja ilmaiseen R-ohjelmistoon, ja ne sis\u00e4lt\u00e4v\u00e4t selke\u00e4t esimerkkikoodit sek\u00e4 ohjeet tulosteiden tulkinnasta. Kirjaan liittyy laaja s\u00e4hk\u00f6inen materiaalipaketti jonka voi ladata <a href=\"http:\/\/emotion.utu.fi\/tilastotiede\">kirjan verkkosivuilta<\/a>. Teos soveltuu yliopistojen ja ammattikorkeakoulujen tutkimuksen teon ja tilastollisten menetelmien perusoppikirjaksi l\u00e4\u00e4ketieteen, tekniikan, yhteiskunta- ja taloustieteiden sek\u00e4 k\u00e4ytt\u00e4ytymis- ja luonnontieteiden aloilla. Kattavuutensa ja monipuolisten esimerkkiens\u00e4 ansiosta kirja sopii erinomaisesti my\u00f6s varttuneemman tutkijan hakuteokseksi. <a href=\"http:\/\/media.bonnierbooks.fi\/sample-pages\/9789520401382_lukun.pdf\">T\u00e4st\u00e4 linkist\u00e4<\/a> p\u00e4\u00e4set tutustumaan kirjan sis\u00e4lt\u00f6\u00f6n. \u00a0<a href=\"https:\/\/kirja.fi\/products\/tilastotieteen-kasikirja-9789520401382\">Tilaa Tilastotieteen k\u00e4sikirja<\/a><br \/><br \/><\/p>\n<blockquote>\n<p><strong>Arvioita Tilastotieteen k\u00e4sikirjasta<\/strong><em><br \/>Professori Nummenmaan on itse parkkiintunut sofistikoitujen tilastollisten menetelmien k\u00e4ytt\u00e4j\u00e4 omassa kokeellisessa tutkimuksessaan. Siksi h\u00e4nen kirjoittamansa kirja on konkreettinen ja esimerkit perustuvat usein h\u00e4nen itse kollegoiden kanssa ker\u00e4\u00e4miin tutkimusaineistoihin. T\u00e4m\u00e4n mainion k\u00e4sikirjan ajatuksella luettuaan nuori ja varttuneempikin tutkija hallitsee tilastotieteen perusk\u00e4sitteist\u00f6n ja pystyy analysoimaan oman, ei aivan triviaalinkaan, datansa. Kun osaa kirjassa esitetyt asiat, osaa my\u00f6s suhtautua maailmaan kokeilijana, silloin kuin t\u00e4t\u00e4 taitoa tarvitaan. Taidanpa itse heti alkaa opetella R ohjelmistoa! Uskon, ett\u00e4 joudun itse tarkistamaan asioita kirjasta viel\u00e4 lukuisia kertoja. Suosittelen teosta l\u00e4mpim\u00e4sti kaikille.<br \/><\/em>&#8211; <strong>Mikko Sams<\/strong>, Kognitiivisen neurotieteen professori, Aalto-yliopisto<\/p>\n<p><em>Inhimillisest\u00e4 kanssak\u00e4ymist\u00e4 koskeva numeerinen tieto lis\u00e4\u00e4ntyy kiihtyen ja on entist\u00e4 helpommin jokaisen saatavilla. Tietojen hy\u00f6dynt\u00e4minen kuuluu entist\u00e4 vahvemmin jokaisen perustaitoihin. Se edellytt\u00e4\u00e4 kuitenkin sek\u00e4 tilastollisten perusperiaatteiden ett\u00e4 tilasto-ohjelmistojen hallintaa. Lauri Nummenmaan Tilastotieteen k\u00e4sikirja tarjoaa helposti l\u00e4hestytt\u00e4v\u00e4n ja korkeatasoisen oppaan n\u00e4iden asioiden opiskeluun avoimesti saatavilla olevia aineistoja ja R-ohjelmistoa hy\u00f6dynt\u00e4en. Kirjan avulla kuka tahansa voi oppia, miten meit\u00e4 ymp\u00e4r\u00f6iv\u00e4 numeerinen tieto on hy\u00f6dynnett\u00e4viss\u00e4, miten datan perusteella voidaan tehd\u00e4 johtop\u00e4\u00e4telmi\u00e4 ja millaista ep\u00e4varmuutta tilastolliseen p\u00e4\u00e4ttelyyn sis\u00e4ltyy. Suosittelen jokaiselle!<br \/><\/em>&#8211;<strong>Jani Erola<\/strong>, Sosiologian professori, Turun yliopisto<\/p>\n<p><em>Tilastotieteellisten menetelmien tuntemuksen merkitys l\u00e4\u00e4ketieteen tutkimuksessa kasvaa jatkuvasti. Lauri Nummenmaan erinomaisen selkokielinen teos tilastotieteen menetelmist\u00e4 ja niiden soveltamisesta osoittaa, ett\u00e4 monimutkaisistakin k\u00e4sitteist\u00e4 on mahdollista kirjoittaa ymm\u00e4rrett\u00e4v\u00e4sti ja havainnollisesti. Uuden tiedon k\u00e4ytt\u00f6\u00f6nottoa helpottaa teoksen tiivis nivoutuminen yleisesti k\u00e4ytettyyn tilastotieteen ohjelmaan runsaiden esimerkkien avulla. Teos sopii mielest\u00e4ni erinomaisesti niin biol\u00e4\u00e4ketieteen kuin kliinisen l\u00e4\u00e4ketieteenkin tutkimukseen. Suosittelen teosta l\u00e4mpim\u00e4sti sek\u00e4 perusteokseksi menetelmien opettelun alkuvaiheeseen ett\u00e4 k\u00e4sikirjaksi kokeneemman konkarin ty\u00f6p\u00f6yd\u00e4lle.<br \/><\/em>&#8211;<strong>Jussi Hirvonen<\/strong>, Radiologian professori, TAYS<\/p>\n<\/blockquote>\n<p><strong>Tunnekartasto<\/strong><img loading=\"lazy\" decoding=\"async\" class=\" wp-image-57 alignright\" src=\"https:\/\/users.utu.fi\/latanu\/wp-content\/uploads\/sites\/1188\/2021\/02\/tunkart-199x300.jpg\" alt=\"\" width=\"200\" height=\"302\" srcset=\"https:\/\/users.utu.fi\/latanu\/wp-content\/uploads\/sites\/1188\/2021\/02\/tunkart-199x300.jpg 199w, https:\/\/users.utu.fi\/latanu\/wp-content\/uploads\/sites\/1188\/2021\/02\/tunkart-679x1024.jpg 679w, https:\/\/users.utu.fi\/latanu\/wp-content\/uploads\/sites\/1188\/2021\/02\/tunkart-768x1159.jpg 768w, https:\/\/users.utu.fi\/latanu\/wp-content\/uploads\/sites\/1188\/2021\/02\/tunkart-1018x1536.jpg 1018w, https:\/\/users.utu.fi\/latanu\/wp-content\/uploads\/sites\/1188\/2021\/02\/tunkart-1358x2048.jpg 1358w, https:\/\/users.utu.fi\/latanu\/wp-content\/uploads\/sites\/1188\/2021\/02\/tunkart-1200x1810.jpg 1200w, https:\/\/users.utu.fi\/latanu\/wp-content\/uploads\/sites\/1188\/2021\/02\/tunkart.jpg 1400w\" sizes=\"auto, (max-width: 200px) 100vw, 200px\" \/><br \/>Uskomaton matka aivojen, ihmismielen ja tunteiden ytimeen!\u00a0El\u00e4m\u00e4 on t\u00e4ynn\u00e4 riemua ja kurjuutta, onnea ja tuskaa sek\u00e4 yll\u00e4tyksi\u00e4. Onni, ilo ja nautinto tekev\u00e4t el\u00e4m\u00e4st\u00e4 el\u00e4misen arvoista. Toisaalta suru, pelko ja inho opettavat meille kaikkein eniten. Millaista el\u00e4m\u00e4 olisi ilman tunteita? T\u00e4m\u00e4 kirja kertoo, kuinka tunteet ohjaavat ihmist\u00e4 ja kuinka paljon ihmiset voivat lopulta ohjata omia tunteitaan. Ymm\u00e4rt\u00e4m\u00e4ll\u00e4 tunteiden toimintaa voi ymm\u00e4rt\u00e4\u00e4 my\u00f6s omaa k\u00e4ytt\u00e4ytymist\u00e4\u00e4n ja p\u00e4\u00e4t\u00f6ksentekoaan paremmin. Kirja sopii niin ammattilaisille kuin kelle tahansa psykologiasta ja tunteista kiinnostuneelle. <a href=\"https:\/\/kirja.fi\/products\/tunnekartasto-9789520404024\">Tilaa Tunnekartasto<\/a><br \/><br \/><\/p>\n<p><strong>Tunteiden psykologia<img loading=\"lazy\" decoding=\"async\" class=\" wp-image-63 alignright\" src=\"https:\/\/users.utu.fi\/latanu\/wp-content\/uploads\/sites\/1188\/2021\/02\/tunpsyk-203x300.jpg\" alt=\"\" width=\"200\" height=\"296\" srcset=\"https:\/\/users.utu.fi\/latanu\/wp-content\/uploads\/sites\/1188\/2021\/02\/tunpsyk-203x300.jpg 203w, https:\/\/users.utu.fi\/latanu\/wp-content\/uploads\/sites\/1188\/2021\/02\/tunpsyk.jpg 692w\" sizes=\"auto, (max-width: 200px) 100vw, 200px\" \/><br \/><\/strong><\/p>\n<p>Tunteet ovat kaiken inhimillisen toiminnan keskipisteess\u00e4. \u00a0Muuta miksi tunteilla on niin suuri vaikutus meihin, ett\u00e4 emme usein yksinkertaisesti mahda mit\u00e4\u00e4n omille tunnereaktioillemme vaan saatamme joskus purskahtaa t\u00e4ysin hillitsem\u00e4tt\u00f6m\u00e4\u00e4nitkuun, nauruun tai raivoon? Miten tunne-el\u00e4m\u00e4 puolestaan vaikuttaa terveyteemme? Ent\u00e4 miten omia tunteiden k\u00e4sittelemiseen ja hallintaan ja ilmaisemiseen liittyvi\u00e4 taitoja voi kehitt\u00e4\u00e4?\u00a0T\u00e4m\u00e4 tunteiden psykologiaa k\u00e4sittelev\u00e4 kirja vastaa n\u00e4ihin sek\u00e4 moniin muihin tunteisiin liittyviin kysymyksiin. Tunteiden tutkimuksen suomalaisen asiantuntijan kirjoittama kirja on helppotajuinen, kiinnostava ja soveltava johdatus tunteisiin ja niiden merkitykseen arkiel\u00e4m\u00e4ss\u00e4. <a href=\"https:\/\/kirja.fi\/products\/tunteiden-psykologia-9789513153212\">Tilaa Tunteiden psykologia<\/a><br \/><br \/><\/p>\n<p><strong>Tilastollisten menetelmien perusteet<img loading=\"lazy\" decoding=\"async\" class=\" wp-image-60 alignright\" src=\"https:\/\/users.utu.fi\/latanu\/wp-content\/uploads\/sites\/1188\/2021\/02\/tilmen-225x300.jpg\" alt=\"\" width=\"201\" height=\"268\" srcset=\"https:\/\/users.utu.fi\/latanu\/wp-content\/uploads\/sites\/1188\/2021\/02\/tilmen-225x300.jpg 225w, https:\/\/users.utu.fi\/latanu\/wp-content\/uploads\/sites\/1188\/2021\/02\/tilmen.jpg 768w\" sizes=\"auto, (max-width: 201px) 100vw, 201px\" \/><br \/><\/strong><\/p>\n<p>Selke\u00e4 ja johdonmukainen perusteos tilastollisten menetelmien perusteista. Tilastollisen analyysin teoria esitell\u00e4\u00e4n t\u00e4sm\u00e4llisesti mutta selke\u00e4sti, jotta aloittelijakin ymm\u00e4rt\u00e4\u00e4 menetelmien perusteet ja pystyy tekem\u00e4\u00e4n tilastoanalyyseja itsen\u00e4isesti. Havainnolliset esimerkit talouden, tekniikan, terveydenhuollon ja l\u00e4\u00e4ketieteen sek\u00e4 yhteiskunta- ja k\u00e4ytt\u00e4ytymistieteiden alalta tukevat oppimista ja helpottavat asioiden omaksumista.Tilastollisten menetelmien perusteet soveltuu ammattikorkeakoulujen ja yliopistojen tilastotieteen perusoppikirjaksi. Se antaa valmiuden esimerkiksi opinn\u00e4ytety\u00f6ss\u00e4 tarvittavien tilastollisten analyysien tekemiseen. Runsaiden harjoitusten ja esimerkkien vuoksi se soveltuu my\u00f6s itseopiskelijoille, jotka tarvitsevat perustiedot tilastollisista menetelmist\u00e4.Teht\u00e4vien ratkaisut on saatavana erikseen. Kirja on saatavana my\u00f6s digikirjana, joka sis\u00e4lt\u00e4\u00e4 teht\u00e4vien ratkaisut. <a href=\"https:\/\/tuotteet.sanomapro.fi\/bu561383-tilastollisten-menetelmien-perusteet.html\">Tilaa tilastollisten menetelmien perusteet<\/a><br \/><br \/><\/p>\n<p><strong>K\u00e4ytt\u00e4ytymistieteiden tilastolliset menetelm\u00e4t<img loading=\"lazy\" decoding=\"async\" class=\"wp-image-642 size-medium alignright\" src=\"https:\/\/users.utu.fi\/latanu\/wp-content\/uploads\/sites\/1188\/2022\/11\/KTM3_kansi-195x300.png\" alt=\"\" width=\"195\" height=\"300\" srcset=\"https:\/\/users.utu.fi\/latanu\/wp-content\/uploads\/sites\/1188\/2022\/11\/KTM3_kansi-195x300.png 195w, https:\/\/users.utu.fi\/latanu\/wp-content\/uploads\/sites\/1188\/2022\/11\/KTM3_kansi-665x1024.png 665w, https:\/\/users.utu.fi\/latanu\/wp-content\/uploads\/sites\/1188\/2022\/11\/KTM3_kansi-676x1041.png 676w, https:\/\/users.utu.fi\/latanu\/wp-content\/uploads\/sites\/1188\/2022\/11\/KTM3_kansi.png 727w\" sizes=\"auto, (max-width: 195px) 100vw, 195px\" \/><\/strong><br \/>L\u00e4hes kaikki k\u00e4ytt\u00e4ytymistieteellinen tutkimus perustuu tutkimusaineiston numeeriseen k\u00e4sittelyyn. Kirjassa esitell\u00e4\u00e4n keskeisimm\u00e4t tieteellisess\u00e4 tutkimusty\u00f6ss\u00e4 tarvittavat tilastolliset analyysimenetelm\u00e4t sek\u00e4 niiden sovellukset SPSS-ymp\u00e4rist\u00f6ss\u00e4. Teos soveltuu tilastollisten menetelmien perusoppikirjaksi ainakin k\u00e4ytt\u00e4ytymis-, yhteiskunta- ja l\u00e4\u00e4ketieteellisille aloille, mutta sopii tilastotieteeseen opintoihin l\u00e4hes mill\u00e4 tahansa alalla. Kirja sopii opiskelijan ensimm\u00e4iseksi tilastotieteen oppikirjaksi ja varttuneemman tutkijan hakuteokseksi. Kirja selostaa kvantitatiivisen tutkimuksen ty\u00f6vaiheet. Menetelmien teoreettiset perusteet esitell\u00e4\u00e4n t\u00e4sm\u00e4llisesti, mutta niin yksinkertaisesti, ettei niiden ymm\u00e4rt\u00e4minen edellyt\u00e4 laajoja matematiikan taitoja. Ohjelmistoesimerkit sis\u00e4lt\u00e4v\u00e4t selke\u00e4t, kuvitetut ohjeet SPSS-analyysien suorittamiseen ja tulosteiden tulkitsemiseen. Vasta-alkajakin ymm\u00e4rt\u00e4\u00e4 t\u00e4rkeimm\u00e4t tilastolliset menetelm\u00e4t ja p\u00e4\u00e4see analysoimaan tutkimusaineistoja itsen\u00e4isesti. Kirja on saatavilla digitaalisena versiona yleisimmist\u00e4 digikirjapalveluiden kuten <a href=\"https:\/\/kirja.elisa.fi\/ekirja\/kayttaytymistieteiden-tilastolliset-menetelmat\">Elisa Kirjan<\/a> kautta.<br \/><br \/><\/p>\n<p><strong><img loading=\"lazy\" decoding=\"async\" class=\"size-medium wp-image-643 alignright\" src=\"https:\/\/users.utu.fi\/latanu\/wp-content\/uploads\/sites\/1188\/2022\/11\/studeo_nobg-221x300.png\" alt=\"\" width=\"221\" height=\"300\" srcset=\"https:\/\/users.utu.fi\/latanu\/wp-content\/uploads\/sites\/1188\/2022\/11\/studeo_nobg-221x300.png 221w, https:\/\/users.utu.fi\/latanu\/wp-content\/uploads\/sites\/1188\/2022\/11\/studeo_nobg-753x1024.png 753w, https:\/\/users.utu.fi\/latanu\/wp-content\/uploads\/sites\/1188\/2022\/11\/studeo_nobg-768x1045.png 768w, https:\/\/users.utu.fi\/latanu\/wp-content\/uploads\/sites\/1188\/2022\/11\/studeo_nobg-1129x1536.png 1129w, https:\/\/users.utu.fi\/latanu\/wp-content\/uploads\/sites\/1188\/2022\/11\/studeo_nobg-676x920.png 676w, https:\/\/users.utu.fi\/latanu\/wp-content\/uploads\/sites\/1188\/2022\/11\/studeo_nobg.png 1470w\" sizes=\"auto, (max-width: 221px) 100vw, 221px\" \/><\/strong><\/p>\n<p><strong>Studeon digitaaliset oppimateriaalit lukiokursseille<br \/><\/strong>Suomen paras lukion oppimateriaalisarja! Maan parhaiden aineenopettajien ja pedagogien suunnittelemat kirjat digitaaliseen opiskeluun. Lauri on ollut mukana kirjoittamassa psykologian kirjasarjaa \u2013 tietenkin tunteista! Opiskelijaa aktivoiva oppimateriaali ohjaa ymm\u00e4rt\u00e4m\u00e4\u00e4n tunteiden ja psyykkisen itses\u00e4\u00e4telyn merkityst\u00e4 ihmisen toiminnassa. Opiskelija oppii erittelem\u00e4\u00e4n ja arvioimaan hyvinvointiin ja mielenterveyteen vaikuttavia tekij\u00f6it\u00e4 ja tarkastelemaan asiantuntevan kriittisesti median hyvinvointiin liittyv\u00e4\u00e4 viestint\u00e4\u00e4. Monipuoliset teht\u00e4v\u00e4t ohjaavat opiskelijaa soveltamaan tietoa omaan el\u00e4m\u00e4\u00e4ns\u00e4 ja kehitt\u00e4m\u00e4\u00e4n omia hyvinvointi- ja vuorovaikutustaitojaan. El\u00e4ytymist\u00e4 tukevien materiaalien kautta opiskelija hahmottaa mielenterveysh\u00e4iri\u00f6it\u00e4 kokemuksellisella tasolla sen lis\u00e4ksi, ett\u00e4 niist\u00e4 on tarjolla vankkaa teoreettista taustatietoa. Pedagogisesti tarkkaan suunnitellut teht\u00e4v\u00e4t tukevat tiedon rakentelua ja kehitt\u00e4v\u00e4t vuorovaikutus- ja ajattelutaitoja, tutkimusten arviointia sek\u00e4 itseohjautuvuutta. <a href=\"https:\/\/www.studeo.fi\/product\/ps4-tunteet-ja-mielenterveys-lops-2021\/\">Siirry Studeoon t\u00e4st\u00e4 linkist\u00e4<\/a>.<\/p>\n<p><strong>K\u00e4ytt\u00e4ytymistieteiden tilastolliset menetelm\u00e4t \/ harjoituskirja <img loading=\"lazy\" decoding=\"async\" class=\" wp-image-48 alignright\" src=\"https:\/\/users.utu.fi\/latanu\/wp-content\/uploads\/sites\/1188\/2021\/02\/KTM_harjoitus_kansi-220x300.jpg\" alt=\"\" width=\"200\" height=\"273\" srcset=\"https:\/\/users.utu.fi\/latanu\/wp-content\/uploads\/sites\/1188\/2021\/02\/KTM_harjoitus_kansi-220x300.jpg 220w, https:\/\/users.utu.fi\/latanu\/wp-content\/uploads\/sites\/1188\/2021\/02\/KTM_harjoitus_kansi.jpg 617w\" sizes=\"auto, (max-width: 200px) 100vw, 200px\" \/><br \/><\/strong>Kirjassa on erinomaisia harjoituksia erityisesti psykologian laitoksille pyrkiville opiskelijoille. Sopii k\u00e4ytett\u00e4v\u00e4ksi mink\u00e4 tahansa tilastotieteen kirjan kanssa. Harjoituskirjassa on &#8211; yli 300 teht\u00e4v\u00e4\u00e4 &#8211; lasku- ja p\u00e4\u00e4ttelyteht\u00e4vi\u00e4 &#8211; kertauskysymyksi\u00e4, tietokoneharjoituksia &#8211; mielenkiintoisia esimerkkej\u00e4 k\u00e4ytt\u00e4ytymistieteen aloilta &#8211; lis\u00e4materiaalia laskuteht\u00e4vi\u00e4 ja tietokoneharjoituksia varten &#8211; mukana teht\u00e4vien ratkaisut. Harjoituskirja soveltuu k\u00e4ytett\u00e4v\u00e4ksi kaikkien tilastotieteen oppikirjojen ja tilasto-ohjelmistojen ohessa. K\u00e4sin laskeminen auttaa ymm\u00e4rt\u00e4m\u00e4\u00e4n menetelmien logiikan ja harjoitus tuo rutiinia analyyseihin. Harjoituskirja on erinomainen apu tenttiin ja p\u00e4\u00e4sykokeisiin valmistautumisessa.<strong>Kirjasta on julkaistu ilmainen<\/strong> <strong>PDF-versio jonka voi ladata omaan k\u00e4ytt\u00f6\u00f6n ilmaiseksi<\/strong> <a href=\"http:\/\/emotion.utu.fi\/wp-content\/uploads\/2023\/04\/KTM_harjoituskirja.pdf\">t\u00e4st\u00e4<\/a> linkist\u00e4.<\/p>\n\n\n<div style=\"height:20px\" aria-hidden=\"true\" class=\"wp-block-spacer\"><\/div>\n","protected":false},"excerpt":{"rendered":"<p>Olen kirjoittanut useita oppi- ja tietokirjoja. T\u00e4lt\u00e4 sivulta l\u00f6ytyy lyhyet esittely keskeisest\u00e4 tuotannostani. Koodilla NUMMENMAA25 \u00a0saat 25% alennusta Tammen julkaisemien kirjojen hinnasta kirja.fi -verkkokaupassa! \u00a0 Talous &amp; tunteet &#8211; Miten mieli toimii markkinoilla Pelkoa, ahneutta ja parvi\u00e4lytt\u00f6myytt\u00e4 \u2013 tunteet viev\u00e4t meit\u00e4 taloudessakin. Johtava aivotutkija kertoo, miten ihmismieli toimii markkinoilla ja miten taloudessa voi menesty\u00e4. Markkinat [&hellip;]<\/p>\n","protected":false},"author":2404,"featured_media":0,"parent":0,"menu_order":0,"comment_status":"closed","ping_status":"closed","template":"","meta":{"_monsterinsights_skip_tracking":false,"_monsterinsights_sitenote_active":false,"_monsterinsights_sitenote_note":"","_monsterinsights_sitenote_category":0,"footnotes":""},"class_list":["post-39","page","type-page","status-publish","hentry","post-preview"],"_links":{"self":[{"href":"https:\/\/users.utu.fi\/latanu\/wp-json\/wp\/v2\/pages\/39","targetHints":{"allow":["GET"]}}],"collection":[{"href":"https:\/\/users.utu.fi\/latanu\/wp-json\/wp\/v2\/pages"}],"about":[{"href":"https:\/\/users.utu.fi\/latanu\/wp-json\/wp\/v2\/types\/page"}],"author":[{"embeddable":true,"href":"https:\/\/users.utu.fi\/latanu\/wp-json\/wp\/v2\/users\/2404"}],"replies":[{"embeddable":true,"href":"https:\/\/users.utu.fi\/latanu\/wp-json\/wp\/v2\/comments?post=39"}],"version-history":[{"count":38,"href":"https:\/\/users.utu.fi\/latanu\/wp-json\/wp\/v2\/pages\/39\/revisions"}],"predecessor-version":[{"id":664,"href":"https:\/\/users.utu.fi\/latanu\/wp-json\/wp\/v2\/pages\/39\/revisions\/664"}],"wp:attachment":[{"href":"https:\/\/users.utu.fi\/latanu\/wp-json\/wp\/v2\/media?parent=39"}],"curies":[{"name":"wp","href":"https:\/\/api.w.org\/{rel}","templated":true}]}}