{"id":96,"date":"2021-02-25T10:12:21","date_gmt":"2021-02-25T10:12:21","guid":{"rendered":"https:\/\/users.utu.fi\/latanu\/?page_id=96"},"modified":"2021-03-02T14:13:58","modified_gmt":"2021-03-02T14:13:58","slug":"tutkimus","status":"publish","type":"page","link":"https:\/\/users.utu.fi\/latanu\/tutkimus\/","title":{"rendered":"Tutkimus"},"content":{"rendered":"<p>Tutkimusryhm\u00e4ni selvitt\u00e4\u00e4 tunteiden neurobiologista perustaa sek\u00e4 tunteisiin liittyvi\u00e4 psykologisia ja sosiaalisia ilmi\u00f6it\u00e4. Tavoitteenamme on kehitt\u00e4\u00e4 entist\u00e4 parempia menetelmi\u00e4 erilaisten tunne-el\u00e4m\u00e4n h\u00e4iri\u00f6iden, kuten ahdistuneisuuden tai antisosiaalisen ja v\u00e4kivaltainen k\u00e4ytt\u00e4ytymisen tunnistamiseen ja hoitoon. Kaikki julkaisumme l\u00f6ytyv\u00e4t <a href=\"http:\/\/emotion.utu.fi\/publications\">tutkimusryhm\u00e4ni verkkosivuilta<\/a>, t\u00e4ll\u00e4 sivulla on esitelty t\u00e4rkeimpi\u00e4 tutkimuslinjojamme ja niihin liittyvi\u00e4 tuloksia.<\/p>\n<p>&nbsp;<\/p>\n<p><strong>1. Keskushermoston tunnej\u00e4rjestelmien kartoittaminen<\/strong><br \/>\nTunteet ohjaavat el\u00e4m\u00e4n suuria ja pieni\u00e4 p\u00e4\u00e4t\u00f6ksi\u00e4 parinvalinnasta ja yst\u00e4vyyssuhteista sy\u00f6mistottumuksiimme ja rahan k\u00e4ytt\u00f6\u00f6n. Lis\u00e4ksi l\u00e4hes kaikkiin psykiatrisiin h\u00e4iri\u00f6ihin liittyy tunteiden toiminnan muutoksia, joten tunteiden neurobiologian ymm\u00e4rt\u00e4minen on kansanterveyden n\u00e4k\u00f6kulmasta v\u00e4ltt\u00e4m\u00e4t\u00f6nt\u00e4. K\u00e4yt\u00e4mme aivojen tunneverkostojen kartoittamiseen useita erilaisia kuvantamismenetelmi\u00e4, erityisesti positroniemissiotomografiaa ja magneettikuvantamista. \u00a0Mittaamme my\u00f6s silm\u00e4nliikkeit\u00e4 ja fysiologisia parametreja tunnekokemuksien aikana. Klikkaa alla olevaa kuvaa niin n\u00e4et, minne ihmisten katse kohdistuu ja miten heid\u00e4n aivonsa reagoivat, kun he katsovat Aku Louhimiehen K\u00e4sky-elokuvaa (Helsinki-filmi, 2008). <a href=\"https:\/\/doi.org\/10.1073\/pnas.1206095109\">T\u00e4ss\u00e4 artikkelissa<\/a> kerrotaan, kuinka tunteet ohjaavat ihmisten aivotoimintaa ryhm\u00e4tasolla.<\/p>\n<p><a href=\"https:\/\/youtu.be\/tC-pPZZn__M\"><img loading=\"lazy\" decoding=\"async\" class=\"alignnone wp-image-270 size-large\" src=\"https:\/\/users.utu.fi\/latanu\/wp-content\/uploads\/sites\/1188\/2021\/02\/kasky-1024x398.png\" alt=\"\" width=\"1024\" height=\"398\" srcset=\"https:\/\/users.utu.fi\/latanu\/wp-content\/uploads\/sites\/1188\/2021\/02\/kasky-1024x398.png 1024w, https:\/\/users.utu.fi\/latanu\/wp-content\/uploads\/sites\/1188\/2021\/02\/kasky-300x117.png 300w, https:\/\/users.utu.fi\/latanu\/wp-content\/uploads\/sites\/1188\/2021\/02\/kasky-768x298.png 768w, https:\/\/users.utu.fi\/latanu\/wp-content\/uploads\/sites\/1188\/2021\/02\/kasky-1536x597.png 1536w, https:\/\/users.utu.fi\/latanu\/wp-content\/uploads\/sites\/1188\/2021\/02\/kasky-2048x796.png 2048w\" sizes=\"auto, (max-width: 1024px) 100vw, 1024px\" \/><\/a><\/p>\n<p><strong>2. Tunteet ja keho<\/strong><\/p>\n<p>Suomen kielen sana tunne viittaa paitsi kokemuksellisiin tiloihin, my\u00f6s tuntoaistin toimintaan. Kaikki tunteet ovatkin voimakkaasti kehollisia tapahtumia, koska ne valmistavat elimist\u00f6mme kohtaamaan erilaisia ymp\u00e4rist\u00f6n haasteita. Olemme kartoittaneet j\u00e4rjestelm\u00e4llisesti t\u00e4llaisia tunteiden kehossa aiheuttamia muutoksia, ja osoittaneet kuinka kehon toimintojen tiedostaminen toimii todenn\u00e4k\u00f6isesti kokemuksellisen tietoisuuden t\u00e4rke\u00e4n\u00e4 rakennuspalikkana. Alla on esitelty eri tunteisiin liittyv\u00e4t kehon tunnekartat, jotka on kuvattu tarkemmin <a href=\"https:\/\/doi.org\/10.1073\/pnas.1321664111\">t\u00e4ss\u00e4 artikkelissa<\/a>. \u00a0Tietokoneohjelma tunnekarttojen laatimiseen l\u00f6ytyy <a href=\"http:\/\/emotion.utu.fi\/softwaredata\">tutkimusryhm\u00e4ni verkkosivuilta<\/a>.<\/p>\n<p>&nbsp;<\/p>\n<p><img loading=\"lazy\" decoding=\"async\" class=\"alignnone size-large wp-image-267\" src=\"https:\/\/users.utu.fi\/latanu\/wp-content\/uploads\/sites\/1188\/2021\/02\/Tunnekehot-1024x760.png\" alt=\"\" width=\"1024\" height=\"760\" srcset=\"https:\/\/users.utu.fi\/latanu\/wp-content\/uploads\/sites\/1188\/2021\/02\/Tunnekehot-1024x760.png 1024w, https:\/\/users.utu.fi\/latanu\/wp-content\/uploads\/sites\/1188\/2021\/02\/Tunnekehot-300x223.png 300w, https:\/\/users.utu.fi\/latanu\/wp-content\/uploads\/sites\/1188\/2021\/02\/Tunnekehot-768x570.png 768w, https:\/\/users.utu.fi\/latanu\/wp-content\/uploads\/sites\/1188\/2021\/02\/Tunnekehot-1536x1140.png 1536w, https:\/\/users.utu.fi\/latanu\/wp-content\/uploads\/sites\/1188\/2021\/02\/Tunnekehot.png 1611w\" sizes=\"auto, (max-width: 1024px) 100vw, 1024px\" \/><\/p>\n<p>&nbsp;<\/p>\n<p><strong>3. Aivot ja lihavuus<\/strong><\/p>\n<p>Keskushermosto s\u00e4\u00e4telee sy\u00f6mist\u00e4 ja tuottaa sek\u00e4 n\u00e4l\u00e4n ett\u00e4 kyll\u00e4isyyden tunteita. Sy\u00f6minen ja lihominen on helppoa, mutta laihduttaminen h\u00e4mm\u00e4stytt\u00e4v\u00e4n vaikeaa. Tutkimusryhm\u00e4ni selvitt\u00e4\u00e4, kuinka lihominen muuttaa aivojen toimintaa ja siten muokkaa huomaamatta ruokahaluamme. Tutkimme sek\u00e4 erilaisten mielihyv\u00e4\u00e4n ja itses\u00e4\u00e4telyyn liittyvien v\u00e4litt\u00e4j\u00e4aineiden toimintamuutoksia, ett\u00e4 lihomisen aiheuttamia rakenteellisia muutoksia aivoissa. Alla olevassa kuvassa on havainnollistuttu, kuinka mielihyv\u00e4\u00e4 s\u00e4\u00e4televien aivojen opioidireseptoreiden m\u00e4\u00e4r\u00e4 v\u00e4henee lihomisen my\u00f6t\u00e4, ja kuinka reseptoritaso palautuu laihdutusleikkauksen ja painon laskun seurauksena. Tutkimusartikkelin voit lukea <a href=\"http:\/\/emotion.utu.fi\/wp-content\/uploads\/2016\/11\/Karlsson_et_al_MolPsych_2015.pdf\">t\u00e4\u00e4lt\u00e4<\/a>.<\/p>\n<p><img loading=\"lazy\" decoding=\"async\" class=\"alignnone wp-image-180 size-large\" src=\"https:\/\/users.utu.fi\/latanu\/wp-content\/uploads\/sites\/1188\/2021\/02\/feeding-1024x780.jpg\" alt=\"\" width=\"1024\" height=\"780\" srcset=\"https:\/\/users.utu.fi\/latanu\/wp-content\/uploads\/sites\/1188\/2021\/02\/feeding-1024x780.jpg 1024w, https:\/\/users.utu.fi\/latanu\/wp-content\/uploads\/sites\/1188\/2021\/02\/feeding-300x228.jpg 300w, https:\/\/users.utu.fi\/latanu\/wp-content\/uploads\/sites\/1188\/2021\/02\/feeding-768x585.jpg 768w, https:\/\/users.utu.fi\/latanu\/wp-content\/uploads\/sites\/1188\/2021\/02\/feeding-1200x914.jpg 1200w, https:\/\/users.utu.fi\/latanu\/wp-content\/uploads\/sites\/1188\/2021\/02\/feeding.jpg 1506w\" sizes=\"auto, (max-width: 1024px) 100vw, 1024px\" \/><\/p>\n<p><strong>4. Tunteet ja taide<\/strong><\/p>\n<p>Ihmiset kaikkialla maailmassa tekev\u00e4t taidetta &#8211; musiikkia, kuvia, tekstej\u00e4 ja n\u00e4ytelmi\u00e4. Rakastamme my\u00f6s taidetta, vaikka biologien on vaikea selitt\u00e4\u00e4 hy\u00f6ty\u00e4 taiteesta on hengiss\u00e4 pysymisen tai hyvinvoinnin kannalta. T\u00e4ss\u00e4 tutkimussarjassa kartoitamme kuvataiteen ja musiikin aiheuttamia tunteita, ja pyrimme selvitt\u00e4m\u00e4\u00e4n keskushermostollisia ja psykologisia mekanismeja, jotka tuottavat esteettisi\u00e4 kokemuksia erilaisten taidenautintojen yhteydess\u00e4. Alla olevissa tunnekartoissa n\u00e4kyy alueet, joita taideteoksia katselleet henkil\u00f6t ovat pit\u00e4neet kaikkein mielenkiintoisimpina. Lis\u00e4ksi kuviin on merkattu, kuinka paljon ihmiset ovat pit\u00e4neet (<strong>liking<\/strong>) kuvista, ja kuinka kauniiksi (<strong>beauty<\/strong>) he ovat arvioineet kuvat asteikolla 0-100.<\/p>\n<p><img loading=\"lazy\" decoding=\"async\" class=\"alignnone size-large wp-image-261\" src=\"https:\/\/users.utu.fi\/latanu\/wp-content\/uploads\/sites\/1188\/2021\/02\/affect_maps-1536x1054-1-1024x703.png\" alt=\"\" width=\"1024\" height=\"703\" srcset=\"https:\/\/users.utu.fi\/latanu\/wp-content\/uploads\/sites\/1188\/2021\/02\/affect_maps-1536x1054-1-1024x703.png 1024w, https:\/\/users.utu.fi\/latanu\/wp-content\/uploads\/sites\/1188\/2021\/02\/affect_maps-1536x1054-1-300x206.png 300w, https:\/\/users.utu.fi\/latanu\/wp-content\/uploads\/sites\/1188\/2021\/02\/affect_maps-1536x1054-1-768x527.png 768w, https:\/\/users.utu.fi\/latanu\/wp-content\/uploads\/sites\/1188\/2021\/02\/affect_maps-1536x1054-1.png 1536w\" sizes=\"auto, (max-width: 1024px) 100vw, 1024px\" \/><\/p>\n","protected":false},"excerpt":{"rendered":"<p>Tutkimusryhm\u00e4ni selvitt\u00e4\u00e4 tunteiden neurobiologista perustaa sek\u00e4 tunteisiin liittyvi\u00e4 psykologisia ja sosiaalisia ilmi\u00f6it\u00e4. Tavoitteenamme on kehitt\u00e4\u00e4 entist\u00e4 parempia menetelmi\u00e4 erilaisten tunne-el\u00e4m\u00e4n h\u00e4iri\u00f6iden, kuten ahdistuneisuuden tai antisosiaalisen ja v\u00e4kivaltainen k\u00e4ytt\u00e4ytymisen tunnistamiseen ja hoitoon. Kaikki julkaisumme l\u00f6ytyv\u00e4t tutkimusryhm\u00e4ni verkkosivuilta, t\u00e4ll\u00e4 sivulla on esitelty t\u00e4rkeimpi\u00e4 tutkimuslinjojamme ja niihin liittyvi\u00e4 tuloksia. &nbsp; 1. Keskushermoston tunnej\u00e4rjestelmien kartoittaminen Tunteet ohjaavat el\u00e4m\u00e4n suuria [&hellip;]<\/p>\n","protected":false},"author":2404,"featured_media":0,"parent":0,"menu_order":0,"comment_status":"closed","ping_status":"closed","template":"","meta":{"_monsterinsights_skip_tracking":false,"_monsterinsights_sitenote_active":false,"_monsterinsights_sitenote_note":"","_monsterinsights_sitenote_category":0,"footnotes":""},"class_list":["post-96","page","type-page","status-publish","hentry","post-preview"],"_links":{"self":[{"href":"https:\/\/users.utu.fi\/latanu\/wp-json\/wp\/v2\/pages\/96","targetHints":{"allow":["GET"]}}],"collection":[{"href":"https:\/\/users.utu.fi\/latanu\/wp-json\/wp\/v2\/pages"}],"about":[{"href":"https:\/\/users.utu.fi\/latanu\/wp-json\/wp\/v2\/types\/page"}],"author":[{"embeddable":true,"href":"https:\/\/users.utu.fi\/latanu\/wp-json\/wp\/v2\/users\/2404"}],"replies":[{"embeddable":true,"href":"https:\/\/users.utu.fi\/latanu\/wp-json\/wp\/v2\/comments?post=96"}],"version-history":[{"count":17,"href":"https:\/\/users.utu.fi\/latanu\/wp-json\/wp\/v2\/pages\/96\/revisions"}],"predecessor-version":[{"id":534,"href":"https:\/\/users.utu.fi\/latanu\/wp-json\/wp\/v2\/pages\/96\/revisions\/534"}],"wp:attachment":[{"href":"https:\/\/users.utu.fi\/latanu\/wp-json\/wp\/v2\/media?parent=96"}],"curies":[{"name":"wp","href":"https:\/\/api.w.org\/{rel}","templated":true}]}}